{"id":514,"date":"2025-09-05T12:23:02","date_gmt":"2025-09-05T09:23:02","guid":{"rendered":"https:\/\/eakl.ee\/?page_id=514"},"modified":"2025-10-10T23:15:49","modified_gmt":"2025-10-10T20:15:49","slug":"koostoo","status":"publish","type":"page","link":"https:\/\/eakl.ee\/ru\/koostoo\/","title":{"rendered":"\u0421\u043e\u0442\u0440\u0443\u0434\u043d\u0438\u0447\u0435\u0441\u0442\u0432\u043e"},"content":{"rendered":"<div class=\"bde-globalblock-514-100 bde-globalblock\"><style>.breakdance .bde-section-159-100-159-1{background-image:url(https:\/\/eakl.ee\/wp-content\/uploads\/2025\/09\/Koostoo.jpg)}.breakdance .bde-section-159-100-159-1>.section-background-overlay{background-color:#420513A1;transition:background-color var(--bde-transition-duration) ease-in-out}<\/style><section id=\"page-banner\" class=\"bde-section-159-100-159-1 bde-section page-banner bde-section-159-100\">\n              \n  \n  \n\t\n\n  <div class=\"section-background-overlay\"><\/div>\n\n\n<div class=\"section-container\"><h2 class=\"bde-heading-159-103-159-1 bde-heading bde-heading-159-103\">\n\u0421\u043e\u0442\u0440\u0443\u0434\u043d\u0438\u0447\u0435\u0441\u0442\u0432\u043e\n<\/h2><\/div>\n<\/section><\/div><section class=\"bde-section-514-101 bde-section\">\n  \n  \n\t\n\n\n\n<div class=\"section-container\"><div class=\"bde-rich-text-514-133 bde-rich-text breakdance-rich-text-styles\">\n<h4><span style=\"color: #d91246;\">\u0421\u041e\u0426\u0418\u0410\u041b\u042c\u041d\u042b\u0415 \u041f\u0410\u0420\u0422\u041d\u0401\u0420\u042b<br \/><br \/><\/span><a href=\"https:\/\/employers.ee\" target=\"_blank\" rel=\"noopener\"><strong>ETC<\/strong><\/a> - \u041a\u043e\u043d\u0444\u0435\u0434\u0435\u0440\u0430\u0446\u0438\u044f \u0440\u0430\u0431\u043e\u0442\u043e\u0434\u0430\u0442\u0435\u043b\u0435\u0439 \u042d\u0441\u0442\u043e\u043d\u0438\u0438<br \/><strong><a href=\"https:\/\/talo.ee\" target=\"_blank\" rel=\"noopener\">TALO<\/a> <\/strong>- \u0426\u0435\u043d\u0442\u0440\u0430\u043b\u044c\u043d\u0430\u044f \u043e\u0440\u0433\u0430\u043d\u0438\u0437\u0430\u0446\u0438\u044f \u043f\u0440\u043e\u0444\u0441\u043e\u044e\u0437\u043e\u0432 \u0440\u0430\u0431\u043e\u0442\u043d\u0438\u043a\u043e\u0432<br \/><br \/><\/h4><h4><span style=\"color: #d91246;\">\u041c\u0415\u0416\u0414\u0423\u041d\u0410\u0420\u041e\u0414\u041d\u042b\u0415 \u041f\u0410\u0420\u0422\u041d\u0401\u0420\u042b<\/span><\/h4><p><strong><a href=\"https:\/\/www.ilo.org\" target=\"_blank\" rel=\"noopener\">\u041c\u041e\u0422<\/a> <\/strong>- \u041c\u0435\u0436\u0434\u0443\u043d\u0430\u0440\u043e\u0434\u043d\u0430\u044f \u043e\u0440\u0433\u0430\u043d\u0438\u0437\u0430\u0446\u0438\u044f \u0442\u0440\u0443\u0434\u0430 (\u041c\u041e\u0422)<br \/><strong><a href=\"https:\/\/www.ituc-csi.org\" target=\"_blank\" rel=\"noopener\">\u041c\u041a\u041f\u0421<\/a> <\/strong>- \u041c\u0435\u0436\u0434\u0443\u043d\u0430\u0440\u043e\u0434\u043d\u0430\u044f \u043a\u043e\u043d\u0444\u0435\u0434\u0435\u0440\u0430\u0446\u0438\u044f \u043f\u0440\u043e\u0444\u0441\u043e\u044e\u0437\u043e\u0432 (\u041c\u041a\u041f)<br \/><strong><a href=\"https:\/\/www.etuc.org\/en\" target=\"_blank\" rel=\"noopener\">ETUC<\/a> <\/strong>- \u0415\u0432\u0440\u043e\u043f\u0435\u0439\u0441\u043a\u0430\u044f \u043a\u043e\u043d\u0444\u0435\u0434\u0435\u0440\u0430\u0446\u0438\u044f \u043f\u0440\u043e\u0444\u0441\u043e\u044e\u0437\u043e\u0432 (\u0415\u041a\u041f)<br \/><strong><a href=\"https:\/\/www.sak.fi\" target=\"_blank\" rel=\"noopener\">SAK<\/a> <\/strong>- Suomen Ammattiliittojen Keskusj\u00e4rjest\u00f6\/\u0426\u0435\u043d\u0442\u0440\u0430\u043b\u044c\u043d\u0430\u044f \u043e\u0440\u0433\u0430\u043d\u0438\u0437\u0430\u0446\u0438\u044f \u043f\u0440\u043e\u0444\u0441\u043e\u044e\u0437\u043e\u0432 \u0424\u0438\u043d\u043b\u044f\u043d\u0434\u0438\u0438 (\u0426\u0435\u043d\u0442\u0440\u0430\u043b\u044c\u043d\u0430\u044f \u043e\u0440\u0433\u0430\u043d\u0438\u0437\u0430\u0446\u0438\u044f \u043f\u0440\u043e\u0444\u0441\u043e\u044e\u0437\u043e\u0432 \u0424\u0438\u043d\u043b\u044f\u043d\u0434\u0438\u0438)<br \/><strong><a href=\"https:\/\/www.sttk.fi\" target=\"_blank\" rel=\"noopener\">STTK<\/a> <\/strong>- \u041a\u043e\u043d\u0444\u0435\u0434\u0435\u0440\u0430\u0446\u0438\u044f \u043d\u0430\u0435\u043c\u043d\u044b\u0445 \u0440\u0430\u0431\u043e\u0442\u043d\u0438\u043a\u043e\u0432 \u0421\u0422\u0422\u041a\/\u0424\u0438\u043d\u0441\u043a\u0430\u044f \u043a\u043e\u043d\u0444\u0435\u0434\u0435\u0440\u0430\u0446\u0438\u044f \u043d\u0430\u0435\u043c\u043d\u044b\u0445 \u0440\u0430\u0431\u043e\u0442\u043d\u0438\u043a\u043e\u0432<br \/><strong><a href=\"https:\/\/akava.fi\" target=\"_blank\" rel=\"noopener\">\u0410\u041a\u0410\u0412\u0410<\/a> <\/strong>- AKAVA\/\u041a\u043e\u043d\u0444\u0435\u0434\u0435\u0440\u0430\u0446\u0438\u044f \u043f\u0440\u043e\u0444\u0441\u043e\u044e\u0437\u043e\u0432 \u043d\u0430\u0443\u0447\u043d\u044b\u0445 \u0440\u0430\u0431\u043e\u0442\u043d\u0438\u043a\u043e\u0432 \u0424\u0438\u043d\u043b\u044f\u043d\u0434\u0438\u0438, \u041a\u043e\u043d\u0444\u0435\u0434\u0435\u0440\u0430\u0446\u0438\u044f \u043f\u0440\u043e\u0444\u0441\u043e\u044e\u0437\u043e\u0432 \u043d\u0430\u0443\u0447\u043d\u044b\u0445 \u0440\u0430\u0431\u043e\u0442\u043d\u0438\u043a\u043e\u0432 \u0424\u0438\u043d\u043b\u044f\u043d\u0434\u0438\u0438<br \/><strong><a href=\"https:\/\/www.lo.se\" target=\"_blank\" rel=\"noopener\">LO-S<\/a> <\/strong>- \u0428\u0432\u0435\u0434\u0441\u043a\u0430\u044f \u043a\u043e\u043d\u0444\u0435\u0434\u0435\u0440\u0430\u0446\u0438\u044f \u043f\u0440\u043e\u0444\u0441\u043e\u044e\u0437\u043e\u0432 (\u0428\u041a\u041f)<br \/><strong><a href=\"https:\/\/fho.dk\" target=\"_blank\" rel=\"noopener\">LO-DK<\/a> <\/strong>- \u0414\u0430\u0442\u0441\u043a\u0430\u044f \u043a\u043e\u043d\u0444\u0435\u0434\u0435\u0440\u0430\u0446\u0438\u044f \u043f\u0440\u043e\u0444\u0441\u043e\u044e\u0437\u043e\u0432 (DFTU)<br \/><strong><a href=\"https:\/\/www.lpsk.lt\" target=\"_blank\" rel=\"noopener\">LPSK<\/a> <\/strong>- \u041b\u0438\u0442\u043e\u0432\u0441\u043a\u0430\u044f \u043a\u043e\u043d\u0444\u0435\u0434\u0435\u0440\u0430\u0446\u0438\u044f \u043f\u0440\u043e\u0444\u0441\u043e\u044e\u0437\u043e\u0432 (\u041b\u041a\u0422\u041f)<br \/><strong><a href=\"https:\/\/arodbiedribas.lv\" target=\"_blank\" rel=\"noopener\">LBAS<\/a> <\/strong>- \u041b\u0430\u0442\u0432\u0438\u0439\u0441\u043a\u0430\u044f \u043a\u043e\u043d\u0444\u0435\u0434\u0435\u0440\u0430\u0446\u0438\u044f \u0441\u0432\u043e\u0431\u043e\u0434\u043d\u044b\u0445 \u043f\u0440\u043e\u0444\u0441\u043e\u044e\u0437\u043e\u0432<\/p>\n<\/div><\/div>\n<\/section>","protected":false},"excerpt":{"rendered":"<p>Koost\u00f6\u00f6 SOTSIAALPARTNERIDETTK &#8211; Eesti T\u00f6\u00f6andjate KeskliitTALO &#8211; Teenistujate Ametiliitude KeskorganisatsioonRAHVUSVAHELISED PARTNERIDILO &#8211; Rahvusvaheline T\u00f6\u00f6organisatsioon (International Labour Organization)ITUC &#8211; Rahvusvaheline Ameti\u00fchingute Konf\u00f6deratsioon (International Trade Unions Confederation)ETUC &#8211; Euroopa Ameti\u00fchingute Konf\u00f6deratsioon (European Trade Union Confederation)SAK &#8211; Soome Ameti\u00fchingute Keskorganisatsioon (Suomen Ammattiliittojen Keskusj\u00e4rjest\u00f6\/Central Organisation of Finnish Trade Unions)STTK &#8211; Toimihenkil\u00f6keskusj\u00e4rjest\u00f6 STTK\/Finnish Confederation of Salaried EmployeesAKAVA &#8211; Korkeakoulutettujen ammatillinen [&hellip;]<\/p>","protected":false},"author":7,"featured_media":515,"parent":0,"menu_order":0,"comment_status":"closed","ping_status":"closed","template":"","meta":{"_acf_changed":false,"_breakdance_hide_in_design_set":false,"_breakdance_tags":"","footnotes":""},"class_list":["post-514","page","type-page","status-publish","has-post-thumbnail","hentry"],"acf":[],"_links":{"self":[{"href":"https:\/\/eakl.ee\/ru\/wp-json\/wp\/v2\/pages\/514","targetHints":{"allow":["GET"]}}],"collection":[{"href":"https:\/\/eakl.ee\/ru\/wp-json\/wp\/v2\/pages"}],"about":[{"href":"https:\/\/eakl.ee\/ru\/wp-json\/wp\/v2\/types\/page"}],"author":[{"embeddable":true,"href":"https:\/\/eakl.ee\/ru\/wp-json\/wp\/v2\/users\/7"}],"replies":[{"embeddable":true,"href":"https:\/\/eakl.ee\/ru\/wp-json\/wp\/v2\/comments?post=514"}],"version-history":[{"count":5,"href":"https:\/\/eakl.ee\/ru\/wp-json\/wp\/v2\/pages\/514\/revisions"}],"predecessor-version":[{"id":2482,"href":"https:\/\/eakl.ee\/ru\/wp-json\/wp\/v2\/pages\/514\/revisions\/2482"}],"wp:featuredmedia":[{"embeddable":true,"href":"https:\/\/eakl.ee\/ru\/wp-json\/wp\/v2\/media\/515"}],"wp:attachment":[{"href":"https:\/\/eakl.ee\/ru\/wp-json\/wp\/v2\/media?parent=514"}],"curies":[{"name":"wp","href":"https:\/\/api.w.org\/{rel}","templated":true}]}}