{"id":444,"date":"2025-09-03T15:29:55","date_gmt":"2025-09-03T12:29:55","guid":{"rendered":"https:\/\/eakl.ee\/?page_id=444"},"modified":"2026-04-26T14:12:30","modified_gmt":"2026-04-26T11:12:30","slug":"koolitused","status":"publish","type":"page","link":"https:\/\/eakl.ee\/ru\/koolitused\/","title":{"rendered":"\u041e\u0431\u0443\u0447\u0435\u043d\u0438\u0435"},"content":{"rendered":"<div class=\"bde-globalblock-444-100 bde-globalblock\"><style>.breakdance .bde-section-159-100-159-1{background-image:url(https:\/\/eakl.ee\/wp-content\/uploads\/2025\/09\/Koolitused.jpg)}.breakdance .bde-section-159-100-159-1>.section-background-overlay{background-color:#420513A1;transition:background-color var(--bde-transition-duration) ease-in-out}<\/style><section id=\"page-banner\" class=\"bde-section-159-100-159-1 bde-section page-banner bde-section-159-100\">\n              \n  \n  \n\t\n\n  <div class=\"section-background-overlay\"><\/div>\n\n\n<div class=\"section-container\"><h2 class=\"bde-heading-159-103-159-1 bde-heading bde-heading-159-103\">\n\u041e\u0431\u0443\u0447\u0435\u043d\u0438\u0435\n<\/h2><\/div>\n<\/section><\/div><section class=\"bde-section-444-101 bde-section\">\n  \n  \n\t\n\n\n\n<div class=\"section-container\"><div class=\"bde-rich-text-444-122 bde-rich-text breakdance-rich-text-styles\">\n<h4>AMETI\u00dcHINGUTE KESKLIIDU \u00d5PPEKORRALDUSE ALUSED<br \/><br \/><\/h4><p>Eesti Ameti\u00fchingute Keskliit (EAKL) korraldab erinevas mahus koolitusi, alates kahest tunnist kuni mitme p\u00e4evani. Koolituste mahtu arvestatakse akadeemilistes tundides, \u00fcks tund kestab 45 minutit. Toimumiskohaks on EAKL-i konverentsikeskus (Laulupeo 24, Tallinn), kus on olemas k\u00f5ik \u00f5ppet\u00f6\u00f6ks vajalikud tehnilised vahendid.\u00a0<br \/><br \/><\/p><p><strong>Koolitusele registreerumine ja osalemine<br \/><\/strong>EAKL-i koolitusel osalemiseks peab inimene olema Eesti Ameti\u00fchingute Keskliitu kuuluva ameti\u00fchingu liige. Koolitusele registreerumise kinnitus saadetakse osalejale e-posti teel. Registreeruda saab e-posti aadressil eakl@eakl.ee v\u00f5i telefonil 5565 6411 ja 641 2800.<\/p><p>EAKL-il on \u00f5igus teha \u00f5ppeplaanis muudatusi. Kui koolitus j\u00e4\u00e4b \u00e4ra, teavitatakse sellest k\u00f5iki registreerunuid viivitamata.<\/p><p>Koolitusest loobumisest tuleb EAKL-i v\u00f5imalikult kiiresti teavitada. Kui osaleja loobub koolitusest v\u00e4hem kui 48 tundi enne selle algust v\u00f5i koolituse ajal, osalustasu ei tagastata.<\/p><p>Kui koolitusel osaleva inimese eest tasub osaliselt EAKL-i haruameti\u00fching, saadetakse haruameti\u00fchingule arve koos makset\u00e4htaja ja rekvisiitidega. Arve saadetakse samal ajal koolitusele registreerimise kinnitusega. \u00d5ppetasule k\u00e4ibemaksu ei lisandu.<\/p><p><strong><br \/>Koolituse l\u00f5petamine ja t\u00f5endamine<br \/><\/strong>Koolituse l\u00e4binule v\u00e4ljastatakse soovi korral EAKL-i koolituse l\u00e4bimist t\u00f5endav dokument. Tunnistus antakse osalejale, kes on saavutanud koolituse \u00f5piv\u00e4ljundid. T\u00f5end v\u00e4ljastatakse juhul, kui osaleja on t\u00e4itnud koolituse eesm\u00e4rgid, \u00f5piv\u00e4ljundite saavutamist ei hinnata v\u00f5i koolituse maht on v\u00e4iksem kui kuus tundi.<\/p><p>Koolituse l\u00e4bimist t\u00f5endavaid dokumente s\u00e4ilitatakse ja v\u00e4ljastatakse kuni kolm aastat alates koolituse toimumisest.<\/p><p><strong><br \/>Vaidluste lahendamine<br \/><\/strong>\u00d5ppekorraldusega seotud otsuse vaidlustamiseks tuleb esitada EAKL kirjalik vaie. Vaie vaadatakse l\u00e4bi ning \u00f5ppijat teavitatakse otsusest viie t\u00f6\u00f6p\u00e4eva jooksul.<\/p><p>Kui avaldaja otsusega ei n\u00f5ustu, on tal \u00f5igus p\u00f6\u00f6rduda kohtusse.<\/p><p><strong>\u00a0<\/strong><\/p>\n<\/div><\/div>\n<\/section>","protected":false},"excerpt":{"rendered":"<p>Koolitused AMETI\u00dcHINGUTE KESKLIIDU \u00d5PPEKORRALDUSE ALUSEDEesti Ameti\u00fchingute Keskliit (EAKL) korraldab erinevas mahus koolitusi, alates kahest tunnist kuni mitme p\u00e4evani. Koolituste mahtu arvestatakse akadeemilistes tundides, \u00fcks tund kestab 45 minutit. Toimumiskohaks on EAKL-i konverentsikeskus (Laulupeo 24, Tallinn), kus on olemas k\u00f5ik \u00f5ppet\u00f6\u00f6ks vajalikud tehnilised vahendid.\u00a0Koolitusele registreerumine ja osalemineEAKL-i koolitusel osalemiseks peab inimene olema Eesti Ameti\u00fchingute Keskliitu kuuluva [&hellip;]<\/p>\n","protected":false},"author":7,"featured_media":506,"parent":0,"menu_order":0,"comment_status":"closed","ping_status":"closed","template":"","meta":{"_acf_changed":false,"_breakdance_hide_in_design_set":false,"_breakdance_tags":"","footnotes":""},"class_list":["post-444","page","type-page","status-publish","has-post-thumbnail","hentry"],"acf":[],"_links":{"self":[{"href":"https:\/\/eakl.ee\/ru\/wp-json\/wp\/v2\/pages\/444","targetHints":{"allow":["GET"]}}],"collection":[{"href":"https:\/\/eakl.ee\/ru\/wp-json\/wp\/v2\/pages"}],"about":[{"href":"https:\/\/eakl.ee\/ru\/wp-json\/wp\/v2\/types\/page"}],"author":[{"embeddable":true,"href":"https:\/\/eakl.ee\/ru\/wp-json\/wp\/v2\/users\/7"}],"replies":[{"embeddable":true,"href":"https:\/\/eakl.ee\/ru\/wp-json\/wp\/v2\/comments?post=444"}],"version-history":[{"count":9,"href":"https:\/\/eakl.ee\/ru\/wp-json\/wp\/v2\/pages\/444\/revisions"}],"predecessor-version":[{"id":3466,"href":"https:\/\/eakl.ee\/ru\/wp-json\/wp\/v2\/pages\/444\/revisions\/3466"}],"wp:featuredmedia":[{"embeddable":true,"href":"https:\/\/eakl.ee\/ru\/wp-json\/wp\/v2\/media\/506"}],"wp:attachment":[{"href":"https:\/\/eakl.ee\/ru\/wp-json\/wp\/v2\/media?parent=444"}],"curies":[{"name":"wp","href":"https:\/\/api.w.org\/{rel}","templated":true}]}}