{"id":438,"date":"2025-09-03T15:29:16","date_gmt":"2025-09-03T12:29:16","guid":{"rendered":"https:\/\/eakl.ee\/?page_id=438"},"modified":"2026-04-02T14:27:55","modified_gmt":"2026-04-02T11:27:55","slug":"kampaaniad","status":"publish","type":"page","link":"https:\/\/eakl.ee\/ru\/kampaaniad\/","title":{"rendered":"\u041a\u0430\u043c\u043f\u0430\u043d\u0438\u0438"},"content":{"rendered":"<p><span style=\"color: #d91246;\"><strong><img loading=\"lazy\" decoding=\"async\" class=\"size-medium wp-image-3209 alignleft\" src=\"https:\/\/eakl.ee\/wp-content\/uploads\/2025\/11\/Meeleavaldus-Toompeal-171125-300x225.jpg\" alt=\"\" width=\"300\" height=\"225\" srcset=\"https:\/\/eakl.ee\/wp-content\/uploads\/2025\/11\/Meeleavaldus-Toompeal-171125-300x225.jpg 300w, https:\/\/eakl.ee\/wp-content\/uploads\/2025\/11\/Meeleavaldus-Toompeal-171125-1024x768.jpg 1024w, https:\/\/eakl.ee\/wp-content\/uploads\/2025\/11\/Meeleavaldus-Toompeal-171125-768x576.jpg 768w, https:\/\/eakl.ee\/wp-content\/uploads\/2025\/11\/Meeleavaldus-Toompeal-171125-1536x1152.jpg 1536w, https:\/\/eakl.ee\/wp-content\/uploads\/2025\/11\/Meeleavaldus-Toompeal-171125-16x12.jpg 16w, https:\/\/eakl.ee\/wp-content\/uploads\/2025\/11\/Meeleavaldus-Toompeal-171125.jpg 2048w\" sizes=\"auto, (max-width: 300px) 100vw, 300px\" \/><\/strong><\/span><\/p>\n<p><span style=\"color: #d91246;\"><strong>\u041a\u0430\u043c\u043f\u0430\u043d\u0438\u044f \u043f\u0440\u043e\u0442\u0438\u0432 \u0437\u0430\u043a\u043e\u043d\u043e\u043f\u0440\u043e\u0435\u043a\u0442\u0430 \u043e \u0432\u043d\u0435\u0441\u0435\u043d\u0438\u0438 \u0438\u0437\u043c\u0435\u043d\u0435\u043d\u0438\u0439 \u0432 \u0417\u0430\u043a\u043e\u043d \u043e \u0442\u0440\u0443\u0434\u043e\u0432\u043e\u043c \u0434\u043e\u0433\u043e\u0432\u043e\u0440\u0435 (TLS 602 SE \/ 602 UA), 2025\u20132026 \u0433\u0433.<\/strong><\/span><\/p>\n<p>\u0426\u0435\u043d\u0442\u0440\u0430\u043b\u044c\u043d\u044b\u0439 \u0441\u043e\u044e\u0437 \u043f\u0440\u043e\u0444\u0441\u043e\u044e\u0437\u043e\u0432 \u042d\u0441\u0442\u043e\u043d\u0438\u0438 \u0438 \u0434\u0440\u0443\u0433\u0438\u0435 \u043f\u0440\u043e\u0444\u0441\u043e\u044e\u0437\u044b \u043d\u0435 \u043f\u043e\u0434\u0434\u0435\u0440\u0436\u0430\u043b\u0438 \u0437\u0430\u043a\u043e\u043d\u043e\u043f\u0440\u043e\u0435\u043a\u0442 \u043e \u0432\u043d\u0435\u0441\u0435\u043d\u0438\u0438 \u0438\u0437\u043c\u0435\u043d\u0435\u043d\u0438\u0439 \u0432 \u0417\u0430\u043a\u043e\u043d \u043e \u0442\u0440\u0443\u0434\u043e\u0432\u043e\u043c \u0434\u043e\u0433\u043e\u0432\u043e\u0440\u0435, \u043f\u043e\u0441\u043a\u043e\u043b\u044c\u043a\u0443 \u043e\u043d \u0441\u0443\u0449\u0435\u0441\u0442\u0432\u0435\u043d\u043d\u043e \u043e\u0441\u043b\u0430\u0431\u043b\u044f\u043b \u0437\u0430\u0449\u0438\u0442\u0443 \u043f\u0440\u0430\u0432 \u0440\u0430\u0431\u043e\u0442\u043d\u0438\u043a\u043e\u0432, \u0430 \u0442\u0430\u043a\u0436\u0435 \u0431\u044b\u043b \u043f\u043e\u0434\u0433\u043e\u0442\u043e\u0432\u043b\u0435\u043d \u0431\u0435\u0437 \u0441\u043e\u0431\u043b\u044e\u0434\u0435\u043d\u0438\u044f \u043f\u0440\u0438\u043d\u0446\u0438\u043f\u043e\u0432 \u0441\u043e\u0446\u0438\u0430\u043b\u044c\u043d\u043e\u0433\u043e \u0434\u0438\u0430\u043b\u043e\u0433\u0430.\n\u0417\u0430\u043a\u043e\u043d\u043e\u043f\u0440\u043e\u0435\u043a\u0442 (602 SE, \u0432\u043f\u043e\u0441\u043b\u0435\u0434\u0441\u0442\u0432\u0438\u0438 602 UA) \u0431\u044b\u043b \u0432\u043d\u0435\u0441\u0451\u043d \u0432 \u0420\u0438\u0439\u0433\u0438\u043a\u043e\u0433\u0443 \u0431\u0435\u0437 \u0443\u0447\u0451\u0442\u0430 \u043f\u0440\u0435\u0434\u043b\u043e\u0436\u0435\u043d\u0438\u0439 \u043f\u0440\u043e\u0444\u0441\u043e\u044e\u0437\u043e\u0432.<\/p>\n<p>\u0412 \u0437\u0430\u043a\u043e\u043d\u043e\u043f\u0440\u043e\u0435\u043a\u0442\u0435 \u043d\u0435 \u0431\u044b\u043b\u0430 \u0443\u0447\u0442\u0435\u043d\u0430 \u0440\u043e\u043b\u044c \u043a\u043e\u043b\u043b\u0435\u043a\u0442\u0438\u0432\u043d\u044b\u0445 \u0434\u043e\u0433\u043e\u0432\u043e\u0440\u043e\u0432 \u0432 \u0444\u043e\u0440\u043c\u0438\u0440\u043e\u0432\u0430\u043d\u0438\u0438 \u0443\u0441\u043b\u043e\u0432\u0438\u0439 \u0442\u0440\u0443\u0434\u0430, \u0430 \u0442\u0430\u043a\u0436\u0435 \u043d\u0435 \u0431\u044b\u043b\u0438 \u0441\u043e\u0431\u043b\u044e\u0434\u0435\u043d\u044b \u0442\u0440\u0435\u0431\u043e\u0432\u0430\u043d\u0438\u044f \u0434\u0438\u0440\u0435\u043a\u0442\u0438\u0432 \u0415\u0432\u0440\u043e\u043f\u0435\u0439\u0441\u043a\u043e\u0433\u043e \u0441\u043e\u044e\u0437\u0430 \u0432 \u0432\u043e\u043f\u0440\u043e\u0441\u0430\u0445 \u043a\u043e\u043b\u043b\u0435\u043a\u0442\u0438\u0432\u043d\u044b\u0445 \u043f\u0435\u0440\u0435\u0433\u043e\u0432\u043e\u0440\u043e\u0432 \u0438 \u043c\u0438\u043d\u0438\u043c\u0430\u043b\u044c\u043d\u043e\u0439 \u0437\u0430\u0440\u0430\u0431\u043e\u0442\u043d\u043e\u0439 \u043f\u043b\u0430\u0442\u044b.<\/p>\n<p>\u0426\u0435\u043d\u0442\u0440\u0430\u043b\u044c\u043d\u044b\u0439 \u0441\u043e\u044e\u0437 \u043f\u0440\u043e\u0444\u0441\u043e\u044e\u0437\u043e\u0432 \u042d\u0441\u0442\u043e\u043d\u0438\u0438 \u0438 \u0434\u0440\u0443\u0433\u0438\u0435 \u043f\u0440\u043e\u0444\u0441\u043e\u044e\u0437\u044b \u0441\u043e\u0447\u043b\u0438 \u0442\u0430\u043a\u043e\u0439 \u043f\u043e\u0434\u0445\u043e\u0434 \u043d\u0435\u043f\u0440\u0438\u0435\u043c\u043b\u0435\u043c\u044b\u043c \u0438 \u0438\u043d\u0438\u0446\u0438\u0438\u0440\u043e\u0432\u0430\u043b\u0438 \u043a\u0430\u043c\u043f\u0430\u043d\u0438\u044e \u043f\u0440\u043e\u0442\u0438\u0432 \u0437\u0430\u043a\u043e\u043d\u043e\u043f\u0440\u043e\u0435\u043a\u0442\u0430 \u0441 \u0446\u0435\u043b\u044c\u044e \u043f\u0440\u0438\u043e\u0441\u0442\u0430\u043d\u043e\u0432\u0438\u0442\u044c \u0435\u0433\u043e \u0440\u0430\u0441\u0441\u043c\u043e\u0442\u0440\u0435\u043d\u0438\u0435 \u0432 \u0420\u0438\u0439\u0433\u0438\u043a\u043e\u0433\u0443.<\/p>\n<p>\u0417\u0430\u043a\u043e\u043d\u043e\u043f\u0440\u043e\u0435\u043a\u0442 \u043e \u0442\u0440\u0443\u0434\u043e\u0432\u043e\u043c \u0434\u043e\u0433\u043e\u0432\u043e\u0440\u0435 (TLS 602 UA) \u0431\u044b\u043b \u043f\u043e\u0432\u0442\u043e\u0440\u043d\u043e \u043d\u0430\u043f\u0440\u0430\u0432\u043b\u0435\u043d \u043d\u0430 \u0440\u0430\u0441\u0441\u043c\u043e\u0442\u0440\u0435\u043d\u0438\u0435 \u043f\u043b\u0435\u043d\u0430\u0440\u043d\u043e\u0433\u043e \u0437\u0430\u0441\u0435\u0434\u0430\u043d\u0438\u044f \u0420\u0438\u0439\u0433\u0438\u043a\u043e\u0433\u0443 \u0432 \u044f\u043d\u0432\u0430\u0440\u0435 2026 \u0433\u043e\u0434\u0430, \u043f\u043e\u0441\u043b\u0435 \u0447\u0435\u0433\u043e \u041f\u0440\u0435\u0437\u0438\u0434\u0435\u043d\u0442 \u0420\u0435\u0441\u043f\u0443\u0431\u043b\u0438\u043a\u0438 \u043f\u0440\u043e\u0432\u043e\u0437\u0433\u043b\u0430\u0441\u0438\u043b \u0437\u0430\u043a\u043e\u043d 29 \u044f\u043d\u0432\u0430\u0440\u044f.\n\u0417\u0430\u043a\u043e\u043d \u043e \u0442\u0440\u0443\u0434\u043e\u0432\u043e\u043c \u0434\u043e\u0433\u043e\u0432\u043e\u0440\u0435 \u0432\u0441\u0442\u0443\u043f\u0438\u043b \u0432 \u0441\u0438\u043b\u0443 13 \u0444\u0435\u0432\u0440\u0430\u043b\u044f 2026 \u0433\u043e\u0434\u0430.<\/p>\n<p><a href=\"https:\/\/eakl.ee\/wp-content\/uploads\/2026\/04\/TLS-602SE-kampaania-2025.pdf\">TLS 602SE kampaania 2025<\/a><\/p>","protected":false},"excerpt":{"rendered":"<p>T\u00f6\u00f6lepingu seaduse muutmise eeln\u00f5u (TLS 602SE\/ 602UA) vastane kampaania 2025\/`26 Eesti Ameti\u00fchingute Keskliit ja teised ameti\u00fchingud ei toetanud t\u00f6\u00f6lepingu seaduse muutmise eeln\u00f5u, sest see n\u00f5rgestas oluliselt t\u00f6\u00f6tajate \u00f5iguste kaitset ning selle koostamisel ei j\u00e4rgitud sotsiaaldialoogi p\u00f5him\u00f5tteid. T\u00f6\u00f6lepingu seaduse muutmise eeln\u00f5u (602SE, hiljem 602UA) esitati Riigikogule ameti\u00fchingute ettepanekuid arvesse v\u00f5tmata. Eeln\u00f5us ei arvestatud kollektiivlepingute rolli t\u00f6\u00f6tingimuste [&hellip;]<\/p>","protected":false},"author":7,"featured_media":493,"parent":0,"menu_order":0,"comment_status":"closed","ping_status":"closed","template":"","meta":{"_acf_changed":false,"_breakdance_hide_in_design_set":false,"_breakdance_tags":"","footnotes":""},"class_list":["post-438","page","type-page","status-publish","has-post-thumbnail","hentry"],"acf":[],"_links":{"self":[{"href":"https:\/\/eakl.ee\/ru\/wp-json\/wp\/v2\/pages\/438","targetHints":{"allow":["GET"]}}],"collection":[{"href":"https:\/\/eakl.ee\/ru\/wp-json\/wp\/v2\/pages"}],"about":[{"href":"https:\/\/eakl.ee\/ru\/wp-json\/wp\/v2\/types\/page"}],"author":[{"embeddable":true,"href":"https:\/\/eakl.ee\/ru\/wp-json\/wp\/v2\/users\/7"}],"replies":[{"embeddable":true,"href":"https:\/\/eakl.ee\/ru\/wp-json\/wp\/v2\/comments?post=438"}],"version-history":[{"count":14,"href":"https:\/\/eakl.ee\/ru\/wp-json\/wp\/v2\/pages\/438\/revisions"}],"predecessor-version":[{"id":3403,"href":"https:\/\/eakl.ee\/ru\/wp-json\/wp\/v2\/pages\/438\/revisions\/3403"}],"wp:featuredmedia":[{"embeddable":true,"href":"https:\/\/eakl.ee\/ru\/wp-json\/wp\/v2\/media\/493"}],"wp:attachment":[{"href":"https:\/\/eakl.ee\/ru\/wp-json\/wp\/v2\/media?parent=438"}],"curies":[{"name":"wp","href":"https:\/\/api.w.org\/{rel}","templated":true}]}}