{"id":412,"date":"2025-09-03T15:25:26","date_gmt":"2025-09-03T12:25:26","guid":{"rendered":"https:\/\/eakl.ee\/?page_id=412"},"modified":"2025-09-26T15:42:17","modified_gmt":"2025-09-26T12:42:17","slug":"miks-liituda","status":"publish","type":"page","link":"https:\/\/eakl.ee\/ru\/miks-liituda\/","title":{"rendered":"\u041f\u043e\u0447\u0435\u043c\u0443 \u0441\u0442\u043e\u0438\u0442 \u043f\u0440\u0438\u0441\u043e\u0435\u0434\u0438\u043d\u0438\u0442\u044c\u0441\u044f"},"content":{"rendered":"<div class=\"bde-globalblock-412-100 bde-globalblock\"><style>.breakdance .bde-section-159-100-159-1{background-image:url(https:\/\/eakl.ee\/wp-content\/uploads\/2025\/09\/Miks_.jpg)}.breakdance .bde-section-159-100-159-1>.section-background-overlay{background-color:#420513A1;transition:background-color var(--bde-transition-duration) ease-in-out}<\/style><section id=\"page-banner\" class=\"bde-section-159-100-159-1 bde-section page-banner bde-section-159-100\">\n              \n  \n  \n\t\n\n  <div class=\"section-background-overlay\"><\/div>\n\n\n<div class=\"section-container\"><h2 class=\"bde-heading-159-103-159-1 bde-heading bde-heading-159-103\">\n\u041f\u043e\u0447\u0435\u043c\u0443 \u0441\u0442\u043e\u0438\u0442 \u043f\u0440\u0438\u0441\u043e\u0435\u0434\u0438\u043d\u0438\u0442\u044c\u0441\u044f\n<\/h2><\/div>\n<\/section><\/div><section class=\"bde-section-412-101 bde-section\">\n  \n  \n\t\n\n\n\n<div class=\"section-container\"><div class=\"bde-rich-text-412-115 bde-rich-text breakdance-rich-text-styles\">\n<h4 class=\"bde-heading-144-182 bde-heading\">\u041f\u043e\u0447\u0435\u043c\u0443 \u0432\u044b \u0434\u043e\u043b\u0436\u043d\u044b \u0441\u043e\u0441\u0442\u043e\u044f\u0442\u044c \u0432 \u043f\u0440\u043e\u0444\u0441\u043e\u044e\u0437\u0435?<\/h4><p class=\"bde-heading-144-182 bde-heading\"><strong>\u0427\u043b\u0435\u043d\u0441\u0442\u0432\u043e \u0432 \u043f\u0440\u043e\u0444\u0441\u043e\u044e\u0437\u0435 \u043e\u043f\u0440\u0430\u0432\u0434\u044b\u0432\u0430\u0435\u0442\u0441\u044f, \u043f\u043e\u0442\u043e\u043c\u0443 \u0447\u0442\u043e \u044d\u0442\u043e \u043f\u0440\u043e\u0444\u0441\u043e\u044e\u0437:<\/strong><\/p><ul><li class=\"bde-heading-144-182 bde-heading\">\u0432\u0435\u0434\u0435\u0442 \u043e\u0442 \u0432\u0430\u0448\u0435\u0433\u043e \u0438\u043c\u0435\u043d\u0438 \u043f\u0435\u0440\u0435\u0433\u043e\u0432\u043e\u0440\u044b \u043e \u0437\u0430\u0440\u043f\u043b\u0430\u0442\u0435 \u0438 \u0443\u0441\u043b\u043e\u0432\u0438\u044f\u0445 \u0442\u0440\u0443\u0434\u0430<\/li><li class=\"bde-heading-144-182 bde-heading\">\u0437\u0430\u0449\u0438\u0449\u0430\u0435\u0442 \u0432\u0430\u0441 \u043e\u0442 \u043f\u0440\u043e\u0438\u0437\u0432\u043e\u043b\u0430 \u0438 \u0434\u0438\u0441\u043a\u0440\u0438\u043c\u0438\u043d\u0430\u0446\u0438\u0438 \u0441\u043e \u0441\u0442\u043e\u0440\u043e\u043d\u044b \u0440\u0430\u0431\u043e\u0442\u043e\u0434\u0430\u0442\u0435\u043b\u044f<\/li><li class=\"bde-heading-144-182 bde-heading\">\u0433\u0430\u0440\u0430\u043d\u0442\u0438\u0440\u0443\u0435\u0442, \u0447\u0442\u043e \u0443 \u0432\u0430\u0441 \u0435\u0441\u0442\u044c \u0430\u0434\u0432\u043e\u043a\u0430\u0442, \u043a\u043e\u0442\u043e\u0440\u044b\u0439 \u043f\u043e\u043c\u043e\u0436\u0435\u0442 \u0432\u0430\u043c \u0432 \u0441\u043b\u0443\u0447\u0430\u0435 \u0441\u043f\u043e\u0440\u0430 \u0438\u043b\u0438 \u0442\u0440\u0443\u0434\u043e\u0432\u043e\u0433\u043e \u043a\u043e\u043d\u0444\u043b\u0438\u043a\u0442\u0430<\/li><li class=\"bde-heading-144-182 bde-heading\">\u043f\u043e\u0432\u044b\u0448\u0430\u0435\u0442 \u0431\u0435\u0437\u043e\u043f\u0430\u0441\u043d\u043e\u0441\u0442\u044c \u0432\u0430\u0448\u0435\u0433\u043e \u0442\u0440\u0443\u0434\u0430<\/li><\/ul><h4>\u0427\u043b\u0435\u043d\u0441\u043a\u0438\u0435 \u043f\u0440\u043e\u0444\u0441\u043e\u044e\u0437\u043d\u044b\u0435 \u0432\u0437\u043d\u043e\u0441\u044b \u043e\u0431\u044b\u0447\u043d\u043e \u0441\u043e\u0441\u0442\u0430\u0432\u043b\u044f\u044e\u0442 1% \u043e\u0442 \u0432\u0430\u0448\u0435\u0439 \u0437\u0430\u0440\u043f\u043b\u0430\u0442\u044b!<\/h4><p><strong>\u041f\u0440\u043e\u0444\u0441\u043e\u044e\u0437\u044b \u0432 \u0446\u0438\u0444\u0440\u0430\u0445:<\/strong><\/p><ul><li>\u0412 \u042d\u0441\u0442\u043e\u043d\u0438\u0438 \u043d\u0430\u0441\u0447\u0438\u0442\u044b\u0432\u0430\u0435\u0442\u0441\u044f 17 \u043e\u0442\u0440\u0430\u0441\u043b\u0435\u0432\u044b\u0445 \u043f\u0440\u043e\u0444\u0441\u043e\u044e\u0437\u043e\u0432<\/li><li>\u043e\u043a\u043e\u043b\u043e 20 000 \u0447\u043b\u0435\u043d\u043e\u0432 \u043f\u0440\u043e\u0444\u0441\u043e\u044e\u0437\u043e\u0432<\/li><li>\u0415\u0436\u0435\u0433\u043e\u0434\u043d\u043e \u0440\u0430\u0437\u0440\u0435\u0448\u0430\u0435\u0442\u0441\u044f \u0431\u043e\u043b\u0435\u0435 1000 \u0441\u043f\u043e\u0440\u043e\u0432<\/li><\/ul>\n<\/div><div class=\"bde-globalblock-412-114 bde-globalblock\"><section class=\"bde-section-2003-100-2003-1 bde-section bde-section-2003-100\">\n  \n  \n\t\n\n\n\n<div class=\"section-container\"><a class=\"bde-text-link-2003-101-2003-1 bde-text-link bde-text-link-2003-101 breakdance-link\" href=\"https:\/\/eakl.ee\/ru\/liikmed\/\" target=\"_self\" data-type=\"url\">\n  <h4 >\n  \u041f\u0440\u0438\u0441\u043e\u0435\u0434\u0438\u043d\u044f\u0439\u0442\u0435\u0441\u044c \u0437\u0434\u0435\u0441\u044c!\n  <\/h4>\n\n<\/a><div class=\"bde-text-2003-102-2003-1 bde-text bde-text-2003-102\">\n\u041f\u0440\u043e\u0444\u0441\u043e\u044e\u0437 - \u044d\u0442\u043e \u0432\u0430\u0448\u0435 \u0441\u043e\u043e\u0431\u0449\u0435\u0441\u0442\u0432\u043e! \u0412\u0441\u0442\u0443\u043f\u0430\u044f \u0432 \u043f\u0440\u043e\u0444\u0441\u043e\u044e\u0437, \u0432\u044b \u0434\u0430\u0435\u0442\u0435 \u0441\u0435\u0431\u0435 \u0438 \u0434\u0440\u0443\u0433\u0438\u043c \u0440\u0430\u0431\u043e\u0442\u043d\u0438\u043a\u0430\u043c \u0432\u043e\u0437\u043c\u043e\u0436\u043d\u043e\u0441\u0442\u044c \u0432\u044b\u0441\u0442\u0443\u043f\u0430\u0442\u044c \u0437\u0430 \u043b\u0443\u0447\u0448\u0443\u044e \u0442\u0440\u0443\u0434\u043e\u0432\u0443\u044e \u0436\u0438\u0437\u043d\u044c \u0432 \u042d\u0441\u0442\u043e\u043d\u0438\u0438. \n<\/div><\/div>\n<\/section><\/div><\/div>\n<\/section>","protected":false},"excerpt":{"rendered":"<p>Miks liituda Miks peaksid kuuluma ameti\u00fchingusse?Ameti\u00fchingusse tasub kuuluda, sest ameti\u00fching:peab Sinu eest l\u00e4bir\u00e4\u00e4kimisi palga ja t\u00f6\u00f6tingimuste osaskaitseb Sind t\u00f6\u00f6andja omavoli ja diskrimineerimise eesttagab Sulle juristi abi vaidluse v\u00f5i t\u00f6\u00f6t\u00fcli korralsuurendab Sinu turvatunnet t\u00f6\u00f6elusAmeti\u00fchingu liikmemaks on reeglina 1% Sinu brutokuupalgast!Ameti\u00fchingud numbrites:Eestis on 17 valdkondlikku ameti\u00fchingutameti\u00fchingutesse kuulub ligi 20000 inimestigal aastal lahendatakse \u00fcle 1000 vaidluse Liitu siin! [&hellip;]<\/p>","protected":false},"author":7,"featured_media":483,"parent":0,"menu_order":0,"comment_status":"closed","ping_status":"closed","template":"","meta":{"_acf_changed":false,"_breakdance_hide_in_design_set":false,"_breakdance_tags":"","footnotes":""},"class_list":["post-412","page","type-page","status-publish","has-post-thumbnail","hentry"],"acf":[],"_links":{"self":[{"href":"https:\/\/eakl.ee\/ru\/wp-json\/wp\/v2\/pages\/412","targetHints":{"allow":["GET"]}}],"collection":[{"href":"https:\/\/eakl.ee\/ru\/wp-json\/wp\/v2\/pages"}],"about":[{"href":"https:\/\/eakl.ee\/ru\/wp-json\/wp\/v2\/types\/page"}],"author":[{"embeddable":true,"href":"https:\/\/eakl.ee\/ru\/wp-json\/wp\/v2\/users\/7"}],"replies":[{"embeddable":true,"href":"https:\/\/eakl.ee\/ru\/wp-json\/wp\/v2\/comments?post=412"}],"version-history":[{"count":8,"href":"https:\/\/eakl.ee\/ru\/wp-json\/wp\/v2\/pages\/412\/revisions"}],"predecessor-version":[{"id":2196,"href":"https:\/\/eakl.ee\/ru\/wp-json\/wp\/v2\/pages\/412\/revisions\/2196"}],"wp:featuredmedia":[{"embeddable":true,"href":"https:\/\/eakl.ee\/ru\/wp-json\/wp\/v2\/media\/483"}],"wp:attachment":[{"href":"https:\/\/eakl.ee\/ru\/wp-json\/wp\/v2\/media?parent=412"}],"curies":[{"name":"wp","href":"https:\/\/api.w.org\/{rel}","templated":true}]}}