{"id":409,"date":"2025-09-03T15:24:55","date_gmt":"2025-09-03T12:24:55","guid":{"rendered":"https:\/\/eakl.ee\/?page_id=409"},"modified":"2025-09-26T15:40:56","modified_gmt":"2025-09-26T12:40:56","slug":"kollektiivlepingud-ja-tootulid","status":"publish","type":"page","link":"https:\/\/eakl.ee\/ru\/kollektiivlepingud-ja-tootulid\/","title":{"rendered":"\u041a\u041e\u041b\u041b\u0415\u041a\u0422\u0418\u0412\u041d\u042b\u0415 \u0414\u041e\u0413\u041e\u0412\u041e\u0420\u042b \u0418 \u0422\u0420\u0423\u0414\u041e\u0412\u042b\u0415 \u0421\u041f\u041e\u0420\u042b"},"content":{"rendered":"<div class=\"bde-globalblock-409-100 bde-globalblock\"><style>.breakdance .bde-section-159-100-159-1{background-image:url(https:\/\/eakl.ee\/wp-content\/uploads\/2025\/09\/Tootuli.jpg)}.breakdance .bde-section-159-100-159-1>.section-background-overlay{background-color:#420513A1;transition:background-color var(--bde-transition-duration) ease-in-out}<\/style><section id=\"page-banner\" class=\"bde-section-159-100-159-1 bde-section page-banner bde-section-159-100\">\n              \n  \n  \n\t\n\n  <div class=\"section-background-overlay\"><\/div>\n\n\n<div class=\"section-container\"><h2 class=\"bde-heading-159-103-159-1 bde-heading bde-heading-159-103\">\n\u041a\u041e\u041b\u041b\u0415\u041a\u0422\u0418\u0412\u041d\u042b\u0415 \u0414\u041e\u0413\u041e\u0412\u041e\u0420\u042b \u0418 \u0422\u0420\u0423\u0414\u041e\u0412\u042b\u0415 \u0421\u041f\u041e\u0420\u042b\n<\/h2><\/div>\n<\/section><\/div><section class=\"bde-section-409-101 bde-section\">\n  \n  \n\t\n\n\n\n<div class=\"section-container\"><div class=\"bde-rich-text-409-111 bde-rich-text breakdance-rich-text-styles\">\n<h4>\u0420\u0430\u0437\u0440\u0435\u0448\u0435\u043d\u0438\u0435 \u0442\u0440\u0443\u0434\u043e\u0432\u044b\u0445 \u0441\u043f\u043e\u0440\u043e\u0432<\/h4><p>\u0412 \u0441\u0444\u0435\u0440\u0435 \u043f\u0440\u043e\u0438\u0437\u0432\u043e\u0434\u0441\u0442\u0432\u0435\u043d\u043d\u044b\u0445 \u043e\u0442\u043d\u043e\u0448\u0435\u043d\u0438\u0439 \u0438\u043d\u0442\u0435\u0440\u0435\u0441\u044b \u0440\u0430\u0431\u043e\u0442\u043d\u0438\u043a\u043e\u0432 \u0438 \u0440\u0430\u0431\u043e\u0442\u043e\u0434\u0430\u0442\u0435\u043b\u0435\u0439 \u0447\u0430\u0441\u0442\u043e \u0440\u0430\u0441\u0445\u043e\u0434\u044f\u0442\u0441\u044f. \u0420\u0430\u0431\u043e\u0442\u043d\u0438\u043a\u0438 \u0445\u043e\u0442\u044f\u0442, \u0447\u0442\u043e\u0431\u044b \u0438\u043c \u0431\u043e\u043b\u044c\u0448\u0435 \u043f\u043b\u0430\u0442\u0438\u043b\u0438 \u0437\u0430 \u0432\u044b\u043f\u043e\u043b\u043d\u0435\u043d\u043d\u0443\u044e \u0440\u0430\u0431\u043e\u0442\u0443, \u0438\u043b\u0438 \u0442\u0440\u0435\u0431\u0443\u044e\u0442 \u0443\u043b\u0443\u0447\u0448\u0435\u043d\u0438\u044f \u0443\u0441\u043b\u043e\u0432\u0438\u0439 \u0442\u0440\u0443\u0434\u0430, \u043d\u043e \u0440\u0430\u0431\u043e\u0442\u043e\u0434\u0430\u0442\u0435\u043b\u0438 \u043d\u0435 \u0432\u0441\u0435\u0433\u0434\u0430 \u043c\u043e\u0433\u0443\u0442 \u0438\u043b\u0438 \u0445\u043e\u0442\u044f\u0442 \u0443\u0434\u043e\u0432\u043b\u0435\u0442\u0432\u043e\u0440\u0438\u0442\u044c \u044d\u0442\u0438 \u0442\u0440\u0435\u0431\u043e\u0432\u0430\u043d\u0438\u044f, \u0438 \u043f\u043e\u044d\u0442\u043e\u043c\u0443 \u0432\u043e\u0437\u043d\u0438\u043a\u0430\u044e\u0442 \u043a\u043e\u043d\u0444\u043b\u0438\u043a\u0442\u044b.<\/p><p><strong>\u041a\u043e\u043b\u043b\u0435\u043a\u0442\u0438\u0432\u043d\u044b\u0439 \u0442\u0440\u0443\u0434\u043e\u0432\u043e\u0439 \u0441\u043f\u043e\u0440 - \u044d\u0442\u043e \u0440\u0430\u0437\u043d\u043e\u0433\u043b\u0430\u0441\u0438\u044f \u043f\u043e \u043f\u043e\u0432\u043e\u0434\u0443 \u0443\u0441\u043b\u043e\u0432\u0438\u0439 \u043a\u043e\u043b\u043b\u0435\u043a\u0442\u0438\u0432\u043d\u043e\u0433\u043e \u0434\u043e\u0433\u043e\u0432\u043e\u0440\u0430.<\/strong><\/p><p>\u0415\u0441\u043b\u0438 \u043c\u0435\u0436\u0434\u0443 \u0440\u0430\u0431\u043e\u0442\u043e\u0434\u0430\u0442\u0435\u043b\u0435\u043c \u0438 \u0440\u0430\u0431\u043e\u0442\u043d\u0438\u043a\u0430\u043c\u0438 \u0432\u043e\u0437\u043d\u0438\u043a\u0430\u044e\u0442 \u0440\u0430\u0437\u043d\u043e\u0433\u043b\u0430\u0441\u0438\u044f \u043f\u043e \u043f\u043e\u0432\u043e\u0434\u0443 \u0437\u0430\u043a\u043b\u044e\u0447\u0435\u043d\u0438\u044f, \u0432\u043d\u0435\u0434\u0440\u0435\u043d\u0438\u044f \u0438\u043b\u0438 \u043d\u043e\u0432\u044b\u0445 \u0443\u0441\u043b\u043e\u0432\u0438\u0439 \u0442\u0440\u0443\u0434\u0430, \u044d\u0442\u043e \u0441\u0447\u0438\u0442\u0430\u0435\u0442\u0441\u044f \u043a\u043e\u043b\u043b\u0435\u043a\u0442\u0438\u0432\u043d\u044b\u043c \u0441\u043f\u043e\u0440\u043e\u043c. \u0421\u043f\u043e\u0441\u043e\u0431\u043d\u043e\u0441\u0442\u044c \u0440\u0430\u0437\u0440\u0435\u0448\u0430\u0442\u044c \u0442\u0430\u043a\u0438\u0435 \u0441\u043f\u043e\u0440\u044b \u043c\u0438\u0440\u043d\u044b\u043c \u043f\u0443\u0442\u0435\u043c \u044f\u0432\u043b\u044f\u0435\u0442\u0441\u044f \u043e\u0442\u043b\u0438\u0447\u0438\u0442\u0435\u043b\u044c\u043d\u043e\u0439 \u0447\u0435\u0440\u0442\u043e\u0439 \u0434\u0435\u043c\u043e\u043a\u0440\u0430\u0442\u0438\u0447\u0435\u0441\u043a\u043e\u0433\u043e \u043e\u0431\u0449\u0435\u0441\u0442\u0432\u0430. \u0421 \u044d\u0442\u043e\u0439 \u0446\u0435\u043b\u044c\u044e \u0431\u044b\u043b \u0441\u043e\u0437\u0434\u0430\u043d \u0438\u043d\u0441\u0442\u0438\u0442\u0443\u0442 \u0433\u043e\u0441\u0443\u0434\u0430\u0440\u0441\u0442\u0432\u0435\u043d\u043d\u043e\u0433\u043e \u043f\u0440\u0438\u043c\u0438\u0440\u0438\u0442\u0435\u043b\u044f.<\/p><p>\u041f\u0435\u0440\u0432\u044b\u043c \u0448\u0430\u0433\u043e\u043c \u0432 \u0440\u0430\u0437\u0440\u0435\u0448\u0435\u043d\u0438\u0438 \u0441\u043f\u043e\u0440\u0430 \u0432\u0441\u0435\u0433\u0434\u0430 \u044f\u0432\u043b\u044f\u044e\u0442\u0441\u044f \u043f\u0435\u0440\u0435\u0433\u043e\u0432\u043e\u0440\u044b. \u0415\u0441\u043b\u0438 \u0441\u0442\u043e\u0440\u043e\u043d\u044b \u043d\u0435 \u043c\u043e\u0433\u0443\u0442 \u0434\u043e\u0433\u043e\u0432\u043e\u0440\u0438\u0442\u044c\u0441\u044f, \u043e\u043d\u0438 \u043c\u043e\u0433\u0443\u0442 \u043e\u0431\u0440\u0430\u0442\u0438\u0442\u044c\u0441\u044f \u043a \u043d\u0435\u0437\u0430\u0432\u0438\u0441\u0438\u043c\u043e\u043c\u0443 \u0433\u043e\u0441\u0443\u0434\u0430\u0440\u0441\u0442\u0432\u0435\u043d\u043d\u043e\u043c\u0443 \u043f\u0440\u0438\u043c\u0438\u0440\u0438\u0442\u0435\u043b\u044e, \u043a\u043e\u0442\u043e\u0440\u044b\u0439 \u043f\u043e\u043c\u043e\u0436\u0435\u0442 \u0438\u043c \u043d\u0430\u0439\u0442\u0438 \u0440\u0435\u0448\u0435\u043d\u0438\u0435, \u0443\u0441\u0442\u0440\u0430\u0438\u0432\u0430\u044e\u0449\u0435\u0435 \u043e\u0431\u0435 \u0441\u0442\u043e\u0440\u043e\u043d\u044b. \u041f\u0440\u0438\u043c\u0438\u0440\u0435\u043d\u0438\u0435 - \u043e\u0431\u044f\u0437\u0430\u0442\u0435\u043b\u044c\u043d\u044b\u0439 \u0448\u0430\u0433, \u043f\u0440\u0435\u0434\u0443\u0441\u043c\u043e\u0442\u0440\u0435\u043d\u043d\u044b\u0439 \u0437\u0430\u043a\u043e\u043d\u043e\u043c \u043f\u0435\u0440\u0435\u0434 \u043e\u0431\u044a\u044f\u0432\u043b\u0435\u043d\u0438\u0435\u043c \u0437\u0430\u0431\u0430\u0441\u0442\u043e\u0432\u043a\u0438 \u0438\u043b\u0438 \u043b\u043e\u043a\u0430\u0443\u0442\u0430. \u0417\u0430\u0431\u0430\u0441\u0442\u043e\u0432\u043a\u0430 \u0438\u043b\u0438 \u043b\u043e\u043a\u0430\u0443\u0442 \u0434\u043e\u043f\u0443\u0441\u043a\u0430\u0435\u0442\u0441\u044f \u0442\u043e\u043b\u044c\u043a\u043e \u0432 \u0442\u043e\u043c \u0441\u043b\u0443\u0447\u0430\u0435, \u0435\u0441\u043b\u0438 \u043f\u0440\u0438\u043c\u0438\u0440\u0435\u043d\u0438\u0435 \u0438\u0441\u0447\u0435\u0440\u043f\u0430\u043d\u043e \u0438 \u0441\u043e\u0433\u043b\u0430\u0448\u0435\u043d\u0438\u0435 \u043d\u0435 \u0434\u043e\u0441\u0442\u0438\u0433\u043d\u0443\u0442\u043e.<\/p><p><strong>EAKL \u043f\u043e\u043c\u043e\u0433\u0430\u0435\u0442 \u0447\u043b\u0435\u043d\u0430\u043c \u0440\u0430\u0437\u0440\u0435\u0448\u0430\u0442\u044c \u0442\u0440\u0443\u0434\u043e\u0432\u044b\u0435 \u0441\u043f\u043e\u0440\u044b<\/strong><\/p><p>\u042d\u0441\u0442\u043e\u043d\u0441\u043a\u0438\u0439 \u0421\u043e\u0432\u0435\u0442 \u043f\u0440\u043e\u0444\u0441\u043e\u044e\u0437\u043e\u0432 (EAKL) \u043f\u043e\u0434\u0434\u0435\u0440\u0436\u0438\u0432\u0430\u0435\u0442 \u0441\u0432\u043e\u0438\u0445 \u0447\u043b\u0435\u043d\u043e\u0432 \u043d\u0430 \u0432\u0441\u0435\u0445 \u044d\u0442\u0430\u043f\u0430\u0445, \u043e\u0442 \u043f\u043e\u0434\u0433\u043e\u0442\u043e\u0432\u043a\u0438 \u043f\u0435\u0440\u0435\u0433\u043e\u0432\u043e\u0440\u043e\u0432 \u0434\u043e \u043e\u0440\u0433\u0430\u043d\u0438\u0437\u0430\u0446\u0438\u0438 \u0432\u043e\u0437\u043c\u043e\u0436\u043d\u043e\u0439 \u0437\u0430\u0431\u0430\u0441\u0442\u043e\u0432\u043a\u0438 - \u0421\u043e\u0432\u0435\u0442 \u043f\u0440\u0435\u0434\u043e\u0441\u0442\u0430\u0432\u043b\u044f\u0435\u0442 \u044e\u0440\u0438\u0434\u0438\u0447\u0435\u0441\u043a\u0438\u0435 \u043a\u043e\u043d\u0441\u0443\u043b\u044c\u0442\u0430\u0446\u0438\u0438, \u043f\u043e\u043c\u043e\u0433\u0430\u0435\u0442 \u0432 \u0441\u043e\u0441\u0442\u0430\u0432\u043b\u0435\u043d\u0438\u0438 \u0434\u043e\u043a\u0443\u043c\u0435\u043d\u0442\u043e\u0432 \u0438 \u0442. \u0434.<\/p><p>\u041a\u043e\u043b\u043b\u0435\u043a\u0442\u0438\u0432\u043d\u044b\u0435 \u0442\u0440\u0443\u0434\u043e\u0432\u044b\u0435 \u0441\u043f\u043e\u0440\u044b \u0440\u0435\u0433\u0443\u043b\u0438\u0440\u0443\u044e\u0442\u0441\u044f \u0417\u0430\u043a\u043e\u043d\u043e\u043c \u043e\u0431 \u0443\u0440\u0435\u0433\u0443\u043b\u0438\u0440\u043e\u0432\u0430\u043d\u0438\u0438 \u043a\u043e\u043b\u043b\u0435\u043a\u0442\u0438\u0432\u043d\u044b\u0445 \u0442\u0440\u0443\u0434\u043e\u0432\u044b\u0445 \u0441\u043f\u043e\u0440\u043e\u0432, \u0441\u043e\u0433\u043b\u0430\u0441\u043d\u043e \u043a\u043e\u0442\u043e\u0440\u043e\u043c\u0443 \u0441\u043e\u0446\u0438\u0430\u043b\u044c\u043d\u044b\u0435 \u043f\u0430\u0440\u0442\u043d\u0451\u0440\u044b \u2014 \u0426\u0435\u043d\u0442\u0440\u0430\u043b\u044c\u043d\u044b\u0439 \u0421\u043e\u0432\u0435\u0442 \u043f\u0440\u043e\u0444\u0441\u043e\u044e\u0437\u043e\u0432 \u042d\u0441\u0442\u043e\u043d\u0438\u0438 (EAKL), \u041a\u043e\u043d\u0444\u0435\u0434\u0435\u0440\u0430\u0446\u0438\u044f \u043f\u0440\u043e\u0444\u0441\u043e\u044e\u0437\u043e\u0432 \u0441\u043b\u0443\u0436\u0430\u0449\u0438\u0445 \u042d\u0441\u0442\u043e\u043d\u0438\u0438  (TALO) \u0438 \u0421\u043e\u044e\u0437 \u0440\u0430\u0431\u043e\u0442\u043e\u0434\u0430\u0442\u0435\u043b\u0435\u0439 \u042d\u0441\u0442\u043e\u043d\u0438\u0438 \u2014 \u0434\u043e\u0433\u043e\u0432\u0430\u0440\u0438\u0432\u0430\u044e\u0442\u0441\u044f \u043e \u043d\u0430\u0437\u043d\u0430\u0447\u0435\u043d\u0438\u0438 \u0433\u043e\u0441\u0443\u0434\u0430\u0440\u0441\u0442\u0432\u0435\u043d\u043d\u043e\u0433\u043e \u043f\u0440\u0438\u043c\u0438\u0440\u0438\u0442\u0435\u043b\u044f. \u0421 \u043c\u0430\u0440\u0442\u0430 2017 \u0433\u043e\u0434\u0430 \u044d\u0442\u0443 \u0434\u043e\u043b\u0436\u043d\u043e\u0441\u0442\u044c \u0437\u0430\u043d\u0438\u043c\u0430\u0435\u0442 Meelis Virkebau.<\/p><p>\u0421 \u0417\u0430\u043a\u043e\u043d\u043e\u043c \u043e \u0440\u0430\u0437\u0440\u0435\u0448\u0435\u043d\u0438\u0438 \u043a\u043e\u043b\u043b\u0435\u043a\u0442\u0438\u0432\u043d\u044b\u0445 \u0442\u0440\u0443\u0434\u043e\u0432\u044b\u0445 \u0441\u043f\u043e\u0440\u043e\u0432 \u043c\u043e\u0436\u043d\u043e \u043e\u0437\u043d\u0430\u043a\u043e\u043c\u0438\u0442\u044c\u0441\u044f \u043d\u0430 \u0441\u0430\u0439\u0442\u0435 Riigi Teataja: riigiteataja.ee<br \/>\u041f\u043e\u0434\u0440\u043e\u0431\u043d\u0435\u0435 \u043e \u0434\u0435\u044f\u0442\u0435\u043b\u044c\u043d\u043e\u0441\u0442\u0438 \u0413\u043e\u0441\u0443\u0434\u0430\u0440\u0441\u0442\u0432\u0435\u043d\u043d\u043e\u0433\u043e \u043f\u0440\u0438\u0435\u0440\u0438\u0442\u0435\u043b\u044f \u043c\u043e\u0436\u043d\u043e \u043f\u0440\u043e\u0447\u0438\u0442\u0430\u0442\u044c \u043d\u0430 \u0435\u0433\u043e \u0441\u0430\u0439\u0442\u0435: riikliklepitaja.ee<\/p>\n<\/div><div class=\"bde-globalblock-409-110 bde-globalblock\"><section class=\"bde-section-2003-100-2003-1 bde-section bde-section-2003-100\">\n  \n  \n\t\n\n\n\n<div class=\"section-container\"><a class=\"bde-text-link-2003-101-2003-1 bde-text-link bde-text-link-2003-101 breakdance-link\" href=\"https:\/\/eakl.ee\/ru\/liikmed\/\" target=\"_self\" data-type=\"url\">\n  <h4 >\n  \u041f\u0440\u0438\u0441\u043e\u0435\u0434\u0438\u043d\u044f\u0439\u0442\u0435\u0441\u044c \u0437\u0434\u0435\u0441\u044c!\n  <\/h4>\n\n<\/a><div class=\"bde-text-2003-102-2003-1 bde-text bde-text-2003-102\">\n\u041f\u0440\u043e\u0444\u0441\u043e\u044e\u0437 \u2014 \u044d\u0442\u043e \u0442\u0432\u043e\u0451 \u0441\u043e\u043e\u0431\u0449\u0435\u0441\u0442\u0432\u043e!\n\u0412\u0441\u0442\u0443\u043f\u0430\u044f \u0432 \u043f\u0440\u043e\u0444\u0441\u043e\u044e\u0437, \u0442\u044b \u0434\u0435\u043b\u0430\u0435\u0448\u044c \u0448\u0430\u0433 \u043d\u0435 \u0442\u043e\u043b\u044c\u043a\u043e \u0434\u043b\u044f \u0441\u0435\u0431\u044f \u2014\u0442\u044b \u043f\u043e\u043c\u043e\u0433\u0430\u0435\u0448\u044c \u043c\u0435\u043d\u044f\u0442\u044c \u0442\u0440\u0443\u0434\u043e\u0432\u0443\u044e \u0436\u0438\u0437\u043d\u044c \u043a \u043b\u0443\u0447\u0448\u0435\u043c\u0443 \u0434\u043b\u044f \u0432\u0441\u0435\u0445.\n\u042d\u0442\u043e \u043f\u0440\u043e \u043f\u043e\u0434\u0434\u0435\u0440\u0436\u043a\u0443. \u041f\u0440\u043e \u0441\u043e\u043b\u0438\u0434\u0430\u0440\u043d\u043e\u0441\u0442\u044c. \u041f\u0440\u043e \u0441\u0438\u043b\u0443 \u0431\u044b\u0442\u044c \u0443\u0441\u043b\u044b\u0448\u0430\u043d\u043d\u044b\u043c. \u0412\u043c\u0435\u0441\u0442\u0435 \u043c\u044b \u043c\u043e\u0436\u0435\u043c \u0431\u043e\u043b\u044c\u0448\u0435 !\n\u0421\u043e\u0437\u0434\u0430\u0451\u043c \u043b\u0443\u0447\u0448\u0435\u0435 \u0431\u0443\u0434\u0443\u0449\u0435\u0435 \u0442\u0440\u0443\u0434\u0430 \u0432 \u042d\u0441\u0442\u043e\u043d\u0438\u0438 \u2014 \u0432\u043c\u0435\u0441\u0442\u0435. \u041f\u0440\u0438\u0441\u043e\u0435\u0434\u0438\u043d\u044f\u0439\u0441\u044f! \n<\/div><\/div>\n<\/section><\/div><\/div>\n<\/section>","protected":false},"excerpt":{"rendered":"<p>Kollektiivlepingud ja t\u00f6\u00f6t\u00fclid T\u00f6\u00f6t\u00fclide lahendamineT\u00f6\u00f6suhete valdkonnas on t\u00f6\u00f6tajate ja t\u00f6\u00f6andjate huvid sageli erinevad. T\u00f6\u00f6taja soovib tehtud t\u00f6\u00f6 eest saada suuremat tasu v\u00f5i n\u00f5uab paremaid t\u00f6\u00f6tingimusi, t\u00f6\u00f6andjal ei ole aga alati v\u00f5imalust v\u00f5i soovi neid n\u00f5udmisi t\u00e4ita ja nii tekibki konflikt.Kollektiivne t\u00f6\u00f6t\u00fcli on lahkarvamus kollektiivlepingu tingimuste osasKui t\u00f6\u00f6andja ja t\u00f6\u00f6tajate vahel tekib lahkarvamus kollektiivlepingu s\u00f5lmimisel, t\u00e4itmisel [&hellip;]<\/p>","protected":false},"author":7,"featured_media":479,"parent":0,"menu_order":0,"comment_status":"closed","ping_status":"closed","template":"","meta":{"_acf_changed":false,"_breakdance_hide_in_design_set":false,"_breakdance_tags":"","footnotes":""},"class_list":["post-409","page","type-page","status-publish","has-post-thumbnail","hentry"],"acf":[],"_links":{"self":[{"href":"https:\/\/eakl.ee\/ru\/wp-json\/wp\/v2\/pages\/409","targetHints":{"allow":["GET"]}}],"collection":[{"href":"https:\/\/eakl.ee\/ru\/wp-json\/wp\/v2\/pages"}],"about":[{"href":"https:\/\/eakl.ee\/ru\/wp-json\/wp\/v2\/types\/page"}],"author":[{"embeddable":true,"href":"https:\/\/eakl.ee\/ru\/wp-json\/wp\/v2\/users\/7"}],"replies":[{"embeddable":true,"href":"https:\/\/eakl.ee\/ru\/wp-json\/wp\/v2\/comments?post=409"}],"version-history":[{"count":9,"href":"https:\/\/eakl.ee\/ru\/wp-json\/wp\/v2\/pages\/409\/revisions"}],"predecessor-version":[{"id":2192,"href":"https:\/\/eakl.ee\/ru\/wp-json\/wp\/v2\/pages\/409\/revisions\/2192"}],"wp:featuredmedia":[{"embeddable":true,"href":"https:\/\/eakl.ee\/ru\/wp-json\/wp\/v2\/media\/479"}],"wp:attachment":[{"href":"https:\/\/eakl.ee\/ru\/wp-json\/wp\/v2\/media?parent=409"}],"curies":[{"name":"wp","href":"https:\/\/api.w.org\/{rel}","templated":true}]}}