{"id":406,"date":"2025-09-03T15:24:28","date_gmt":"2025-09-03T12:24:28","guid":{"rendered":"https:\/\/eakl.ee\/?page_id=406"},"modified":"2026-04-25T19:14:57","modified_gmt":"2026-04-25T16:14:57","slug":"tootajate-oigused-ja-huvikaitse","status":"publish","type":"page","link":"https:\/\/eakl.ee\/ru\/tootajate-oigused-ja-huvikaitse\/","title":{"rendered":"\u041f\u0440\u0430\u0432\u0430 \u0442\u0440\u0443\u0434\u044f\u0449\u0438\u0445\u0441\u044f"},"content":{"rendered":"<div class=\"bde-globalblock-406-100 bde-globalblock\"><style>.breakdance .bde-section-159-100-159-1{background-image:url(https:\/\/eakl.ee\/wp-content\/uploads\/2025\/09\/Oigused.jpg)}.breakdance .bde-section-159-100-159-1>.section-background-overlay{background-color:#420513A1;transition:background-color var(--bde-transition-duration) ease-in-out}<\/style><section id=\"page-banner\" class=\"bde-section-159-100-159-1 bde-section page-banner bde-section-159-100\">\n              \n  \n  \n\t\n\n  <div class=\"section-background-overlay\"><\/div>\n\n\n<div class=\"section-container\"><h2 class=\"bde-heading-159-103-159-1 bde-heading bde-heading-159-103\">\n\u041f\u0440\u0430\u0432\u0430 \u0442\u0440\u0443\u0434\u044f\u0449\u0438\u0445\u0441\u044f\n<\/h2><\/div>\n<\/section><\/div><section class=\"bde-section-406-101 bde-section\">\n  \n  \n\t\n\n\n\n<div class=\"section-container\"><div class=\"bde-rich-text-406-120 bde-rich-text breakdance-rich-text-styles\">\n<h4>\u0417\u041d\u0410\u0419 \u0421\u0412\u041e\u0418 \u041f\u0420\u0410\u0412\u0410 \u2014 \u042d\u0422\u041e \u0422\u0412\u041e\u042f \u0417\u0410\u0429\u0418\u0422\u0410 \u0418 \u0423\u0412\u0415\u0420\u0415\u041d\u041d\u041e\u0421\u0422\u042c \u0412 \u0422\u0420\u0423\u0414\u041e\u0412\u041e\u0419 \u0416\u0418\u0417\u041d\u0418<\/h4><p>\u0412 \u042d\u0441\u0442\u043e\u043d\u0438\u0438 \u0442\u0440\u0443\u0434\u043e\u0432\u044b\u0435 \u043f\u0440\u0430\u0432\u0430 \u0440\u0430\u0441\u043f\u0440\u043e\u0441\u0442\u0440\u0430\u043d\u044f\u044e\u0442\u0441\u044f \u043d\u0430 \u0432\u0441\u0435\u0445 \u0440\u0430\u0431\u043e\u0442\u043d\u0438\u043a\u043e\u0432: \u043d\u0435\u0437\u0430\u0432\u0438\u0441\u0438\u043c\u043e \u043d\u0435\u0437\u0430\u0432\u0438\u0441\u0438\u043c\u043e \u043e\u0442 \u0442\u043e\u0433\u043e, \u0440\u0430\u0431\u043e\u0442\u0430\u0435\u0448\u044c \u043b\u0438 \u0442\u044b \u0434\u0430\u0432\u043d\u043e \u0438\u043b\u0438 \u0442\u043e\u043b\u044c\u043a\u043e \u043d\u0430\u0447\u0438\u043d\u0430\u0435\u0448\u044c, \u0443 \u0442\u0435\u0431\u044f \u0441\u0440\u043e\u0447\u043d\u044b\u0439 \u0438\u043b\u0438 \u0431\u0435\u0441\u0441\u0440\u043e\u0447\u043d\u044b\u0439 \u0434\u043e\u0433\u043e\u0432\u043e\u0440, \u0442\u044b \u043d\u0430\u0435\u043c\u043d\u044b\u0439 \u0440\u0430\u0431\u043e\u0442\u043d\u0438\u043a \u0438\u043b\u0438 \u0440\u0430\u0431\u043e\u0442\u0430\u0435\u0448\u044c \u043d\u0435\u043f\u043e\u043b\u043d\u044b\u0439 \u0440\u0430\u0431\u043e\u0447\u0438\u0439 \u0434\u0435\u043d\u044c.\n\n\u0426\u0435\u043d\u0442\u0440\u0430\u043b\u044c\u043d\u044b\u0439 \u0421\u043e\u044e\u0437 \u041f\u0440\u043e\u0444\u0441\u043e\u044e\u0437\u043e\u0432 \u0437\u0430\u0449\u0438\u0449\u0430\u0435\u0442 \u043f\u0440\u0430\u0432\u043e \u043a\u0430\u0436\u0434\u043e\u0433\u043e \u043d\u0430 \u0441\u043f\u0440\u0430\u0432\u0435\u0434\u043b\u0438\u0432\u044b\u0435 \u0443\u0441\u043b\u043e\u0432\u0438\u044f \u0442\u0440\u0443\u0434\u0430, \u0431\u0435\u0437\u043e\u043f\u0430\u0441\u043d\u0443\u044e \u0440\u0430\u0431\u043e\u0447\u0443\u044e \u0441\u0440\u0435\u0434\u0443 \u0438 \u0434\u043e\u0441\u0442\u043e\u0439\u043d\u043e\u0435 \u043e\u0442\u043d\u043e\u0448\u0435\u043d\u0438\u0435 \u043d\u0430 \u0440\u0430\u0431\u043e\u0442\u0435.<\/p><p><strong><br \/>\u0420\u0430\u0432\u043d\u043e\u0435 \u043e\u0442\u043d\u043e\u0448\u0435\u043d\u0438\u0435 \u043a\u043e \u0432\u0441\u0435\u043c \u0440\u0430\u0431\u043e\u0442\u043d\u0438\u043a\u0430\u043c<br \/><\/strong>\u0412\u0441\u0435\u043c \u0440\u0430\u0431\u043e\u0442\u0430\u044e\u0449\u0438\u043c \u0432 \u042d\u0441\u0442\u043e\u043d\u0438\u0438 \u043b\u044e\u0434\u044f\u043c \u0437\u0430\u043a\u043e\u043d \u0433\u0430\u0440\u0430\u043d\u0442\u0438\u0440\u0443\u0435\u0442 \u043f\u0440\u0430\u0432\u043e \u043d\u0430 \u0440\u0430\u0432\u043d\u043e\u0435 \u043e\u0431\u0440\u0430\u0449\u0435\u043d\u0438\u0435, \u0431\u0443\u0434\u044c \u0442\u043e \u043f\u0440\u0438 \u043f\u0440\u0438\u0435\u043c\u0435 \u043d\u0430 \u0440\u0430\u0431\u043e\u0442\u0443, \u043e\u043f\u043b\u0430\u0442\u0435, \u0443\u0441\u043b\u043e\u0432\u0438\u044f\u0445 \u0442\u0440\u0443\u0434\u0430, \u043f\u0440\u043e\u0434\u0432\u0438\u0436\u0435\u043d\u0438\u0438 \u043f\u043e \u0441\u043b\u0443\u0436\u0431\u0435, \u0443\u0432\u043e\u043b\u044c\u043d\u0435\u043d\u0438\u0438 \u0438 \u0442. \u0434. \u0423\u043f\u043e\u043b\u043d\u043e\u043c\u043e\u0447\u0435\u043d\u043d\u044b\u0439 \u043f\u043e \u0432\u043e\u043f\u0440\u043e\u0441\u0430\u043c \u0433\u0435\u043d\u0434\u0435\u0440\u043d\u043e\u0433\u043e \u0440\u0430\u0432\u0435\u043d\u0441\u0442\u0432\u0430 \u0438 \u0440\u0430\u0432\u043d\u043e\u0433\u043e \u043e\u0431\u0440\u0430\u0449\u0435\u043d\u0438\u044f \u0438 EAKL \u0441\u0442\u0440\u0435\u043c\u044f\u0442\u0441\u044f \u043a \u0442\u043e\u043c\u0443, \u0447\u0442\u043e\u0431\u044b \u043d\u0438 \u043e\u0434\u0438\u043d \u0440\u0430\u0431\u043e\u0442\u043d\u0438\u043a \u043d\u0435 \u043e\u0441\u0442\u0430\u043b\u0441\u044f \u043e\u0434\u0438\u043d \u043d\u0430 \u043e\u0434\u0438\u043d \u0441\u043e \u0441\u0432\u043e\u0438\u043c\u0438 \u043f\u0440\u0430\u0432\u0430\u043c\u0438.<\/p><p><strong><br \/>\u041c\u0438\u043d\u0438\u043c\u0430\u043b\u044c\u043d\u0430\u044f \u0437\u0430\u0440\u0430\u0431\u043e\u0442\u043d\u0430\u044f \u043f\u043b\u0430\u0442\u0430 \u0438 \u043a\u043e\u043b\u043b\u0435\u043a\u0442\u0438\u0432\u043d\u044b\u0435 \u043f\u0435\u0440\u0435\u0433\u043e\u0432\u043e\u0440\u044b<br \/><\/strong>\u041a\u0430\u0436\u0434\u044b\u0439 \u0440\u0430\u0431\u043e\u0442\u043d\u0438\u043a \u0438\u043c\u0435\u0435\u0442 \u043f\u0440\u0430\u0432\u043e \u043d\u0430 \u0441\u043f\u0440\u0430\u0432\u0435\u0434\u043b\u0438\u0432\u0443\u044e \u0438 \u043f\u0440\u043e\u0437\u0440\u0430\u0447\u043d\u0443\u044e \u043e\u043f\u043b\u0430\u0442\u0443 \u0442\u0440\u0443\u0434\u0430. \u0414\u0438\u0440\u0435\u043a\u0442\u0438\u0432\u0430 European Union \u043e \u0434\u043e\u0441\u0442\u0430\u0442\u043e\u0447\u043d\u043e\u0439 \u043c\u0438\u043d\u0438\u043c\u0430\u043b\u044c\u043d\u043e\u0439 \u0437\u0430\u0440\u0430\u0431\u043e\u0442\u043d\u043e\u0439 \u043f\u043b\u0430\u0442\u0435 \u043f\u043e\u0437\u0432\u043e\u043b\u044f\u0435\u0442 \u0443\u0432\u044f\u0437\u044b\u0432\u0430\u0442\u044c \u043c\u0438\u043d\u0438\u043c\u0430\u043b\u044c\u043d\u0443\u044e \u0437\u0430\u0440\u043f\u043b\u0430\u0442\u0443 \u0441\u043e \u0441\u0440\u0435\u0434\u043d\u0435\u0439 \u0438\u043b\u0438 \u043c\u0435\u0434\u0438\u0430\u043d\u043d\u043e\u0439 \u0437\u0430\u0440\u043f\u043b\u0430\u0442\u043e\u0439 \u0432 \u0441\u0442\u0440\u0430\u043d\u0435, \u0430 \u0442\u0430\u043a\u0436\u0435 \u043e\u0431\u044f\u0437\u044b\u0432\u0430\u0435\u0442 \u0433\u043e\u0441\u0443\u0434\u0430\u0440\u0441\u0442\u0432\u0430, \u0432\u043a\u043b\u044e\u0447\u0430\u044f \u042d\u0441\u0442\u043e\u043d\u0438\u044e, \u0440\u0430\u0437\u0432\u0438\u0432\u0430\u0442\u044c \u043a\u043e\u043b\u043b\u0435\u043a\u0442\u0438\u0432\u043d\u044b\u0435 \u0434\u043e\u0433\u043e\u0432\u043e\u0440\u0430.\n\n\u0426\u0435\u043d\u0442\u0440\u0430\u043b\u044c\u043d\u044b\u0439 \u0421\u043e\u044e\u0437 \u043f\u0440\u043e\u0444\u0441\u043e\u044e\u0437\u043e\u0432 \u0432\u044b\u0441\u0442\u0443\u043f\u0430\u0435\u0442 \u0437\u0430 \u0442\u043e, \u0447\u0442\u043e\u0431\u044b \u0432\u0441\u0451 \u0431\u043e\u043b\u044c\u0448\u0435 \u0440\u0430\u0431\u043e\u0442\u043d\u0438\u043a\u043e\u0432 \u0432 \u042d\u0441\u0442\u043e\u043d\u0438\u0438 \u0431\u044b\u043b\u0438 \u043e\u0445\u0432\u0430\u0447\u0435\u043d\u044b \u043a\u043e\u043b\u043b\u0435\u043a\u0442\u0438\u0432\u043d\u044b\u043c\u0438 \u0434\u043e\u0433\u043e\u0432\u043e\u0440\u0430\u043c\u0438 \u2014 \u044d\u0442\u043e \u043f\u043e\u043c\u043e\u0433\u0430\u0435\u0442 \u0434\u043e\u0431\u0438\u0432\u0430\u0442\u044c\u0441\u044f \u043b\u0443\u0447\u0448\u0438\u0445 \u0443\u0441\u043b\u043e\u0432\u0438\u0439 \u0442\u0440\u0443\u0434\u0430 \u0438 \u0443\u0441\u0438\u043b\u0438\u0432\u0430\u0435\u0442 \u0433\u043e\u043b\u043e\u0441 \u0440\u0430\u0431\u043e\u0442\u043d\u0438\u043a\u043e\u0432.<\/p><p><strong><br \/>\u0417\u0434\u043e\u0440\u043e\u0432\u044c\u0435 \u0438 \u0431\u0435\u0437\u043e\u043f\u0430\u0441\u043d\u043e\u0441\u0442\u044c \u043d\u0430 \u0440\u0430\u0431\u043e\u0447\u0435\u043c \u043c\u0435\u0441\u0442\u0435<br \/><\/strong>\u0420\u0430\u0431\u043e\u0442\u043e\u0434\u0430\u0442\u0435\u043b\u044c \u043e\u0431\u044f\u0437\u0430\u043d \u043e\u0431\u0435\u0441\u043f\u0435\u0447\u0438\u0442\u044c \u0431\u0435\u0437\u043e\u043f\u0430\u0441\u043d\u0443\u044e \u0438 \u0437\u0434\u043e\u0440\u043e\u0432\u0443\u044e \u0440\u0430\u0431\u043e\u0447\u0443\u044e \u0441\u0440\u0435\u0434\u0443. \u0412 \u042d\u0441\u0442\u043e\u043d\u0438\u0438 \u0434\u0435\u0439\u0441\u0442\u0432\u0443\u044e\u0442 \u0441\u0442\u0440\u043e\u0433\u0438\u0435 \u0442\u0440\u0435\u0431\u043e\u0432\u0430\u043d\u0438\u044f \u043f\u0440\u0438 \u0440\u0430\u0431\u043e\u0442\u0435 \u0441 \u043e\u043f\u0430\u0441\u043d\u044b\u043c\u0438 \u0432\u0435\u0449\u0435\u0441\u0442\u0432\u0430\u043c\u0438, \u0442\u0430\u043a\u0438\u043c\u0438 \u043a\u0430\u043a \u0430\u0441\u0431\u0435\u0441\u0442, \u0441\u0432\u0438\u043d\u0435\u0446 \u0438 \u043a\u0430\u043d\u0446\u0435\u0440\u043e\u0433\u0435\u043d\u044b, \u0430 \u0432 \u043f\u043e\u0441\u043b\u0435\u0434\u043d\u0438\u0435 \u0433\u043e\u0434\u044b \u0432\u0441\u0451 \u0431\u043e\u043b\u044c\u0448\u0435 \u0432\u043d\u0438\u043c\u0430\u043d\u0438\u044f \u0443\u0434\u0435\u043b\u044f\u0435\u0442\u0441\u044f \u0438 \u043f\u0441\u0438\u0445\u0438\u0447\u0435\u0441\u043a\u043e\u043c\u0443 \u0437\u0434\u043e\u0440\u043e\u0432\u044c\u044e \u0440\u0430\u0431\u043e\u0442\u043d\u0438\u043a\u043e\u0432: \u043f\u0440\u043e\u0444\u0438\u043b\u0430\u043a\u0442\u0438\u043a\u0435 \u0432\u044b\u0433\u043e\u0440\u0430\u043d\u0438\u044f \u0438 \u0442\u0440\u0430\u0432\u043b\u0438 \u043d\u0430 \u0440\u0430\u0431\u043e\u0442\u0435.\n\n\u0426\u0435\u043d\u0442\u0440\u0430\u043b\u044c\u043d\u044b\u0439 \u0421\u043e\u044e\u0437 \u043f\u0440\u043e\u0444\u0441\u043e\u044e\u0437\u043e\u0432  \u0434\u043e\u0431\u0438\u0432\u0430\u0435\u0442\u0441\u044f \u0442\u043e\u0433\u043e, \u0447\u0442\u043e\u0431\u044b \u0432 \u0442\u0440\u0443\u0434\u043e\u0432\u043e\u0439 \u0436\u0438\u0437\u043d\u0438 \u0443\u0447\u0438\u0442\u044b\u0432\u0430\u043b\u043e\u0441\u044c \u0438 \u043f\u0441\u0438\u0445\u0438\u0447\u0435\u0441\u043a\u043e\u0435 \u0437\u0434\u043e\u0440\u043e\u0432\u044c\u0435 \u0440\u0430\u0431\u043e\u0442\u043d\u0438\u043a\u043e\u0432, \u0433\u0434\u0435 \u043a\u043b\u044e\u0447\u0435\u0432\u0443\u044e \u0440\u043e\u043b\u044c \u0438\u0433\u0440\u0430\u044e\u0442 \u043f\u0440\u043e\u0444\u0438\u043b\u0430\u043a\u0442\u0438\u043a\u0430 \u0438 \u0438\u043d\u0444\u043e\u0440\u043c\u0438\u0440\u043e\u0432\u0430\u043d\u0438\u0435.<\/p><p><strong><br \/>\u0417\u0430\u0449\u0438\u0442\u0430 \u043f\u0440\u0430\u0432 \u0440\u0430\u0431\u043e\u0442\u043d\u0438\u043a\u043e\u0432 \u0432 \u0434\u0440\u0443\u0433\u0438\u0445 \u0441\u0442\u0440\u0430\u043d\u0430\u0445<br \/><\/strong>\u0415\u0441\u043b\u0438 \u0442\u044b \u0440\u0430\u0431\u043e\u0442\u0430\u0435\u0448\u044c \u0432 \u0434\u0440\u0443\u0433\u043e\u0439 \u0441\u0442\u0440\u0430\u043d\u0435 \u0415\u0432\u0440\u043e\u043f\u0435\u0439\u0441\u043a\u043e\u0433\u043e \u0421\u043e\u044e\u0437\u0430, \u0443 \u0442\u0435\u0431\u044f \u0435\u0441\u0442\u044c \u043f\u0440\u0430\u0432\u043e \u043d\u0430 \u0441\u043e\u0446\u0438\u0430\u043b\u044c\u043d\u0443\u044e \u0437\u0430\u0449\u0438\u0442\u0443 \u0438 \u043c\u0435\u0434\u0438\u0446\u0438\u043d\u0441\u043a\u043e\u0435 \u0441\u0442\u0440\u0430\u0445\u043e\u0432\u0430\u043d\u0438\u0435. European Labour Authority \u0441\u043b\u0435\u0434\u0438\u0442 \u0437\u0430 \u0442\u0435\u043c, \u0447\u0442\u043e\u0431\u044b \u043f\u0440\u0430\u0432\u0430 \u0440\u0430\u0431\u043e\u0442\u043d\u0438\u043a\u043e\u0432, \u0432\u043a\u043b\u044e\u0447\u0430\u044f \u0440\u0430\u0432\u043d\u044b\u0435 \u0443\u0441\u043b\u043e\u0432\u0438\u044f \u043e\u043f\u043b\u0430\u0442\u044b \u0442\u0440\u0443\u0434\u0430, \u0441\u043e\u0431\u043b\u044e\u0434\u0430\u043b\u0438\u0441\u044c \u0438 \u043f\u0440\u0438 \u0442\u0440\u0430\u043d\u0441\u0433\u0440\u0430\u043d\u0438\u0447\u043d\u043e\u0439 \u0440\u0430\u0431\u043e\u0442\u0435.\n\n\u0426\u0435\u043d\u0442\u0440\u0430\u043b\u044c\u043d\u044b\u0439 \u0421\u043e\u044e\u0437 \u043f\u0440\u043e\u0444\u0441\u043e\u044e\u0437\u043e\u0432  \u0441\u043e\u0442\u0440\u0443\u0434\u043d\u0438\u0447\u0430\u0435\u0442 \u0441 \u043f\u0440\u043e\u0444\u0441\u043e\u044e\u0437\u0430\u043c\u0438 \u0434\u0440\u0443\u0433\u0438\u0445 \u0441\u0442\u0440\u0430\u043d, \u0447\u0442\u043e\u0431\u044b \u043f\u0440\u0430\u0432\u0430 \u0440\u0430\u0431\u043e\u0442\u043d\u0438\u043a\u043e\u0432 \u0438\u0437 \u042d\u0441\u0442\u043e\u043d\u0438\u0438 \u0431\u044b\u043b\u0438 \u0437\u0430\u0449\u0438\u0449\u0435\u043d\u044b \u0438 \u0437\u0430 \u0440\u0443\u0431\u0435\u0436\u043e\u043c.<\/p>\n<\/div><div class=\"bde-globalblock-406-119 bde-globalblock\"><section class=\"bde-section-2003-100-2003-1 bde-section bde-section-2003-100\">\n  \n  \n\t\n\n\n\n<div class=\"section-container\"><a class=\"bde-text-link-2003-101-2003-1 bde-text-link bde-text-link-2003-101 breakdance-link\" href=\"https:\/\/eakl.ee\/ru\/liikmed\/\" target=\"_self\" data-type=\"url\">\n  <h4 >\n  \u041f\u0440\u0438\u0441\u043e\u0435\u0434\u0438\u043d\u044f\u0439\u0442\u0435\u0441\u044c \u0437\u0434\u0435\u0441\u044c!\n  <\/h4>\n\n<\/a><div class=\"bde-text-2003-102-2003-1 bde-text bde-text-2003-102\">\n\u041f\u0440\u043e\u0444\u0441\u043e\u044e\u0437 \u2014 \u044d\u0442\u043e \u0442\u0432\u043e\u0451 \u0441\u043e\u043e\u0431\u0449\u0435\u0441\u0442\u0432\u043e!\n\u0412\u0441\u0442\u0443\u043f\u0430\u044f \u0432 \u043f\u0440\u043e\u0444\u0441\u043e\u044e\u0437, \u0442\u044b \u0434\u0435\u043b\u0430\u0435\u0448\u044c \u0448\u0430\u0433 \u043d\u0435 \u0442\u043e\u043b\u044c\u043a\u043e \u0434\u043b\u044f \u0441\u0435\u0431\u044f \u2014\u0442\u044b \u043f\u043e\u043c\u043e\u0433\u0430\u0435\u0448\u044c \u043c\u0435\u043d\u044f\u0442\u044c \u0442\u0440\u0443\u0434\u043e\u0432\u0443\u044e \u0436\u0438\u0437\u043d\u044c \u043a \u043b\u0443\u0447\u0448\u0435\u043c\u0443 \u0434\u043b\u044f \u0432\u0441\u0435\u0445.\n\u042d\u0442\u043e \u043f\u0440\u043e \u043f\u043e\u0434\u0434\u0435\u0440\u0436\u043a\u0443. \u041f\u0440\u043e \u0441\u043e\u043b\u0438\u0434\u0430\u0440\u043d\u043e\u0441\u0442\u044c. \u041f\u0440\u043e \u0441\u0438\u043b\u0443 \u0431\u044b\u0442\u044c \u0443\u0441\u043b\u044b\u0448\u0430\u043d\u043d\u044b\u043c. \u0412\u043c\u0435\u0441\u0442\u0435 \u043c\u044b \u043c\u043e\u0436\u0435\u043c \u0431\u043e\u043b\u044c\u0448\u0435 !\n\u0421\u043e\u0437\u0434\u0430\u0451\u043c \u043b\u0443\u0447\u0448\u0435\u0435 \u0431\u0443\u0434\u0443\u0449\u0435\u0435 \u0442\u0440\u0443\u0434\u0430 \u0432 \u042d\u0441\u0442\u043e\u043d\u0438\u0438 \u2014 \u0432\u043c\u0435\u0441\u0442\u0435. \u041f\u0440\u0438\u0441\u043e\u0435\u0434\u0438\u043d\u044f\u0439\u0441\u044f! \n<\/div><\/div>\n<\/section><\/div><\/div>\n<\/section>","protected":false},"excerpt":{"rendered":"<p>T\u00f6\u00f6tajate \u00f5igused TEA OMA \u00d5IGUSI &#8211; NII OLED KAITSTUD JA SINU T\u00d6\u00d6ELU ON KINDLAMEestis kehtivad t\u00f6\u00f6tajate \u00f5igused s\u00f5ltumata sellest, kas oled t\u00f6\u00f6tanud kaua v\u00f5i alles alustad, oled t\u00e4htajalise v\u00f5i t\u00e4htajatu lepinguga, rendit\u00f6\u00f6line v\u00f5i osalise t\u00f6\u00f6ajaga t\u00f6\u00f6taja. Eesti Ameti\u00fchingute Keskliit (EAKL) seisab selle eest, et sinu t\u00f6\u00f6elu oleks \u00f5iglane, turvaline ja toetatud.V\u00f5rdne kohtlemine k\u00f5igile t\u00f6\u00f6tajateleK\u00f5igil Eestis [&hellip;]<\/p>\n","protected":false},"author":7,"featured_media":477,"parent":0,"menu_order":0,"comment_status":"closed","ping_status":"closed","template":"","meta":{"_acf_changed":false,"_breakdance_hide_in_design_set":false,"_breakdance_tags":"","footnotes":""},"class_list":["post-406","page","type-page","status-publish","has-post-thumbnail","hentry"],"acf":[],"_links":{"self":[{"href":"https:\/\/eakl.ee\/ru\/wp-json\/wp\/v2\/pages\/406","targetHints":{"allow":["GET"]}}],"collection":[{"href":"https:\/\/eakl.ee\/ru\/wp-json\/wp\/v2\/pages"}],"about":[{"href":"https:\/\/eakl.ee\/ru\/wp-json\/wp\/v2\/types\/page"}],"author":[{"embeddable":true,"href":"https:\/\/eakl.ee\/ru\/wp-json\/wp\/v2\/users\/7"}],"replies":[{"embeddable":true,"href":"https:\/\/eakl.ee\/ru\/wp-json\/wp\/v2\/comments?post=406"}],"version-history":[{"count":19,"href":"https:\/\/eakl.ee\/ru\/wp-json\/wp\/v2\/pages\/406\/revisions"}],"predecessor-version":[{"id":3460,"href":"https:\/\/eakl.ee\/ru\/wp-json\/wp\/v2\/pages\/406\/revisions\/3460"}],"wp:featuredmedia":[{"embeddable":true,"href":"https:\/\/eakl.ee\/ru\/wp-json\/wp\/v2\/media\/477"}],"wp:attachment":[{"href":"https:\/\/eakl.ee\/ru\/wp-json\/wp\/v2\/media?parent=406"}],"curies":[{"name":"wp","href":"https:\/\/api.w.org\/{rel}","templated":true}]}}