{"id":400,"date":"2025-09-03T15:23:06","date_gmt":"2025-09-03T12:23:06","guid":{"rendered":"https:\/\/eakl.ee\/?page_id=400"},"modified":"2025-10-10T23:12:39","modified_gmt":"2025-10-10T20:12:39","slug":"sotsiaaldialoog","status":"publish","type":"page","link":"https:\/\/eakl.ee\/ru\/sotsiaaldialoog\/","title":{"rendered":"\u0421\u043e\u0446\u0438\u0430\u043b\u044c\u043d\u044b\u0439 \u0434\u0438\u0430\u043b\u043e\u0433"},"content":{"rendered":"<div class=\"bde-globalblock-400-100 bde-globalblock\"><style>.breakdance .bde-section-159-100-159-1{background-image:url(https:\/\/eakl.ee\/wp-content\/uploads\/2025\/09\/Sotsiaaldialoog.jpg)}.breakdance .bde-section-159-100-159-1>.section-background-overlay{background-color:#420513A1;transition:background-color var(--bde-transition-duration) ease-in-out}<\/style><section id=\"page-banner\" class=\"bde-section-159-100-159-1 bde-section page-banner bde-section-159-100\">\n              \n  \n  \n\t\n\n  <div class=\"section-background-overlay\"><\/div>\n\n\n<div class=\"section-container\"><h2 class=\"bde-heading-159-103-159-1 bde-heading bde-heading-159-103\">\n\u0421\u043e\u0446\u0438\u0430\u043b\u044c\u043d\u044b\u0439 \u0434\u0438\u0430\u043b\u043e\u0433\n<\/h2><\/div>\n<\/section><\/div><section class=\"bde-section-400-101 bde-section\">\n  \n  \n\t\n\n\n\n<div class=\"section-container\"><div class=\"bde-rich-text-400-131 bde-rich-text breakdance-rich-text-styles\">\n<p>\u0426\u0435\u043d\u0442\u0440\u0430\u043b\u044c\u043d\u044b\u0439 \u0441\u043e\u044e\u0437 \u043f\u0440\u043e\u0444\u0441\u043e\u044e\u0437\u043e\u0432 \u042d\u0441\u0442\u043e\u043d\u0438\u0438 (EAKL) \u2014 \u044d\u0442\u043e \u043f\u0440\u0435\u0434\u0441\u0442\u0430\u0432\u0438\u0442\u0435\u043b\u044c\u043d\u0430\u044f \u043e\u0440\u0433\u0430\u043d\u0438\u0437\u0430\u0446\u0438\u044f \u0442\u0440\u0443\u0434\u044f\u0449\u0438\u0445\u0441\u044f, \u043e\u0442\u0441\u0442\u0430\u0438\u0432\u0430\u044e\u0449\u0430\u044f \u043f\u0440\u0430\u0432\u043e \u0440\u0430\u0431\u043e\u0442\u043d\u0438\u043a\u043e\u0432 \u0431\u044b\u0442\u044c \u0443\u0441\u043b\u044b\u0448\u0430\u043d\u043d\u044b\u043c\u0438 \u043f\u0440\u0438 \u043f\u0440\u0438\u043d\u044f\u0442\u0438\u0438 \u0440\u0435\u0448\u0435\u043d\u0438\u0439, \u0432\u043b\u0438\u044f\u044e\u0449\u0438\u0445 \u043d\u0430 \u0442\u0440\u0443\u0434\u043e\u0432\u0443\u044e \u0436\u0438\u0437\u043d\u044c. \u041d\u0430\u0448\u0430 \u0440\u043e\u043b\u044c \u0437\u0430\u043a\u043b\u044e\u0447\u0430\u0435\u0442\u0441\u044f \u0432 \u043e\u0431\u0435\u0441\u043f\u0435\u0447\u0435\u043d\u0438\u0438 \u0431\u0430\u043b\u0430\u043d\u0441\u0430 \u043c\u0435\u0436\u0434\u0443 \u0438\u043d\u0442\u0435\u0440\u0435\u0441\u0430\u043c\u0438 \u0440\u0430\u0431\u043e\u0442\u043e\u0434\u0430\u0442\u0435\u043b\u0435\u0439 \u0438 \u0440\u0430\u0431\u043e\u0442\u043d\u0438\u043a\u043e\u0432 \u043f\u043e\u0441\u0440\u0435\u0434\u0441\u0442\u0432\u043e\u043c \u0441\u043e\u0446\u0438\u0430\u043b\u044c\u043d\u043e\u0433\u043e \u0434\u0438\u0430\u043b\u043e\u0433\u0430, \u0447\u0442\u043e \u0441\u043f\u043e\u0441\u043e\u0431\u0441\u0442\u0432\u0443\u0435\u0442 \u0444\u043e\u0440\u043c\u0438\u0440\u043e\u0432\u0430\u043d\u0438\u044e \u0431\u043e\u043b\u0435\u0435 \u0441\u043f\u0440\u0430\u0432\u0435\u0434\u043b\u0438\u0432\u043e\u0433\u043e \u0440\u044b\u043d\u043a\u0430 \u0442\u0440\u0443\u0434\u0430 \u0438 \u0443\u043b\u0443\u0447\u0448\u0435\u043d\u0438\u044e \u0443\u0441\u043b\u043e\u0432\u0438\u0439 \u0442\u0440\u0443\u0434\u0430 \u0434\u043b\u044f \u0432\u0441\u0435\u0445 \u0440\u0430\u0431\u043e\u0442\u043d\u0438\u043a\u043e\u0432 \u0432 \u042d\u0441\u0442\u043e\u043d\u0438\u0438.<\/p><h4><br \/><span style=\"color: #d91246;\">\u0421\u041e\u0426\u0418\u0410\u041b\u042c\u041d\u042b\u0419 \u0414\u0418\u0410\u041b\u041e\u0413 \u0421\u041f\u041e\u0421\u041e\u0411\u0421\u0422\u0412\u0423\u0415\u0422 \u041a\u0410\u041a \u0411\u041b\u0410\u0413\u041e\u0421\u041e\u0421\u0422\u041e\u042f\u041d\u0418\u042e \u0420\u0410\u0411\u041e\u0422\u041d\u0418\u041a\u041e\u0412, \u0422\u0410\u041a \u0418 \u0420\u0410\u0417\u0412\u0418\u0422\u0418\u042e \u041d\u0410\u0426\u0418\u041e\u041d\u0410\u041b\u042c\u041d\u041e\u0419 \u042d\u041a\u041e\u041d\u041e\u041c\u0418\u041a\u0418<\/span><\/h4><p>\u0421\u043e\u0446\u0438\u0430\u043b\u044c\u043d\u044b\u0439 \u0434\u0438\u0430\u043b\u043e\u0433 \u2014 \u044d\u0442\u043e \u0432\u0437\u0430\u0438\u043c\u043e\u0434\u0435\u0439\u0441\u0442\u0432\u0438\u0435 \u043c\u0435\u0436\u0434\u0443 \u0440\u0430\u0431\u043e\u0442\u043e\u0434\u0430\u0442\u0435\u043b\u044f\u043c\u0438 \u0438 \u043f\u0440\u0435\u0434\u0441\u0442\u0430\u0432\u0438\u0442\u0435\u043b\u044f\u043c\u0438 \u0440\u0430\u0431\u043e\u0442\u043d\u0438\u043a\u043e\u0432, \u043e\u0441\u043d\u043e\u0432\u0430\u043d\u043d\u043e\u0435 \u043d\u0430 \u0434\u043e\u0432\u0435\u0440\u0438\u0438, \u0440\u0430\u0432\u043d\u043e\u043f\u0440\u0430\u0432\u043d\u043e\u043c \u043f\u0430\u0440\u0442\u043d\u0451\u0440\u0441\u0442\u0432\u0435 \u0438 \u043f\u0435\u0440\u0435\u0433\u043e\u0432\u043e\u0440\u0430\u0445. \u0418\u043c\u0435\u043d\u043d\u043e \u0431\u043b\u0430\u0433\u043e\u0434\u0430\u0440\u044f \u0442\u0430\u043a\u043e\u043c\u0443 \u0434\u0438\u0430\u043b\u043e\u0433\u0443 \u0434\u043e\u0441\u0442\u0438\u0433\u0430\u044e\u0442\u0441\u044f \u0441\u043e\u0433\u043b\u0430\u0448\u0435\u043d\u0438\u044f, \u0441\u043f\u043e\u0441\u043e\u0431\u0441\u0442\u0432\u0443\u044e\u0449\u0438\u0435 \u043a\u0430\u043a \u0431\u043b\u0430\u0433\u043e\u0441\u043e\u0441\u0442\u043e\u044f\u043d\u0438\u044e \u0440\u0430\u0431\u043e\u0442\u043d\u0438\u043a\u043e\u0432, \u0442\u0430\u043a \u0438 \u044d\u043a\u043e\u043d\u043e\u043c\u0438\u0447\u0435\u0441\u043a\u043e\u043c\u0443 \u0440\u0430\u0437\u0432\u0438\u0442\u0438\u044e<\/p><p>\u0426\u0435\u043d\u0442\u0440\u0430\u043b\u044c\u043d\u044b\u0439 \u0421\u043e\u0432\u0435\u0442 \u041f\u0440\u043e\u0444\u0441\u043e\u044e\u0437\u043e\u0432 \u043f\u043e\u043c\u043e\u0433\u0430\u0435\u0442 \u043d\u0430\u0447\u0430\u0442\u044c \u0438 \u043f\u043e\u0434\u0434\u0435\u0440\u0436\u0438\u0432\u0430\u0442\u044c \u044d\u0442\u043e\u0442 \u0434\u0438\u0430\u043b\u043e\u0433, \u043e\u0431\u0435\u0441\u043f\u0435\u0447\u0438\u0432\u0430\u044f \u0443\u0447\u0435\u0442 \u0438\u043d\u0442\u0435\u0440\u0435\u0441\u043e\u0432 \u0442\u0440\u0443\u0434\u044f\u0449\u0438\u0445\u0441\u044f \u043f\u0440\u0438 \u043e\u0431\u0441\u0443\u0436\u0434\u0435\u043d\u0438\u0438 \u0437\u0430\u043a\u043e\u043d\u043e\u0432, \u0442\u0440\u0443\u0434\u043e\u0432\u044b\u0445 \u0440\u0435\u0444\u043e\u0440\u043c \u0438 \u043f\u043e\u043b\u0438\u0442\u0438\u043a\u0438 \u043e\u043f\u043b\u0430\u0442\u044b \u0442\u0440\u0443\u0434\u0430.<\/p><p>\u0421\u043e\u0432\u0440\u0435\u043c\u0435\u043d\u043d\u044b\u0439 \u0440\u044b\u043d\u043e\u043a \u0442\u0440\u0443\u0434\u0430 \u0442\u0440\u0435\u0431\u0443\u0435\u0442 \u0431\u0430\u043b\u0430\u043d\u0441\u0430 \u043c\u0435\u0436\u0434\u0443 \u0431\u0435\u0437\u043e\u043f\u0430\u0441\u043d\u043e\u0441\u0442\u044c\u044e \u0438 \u0433\u0438\u0431\u043a\u043e\u0441\u0442\u044c\u044e, \u043f\u0440\u0438 \u044d\u0442\u043e\u043c \u0437\u0430\u043a\u043e\u043d\u043e\u0434\u0430\u0442\u0435\u043b\u044c\u0441\u0442\u0432\u043e \u0434\u043e\u043b\u0436\u043d\u043e \u0441\u0442\u0430\u043d\u043e\u0432\u0438\u0442\u044c\u0441\u044f \u0431\u043e\u043b\u0435\u0435 \u0433\u0438\u0431\u043a\u0438\u043c, \u043d\u0435 \u0443\u0449\u0435\u043c\u043b\u044f\u044f \u043f\u0440\u0430\u0432 \u0440\u0430\u0431\u043e\u0442\u043d\u0438\u043a\u043e\u0432. \u041f\u043e\u044d\u0442\u043e\u043c\u0443 \u0440\u0435\u0448\u0435\u043d\u0438\u044f \u0434\u043e\u043b\u0436\u043d\u044b \u043f\u0440\u0438\u043d\u0438\u043c\u0430\u0442\u044c\u0441\u044f \u0432 \u0440\u0430\u043c\u043a\u0430\u0445 \u0441\u043e\u0434\u0435\u0440\u0436\u0430\u0442\u0435\u043b\u044c\u043d\u043e\u0433\u043e \u0441\u043e\u0446\u0438\u0430\u043b\u044c\u043d\u043e\u0433\u043e \u0434\u0438\u0430\u043b\u043e\u0433\u0430 \u043d\u0430 \u043e\u0442\u0440\u0430\u0441\u043b\u0435\u0432\u043e\u043c \u0438 \u043d\u0430\u0446\u0438\u043e\u043d\u0430\u043b\u044c\u043d\u043e\u043c \u0443\u0440\u043e\u0432\u043d\u044f\u0445 \u0432 \u043f\u0430\u0440\u0442\u043d\u0451\u0440\u0441\u0442\u0432\u0435 \u0441 \u0440\u0430\u0431\u043e\u0442\u043e\u0434\u0430\u0442\u0435\u043b\u044f\u043c\u0438.<\/p><h4><strong><br \/><\/strong><span style=\"color: #d91246;\">EAKL \u041f\u041e\u0421\u041b\u0415\u0414\u041e\u0412\u0410\u0422\u0415\u041b\u042c\u041d\u041e \u0423\u041a\u0420\u0415\u041f\u041b\u042f\u0415\u0422 \u0421\u041e\u0426\u0418\u0410\u041b\u042c\u041d\u042b\u0419 \u0414\u0418\u0410\u041b\u041e\u0413 \u0412 \u042d\u0421\u0422\u041e\u041d\u0418\u0418\u00a0<\/span><span style=\"color: #d91246;\">\u041f\u041e\u0421\u041b\u0415\u0414\u041e\u0412\u0410\u0422\u0415\u041b\u042c\u041d\u042b\u0419 \u0421\u041e\u0426\u0418\u0410\u041b\u042c\u041d\u042b\u0419 \u0414\u0418\u0410\u041b\u041e\u0413 \u0412 \u042d\u0421\u0422\u041e\u041d\u0418\u0418<\/span><\/h4><p>EAKL \u043f\u043e\u0434\u0434\u0435\u0440\u0436\u0438\u0432\u0430\u0435\u0442 \u0441\u043f\u043e\u0441\u043e\u0431\u043d\u043e\u0441\u0442\u044c \u043f\u0440\u043e\u0444\u0441\u043e\u044e\u0437\u043e\u0432 \u0443\u0447\u0430\u0441\u0442\u0432\u043e\u0432\u0430\u0442\u044c \u0432 \u043f\u0435\u0440\u0435\u0433\u043e\u0432\u043e\u0440\u0430\u0445 \u0438 \u0440\u0430\u0431\u043e\u0442\u0430\u0435\u0442 \u043d\u0430\u0434 \u0442\u0435\u043c, \u0447\u0442\u043e\u0431\u044b \u043e\u0440\u0433\u0430\u043d\u0438\u0437\u0430\u0446\u0438\u0438 \u0440\u0430\u0431\u043e\u0442\u043e\u0434\u0430\u0442\u0435\u043b\u0435\u0439 \u0442\u0430\u043a\u0436\u0435 \u0431\u044b\u043b\u0438 \u0433\u043e\u0442\u043e\u0432\u044b \u043a \u0434\u0438\u0430\u043b\u043e\u0433\u0443. EAKL \u0442\u0430\u043a\u0436\u0435 \u0441\u0442\u0440\u0435\u043c\u0438\u0442\u0441\u044f \u043a \u0442\u043e\u043c\u0443, \u0447\u0442\u043e\u0431\u044b \u0440\u0435\u0444\u043e\u0440\u043c\u044b \u0440\u044b\u043d\u043a\u0430 \u0442\u0440\u0443\u0434\u0430 \u0432 \u042d\u0441\u0442\u043e\u043d\u0438\u0438 \u0431\u044b\u043b\u0438 \u0440\u0435\u0437\u0443\u043b\u044c\u0442\u0430\u0442\u043e\u043c \u043f\u0435\u0440\u0435\u0433\u043e\u0432\u043e\u0440\u043e\u0432 \u043c\u0435\u0436\u0434\u0443 \u0441\u0442\u043e\u0440\u043e\u043d\u0430\u043c\u0438 \u0438 \u043f\u0440\u0438\u0432\u043e\u0434\u0438\u043b\u0438 \u043a \u0441\u0431\u0430\u043b\u0430\u043d\u0441\u0438\u0440\u043e\u0432\u0430\u043d\u043d\u044b\u043c \u0440\u0435\u0448\u0435\u043d\u0438\u044f\u043c, \u0443\u0432\u0430\u0436\u0430\u044e\u0449\u0438\u043c \u043f\u0440\u0430\u0432\u0430 \u0440\u0430\u0431\u043e\u0442\u043d\u0438\u043a\u043e\u0432.<\/p><p>ETUC \u0442\u0430\u043a\u0436\u0435 \u0430\u043a\u0442\u0438\u0432\u043d\u043e \u0443\u0447\u0430\u0441\u0442\u0432\u0443\u0435\u0442 \u0432 \u0441\u043e\u0442\u0440\u0443\u0434\u043d\u0438\u0447\u0435\u0441\u0442\u0432\u0435 \u043d\u0430 \u0435\u0432\u0440\u043e\u043f\u0435\u0439\u0441\u043a\u043e\u043c \u0443\u0440\u043e\u0432\u043d\u0435, \u0433\u0434\u0435 \u0431\u044b\u043b\u0438 \u0434\u043e\u0441\u0442\u0438\u0433\u043d\u0443\u0442\u044b \u0440\u0435\u0430\u043b\u044c\u043d\u044b\u0435 \u0440\u0435\u0437\u0443\u043b\u044c\u0442\u0430\u0442\u044b \u043c\u0435\u0436\u0434\u0443 \u0441\u043e\u0446\u0438\u0430\u043b\u044c\u043d\u044b\u043c\u0438 \u043f\u0430\u0440\u0442\u043d\u0435\u0440\u0430\u043c\u0438, \u043d\u0430\u043f\u0440\u0438\u043c\u0435\u0440, \u0432 \u0434\u0438\u0440\u0435\u043a\u0442\u0438\u0432\u0430\u0445 \u043e \u0440\u0430\u0431\u043e\u0447\u0435\u043c \u0432\u0440\u0435\u043c\u0435\u043d\u0438 \u0438 \u0441\u043f\u0440\u0430\u0432\u0435\u0434\u043b\u0438\u0432\u043e\u0439 \u043e\u043f\u043b\u0430\u0442\u0435 \u0442\u0440\u0443\u0434\u0430.<\/p>\n<\/div><div class=\"bde-globalblock-400-130 bde-globalblock\"><section class=\"bde-section-2003-100-2003-1 bde-section bde-section-2003-100\">\n  \n  \n\t\n\n\n\n<div class=\"section-container\"><a class=\"bde-text-link-2003-101-2003-1 bde-text-link bde-text-link-2003-101 breakdance-link\" href=\"https:\/\/eakl.ee\/ru\/liikmed\/\" target=\"_self\" data-type=\"url\">\n  <h4 >\n  \u041f\u0440\u0438\u0441\u043e\u0435\u0434\u0438\u043d\u044f\u0439\u0442\u0435\u0441\u044c \u0437\u0434\u0435\u0441\u044c!\n  <\/h4>\n\n<\/a><div class=\"bde-text-2003-102-2003-1 bde-text bde-text-2003-102\">\n\u041f\u0440\u043e\u0444\u0441\u043e\u044e\u0437 - \u044d\u0442\u043e \u0432\u0430\u0448\u0435 \u0441\u043e\u043e\u0431\u0449\u0435\u0441\u0442\u0432\u043e! \u0412\u0441\u0442\u0443\u043f\u0430\u044f \u0432 \u043f\u0440\u043e\u0444\u0441\u043e\u044e\u0437, \u0432\u044b \u0434\u0430\u0435\u0442\u0435 \u0441\u0435\u0431\u0435 \u0438 \u0434\u0440\u0443\u0433\u0438\u043c \u0440\u0430\u0431\u043e\u0442\u043d\u0438\u043a\u0430\u043c \u0432\u043e\u0437\u043c\u043e\u0436\u043d\u043e\u0441\u0442\u044c \u0432\u044b\u0441\u0442\u0443\u043f\u0430\u0442\u044c \u0437\u0430 \u043b\u0443\u0447\u0448\u0443\u044e \u0442\u0440\u0443\u0434\u043e\u0432\u0443\u044e \u0436\u0438\u0437\u043d\u044c \u0432 \u042d\u0441\u0442\u043e\u043d\u0438\u0438. \n<\/div><\/div>\n<\/section><\/div><\/div>\n<\/section>","protected":false},"excerpt":{"rendered":"<p>Sotsiaaldialoog Eesti Ameti\u00fchingute Keskliit (EAKL) on t\u00f6\u00f6tajate esindusorganisatsioon, mis seisab hea selle eest, et t\u00f6\u00f6elu puudutavates otsustes oleks kuulda ka t\u00f6\u00f6tajate h\u00e4\u00e4l. Meie roll on luua sotsiaaldialoogi kaudu tasakaal t\u00f6\u00f6andjate ja t\u00f6\u00f6tajate huvide vahel, et aidata nii kujundada \u00f5iglasemat t\u00f6\u00f6turgu ja parandada nii k\u00f5igi Eesti t\u00f6\u00f6tajate t\u00f6\u00f6tingimusi.SOTSIAALDIALOOGIGA TOETATAKSE NII T\u00d6\u00d6TAJATE HEAOLU KUI RIIGI MAJANDUSTSotsiaaldialoog t\u00e4hendab [&hellip;]<\/p>","protected":false},"author":7,"featured_media":474,"parent":0,"menu_order":0,"comment_status":"closed","ping_status":"closed","template":"","meta":{"_acf_changed":false,"_breakdance_hide_in_design_set":false,"_breakdance_tags":"","footnotes":""},"class_list":["post-400","page","type-page","status-publish","has-post-thumbnail","hentry"],"acf":[],"_links":{"self":[{"href":"https:\/\/eakl.ee\/ru\/wp-json\/wp\/v2\/pages\/400","targetHints":{"allow":["GET"]}}],"collection":[{"href":"https:\/\/eakl.ee\/ru\/wp-json\/wp\/v2\/pages"}],"about":[{"href":"https:\/\/eakl.ee\/ru\/wp-json\/wp\/v2\/types\/page"}],"author":[{"embeddable":true,"href":"https:\/\/eakl.ee\/ru\/wp-json\/wp\/v2\/users\/7"}],"replies":[{"embeddable":true,"href":"https:\/\/eakl.ee\/ru\/wp-json\/wp\/v2\/comments?post=400"}],"version-history":[{"count":12,"href":"https:\/\/eakl.ee\/ru\/wp-json\/wp\/v2\/pages\/400\/revisions"}],"predecessor-version":[{"id":2481,"href":"https:\/\/eakl.ee\/ru\/wp-json\/wp\/v2\/pages\/400\/revisions\/2481"}],"wp:featuredmedia":[{"embeddable":true,"href":"https:\/\/eakl.ee\/ru\/wp-json\/wp\/v2\/media\/474"}],"wp:attachment":[{"href":"https:\/\/eakl.ee\/ru\/wp-json\/wp\/v2\/media?parent=400"}],"curies":[{"name":"wp","href":"https:\/\/api.w.org\/{rel}","templated":true}]}}