{"id":369,"date":"2025-08-14T12:53:34","date_gmt":"2025-08-14T09:53:34","guid":{"rendered":"https:\/\/eakl.ee\/?page_id=369"},"modified":"2026-04-02T14:22:27","modified_gmt":"2026-04-02T11:22:27","slug":"kuum","status":"publish","type":"page","link":"https:\/\/eakl.ee\/ru\/kuum\/","title":{"rendered":"\u0413\u043e\u0440\u044f\u0447\u0430\u044f"},"content":{"rendered":"<p><img loading=\"lazy\" decoding=\"async\" class=\"size-medium wp-image-3209 alignleft\" src=\"https:\/\/eakl.ee\/wp-content\/uploads\/2025\/11\/Meeleavaldus-Toompeal-171125-300x225.jpg\" alt=\"\" width=\"300\" height=\"225\" srcset=\"https:\/\/eakl.ee\/wp-content\/uploads\/2025\/11\/Meeleavaldus-Toompeal-171125-300x225.jpg 300w, https:\/\/eakl.ee\/wp-content\/uploads\/2025\/11\/Meeleavaldus-Toompeal-171125-1024x768.jpg 1024w, https:\/\/eakl.ee\/wp-content\/uploads\/2025\/11\/Meeleavaldus-Toompeal-171125-768x576.jpg 768w, https:\/\/eakl.ee\/wp-content\/uploads\/2025\/11\/Meeleavaldus-Toompeal-171125-1536x1152.jpg 1536w, https:\/\/eakl.ee\/wp-content\/uploads\/2025\/11\/Meeleavaldus-Toompeal-171125-16x12.jpg 16w, https:\/\/eakl.ee\/wp-content\/uploads\/2025\/11\/Meeleavaldus-Toompeal-171125.jpg 2048w\" sizes=\"auto, (max-width: 300px) 100vw, 300px\" \/><\/p>\n<p><span style=\"color: #d91246;\"><strong>T\u00f6\u00f6lepingu seaduse muutmise eeln\u00f5u (TLS 602SE\/ 602UA) vastane kampaania 2025\/`26<\/strong><\/span><\/p>\n<p>Eesti Ameti\u00fchingute Keskliit ja teised ameti\u00fchingud ei toetanud t\u00f6\u00f6lepingu seaduse muutmise eeln\u00f5u, sest see n\u00f5rgestas oluliselt t\u00f6\u00f6tajate \u00f5iguste kaitset ning selle koostamisel ei j\u00e4rgitud sotsiaaldialoogi p\u00f5him\u00f5tteid. T\u00f6\u00f6lepingu seaduse muutmise eeln\u00f5u (602SE, hiljem 602UA) esitati Riigikogule ameti\u00fchingute ettepanekuid arvesse v\u00f5tmata.<\/p>\n<p>Eeln\u00f5us ei arvestatud kollektiivlepingute rolli t\u00f6\u00f6tingimuste kujundamisel ega j\u00e4rgitud Euroopa Liidu direktiivide n\u00f5udeid kollektiivl\u00e4bir\u00e4\u00e4kimiste ja miinimumpalga k\u00fcsimustes.<\/p>\n<p>Eesti Ameti\u00fchingute Keskliit ja teised ameti\u00fchingud pidasid sellist l\u00e4henemist vastuv\u00f5etamatuks ning alustasid eeln\u00f5uvastast kampaaniat eesm\u00e4rgiga peatada selle menetlemine Riigikogus.<\/p>\n<p>T\u00f6\u00f6lepinguseaduse eeln\u00f5u (TLS 602UA) suunati 2026. aasta jaanuaris uuesti Riigikogu t\u00e4iskogule lugemiseks, misj\u00e4rel kuulutas Vabariigi President seaduse 29. jaanuaril v\u00e4lja. T\u00f6\u00f6lepinguseadus hakkas kehtima 13. veebruaril 2026.aastal.<\/p>\n<p><a href=\"https:\/\/eakl.ee\/wp-content\/uploads\/2026\/04\/TLS-602SE-kampaania-2025.pdf\">TLS 602SE kampaania 2025<\/a><\/p>","protected":false},"excerpt":{"rendered":"<p>T\u00f6\u00f6lepingu seaduse muutmise eeln\u00f5u (TLS 602SE\/ 602UA) vastane kampaania 2025\/`26 Eesti Ameti\u00fchingute Keskliit ja teised ameti\u00fchingud ei toetanud t\u00f6\u00f6lepingu seaduse muutmise eeln\u00f5u, sest see n\u00f5rgestas oluliselt t\u00f6\u00f6tajate \u00f5iguste kaitset ning selle koostamisel ei j\u00e4rgitud sotsiaaldialoogi p\u00f5him\u00f5tteid. T\u00f6\u00f6lepingu seaduse muutmise eeln\u00f5u (602SE, hiljem 602UA) esitati Riigikogule ameti\u00fchingute ettepanekuid arvesse v\u00f5tmata. Eeln\u00f5us ei arvestatud kollektiivlepingute rolli t\u00f6\u00f6tingimuste [&hellip;]<\/p>","protected":false},"author":2,"featured_media":492,"parent":0,"menu_order":0,"comment_status":"closed","ping_status":"closed","template":"","meta":{"_acf_changed":false,"_breakdance_hide_in_design_set":false,"_breakdance_tags":"","footnotes":""},"class_list":["post-369","page","type-page","status-publish","has-post-thumbnail","hentry"],"acf":[],"_links":{"self":[{"href":"https:\/\/eakl.ee\/ru\/wp-json\/wp\/v2\/pages\/369","targetHints":{"allow":["GET"]}}],"collection":[{"href":"https:\/\/eakl.ee\/ru\/wp-json\/wp\/v2\/pages"}],"about":[{"href":"https:\/\/eakl.ee\/ru\/wp-json\/wp\/v2\/types\/page"}],"author":[{"embeddable":true,"href":"https:\/\/eakl.ee\/ru\/wp-json\/wp\/v2\/users\/2"}],"replies":[{"embeddable":true,"href":"https:\/\/eakl.ee\/ru\/wp-json\/wp\/v2\/comments?post=369"}],"version-history":[{"count":55,"href":"https:\/\/eakl.ee\/ru\/wp-json\/wp\/v2\/pages\/369\/revisions"}],"predecessor-version":[{"id":3401,"href":"https:\/\/eakl.ee\/ru\/wp-json\/wp\/v2\/pages\/369\/revisions\/3401"}],"wp:featuredmedia":[{"embeddable":true,"href":"https:\/\/eakl.ee\/ru\/wp-json\/wp\/v2\/media\/492"}],"wp:attachment":[{"href":"https:\/\/eakl.ee\/ru\/wp-json\/wp\/v2\/media?parent=369"}],"curies":[{"name":"wp","href":"https:\/\/api.w.org\/{rel}","templated":true}]}}