{"id":3575,"date":"2026-04-27T19:19:25","date_gmt":"2026-04-27T16:19:25","guid":{"rendered":"https:\/\/eakl.ee\/privaatsustingimused\/"},"modified":"2026-04-27T19:19:25","modified_gmt":"2026-04-27T16:19:25","slug":"privaatsustingimused","status":"publish","type":"page","link":"https:\/\/eakl.ee\/ru\/privaatsustingimused\/","title":{"rendered":"Privaatsustingimused"},"content":{"rendered":"<p><a href=\"https:\/\/eakl.ee\/wp-content\/uploads\/2026\/04\/eakl-andmetootlus.pdf\" target=\"_blank\" rel=\"noopener\">Lae alla PDF-failina<\/a><\/p>\n<p>K\u00e4esolev isikuandmete t\u00f6\u00f6tlemise teave on koostatud ELi isikuandmete kaitse \u00fcldm\u00e4\u00e4ruse (EU) 2016\/679 artiklis 12 \u201eSelge teave, teavitamine ja andmesubjekti \u00f5iguste teostamise kord&#8221; s\u00e4testatud vastutava t\u00f6\u00f6tleja n\u00f5uete t\u00e4itmiseks ja f\u00fc\u00fcsiliste isikute teavitamiseks isikuandmete t\u00f6\u00f6tlemise p\u00f5him\u00f5tetest ja \u00f5iguste tagamisest.<\/p>\n<p>Isikuandmete vastutav t\u00f6\u00f6tleja on <strong>Eesti Ameti\u00fchingute Keskliit (EAKL)<\/strong>, registrikood 80115195; asukohaga Laulupeo tn 24, Tallinn Harjumaa 10128, tel: 641 2800 ja e-post: <a href=\"mailto:eakl@eakl.ee\">eakl@eakl.ee<\/a>.<\/p>\n<h2>1. \u00dclds\u00e4tted<\/h2>\n<p>1.1. Isikuandmete t\u00f6\u00f6tlemisel l\u00e4htume Euroopa Parlamendi ja N\u00f5ukogu m\u00e4\u00e4rusest (EU) 2016\/679, isikuandmete kaitse seadusest, muudest andmekaitsest reguleerivatest \u00f5igusaktidest ning Andmekaitse Inspektsiooni juhistest.<\/p>\n<p>1.2. Isikuandmed on k\u00f5ik isiku tuvastamist v\u00f5imaldavad andmed.<\/p>\n<h2>2. Isikuandmete t\u00f6\u00f6tlemine<\/h2>\n<p>2.1. Isikuandmete t\u00f6\u00f6tlemine on igasugune isikuandmetega tehtav toiming.<\/p>\n<p>2.2. EAKL kui isikuandmete t\u00f6\u00f6tleja t\u00f6\u00f6tleb isikuandmeid ainult ulatuses, mis on vajalik organisatsiooni p\u00f5hikirjas s\u00e4testatud \u00fclesannete t\u00e4itmiseks.<\/p>\n<p>2.3. T\u00f6\u00f6tleme teie isikuandmeid, kui:<\/p>\n<ul>\n<li>k\u00fclastate EAKL-i kodulehek\u00fclge;<\/li>\n<li>edastate meile avalduse v\u00f5i taotluse;<\/li>\n<li>osalete meie korraldatud koolitusel, aktsioonil v\u00f5i \u00fcritusel;<\/li>\n<li>kandideerite meile t\u00f6\u00f6le.<\/li>\n<\/ul>\n<h2>3. Isikuandmete t\u00f6\u00f6tlemise ulatus<\/h2>\n<p>3.1. T\u00f6\u00f6tleme teie isikuandmeid vaid ulatuses, mis on minimaalselt vajalik. Isikuandmete t\u00f6\u00f6tlemisel l\u00e4htume eesm\u00e4rgip\u00e4rasuse, l\u00e4bipaistvuse ja minimaalsuse p\u00f5him\u00f5tetest ning n\u00f5uame samade p\u00f5him\u00f5tete j\u00e4rgimist ka oma koost\u00f6\u00f6partneritelt.<\/p>\n<p>3.2. Kui edastate meile p\u00f6\u00f6rdumise e-postiga v\u00f5i lihtkirjana, kasutame teie isikuandmeid teile vastamiseks. Kui peame teile vastamiseks kelleltki teiselt j\u00e4rele p\u00e4rima, avaldame teie isikuandmeid \u00fcksnes minimaalselt ning h\u00e4davajalikus mahus.<\/p>\n<p>3.3. Kui olete saatnud meile p\u00f6\u00f6rdumise, millele vastamine on haruameti\u00fchingu p\u00e4devuses, siis edastame selle sinna. Edastamisest teavitame ka teid.<\/p>\n<h2>4. Kodulehe k\u00fclastamisel kogutavad isikuandmed<\/h2>\n<p>4.1. Kui k\u00fclastate meie kodulehek\u00fclge ja tutvute sealse infoga, kogume ja s\u00e4ilitame teie kohta j\u00e4rgmisi andmeid: teie poolt kasutatava arvuti IP-aadress ja veebilehe k\u00fclastamise aeg (kellaaeg, kuup\u00e4ev, aasta). EAKL ei seo IP-aadresse isikut tuvastava teabega.<\/p>\n<p>4.2. EAKL kogub ja s\u00e4ilitab andmeid selle kohta, millist kodulehe osa te k\u00fclastate ja kui kaua seal peatute. Neid andmeid kasutame k\u00fclastusstatistika koostamiseks, et selle p\u00f5hjal meie kodulehek\u00fclge arendada ning muuta see k\u00fclastajas\u00f5bralikumaks.<\/p>\n<p>4.3. Kodulehe korrektseks t\u00f6\u00f6tamiseks, kasutamise anal\u00fc\u00fcsimiseks ning teile parima kasutusmugavuse pakkumiseks kasutame k\u00fcpsiseid.<\/p>\n<h2>5. K\u00fcpsiste kasutamine kodulehek\u00fcljel<\/h2>\n<p>5.1. K\u00fcpsis on v\u00e4ike tekstifail, mis salvestatakse EAKL-i kodulehe k\u00fclastamisel teie seadme (arvuti, nutiseade vms) brauserisse. Igal teie j\u00e4rgneval k\u00fclastusel saadetakse k\u00fcpsised tagasi veebisaidile, mis k\u00fcpsise \u00e4ra tunneb, et saada \u00fclevaade teie tegevusest EAKL-i kodulehel.<\/p>\n<p>5.2. EAKL-i kodulehek\u00fcljel kasutatavaid k\u00fcpsiseid saate ise lubada, keelata v\u00f5i kustutada enda arvuti v\u00f5i telefoni brauseris.<\/p>\n<p>5.3. K\u00fcpsistega seotud andmevahetus on piiratud ligip\u00e4\u00e4suga ja toimub kr\u00fcpteeritult HTTPS protokolli kaudu.<\/p>\n<h2>6. Isikuandmete kasutamine t\u00f6\u00f6le kandideerimisel<\/h2>\n<p>6.1. Kui kandideerid Eesti Ameti\u00fchingute Keskliitu t\u00f6\u00f6le, t\u00f6\u00f6tleme teie isikuandmeid eesm\u00e4rgiga t\u00e4ita vaba ametikoht.<\/p>\n<p>6.2. T\u00f6\u00f6le kandideerimisel t\u00f6\u00f6tleme teilt meile ja\/v\u00f5i avalikes allikates avaldatud isikuandmeid, et hinnata teie sobivust vastavale ametikohale. Teil on \u00f5igus kogutud teabega tutvuda ja esitada endapoolsed selgitused v\u00f5i vastuv\u00e4ited.<\/p>\n<p>6.3. Kui olete t\u00f6\u00f6le kandideerides toonud CV-s v\u00e4lja soovitajad, siis eeldame, et olete andnud sellega EAKL-ile n\u00f5usoleku k\u00fcsida teie kui kandideerija kohta k\u00fcsimusi. Samuti eeldame, et soovitajad on andnud n\u00f5usoleku, et meie organisatsiooni t\u00f6\u00f6taja p\u00f6\u00f6rdub nende poole teabe saamiseks.<\/p>\n<p>6.4. Teie ja teiste kandidaatide andmeid me ei avalda. T\u00f6\u00f6le kandideerija andmed on teave, millele kolmandad isikud saavad juurdep\u00e4\u00e4su ainult seaduses s\u00e4testatud juhtudel.<\/p>\n<p>6.5. Konkursiga seotud dokumente kogume j\u00e4rgmistel eesm\u00e4rkidel:<\/p>\n<ul>\n<li>v\u00e4rbamisprotsessis tekkivate v\u00f5imalike \u00f5igusvaidluste lahendamiseks;<\/li>\n<li>paremusj\u00e4rjestuses j\u00e4rgmisele kandidaadile ametikohale asumise ettepaneku tegemiseks;<\/li>\n<li>kandideerinu n\u00f5usolekul tulevikus korraldataval konkursil osalemise ettepaneku tegemiseks.<\/li>\n<\/ul>\n<h2>7. \u00d5igus tutvuda kogutud andmetega<\/h2>\n<p>Teil on \u00f5igus tutvuda andmetega, mida oleme teie kohta kogunud. Selleks esitage EAKL-ile omak\u00e4eliselt v\u00f5i digitaalselt allkirjastatud taotlus, et oleksime isikuandmeid v\u00e4ljastades veendunud teie isikusamasuses.<\/p>\n<h2>8. Kontaktandmed<\/h2>\n<p>K\u00f5igis k\u00fcsimustes, mis on seotud teie isikuandmete t\u00f6\u00f6tlemisega EAKL-is, palume teil kirjutada aadressil: <a href=\"mailto:eakl@eakl.ee\">eakl@eakl.ee<\/a>.<\/p>","protected":false},"excerpt":{"rendered":"<p>Lae alla PDF-failina K\u00e4esolev isikuandmete t\u00f6\u00f6tlemise teave on koostatud ELi isikuandmete kaitse \u00fcldm\u00e4\u00e4ruse (EU) 2016\/679 artiklis 12 \u201eSelge teave, teavitamine ja andmesubjekti \u00f5iguste teostamise kord&#8221; s\u00e4testatud vastutava t\u00f6\u00f6tleja n\u00f5uete t\u00e4itmiseks ja f\u00fc\u00fcsiliste isikute teavitamiseks isikuandmete t\u00f6\u00f6tlemise p\u00f5him\u00f5tetest ja \u00f5iguste tagamisest. Isikuandmete vastutav t\u00f6\u00f6tleja on Eesti Ameti\u00fchingute Keskliit (EAKL), registrikood 80115195; asukohaga Laulupeo tn 24, Tallinn [&hellip;]<\/p>\n","protected":false},"author":0,"featured_media":0,"parent":0,"menu_order":0,"comment_status":"closed","ping_status":"closed","template":"","meta":{"_acf_changed":false,"_breakdance_hide_in_design_set":false,"_breakdance_tags":"","footnotes":""},"class_list":["post-3575","page","type-page","status-publish","hentry"],"acf":[],"_links":{"self":[{"href":"https:\/\/eakl.ee\/ru\/wp-json\/wp\/v2\/pages\/3575","targetHints":{"allow":["GET"]}}],"collection":[{"href":"https:\/\/eakl.ee\/ru\/wp-json\/wp\/v2\/pages"}],"about":[{"href":"https:\/\/eakl.ee\/ru\/wp-json\/wp\/v2\/types\/page"}],"replies":[{"embeddable":true,"href":"https:\/\/eakl.ee\/ru\/wp-json\/wp\/v2\/comments?post=3575"}],"version-history":[{"count":0,"href":"https:\/\/eakl.ee\/ru\/wp-json\/wp\/v2\/pages\/3575\/revisions"}],"wp:attachment":[{"href":"https:\/\/eakl.ee\/ru\/wp-json\/wp\/v2\/media?parent=3575"}],"curies":[{"name":"wp","href":"https:\/\/api.w.org\/{rel}","templated":true}]}}