{"id":258,"date":"2025-07-24T13:52:30","date_gmt":"2025-07-24T10:52:30","guid":{"rendered":"https:\/\/eakl.ee\/?page_id=258"},"modified":"2026-01-29T13:17:04","modified_gmt":"2026-01-29T11:17:04","slug":"konverentsikeskus","status":"publish","type":"page","link":"https:\/\/eakl.ee\/ru\/konverentsikeskus\/","title":{"rendered":"\u041a\u043e\u043d\u0444\u0435\u0440\u0435\u043d\u0446 \u0446\u0435\u043d\u0442\u0440"},"content":{"rendered":"<div class=\"bde-globalblock-258-100 bde-globalblock\"><style>.breakdance .bde-section-159-100-159-1{background-image:url(https:\/\/eakl.ee\/wp-content\/uploads\/2025\/09\/konverents.jpg)}.breakdance .bde-section-159-100-159-1>.section-background-overlay{background-color:#420513A1;transition:background-color var(--bde-transition-duration) ease-in-out}<\/style><section id=\"page-banner\" class=\"bde-section-159-100-159-1 bde-section page-banner bde-section-159-100\">\n              \n  \n  \n\t\n\n  <div class=\"section-background-overlay\"><\/div>\n\n\n<div class=\"section-container\"><h2 class=\"bde-heading-159-103-159-1 bde-heading bde-heading-159-103\">\n\u041a\u043e\u043d\u0444\u0435\u0440\u0435\u043d\u0446 \u0446\u0435\u043d\u0442\u0440\n<\/h2><\/div>\n<\/section><\/div><section class=\"bde-section-258-101 bde-section\">\n  \n  \n\t\n\n\n\n<div class=\"section-container\"><h4 class=\"bde-heading-258-102 bde-heading\">\n\u041a\u043e\u043d\u0444\u0435\u0440\u0435\u043d\u0446-\u0446\u0435\u043d\u0442\u0440 EAKL \u0440\u0430\u0441\u043f\u043e\u043b\u0430\u0433\u0430\u0435\u0442 \u0441\u043e\u0432\u0440\u0435\u043c\u0435\u043d\u043d\u044b\u043c \u0438 \u043b\u0435\u0433\u043a\u043e \u0430\u0434\u0430\u043f\u0442\u0438\u0440\u0443\u0435\u043c\u044b\u043c \u043e\u0431\u043e\u0440\u0443\u0434\u043e\u0432\u0430\u043d\u0438\u0435\u043c.\n<\/h4><div class=\"bde-rich-text-258-116 bde-rich-text breakdance-rich-text-styles\">\n<p><span data-contrast=\"auto\">\u0418\u0449\u0435\u0442\u0435 \u0441\u043e\u0432\u0440\u0435\u043c\u0435\u043d\u043d\u043e\u0435 \u0438 \u0443\u0434\u043e\u0431\u043d\u043e \u0440\u0430\u0441\u043f\u043e\u043b\u043e\u0436\u0435\u043d\u043d\u043e\u0435 \u043c\u0435\u0441\u0442\u043e \u0434\u043b\u044f \u043f\u0440\u043e\u0432\u0435\u0434\u0435\u043d\u0438\u044f \u043a\u043e\u043d\u0444\u0435\u0440\u0435\u043d\u0446\u0438\u0438, \u0441\u0435\u043c\u0438\u043d\u0430\u0440\u0430 \u0438\u043b\u0438 \u0442\u0440\u0435\u043d\u0438\u043d\u0433\u0430? \u0412 \u0446\u0435\u043d\u0442\u0440\u0435 \u0422\u0430\u043b\u043b\u0438\u043d\u043d\u0430, \u0432\u0441\u0435\u0433\u043e \u0432 \u043d\u0435\u0441\u043a\u043e\u043b\u044c\u043a\u0438\u0445 \u043c\u0438\u043d\u0443\u0442\u0430\u0445 \u0445\u043e\u0434\u044c\u0431\u044b \u043e\u0442 \u041a\u0430\u0434\u0440\u0438\u043e\u0440\u0433\u0430, \u0432\u044b \u043d\u0430\u0439\u0434\u0435\u0442\u0435 \u041a\u043e\u043d\u0444\u0435\u0440\u0435\u043d\u0446-\u0446\u0435\u043d\u0442\u0440 \u041a\u043e\u043d\u0444\u0435\u0434\u0435\u0440\u0430\u0446\u0438\u0438 \u043f\u0440\u043e\u0444\u0441\u043e\u044e\u0437\u043e\u0432 \u042d\u0441\u0442\u043e\u043d\u0438\u0438 - \u0438\u0434\u0435\u0430\u043b\u044c\u043d\u043e\u0435 \u043c\u0435\u0441\u0442\u043e \u0434\u043b\u044f \u043f\u0440\u043e\u0432\u0435\u0434\u0435\u043d\u0438\u044f \u0432\u0430\u0448\u0435\u0433\u043e \u043c\u0435\u0440\u043e\u043f\u0440\u0438\u044f\u0442\u0438\u044f.<\/span><span data-ccp-props=\"{&quot;201341983&quot;:0,&quot;335551550&quot;:6,&quot;335551620&quot;:6,&quot;335559739&quot;:0,&quot;335559740&quot;:360}\">\u00a0<\/span><\/p><p><span data-contrast=\"auto\">\u0412 \u0446\u0435\u043d\u0442\u0440\u0435 \u0435\u0441\u0442\u044c \u0431\u043e\u043b\u044c\u0448\u043e\u0439 \u043a\u043e\u043d\u0444\u0435\u0440\u0435\u043d\u0446-\u0437\u0430\u043b \u0441 \u0432\u043e\u0437\u043c\u043e\u0436\u043d\u043e\u0441\u0442\u044c\u044e \u0430\u0434\u0430\u043f\u0442\u0430\u0446\u0438\u0438, \u043a\u0430\u0431\u0438\u043d\u043e\u0439 \u043f\u0435\u0440\u0435\u0432\u043e\u0434\u0447\u0438\u043a\u0430, \u0433\u0430\u0440\u0434\u0435\u0440\u043e\u0431\u043e\u043c \u0438 \u043f\u0440\u043e\u0441\u0442\u043e\u0440\u043d\u044b\u043c \u0444\u043e\u0439\u0435, \u0438\u0434\u0435\u0430\u043b\u044c\u043d\u043e \u043f\u043e\u0434\u0445\u043e\u0434\u044f\u0449\u0438\u043c \u0434\u043b\u044f \u043a\u043e\u0444\u0435 \u0438 \u043e\u0431\u0435\u0434\u0435\u043d\u043d\u044b\u0445 \u043f\u0435\u0440\u0435\u0440\u044b\u0432\u043e\u0432. \u0417\u0430\u043b\u044b \u043e\u0441\u043d\u0430\u0449\u0435\u043d\u044b \u0432\u044b\u0441\u043e\u043a\u043e\u043a\u0430\u0447\u0435\u0441\u0442\u0432\u0435\u043d\u043d\u043e\u0439 \u0437\u0432\u0443\u043a\u043e\u0432\u043e\u0439 \u0441\u0438\u0441\u0442\u0435\u043c\u043e\u0439, \u043f\u0440\u043e\u0435\u043a\u0442\u043e\u0440\u043e\u043c, \u0431\u043e\u043b\u044c\u0448\u0438\u043c \u044d\u043a\u0440\u0430\u043d\u043e\u043c (2,4 \u043c) \u0438 WiFi.<\/span><span data-ccp-props=\"{&quot;201341983&quot;:0,&quot;335551550&quot;:6,&quot;335551620&quot;:6,&quot;335559739&quot;:0,&quot;335559740&quot;:360}\">\u00a0<\/span><\/p><p><span data-contrast=\"auto\">\u041a\u043e\u043d\u0444\u0435\u0440\u0435\u043d\u0446-\u0446\u0435\u043d\u0442\u0440 \u043d\u0430\u0445\u043e\u0434\u0438\u0442\u0441\u044f \u0432 \u0422\u0430\u043b\u043b\u0438\u043d\u043d\u0435 \u043f\u043e \u0430\u0434\u0440\u0435\u0441\u0443 \u041b\u0430\u0443\u043b\u0443\u043f\u0435\u043e 24, \u0434\u043e \u043d\u0435\u0433\u043e \u043b\u0435\u0433\u043a\u043e \u0434\u043e\u0431\u0440\u0430\u0442\u044c\u0441\u044f \u043f\u0435\u0448\u043a\u043e\u043c, \u043d\u0430 \u0442\u0440\u0430\u043c\u0432\u0430\u0435 \u0438 \u0430\u0432\u0442\u043e\u0431\u0443\u0441\u0435. \u041f\u0435\u0440\u0435\u0434 \u0437\u0434\u0430\u043d\u0438\u0435\u043c \u0438\u043c\u0435\u0435\u0442\u0441\u044f \u0431\u0435\u0441\u043f\u043b\u0430\u0442\u043d\u0430\u044f \u043f\u0430\u0440\u043a\u043e\u0432\u043a\u0430 \u043d\u0430 15 \u043c\u0435\u0441\u0442.\u00a0<\/span><span data-ccp-props=\"{&quot;201341983&quot;:0,&quot;335551550&quot;:6,&quot;335551620&quot;:6,&quot;335559739&quot;:0,&quot;335559740&quot;:360}\">\u00a0<\/span><\/p><p><b><span data-contrast=\"auto\">\u0417\u0430\u0431\u0440\u043e\u043d\u0438\u0440\u0443\u0439\u0442\u0435 \u0441\u0432\u043e\u0435 \u043c\u0435\u0440\u043e\u043f\u0440\u0438\u044f\u0442\u0438\u0435 \u0441\u0435\u0433\u043e\u0434\u043d\u044f:<\/span><\/b><span data-contrast=\"auto\">\u202f\u202f<\/span><a href=\"mailto:konverents@eakl.ee\"><span data-contrast=\"auto\">konverents@eakl.ee<\/span><\/a><span data-contrast=\"auto\">\u202f v\u00f5i +372 508 2821<\/span><\/p><h5>\u00a0<br \/>\u0410\u0440\u0435\u043d\u0434\u0430 \u043a\u043e\u043d\u0444\u0435\u0440\u0435\u043d\u0446-\u0446\u0435\u043d\u0442\u0440\u0430 \u041a\u043e\u043d\u0444\u0435\u0434\u0435\u0440\u0430\u0446\u0438\u0438 \u043f\u0440\u043e\u0444\u0441\u043e\u044e\u0437\u043e\u0432\u00a0<\/h5><p><strong>\u0411\u043e\u043b\u044c\u0448\u043e\u0439 \u0437\u0430\u043b<\/strong><span data-contrast=\"none\">\u202f <\/span><span data-contrast=\"auto\">(80 m\u00b2) mahutab laudadega 60 ja toolidega 70 inimest. Helikindla voldikseinaga saab saali kaheks eraldi ruumiks jagada.\u00a0 <\/span><span data-ccp-props=\"{&quot;201341983&quot;:0,&quot;335551550&quot;:6,&quot;335551620&quot;:6,&quot;335559739&quot;:0,&quot;335559740&quot;:360}\">\u00a0<\/span><\/p><p><b><span data-contrast=\"auto\">\u0421\u0442\u043e\u0438\u043c\u043e\u0441\u0442\u044c <\/span><\/b><span data-contrast=\"auto\">\u202f(KM-ga) on ameti\u00fchingute liikmetele ja maja rentnikele 27, 94 eur tund v\u00f5i 173, 24 eur p\u00e4ev, mitteliikmetele 55, 89 eur tund v\u00f5i 340, 88 eur p\u00e4ev.<\/span><span data-ccp-props=\"{&quot;201341983&quot;:0,&quot;335551550&quot;:6,&quot;335551620&quot;:6,&quot;335559739&quot;:0,&quot;335559740&quot;:360}\">\u00a0<\/span><\/p><p>\u00a0<\/p><p><b><span data-contrast=\"none\">Pool suurest saalist <\/span><\/b><span data-contrast=\"none\">\u202f<\/span><span data-contrast=\"auto\">(40 m\u00b2 ) mahutab laudadega 30 ja toolidega 35 inimest. <\/span><span data-ccp-props=\"{&quot;201341983&quot;:0,&quot;335551550&quot;:6,&quot;335551620&quot;:6,&quot;335559739&quot;:0,&quot;335559740&quot;:360}\">\u00a0<\/span><\/p><p><b><span data-contrast=\"auto\">\u0421\u0442\u043e\u0438\u043c\u043e\u0441\u0442\u044c <\/span><\/b><span data-contrast=\"auto\">\u202f(KM-ga) on ameti\u00fchingute liikmetele ja maja rentnikele 15, 65 eur tund v\u00f5i 83, 82 eur p\u00e4ev, mitteliikmetele 35, 77 eur tund v\u00f5i 178, 82 eur p\u00e4ev.<\/span><span data-ccp-props=\"{&quot;201341983&quot;:0,&quot;335551550&quot;:6,&quot;335551620&quot;:6,&quot;335559739&quot;:0,&quot;335559740&quot;:360}\">\u00a0<\/span><\/p><p>\u00a0<\/p><p><b><span data-contrast=\"none\">Renditingimused:<\/span><\/b><span data-ccp-props=\"{&quot;201341983&quot;:0,&quot;335551550&quot;:6,&quot;335551620&quot;:6,&quot;335559739&quot;:0,&quot;335559740&quot;:360}\">\u00a0<\/span><\/p><ul><li aria-setsize=\"-1\" data-leveltext=\"\u00b7\" data-font=\"Aptos\" data-listid=\"2\" data-list-defn-props=\"{&quot;335551671&quot;:0,&quot;335552541&quot;:1,&quot;335559685&quot;:765,&quot;335559991&quot;:405,&quot;469769226&quot;:&quot;Aptos&quot;,&quot;469769242&quot;:[8226],&quot;469777803&quot;:&quot;left&quot;,&quot;469777804&quot;:&quot;\u00b7&quot;,&quot;469777815&quot;:&quot;hybridMultilevel&quot;}\" data-aria-posinset=\"0\" data-aria-level=\"1\"><span data-contrast=\"auto\">\u041f\u043e\u043b\u044c\u0437\u043e\u0432\u0430\u043d\u0438\u0435 \u0433\u0430\u0440\u0434\u0435\u0440\u043e\u0431\u043e\u043c, \u0432\u0435\u0441\u0442\u0438\u0431\u044e\u043b\u0435\u043c \u0438 \u043a\u0430\u0431\u0438\u043d\u043e\u0439 \u043f\u0435\u0440\u0435\u0432\u043e\u0434\u0447\u0438\u043a\u0430 \u043e\u0441\u0443\u0449\u0435\u0441\u0442\u0432\u043b\u044f\u0435\u0442\u0441\u044f \u0437\u0430 \u0434\u043e\u043f\u043e\u043b\u043d\u0438\u0442\u0435\u043b\u044c\u043d\u0443\u044e \u043f\u043b\u0430\u0442\u0443.<\/span><span data-ccp-props=\"{&quot;201341983&quot;:0,&quot;335551550&quot;:6,&quot;335551620&quot;:6,&quot;335559739&quot;:0,&quot;335559740&quot;:360}\">\u00a0<\/span><\/li><\/ul><ul><li aria-setsize=\"-1\" data-leveltext=\"\u00b7\" data-font=\"Aptos\" data-listid=\"2\" data-list-defn-props=\"{&quot;335551671&quot;:0,&quot;335552541&quot;:1,&quot;335559685&quot;:765,&quot;335559991&quot;:405,&quot;469769226&quot;:&quot;Aptos&quot;,&quot;469769242&quot;:[8226],&quot;469777803&quot;:&quot;left&quot;,&quot;469777804&quot;:&quot;\u00b7&quot;,&quot;469777815&quot;:&quot;hybridMultilevel&quot;}\" data-aria-posinset=\"1\" data-aria-level=\"1\"><span data-contrast=\"auto\">\u041c\u0438\u043d\u0438\u043c\u0430\u043b\u044c\u043d\u043e\u0435 \u0432\u0440\u0435\u043c\u044f \u0431\u0440\u043e\u043d\u0438\u0440\u043e\u0432\u0430\u043d\u0438\u044f - 2 \u0447\u0430\u0441\u0430.<\/span><span data-ccp-props=\"{&quot;201341983&quot;:0,&quot;335551550&quot;:6,&quot;335551620&quot;:6,&quot;335559739&quot;:0,&quot;335559740&quot;:360}\">\u00a0<\/span><\/li><\/ul><ul><li aria-setsize=\"-1\" data-leveltext=\"\u00b7\" data-font=\"Aptos\" data-listid=\"2\" data-list-defn-props=\"{&quot;335551671&quot;:0,&quot;335552541&quot;:1,&quot;335559685&quot;:765,&quot;335559991&quot;:405,&quot;469769226&quot;:&quot;Aptos&quot;,&quot;469769242&quot;:[8226],&quot;469777803&quot;:&quot;left&quot;,&quot;469777804&quot;:&quot;\u00b7&quot;,&quot;469777815&quot;:&quot;hybridMultilevel&quot;}\" data-aria-posinset=\"2\" data-aria-level=\"1\"><span data-contrast=\"auto\">10% \u0431\u0443\u0434\u0435\u0442 \u0434\u043e\u0431\u0430\u0432\u043b\u0435\u043d\u0430 \u043a \u0441\u0442\u043e\u0438\u043c\u043e\u0441\u0442\u0438 \u0432 \u0432\u044b\u0445\u043e\u0434\u043d\u044b\u0435.<\/span><span data-ccp-props=\"{&quot;201341983&quot;:0,&quot;335551550&quot;:6,&quot;335551620&quot;:6,&quot;335559739&quot;:0,&quot;335559740&quot;:360}\">\u00a0<\/span><\/li><\/ul><ul><li aria-setsize=\"-1\" data-leveltext=\"\u00b7\" data-font=\"Aptos\" data-listid=\"2\" data-list-defn-props=\"{&quot;335551671&quot;:0,&quot;335552541&quot;:1,&quot;335559685&quot;:765,&quot;335559991&quot;:405,&quot;469769226&quot;:&quot;Aptos&quot;,&quot;469769242&quot;:[8226],&quot;469777803&quot;:&quot;left&quot;,&quot;469777804&quot;:&quot;\u00b7&quot;,&quot;469777815&quot;:&quot;hybridMultilevel&quot;}\" data-aria-posinset=\"3\" data-aria-level=\"1\"><span data-contrast=\"auto\">\u041d\u0430 \u043c\u043d\u043e\u0433\u043e\u0434\u043d\u0435\u0432\u043d\u044b\u0435 \u043c\u0435\u0440\u043e\u043f\u0440\u0438\u044f\u0442\u0438\u044f \u0441\u043a\u0438\u0434\u043a\u0430 \u043d\u0435 \u043f\u0440\u0435\u0434\u043e\u0441\u0442\u0430\u0432\u043b\u044f\u0435\u0442\u0441\u044f.<\/span><span data-ccp-props=\"{&quot;201341983&quot;:0,&quot;335551550&quot;:6,&quot;335551620&quot;:6,&quot;335559739&quot;:0,&quot;335559740&quot;:360}\">\u00a0<\/span><\/li><\/ul><ul><li aria-setsize=\"-1\" data-leveltext=\"\u00b7\" data-font=\"Aptos\" data-listid=\"2\" data-list-defn-props=\"{&quot;335551671&quot;:0,&quot;335552541&quot;:1,&quot;335559685&quot;:765,&quot;335559991&quot;:405,&quot;469769226&quot;:&quot;Aptos&quot;,&quot;469769242&quot;:[8226],&quot;469777803&quot;:&quot;left&quot;,&quot;469777804&quot;:&quot;\u00b7&quot;,&quot;469777815&quot;:&quot;hybridMultilevel&quot;}\" data-aria-posinset=\"4\" data-aria-level=\"1\"><span data-contrast=\"auto\">\u041e\u0442\u043c\u0435\u043d\u0430 \u0431\u0440\u043e\u043d\u0438\u0440\u043e\u0432\u0430\u043d\u0438\u044f \u043f\u0440\u043e\u0438\u0437\u0432\u043e\u0434\u0438\u0442\u0441\u044f \u0431\u0435\u0441\u043f\u043b\u0430\u0442\u043d\u043e.<\/span><span data-ccp-props=\"{&quot;201341983&quot;:0,&quot;335551550&quot;:6,&quot;335551620&quot;:6,&quot;335559739&quot;:0,&quot;335559740&quot;:360}\">\u00a0<\/span><\/li><\/ul><p><span data-ccp-props=\"{&quot;201341983&quot;:0,&quot;335551550&quot;:6,&quot;335551620&quot;:6,&quot;335559739&quot;:0,&quot;335559740&quot;:360}\">\u00a0<\/span><\/p><p><b><span data-contrast=\"auto\">\u0417\u0430\u0431\u0440\u043e\u043d\u0438\u0440\u0443\u0439\u0442\u0435 \u0441\u0432\u043e\u0435 \u043c\u0435\u0440\u043e\u043f\u0440\u0438\u044f\u0442\u0438\u0435 \u0441\u0435\u0433\u043e\u0434\u043d\u044f:<\/span><\/b><span data-contrast=\"auto\">\u202f\u202f<\/span><a href=\"mailto:konverents@eakl.ee\"><span data-contrast=\"auto\">konverents@eakl.ee<\/span><\/a><span data-contrast=\"auto\">\u202f v\u00f5i +372 508 2821<\/span><\/p>\n<\/div><\/div>\n<\/section>","protected":false},"excerpt":{"rendered":"<p>Konverentsikeskus EAKLi konverentsikeskuses on \u202fkaasaegsed ja kergesti kohandatavad ruumid Otsid kaasaegset ja mugavalt ligip\u00e4\u00e4setavat kohta konverentsiks, seminariks v\u00f5i koolituseks? Tallinna kesklinnas, vaid m\u00f5neminutise jalutusk\u00e4igu kaugusel Kadriorust asub Ameti\u00fchingute Keskliidu konverentsikeskus, mis on ideaalne paik \u00fcrituste korraldamiseks.\u00a0Keskuses on suur, kohandatav konverentsisaal t\u00f5lkekabiini, garderoobi ja avara eesruumiga, mis sobib suurep\u00e4raselt kohvi- ja l\u00f5unapausideks. Ruumid on varustatud kvaliteetse [&hellip;]<\/p>","protected":false},"author":2,"featured_media":356,"parent":0,"menu_order":0,"comment_status":"closed","ping_status":"closed","template":"","meta":{"_acf_changed":false,"_breakdance_hide_in_design_set":false,"_breakdance_tags":"","footnotes":""},"class_list":["post-258","page","type-page","status-publish","has-post-thumbnail","hentry"],"acf":[],"_links":{"self":[{"href":"https:\/\/eakl.ee\/ru\/wp-json\/wp\/v2\/pages\/258","targetHints":{"allow":["GET"]}}],"collection":[{"href":"https:\/\/eakl.ee\/ru\/wp-json\/wp\/v2\/pages"}],"about":[{"href":"https:\/\/eakl.ee\/ru\/wp-json\/wp\/v2\/types\/page"}],"author":[{"embeddable":true,"href":"https:\/\/eakl.ee\/ru\/wp-json\/wp\/v2\/users\/2"}],"replies":[{"embeddable":true,"href":"https:\/\/eakl.ee\/ru\/wp-json\/wp\/v2\/comments?post=258"}],"version-history":[{"count":10,"href":"https:\/\/eakl.ee\/ru\/wp-json\/wp\/v2\/pages\/258\/revisions"}],"predecessor-version":[{"id":3277,"href":"https:\/\/eakl.ee\/ru\/wp-json\/wp\/v2\/pages\/258\/revisions\/3277"}],"wp:featuredmedia":[{"embeddable":true,"href":"https:\/\/eakl.ee\/ru\/wp-json\/wp\/v2\/media\/356"}],"wp:attachment":[{"href":"https:\/\/eakl.ee\/ru\/wp-json\/wp\/v2\/media?parent=258"}],"curies":[{"name":"wp","href":"https:\/\/api.w.org\/{rel}","templated":true}]}}