{"id":249,"date":"2025-07-24T13:52:30","date_gmt":"2025-07-24T10:52:30","guid":{"rendered":"https:\/\/eakl.ee\/?page_id=249"},"modified":"2025-10-29T13:35:50","modified_gmt":"2025-10-29T11:35:50","slug":"seadused","status":"publish","type":"page","link":"https:\/\/eakl.ee\/ru\/seadused\/","title":{"rendered":"\u0417\u0430\u043a\u043e\u043d\u044b"},"content":{"rendered":"<div class=\"bde-globalblock-249-100 bde-globalblock\"><style>.breakdance .bde-section-159-100-159-1{background-image:url(https:\/\/eakl.ee\/wp-content\/uploads\/2025\/07\/Seadused-1-scaled.jpg)}.breakdance .bde-section-159-100-159-1>.section-background-overlay{background-color:#420513A1;transition:background-color var(--bde-transition-duration) ease-in-out}<\/style><section id=\"page-banner\" class=\"bde-section-159-100-159-1 bde-section page-banner bde-section-159-100\">\n              \n  \n  \n\t\n\n  <div class=\"section-background-overlay\"><\/div>\n\n\n<div class=\"section-container\"><h2 class=\"bde-heading-159-103-159-1 bde-heading bde-heading-159-103\">\n\u0417\u0430\u043a\u043e\u043d\u044b\n<\/h2><\/div>\n<\/section><\/div><section class=\"bde-section-249-103 bde-section\">\n  \n  \n\t\n\n\n\n<div class=\"section-container\"><div class=\"bde-rich-text-249-121 bde-rich-text breakdance-rich-text-styles\">\n<div class=\"bde-rich-text-249-105 bde-rich-text breakdance-rich-text-styles\"><p>\u0421\u043e\u044e\u0437 \u043f\u0440\u043e\u0444\u0441\u043e\u044e\u0437\u043e\u0432 \u042d\u0441\u0442\u043e\u043d\u0438\u0438 (EAKL) \u0432 \u0441\u0432\u043e\u0435\u0439 \u0434\u0435\u044f\u0442\u0435\u043b\u044c\u043d\u043e\u0441\u0442\u0438 \u0440\u0443\u043a\u043e\u0432\u043e\u0434\u0441\u0442\u0432\u0443\u0435\u0442\u0441\u044f \u0423\u0441\u0442\u0430\u0432\u043e\u043c \u0438 \u0437\u0430\u043a\u043e\u043d\u0430\u043c\u0438 \u042d\u0441\u0442\u043e\u043d\u0441\u043a\u043e\u0439 \u0420\u0435\u0441\u043f\u0443\u0431\u043b\u0438\u043a\u0438, \u0440\u0435\u0433\u0443\u043b\u0438\u0440\u0443\u044e\u0449\u0438\u043c\u0438 \u0442\u0440\u0443\u0434\u043e\u0432\u0443\u044e \u0436\u0438\u0437\u043d\u044c \u0438 \u0434\u0435\u044f\u0442\u0435\u043b\u044c\u043d\u043e\u0441\u0442\u044c \u043f\u0440\u043e\u0444\u0441\u043e\u044e\u0437\u043e\u0432. \u0417\u0434\u0435\u0441\u044c \u0432\u044b \u043d\u0430\u0439\u0434\u0435\u0442\u0435 \u0441\u0441\u044b\u043b\u043a\u0438 \u043d\u0430 \u0432\u0430\u0436\u043d\u044b\u0435 \u0437\u0430\u043a\u043e\u043d\u043e\u0434\u0430\u0442\u0435\u043b\u044c\u043d\u044b\u0435 \u0430\u043a\u0442\u044b, \u043a\u0430\u0441\u0430\u044e\u0449\u0438\u0435\u0441\u044f \u043f\u0440\u043e\u0444\u0441\u043e\u044e\u0437\u043e\u0432, \u043f\u0440\u0435\u0434\u0441\u0442\u0430\u0432\u0438\u0442\u0435\u043b\u044c\u0441\u0442\u0432\u0430 \u0440\u0430\u0431\u043e\u0442\u043d\u0438\u043a\u043e\u0432 \u0438 \u0440\u0430\u0437\u0440\u0435\u0448\u0435\u043d\u0438\u044f \u0442\u0440\u0443\u0434\u043e\u0432\u044b\u0445 \u0441\u043f\u043e\u0440\u043e\u0432.<\/p><p><a href=\"https:\/\/eakl.ee\/wp-content\/uploads\/2025\/10\/EAKL_Pohikiri_20.10.2023.pdf\">\u0423\u0441\u0442\u0430\u0432 EAKL (PDF)<\/a> (PDF, \u0434\u0435\u0439\u0441\u0442\u0432\u0438\u0442\u0435\u043b\u0435\u043d \u0441 20.10.2023.a)<\/p><p><br \/><strong>\u041f\u0420\u041e\u0424\u0421\u041e\u042e\u0417\u041d\u0410\u042f \u041b\u0415\u041a\u0421\u0418\u041a\u0410<\/strong><br \/><a href=\"https:\/\/sonaveeb.ee\/search\/unif\/dlall\/dsall\/ameti\u00fching\/1\/est\" target=\"_blank\" rel=\"noopener\">\u041f\u043e\u0441\u043c\u043e\u0442\u0440\u0435\u0442\u044c \u0441\u0430\u0439\u0442 \u0418\u043d\u0441\u0442\u0438\u0442\u0443\u0442\u0430 \u044d\u0441\u0442\u043e\u043d\u0441\u043a\u043e\u0433\u043e \u044f\u0437\u044b\u043a\u0430<\/a><\/p><p>\u0417\u0434\u0435\u0441\u044c \u0432\u044b \u043d\u0430\u0439\u0434\u0435\u0442\u0435 \u043e\u0431\u044a\u044f\u0441\u043d\u0435\u043d\u0438\u044f \u043f\u0440\u043e\u0444\u0441\u043e\u044e\u0437\u043d\u044b\u0445 \u0442\u0435\u0440\u043c\u0438\u043d\u043e\u0432 \u0441 \u0438\u0445 \u0440\u0443\u0441\u0441\u043a\u0438\u043c\u0438 \u0438 \u0430\u043d\u0433\u043b\u0438\u0439\u0441\u043a\u0438\u043c\u0438 \u044d\u043a\u0432\u0438\u0432\u0430\u043b\u0435\u043d\u0442\u0430\u043c\u0438. \u042d\u0442\u043e \u043f\u043e\u043c\u043e\u0436\u0435\u0442 \u043b\u0443\u0447\u0448\u0435 \u043f\u043e\u043d\u044f\u0442\u044c \u0442\u0435\u0440\u043c\u0438\u043d\u044b.<br \/><br \/><\/p><h3><span style=\"color: #d91246;\">\u041f\u0420\u041e\u0424\u0421\u041e\u042e\u0417\u041d\u041e\u0415 \u0417\u0410\u041a\u041e\u041d\u041e\u0414\u0410\u0422\u0415\u041b\u042c\u0421\u0422\u0412\u041e<\/span><\/h3><p>\u0421\u043f\u0438\u0441\u043e\u043a \u0437\u0430\u043a\u043e\u043d\u043e\u0432 \u0438 \u043d\u043e\u0440\u043c\u0430\u0442\u0438\u0432\u043d\u044b\u0445 \u0430\u043a\u0442\u043e\u0432, \u043a\u0430\u0441\u0430\u044e\u0449\u0438\u0445\u0441\u044f \u043f\u0440\u043e\u0444\u0441\u043e\u044e\u0437\u043e\u0432, \u043c\u043e\u0436\u043d\u043e \u043d\u0430\u0439\u0442\u0438 \u0437\u0434\u0435\u0441\u044c (<a href=\"http:\/\/riigiteataja.ee\" target=\"_blank\" rel=\"noopener\">RiigiTeataja<\/a>):<\/p><ul><li><strong>\u0417\u0430\u043a\u043e\u043d \u043e \u043d\u0435\u043a\u043e\u043c\u043c\u0435\u0440\u0447\u0435\u0441\u043a\u0438\u0445 \u043e\u0431\u044a\u0435\u0434\u0438\u043d\u0435\u043d\u0438\u044f\u0445<\/strong><br \/>\u0420\u0435\u0433\u0443\u043b\u0438\u0440\u0443\u0435\u0442 \u0441\u043e\u0437\u0434\u0430\u043d\u0438\u0435, \u0443\u043f\u0440\u0430\u0432\u043b\u0435\u043d\u0438\u0435, \u0447\u043b\u0435\u043d\u0441\u0442\u0432\u043e \u0438 \u043f\u0440\u043e\u0437\u0440\u0430\u0447\u043d\u043e\u0441\u0442\u044c \u043f\u0440\u043e\u0444\u0441\u043e\u044e\u0437\u043e\u0432.<br \/><br \/><\/li><li><strong>\u0417\u0430\u043a\u043e\u043d \u043e \u041f\u0440\u043e\u0444\u0441\u043e\u044e\u0437\u0430\u0445<\/strong><br \/>\u041e\u043f\u0440\u0435\u0434\u0435\u043b\u044f\u0435\u0442 \u043f\u0440\u0430\u0432\u0430, \u043e\u0431\u044f\u0437\u0430\u043d\u043d\u043e\u0441\u0442\u0438 \u0438 \u043e\u0441\u043d\u043e\u0432\u0430\u043d\u0438\u044f \u0434\u043b\u044f \u0434\u0435\u0439\u0441\u0442\u0432\u0438\u0439 \u043f\u0440\u043e\u0444\u0441\u043e\u044e\u0437\u043e\u0432 \u043a\u0430\u043a \u043f\u0440\u0435\u0434\u0441\u0442\u0430\u0432\u0438\u0442\u0435\u043b\u044c\u043d\u044b\u0445 \u043e\u0440\u0433\u0430\u043d\u0438\u0437\u0430\u0446\u0438\u0439 \u0440\u0430\u0431\u043e\u0442\u043d\u0438\u043a\u043e\u0432. \u041e\u043f\u0440\u0435\u0434\u0435\u043b\u044f\u0435\u0442 \u043f\u0440\u0430\u0432\u0430 \u0438 \u043f\u043e\u043b\u043d\u043e\u043c\u043e\u0447\u0438\u044f \u043f\u0440\u043e\u0444\u0441\u043e\u044e\u0437\u043d\u043e\u0433\u043e \u0434\u043e\u0432\u0435\u0440\u0435\u043d\u043d\u043e\u0433\u043e \u043b\u0438\u0446\u0430 \u043f\u043e \u043f\u0440\u0435\u0434\u0441\u0442\u0430\u0432\u043b\u0435\u043d\u0438\u044e \u0438\u043d\u0442\u0435\u0440\u0435\u0441\u043e\u0432 \u0440\u0430\u0431\u043e\u0442\u043d\u0438\u043a\u043e\u0432 \u043f\u0435\u0440\u0435\u0434 \u0440\u0430\u0431\u043e\u0442\u043e\u0434\u0430\u0442\u0435\u043b\u0435\u043c.<br \/><br \/><\/li><li><strong>\u0417\u0430\u043a\u043e\u043d \u043e \u043a\u043e\u043b\u043b\u0435\u043a\u0442\u0438\u0432\u043d\u044b\u0445 \u0434\u043e\u0433\u043e\u0432\u043e\u0440\u0430\u0445<\/strong><br \/>\u0420\u0435\u0433\u0443\u043b\u0438\u0440\u0443\u0435\u0442 \u0437\u0430\u043a\u043b\u044e\u0447\u0435\u043d\u0438\u0435, \u0438\u0441\u043f\u043e\u043b\u043d\u0435\u043d\u0438\u0435 \u0438 \u0434\u0435\u0439\u0441\u0442\u0432\u0438\u0442\u0435\u043b\u044c\u043d\u043e\u0441\u0442\u044c \u043a\u043e\u043b\u043b\u0435\u043a\u0442\u0438\u0432\u043d\u044b\u0445 \u0434\u043e\u0433\u043e\u0432\u043e\u0440\u043e\u0432 \u043c\u0435\u0436\u0434\u0443 \u0440\u0430\u0431\u043e\u0442\u043e\u0434\u0430\u0442\u0435\u043b\u044f\u043c\u0438 \u0438 \u043f\u0440\u0435\u0434\u0441\u0442\u0430\u0432\u0438\u0442\u0435\u043b\u044f\u043c\u0438 \u0440\u0430\u0431\u043e\u0442\u043d\u0438\u043a\u043e\u0432.<br \/><br \/><\/li><li><strong>\u041f\u043e\u0441\u0442\u0430\u043d\u043e\u0432\u043b\u0435\u043d\u0438\u0435 \u043e \u0431\u0430\u0437\u0435 \u0434\u0430\u043d\u043d\u044b\u0445 \u043a\u043e\u043b\u043b\u0435\u043a\u0442\u0438\u0432\u043d\u044b\u0445 \u0434\u043e\u0433\u043e\u0432\u043e\u0440\u043e\u0432<\/strong><br \/>\u041e\u043f\u0438\u0441\u044b\u0432\u0430\u0435\u0442, \u043a\u0430\u043a \u0440\u0435\u0433\u0438\u0441\u0442\u0440\u0438\u0440\u0443\u044e\u0442\u0441\u044f \u043a\u043e\u043b\u043b\u0435\u043a\u0442\u0438\u0432\u043d\u044b\u0435 \u0434\u043e\u0433\u043e\u0432\u043e\u0440\u044b \u0438 \u043f\u0443\u0431\u043b\u0438\u043a\u0443\u044e\u0442\u0441\u044f \u0432 \u043d\u0430\u0446\u0438\u043e\u043d\u0430\u043b\u044c\u043d\u043e\u0439 \u0431\u0430\u0437\u0435 \u0434\u0430\u043d\u043d\u044b\u0445.<br \/><a href=\"https:\/\/klak.sm.ee\" target=\"_blank\" rel=\"noopener\">https:\/\/klak.sm.ee<\/a> - \u041d\u0430\u0446\u0438\u043e\u043d\u0430\u043b\u044c\u043d\u044b\u0439 \u0440\u0435\u0435\u0441\u0442\u0440 \u043a\u043e\u043b\u043b\u0435\u043a\u0442\u0438\u0432\u043d\u044b\u0445 \u0434\u043e\u0433\u043e\u0432\u043e\u0440\u043e\u0432, \u0443\u043f\u0440\u0430\u0432\u043b\u044f\u0435\u043c\u044b\u0439 \u041c\u0438\u043d\u0438\u0441\u0442\u0435\u0440\u0441\u0442\u0432\u043e\u043c \u0441\u043e\u0446\u0438\u0430\u043b\u044c\u043d\u044b\u0445 \u0434\u0435\u043b, \u043a\u043e\u0442\u043e\u0440\u044b\u0439 \u0432 \u043d\u0430\u0441\u0442\u043e\u044f\u0449\u0435\u0435 \u0432\u0440\u0435\u043c\u044f \u043d\u0435 \u0434\u0435\u0439\u0441\u0442\u0432\u0443\u0435\u0442, \u043d\u0435 \u043e\u0431\u043d\u043e\u0432\u043b\u044f\u0435\u0442\u0441\u044f \u0438 \u043d\u0435\u043f\u0440\u0438\u0433\u043e\u0434\u0435\u043d \u0434\u043b\u044f \u0438\u0441\u043f\u043e\u043b\u044c\u0437\u043e\u0432\u0430\u043d\u0438\u044f.<br \/><br \/><\/li><li><strong>\u0417\u0430\u043a\u043e\u043d \u043e\u0431 \u0443\u0440\u0435\u0433\u0443\u043b\u0438\u0440\u043e\u0432\u0430\u043d\u0438\u0438 \u043a\u043e\u043b\u043b\u0435\u043a\u0442\u0438\u0432\u043d\u044b\u0445 \u0442\u0440\u0443\u0434\u043e\u0432\u044b\u0445 \u0441\u043f\u043e\u0440\u043e\u0432<\/strong><br \/>\u0443\u0441\u0442\u0430\u043d\u0430\u0432\u043b\u0438\u0432\u0430\u0435\u0442 \u043f\u043e\u0440\u044f\u0434\u043e\u043a \u0438 \u043f\u0440\u043e\u0446\u0435\u0434\u0443\u0440\u043d\u044b\u0435 \u043f\u0440\u0430\u0432\u0438\u043b\u0430 \u0440\u0430\u0437\u0440\u0435\u0448\u0435\u043d\u0438\u044f \u0442\u0440\u0443\u0434\u043e\u0432\u044b\u0445 \u0441\u043f\u043e\u0440\u043e\u0432, \u0432\u043a\u043b\u044e\u0447\u0430\u044f \u0437\u0430\u0431\u0430\u0441\u0442\u043e\u0432\u043a\u0438 \u0438 \u043a\u043e\u043b\u043b\u0435\u043a\u0442\u0438\u0432\u043d\u044b\u0435 \u0442\u0440\u0443\u0434\u043e\u0432\u044b\u0435 \u0441\u043f\u043e\u0440\u044b.<br \/><br \/><\/li><li><strong>\u0417\u0430\u043a\u043e\u043d \u043e \u0440\u0430\u0437\u0440\u0435\u0448\u0435\u043d\u0438\u0438 \u0442\u0440\u0443\u0434\u043e\u0432\u044b\u0445 \u0441\u043f\u043e\u0440\u043e\u0432<\/strong><br \/>\u041e\u043f\u0440\u0435\u0434\u0435\u043b\u044f\u0435\u0442 \u043f\u043e\u0440\u044f\u0434\u043e\u043a \u0440\u0430\u0437\u0440\u0435\u0448\u0435\u043d\u0438\u044f \u0438\u043d\u0434\u0438\u0432\u0438\u0434\u0443\u0430\u043b\u044c\u043d\u044b\u0445 \u0442\u0440\u0443\u0434\u043e\u0432\u044b\u0445 \u0441\u043f\u043e\u0440\u043e\u0432 \u0432 \u043a\u043e\u043c\u0438\u0441\u0441\u0438\u044f\u0445 \u043f\u043e \u0442\u0440\u0443\u0434\u043e\u0432\u044b\u043c \u0441\u043f\u043e\u0440\u0430\u043c \u0438 \u0441\u0443\u0434\u0430\u0445.<\/li><\/ul><h4><span style=\"color: #000000;\"><br \/>\u041e\u0421\u041d\u041e\u0412\u041d\u042b\u0415 \u0410\u041a\u0422\u042b \u0422\u0420\u0423\u0414\u041e\u0412\u041e\u0413\u041e \u041f\u0420\u0410\u0412\u0410<\/span><\/h4><ul><li><strong>\u0417\u0430\u043a\u043e\u043d \u043e \u0442\u0440\u0443\u0434\u043e\u0432\u044b\u0445 \u0434\u043e\u0433\u043e\u0432\u043e\u0440\u0430\u0445<\/strong><br \/>\u041e\u0431\u0449\u0438\u0435 \u043f\u0440\u0438\u043d\u0446\u0438\u043f\u044b \u0437\u0430\u043a\u043b\u044e\u0447\u0435\u043d\u0438\u044f, \u0438\u0437\u043c\u0435\u043d\u0435\u043d\u0438\u044f \u0438 \u043f\u0440\u0435\u043a\u0440\u0430\u0449\u0435\u043d\u0438\u044f \u0442\u0440\u0443\u0434\u043e\u0432\u044b\u0445 \u0434\u043e\u0433\u043e\u0432\u043e\u0440\u043e\u0432, \u043e\u043f\u043b\u0430\u0442\u044b \u0442\u0440\u0443\u0434\u0430, \u0440\u0430\u0431\u043e\u0447\u0435\u0433\u043e \u0432\u0440\u0435\u043c\u0435\u043d\u0438, \u0432\u0440\u0435\u043c\u0435\u043d\u0438 \u043e\u0442\u0434\u044b\u0445\u0430 \u0438 \u0442.\u0434.<br \/><br \/><\/li><li><strong>\u0417\u0430\u043a\u043e\u043d \u043e \u0434\u043e\u0432\u0435\u0440\u0435\u043d\u043d\u044b\u0445 \u043b\u0438\u0446\u0430\u0445<\/strong><br \/>\u041e\u043f\u0440\u0435\u0434\u0435\u043b\u044f\u0435\u0442 \u043f\u0440\u0430\u0432\u0430 \u0438 \u043f\u043e\u043b\u043d\u043e\u043c\u043e\u0447\u0438\u044f \u0434\u043e\u0432\u0435\u0440\u0435\u043d\u043d\u043e\u0433\u043e \u043b\u0438\u0446\u0430 \u043f\u043e \u043f\u0440\u0435\u0434\u0441\u0442\u0430\u0432\u043b\u0435\u043d\u0438\u044e \u0438\u043d\u0442\u0435\u0440\u0435\u0441\u043e\u0432 \u0440\u0430\u0431\u043e\u0442\u043d\u0438\u043a\u043e\u0432 \u043f\u0435\u0440\u0435\u0434 \u0440\u0430\u0431\u043e\u0442\u043e\u0434\u0430\u0442\u0435\u043b\u0435\u043c.<br \/><br \/><\/li><li><strong>\u0417\u0430\u043a\u043e\u043d \u043e \u0433\u0438\u0433\u0438\u0435\u043d\u0435 \u0438 \u0431\u0435\u0437\u043e\u043f\u0430\u0441\u043d\u043e\u0441\u0442\u0438 \u0442\u0440\u0443\u0434\u0430<\/strong><br \/>\u041e\u0431\u044f\u0437\u044b\u0432\u0430\u0435\u0442 \u0440\u0430\u0431\u043e\u0442\u043e\u0434\u0430\u0442\u0435\u043b\u044f \u043e\u0431\u0435\u0441\u043f\u0435\u0447\u0438\u0442\u044c \u0431\u0435\u0437\u043e\u043f\u0430\u0441\u043d\u044b\u0435 \u0443\u0441\u043b\u043e\u0432\u0438\u044f \u0442\u0440\u0443\u0434\u0430 \u0438 \u0443\u0441\u0442\u0430\u043d\u0430\u0432\u043b\u0438\u0432\u0430\u0435\u0442 \u043f\u0440\u0430\u0432\u0430 \u0440\u0430\u0431\u043e\u0442\u043d\u0438\u043a\u0430 \u0432 \u043e\u0442\u043d\u043e\u0448\u0435\u043d\u0438\u0438 \u0431\u0435\u0437\u043e\u043f\u0430\u0441\u043d\u043e\u0441\u0442\u0438 \u043d\u0430 \u0440\u0430\u0431\u043e\u0447\u0435\u043c \u043c\u0435\u0441\u0442\u0435.<\/li><\/ul><\/div>\n<\/div><div class=\"bde-globalblock-249-120 bde-globalblock\"><section class=\"bde-section-2003-100-2003-1 bde-section bde-section-2003-100\">\n  \n  \n\t\n\n\n\n<div class=\"section-container\"><a class=\"bde-text-link-2003-101-2003-1 bde-text-link bde-text-link-2003-101 breakdance-link\" href=\"https:\/\/eakl.ee\/ru\/liikmed\/\" target=\"_self\" data-type=\"url\">\n  <h4 >\n  \u041f\u0440\u0438\u0441\u043e\u0435\u0434\u0438\u043d\u044f\u0439\u0442\u0435\u0441\u044c \u0437\u0434\u0435\u0441\u044c!\n  <\/h4>\n\n<\/a><div class=\"bde-text-2003-102-2003-1 bde-text bde-text-2003-102\">\n\u041f\u0440\u043e\u0444\u0441\u043e\u044e\u0437 \u2014 \u044d\u0442\u043e \u0442\u0432\u043e\u0451 \u0441\u043e\u043e\u0431\u0449\u0435\u0441\u0442\u0432\u043e!\n\u0412\u0441\u0442\u0443\u043f\u0430\u044f \u0432 \u043f\u0440\u043e\u0444\u0441\u043e\u044e\u0437, \u0442\u044b \u0434\u0435\u043b\u0430\u0435\u0448\u044c \u0448\u0430\u0433 \u043d\u0435 \u0442\u043e\u043b\u044c\u043a\u043e \u0434\u043b\u044f \u0441\u0435\u0431\u044f \u2014\u0442\u044b \u043f\u043e\u043c\u043e\u0433\u0430\u0435\u0448\u044c \u043c\u0435\u043d\u044f\u0442\u044c \u0442\u0440\u0443\u0434\u043e\u0432\u0443\u044e \u0436\u0438\u0437\u043d\u044c \u043a \u043b\u0443\u0447\u0448\u0435\u043c\u0443 \u0434\u043b\u044f \u0432\u0441\u0435\u0445.\n\u042d\u0442\u043e \u043f\u0440\u043e \u043f\u043e\u0434\u0434\u0435\u0440\u0436\u043a\u0443. \u041f\u0440\u043e \u0441\u043e\u043b\u0438\u0434\u0430\u0440\u043d\u043e\u0441\u0442\u044c. \u041f\u0440\u043e \u0441\u0438\u043b\u0443 \u0431\u044b\u0442\u044c \u0443\u0441\u043b\u044b\u0448\u0430\u043d\u043d\u044b\u043c. \u0412\u043c\u0435\u0441\u0442\u0435 \u043c\u044b \u043c\u043e\u0436\u0435\u043c \u0431\u043e\u043b\u044c\u0448\u0435 !\n\u0421\u043e\u0437\u0434\u0430\u0451\u043c \u043b\u0443\u0447\u0448\u0435\u0435 \u0431\u0443\u0434\u0443\u0449\u0435\u0435 \u0442\u0440\u0443\u0434\u0430 \u0432 \u042d\u0441\u0442\u043e\u043d\u0438\u0438 \u2014 \u0432\u043c\u0435\u0441\u0442\u0435. \u041f\u0440\u0438\u0441\u043e\u0435\u0434\u0438\u043d\u044f\u0439\u0441\u044f! \n<\/div><\/div>\n<\/section><\/div><\/div>\n<\/section>","protected":false},"excerpt":{"rendered":"<p>Seadused Eesti Ameti\u00fchingute Keskliit (EAKL) juhindub oma tegevuses p\u00f5hikirjast ning t\u00f6\u00f6elu ja ameti\u00fchingute tegevust reguleerivatest Eesti Vabariigi seadustest. Siit leiad viited olulisematele \u00f5igusaktidele, mis puudutavad ameti\u00fchinguid, t\u00f6\u00f6tajate esindamist ja t\u00f6\u00f6vaidluste lahendamist.EAKL p\u00f5hikiri (PDF, kehtiv alates 20.10.2023.a)AMETI\u00dcHINGU S\u00d5NAVARAVaata EKI S\u00f5naveebistSiit leiad ameti\u00fchingutega seotud m\u00f5istete selgitused koos nende vene- ja ingliskeelsete vastetega. Aitab m\u00f5istetest paremini aru saada.AMETI\u00dcHINGUTEGA [&hellip;]<\/p>","protected":false},"author":2,"featured_media":345,"parent":0,"menu_order":0,"comment_status":"closed","ping_status":"closed","template":"","meta":{"_acf_changed":false,"_breakdance_hide_in_design_set":false,"_breakdance_tags":"","footnotes":""},"class_list":["post-249","page","type-page","status-publish","has-post-thumbnail","hentry"],"acf":[],"_links":{"self":[{"href":"https:\/\/eakl.ee\/ru\/wp-json\/wp\/v2\/pages\/249","targetHints":{"allow":["GET"]}}],"collection":[{"href":"https:\/\/eakl.ee\/ru\/wp-json\/wp\/v2\/pages"}],"about":[{"href":"https:\/\/eakl.ee\/ru\/wp-json\/wp\/v2\/types\/page"}],"author":[{"embeddable":true,"href":"https:\/\/eakl.ee\/ru\/wp-json\/wp\/v2\/users\/2"}],"replies":[{"embeddable":true,"href":"https:\/\/eakl.ee\/ru\/wp-json\/wp\/v2\/comments?post=249"}],"version-history":[{"count":19,"href":"https:\/\/eakl.ee\/ru\/wp-json\/wp\/v2\/pages\/249\/revisions"}],"predecessor-version":[{"id":2926,"href":"https:\/\/eakl.ee\/ru\/wp-json\/wp\/v2\/pages\/249\/revisions\/2926"}],"wp:featuredmedia":[{"embeddable":true,"href":"https:\/\/eakl.ee\/ru\/wp-json\/wp\/v2\/media\/345"}],"wp:attachment":[{"href":"https:\/\/eakl.ee\/ru\/wp-json\/wp\/v2\/media?parent=249"}],"curies":[{"name":"wp","href":"https:\/\/api.w.org\/{rel}","templated":true}]}}