{"id":206,"date":"2025-07-11T10:47:11","date_gmt":"2025-07-11T07:47:11","guid":{"rendered":"https:\/\/eakl.ee\/?page_id=206"},"modified":"2025-10-29T13:33:32","modified_gmt":"2025-10-29T11:33:32","slug":"juhtimine","status":"publish","type":"page","link":"https:\/\/eakl.ee\/ru\/juhtimine\/","title":{"rendered":"\u0423\u043f\u0440\u0430\u0432\u043b\u0435\u043d\u0438\u0435"},"content":{"rendered":"<div class=\"bde-globalblock-206-101 bde-globalblock\"><style>.breakdance .bde-section-159-100-159-1{background-image:url(https:\/\/eakl.ee\/wp-content\/uploads\/2025\/07\/Juhtimine-1-scaled.jpg)}.breakdance .bde-section-159-100-159-1>.section-background-overlay{background-color:#420513A1;transition:background-color var(--bde-transition-duration) ease-in-out}<\/style><section id=\"page-banner\" class=\"bde-section-159-100-159-1 bde-section page-banner bde-section-159-100\">\n              \n  \n  \n\t\n\n  <div class=\"section-background-overlay\"><\/div>\n\n\n<div class=\"section-container\"><h2 class=\"bde-heading-159-103-159-1 bde-heading bde-heading-159-103\">\n\u0423\u043f\u0440\u0430\u0432\u043b\u0435\u043d\u0438\u0435\n<\/h2><\/div>\n<\/section><\/div><section class=\"bde-section-206-102 bde-section\">\n  \n  \n\t\n\n\n\n<div class=\"section-container\"><div class=\"bde-rich-text-206-125 bde-rich-text breakdance-rich-text-styles\">\n<h4 class=\"bde-heading-206-116 bde-heading\"><strong><span style=\"color: #d91246;\">\u0420\u0423\u041a\u041e\u0412\u041e\u0414\u0421\u0422\u0412\u041e \u0426\u0415\u041d\u0422\u0420\u0410\u041b\u042c\u041d\u042b\u041c \u0421\u041e\u042e\u0417\u041e\u041c \u041f\u0420\u041e\u0424\u0421\u041e\u042e\u0417\u041e\u0412 \u041e\u0421\u0423\u0429\u0415\u0421\u0422\u0412\u041b\u042f\u042e\u0422 \u041f\u0420\u0415\u0414\u0421\u0422\u0410\u0412\u0418\u0422\u0415\u041b\u0418 \u0420\u0410\u0411\u041e\u0422\u041d\u0418\u041a\u041e\u0412<br \/><br \/><\/span><\/strong><\/h4><p class=\"bde-heading-206-116 bde-heading\">\u042d\u0441\u0442\u043e\u043d\u0441\u043a\u0438\u0439 \u0421\u043e\u0432\u0435\u0442 \u043f\u0440\u043e\u0444\u0441\u043e\u044e\u0437\u043e\u0432 \u042d\u0441\u0442\u043e\u043d\u0438\u0438 (EAKL) - \u044d\u0442\u043e \u0434\u0435\u043c\u043e\u043a\u0440\u0430\u0442\u0438\u0447\u0435\u0441\u043a\u0430\u044f \u043f\u0440\u0435\u0434\u0441\u0442\u0430\u0432\u0438\u0442\u0435\u043b\u044c\u043d\u0430\u044f \u043e\u0440\u0433\u0430\u043d\u0438\u0437\u0430\u0446\u0438\u044f, \u0432\u043e\u0437\u0433\u043b\u0430\u0432\u043b\u044f\u0435\u043c\u0430\u044f \u0438\u0437\u0431\u0440\u0430\u043d\u043d\u044b\u043c\u0438 \u043f\u0440\u0435\u0434\u0441\u0442\u0430\u0432\u0438\u0442\u0435\u043b\u044f\u043c\u0438 \u0440\u0430\u0431\u043e\u0442\u043d\u0438\u043a\u043e\u0432. \u0415\u0435 \u0441\u0442\u0440\u0443\u043a\u0442\u0443\u0440\u0430 \u0443\u043f\u0440\u0430\u0432\u043b\u0435\u043d\u0438\u044f \u043e\u0441\u043d\u043e\u0432\u0430\u043d\u0430 \u043d\u0430 \u0447\u0435\u0442\u043a\u0438\u0445 \u043f\u0440\u0438\u043d\u0446\u0438\u043f\u0430\u0445 \u043f\u0440\u043e\u0437\u0440\u0430\u0447\u043d\u043e\u0441\u0442\u0438, \u043f\u0440\u0435\u0434\u0441\u0442\u0430\u0432\u0438\u0442\u0435\u043b\u044c\u0441\u0442\u0432\u0430 \u0438 \u0434\u0435\u043c\u043e\u043a\u0440\u0430\u0442\u0438\u0438 \u0443\u0447\u0430\u0441\u0442\u0438\u044f.<\/p><p>\u042d\u0441\u0442\u043e\u043d\u0441\u043a\u0438\u0439 \u0421\u043e\u0432\u0435\u0442 \u043f\u0440\u043e\u0444\u0441\u043e\u044e\u0437\u043e\u0432 (EAKL)  \u0443\u043f\u0440\u0430\u0432\u043b\u044f\u0435\u0442\u0441\u044f \u0447\u0435\u0442\u044b\u0440\u0435\u0445\u0443\u0440\u043e\u0432\u043d\u0435\u0432\u043e\u0439 \u0441\u0442\u0440\u0443\u043a\u0442\u0443\u0440\u043e\u0439 \u0443\u043f\u0440\u0430\u0432\u043b\u0435\u043d\u0438\u044f: \u0432\u044b\u0441\u0448\u0438\u043c \u0440\u0443\u043a\u043e\u0432\u043e\u0434\u044f\u0449\u0438\u043c \u043e\u0440\u0433\u0430\u043d\u043e\u043c \u044f\u0432\u043b\u044f\u0435\u0442\u0441\u044f \u0421\u044a\u0435\u0437\u0434, \u043a\u043e\u0442\u043e\u0440\u044b\u0439 \u0441\u043e\u0431\u0438\u0440\u0430\u0435\u0442\u0441\u044f \u0440\u0430\u0437 \u0432 \u0447\u0435\u0442\u044b\u0440\u0435 \u0433\u043e\u0434\u0430, \u0430 \u0432 \u043f\u0440\u043e\u043c\u0435\u0436\u0443\u0442\u043a\u0430\u0445 - \u0421\u043e\u0432\u0435\u0442 \u0443\u043f\u043e\u043b\u043d\u043e\u043c\u043e\u0447\u0435\u043d\u043d\u044b\u0445. \u041f\u0440\u0430\u0432\u043b\u0435\u043d\u0438\u0435 \u043f\u0440\u043e\u0432\u043e\u0434\u0438\u0442 \u0435\u0436\u0435\u043c\u0435\u0441\u044f\u0447\u043d\u044b\u0435 \u0437\u0430\u0441\u0435\u0434\u0430\u043d\u0438\u044f, \u0430 \u0433\u043b\u0430\u0432\u043d\u044b\u0439 \u0438\u0441\u043f\u043e\u043b\u043d\u0438\u0442\u0435\u043b\u044c\u043d\u044b\u0439 \u0434\u0440\u0443\u043a\u043e\u0432\u043e\u0434\u0438\u0442\u0435\u043b\u044c \u044f\u0432\u043b\u044f\u0435\u0442\u0441\u044f \u0442\u0430\u043a\u0436\u0435 \u043f\u0440\u0435\u0437\u0438\u0434\u0435\u043d\u0442\u043e\u043c EAKL.<\/p><div class=\"bde-rich-text-206-103 bde-rich-text breakdance-rich-text-styles\"><p><span data-contrast=\"auto\">\u041f\u0440\u0435\u0437\u0438\u0434\u0435\u043d\u0442 \u0441\u043e\u044e\u0437\u0430 \u043f\u0440\u043e\u0444\u0441\u043e\u044e\u0437\u043e\u0432 \u0438\u0437\u0431\u0438\u0440\u0430\u0435\u0442\u0441\u044f \u043d\u0430 \u0441\u044a\u0435\u0437\u0434\u0435 \u043d\u0430 \u0447\u0435\u0442\u044b\u0440\u0435\u0445\u043b\u0435\u0442\u043d\u0438\u0439 \u0441\u0440\u043e\u043a \u0438\u0437 \u0447\u0438\u0441\u043b\u0430 \u043a\u0430\u043d\u0434\u0438\u0434\u0430\u0442\u043e\u0432, \u0432\u044b\u0434\u0432\u0438\u043d\u0443\u0442\u044b\u0445 \u0447\u043b\u0435\u043d\u0430\u043c\u0438 \u0421\u043e\u044e\u0437\u0430. \u041d\u044b\u043d\u0435\u0448\u043d\u0438\u0439 \u043f\u0440\u0435\u0437\u0438\u0434\u0435\u043d\u0442, \u041a\u0430\u0439\u044f \u0412\u0430\u0441\u043a, \u0431\u044b\u043b \u0438\u0437\u0431\u0440\u0430\u043d \u043f\u0440\u0435\u0437\u0438\u0434\u0435\u043d\u0442\u043e\u043c \u043d\u0430 IX \u0441\u044a\u0435\u0437\u0434\u0435 \u0432 2023 \u0433\u043e\u0434\u0443.<\/span><\/p><p class=\"translation-block\">\u0423 \u0442\u0435\u0431\u044f \u0435\u0441\u0442\u044c \u0432\u043e\u043f\u0440\u043e\u0441\u044b \u043a \u043b\u0438\u0434\u0435\u0440\u0443  EAKL?\n\n\u0421\u0432\u044f\u0436\u0438\u0441\u044c : Kaia Vask - 513 7437, kaia.vask@eakl.ee<\/p><p><br \/><b><span data-contrast=\"auto\"><span style=\"color: #d91246;\">\u0421\u042a\u0415\u0417\u0414<\/span><\/span><\/b><\/p><p>\u0421\u044a\u0435\u0437\u0434 \u044f\u0432\u043b\u044f\u0435\u0442\u0441\u044f \u0432\u044b\u0441\u0448\u0438\u043c \u0440\u0443\u043a\u043e\u0432\u043e\u0434\u044f\u0449\u0438\u043c \u043e\u0440\u0433\u0430\u043d\u043e\u043c EAKL, \u043a\u043e\u0442\u043e\u0440\u044b\u0439 \u0443\u0442\u0432\u0435\u0440\u0436\u0434\u0430\u0435\u0442 \u043f\u043e\u043f\u0440\u0430\u0432\u043a\u0438 \u043a \u0423\u0441\u0442\u0430\u0432\u0443, \u0438\u0437\u0431\u0438\u0440\u0430\u0435\u0442 \u041f\u0440\u0435\u0437\u0438\u0434\u0435\u043d\u0442\u0430 EAKL, \u043e\u043f\u0440\u0435\u0434\u0435\u043b\u044f\u0435\u0442 \u0440\u0430\u0437\u043c\u0435\u0440 \u0447\u043b\u0435\u043d\u0441\u043a\u0438\u0445 \u0432\u0437\u043d\u043e\u0441\u043e\u0432 \u0438 \u0441\u0442\u0430\u0432\u0438\u0442 \u0441\u0442\u0440\u0430\u0442\u0435\u0433\u0438\u0447\u0435\u0441\u043a\u0438\u0435 \u0437\u0430\u0434\u0430\u0447\u0438 \u043d\u0430 \u0431\u043b\u0438\u0436\u0430\u0439\u0448\u0438\u0435 \u0447\u0435\u0442\u044b\u0440\u0435 \u0433\u043e\u0434\u0430 \u0434\u0435\u044f\u0442\u0435\u043b\u044c\u043d\u043e\u0441\u0442\u0438. \u0414\u0435\u043b\u0435\u0433\u0430\u0442\u044b \u043d\u0430 \u0421\u044a\u0435\u0437\u0434 \u0438\u0437\u0431\u0438\u0440\u0430\u044e\u0442\u0441\u044f \u043f\u0440\u043e\u0444\u0441\u043e\u044e\u0437\u0430\u043c\u0438, \u0432\u0445\u043e\u0434\u044f\u0449\u0438\u043c\u0438 \u0432 \u0441\u043e\u0441\u0442\u0430\u0432 \u0426\u0435\u043d\u0442\u0440\u0430\u043b\u044c\u043d\u043e\u0433\u043e \u0421\u043e\u0432\u0435\u0442\u0430 \u041f\u0440\u043e\u0444\u0441\u043e\u044e\u0437\u043e\u0432 \u042d\u0441\u0442\u043e\u043d\u0438\u0438.\u00a0<\/p><\/div><div class=\"bde-rich-text-206-118 bde-rich-text breakdance-rich-text-styles\"><p>\u00a0<\/p><p><b style=\"color: #d91246;\">\u0421\u041e\u0412\u0415\u0422 \u0423\u041f\u041e\u041b\u041d\u041e\u041c\u041e\u0427\u0415\u041d\u041d\u042b\u0425<br \/><br \/><\/b><span data-contrast=\"auto\">\u0421\u043e\u0432\u0435\u0442 \u0423\u043f\u043e\u043b\u043d\u043e\u043c\u043e\u0447\u0435\u043d\u043d\u044b\u0445 \u0441\u043e\u0441\u0442\u043e\u0438\u0442 \u0438\u0437 \u043f\u0440\u0435\u0434\u0441\u0442\u0430\u0432\u0438\u0442\u0435\u043b\u0435\u0439 \u0447\u043b\u0435\u043d\u043e\u0432 \u043f\u0440\u043e\u0444\u0441\u043e\u044e\u0437\u043d\u044b\u0445 \u043e\u0440\u0433\u0430\u043d\u0438\u0437\u0430\u0446\u0438\u0439, \u043a\u043e\u0442\u043e\u0440\u044b\u0435 \u0440\u0443\u043a\u043e\u0432\u043e\u0434\u044f\u0442 \u0434\u0435\u044f\u0442\u0435\u043b\u044c\u043d\u043e\u0441\u0442\u044c\u044e EAKL \u0432  \u043f\u0435\u0440\u0438\u043e\u0434 \u043c\u0435\u0436\u0434\u0443 \u0441\u044a\u0435\u0437\u0434\u0430\u043c\u0438. \u041e\u043d\u0438 \u043e\u043f\u0440\u0435\u0434\u0435\u043b\u044f\u044e\u0442 \u0441\u0442\u0440\u0430\u0442\u0435\u0433\u0438\u0447\u0435\u0441\u043a\u0438\u0435 \u0446\u0435\u043b\u0438 EAKL \u0438 \u0438\u0437\u0431\u0438\u0440\u0430\u044e\u0442 \u0447\u043b\u0435\u043d\u043e\u0432  \u041f\u0440\u0430\u0432\u043b\u0435\u043d\u0438\u044f. \u041e\u043d \u0442\u0430\u043a\u0436\u0435 \u0443\u0442\u0432\u0435\u0440\u0436\u0434\u0430\u0435\u0442 \u0431\u044e\u0434\u0436\u0435\u0442 \u0438 \u0433\u043e\u0434\u043e\u0432\u0443\u044e \u043e\u0442\u0447\u0435\u0442\u043d\u043e\u0441\u0442\u044c \u0421\u043e\u044e\u0437\u0430 \u043f\u0440\u043e\u0444\u0441\u043e\u044e\u0437\u043e\u0432 \u0438 \u0433\u043e\u0442\u043e\u0432\u0438\u0442 \u0441\u043b\u0435\u0434\u0443\u044e\u0449\u0438\u0439 \u0421\u044a\u0435\u0437\u0434.<\/span>\u00a0<b style=\"color: #d91246;\"><\/b><\/p><p><b style=\"color: #d91246;\"><br \/>\u041f\u0420\u0410\u0412\u041b\u0415\u041d\u0418\u0415<br \/><br \/><\/b>\u041f\u0440\u0430\u0432\u043b\u0435\u043d\u0438\u0435 - \u044d\u0442\u043e \u043f\u043e\u0441\u0442\u043e\u044f\u043d\u043d\u043e \u0434\u0435\u0439\u0441\u0442\u0432\u0443\u044e\u0449\u0438\u0439 \u0440\u0443\u043a\u043e\u0432\u043e\u0434\u044f\u0449\u0438\u0439 \u043e\u0440\u0433\u0430\u043d EAKL, \u0441\u043e\u0441\u0442\u043e\u044f\u0449\u0438\u0439 \u0438\u0437 \u0441\u0435\u043c\u0438 - 14 \u0447\u043b\u0435\u043d\u043e\u0432, \u0432\u043a\u043b\u044e\u0447\u0430\u044f \u043f\u0440\u0435\u0437\u0438\u0434\u0435\u043d\u0442\u0430 EAKL, \u0438 \u0441\u043e\u0431\u0438\u0440\u0430\u044e\u0449\u0438\u0439\u0441\u044f \u043d\u0435 \u043c\u0435\u043d\u0435\u0435 10 \u0440\u0430\u0437 \u0432 \u0433\u043e\u0434. \u041f\u0440\u0430\u0432\u043b\u0435\u043d\u0438\u0435 \u0440\u0443\u043a\u043e\u0432\u043e\u0434\u0438\u0442 \u043f\u043e\u0432\u0441\u0435\u0434\u043d\u0435\u0432\u043d\u043e\u0439 \u0434\u0435\u044f\u0442\u0435\u043b\u044c\u043d\u043e\u0441\u0442\u044c\u044e \u043f\u0440\u043e\u0444\u0441\u043e\u044e\u0437\u043e\u0432 \u042d\u0441\u0442\u043e\u043d\u0438\u0438, \u043d\u0430\u0447\u0438\u043d\u0430\u044f \u0441 \u0438\u0441\u043f\u043e\u043b\u043d\u0435\u043d\u0438\u044f \u0431\u044e\u0434\u0436\u0435\u0442\u0430 \u0438 \u0437\u0430\u043a\u0430\u043d\u0447\u0438\u0432\u0430\u044f \u043f\u0440\u0430\u043a\u0442\u0438\u043a\u043e\u0439 \u0440\u0430\u0431\u043e\u0442\u044b \u043e\u0440\u0433\u0430\u043d\u0438\u0437\u0430\u0446\u0438\u0438.<\/p><p><br \/><b style=\"color: #d91246;\">\u041f\u0420\u0415\u0414\u0421\u0415\u0414\u0410\u0422\u0415\u041b\u042c<br \/><br \/><\/b><span data-contrast=\"auto\">\u041f\u0440\u0435\u0434\u0441\u0435\u0434\u0430\u0442\u0435\u043b\u044c EAKL \u044f\u0432\u043b\u044f\u0435\u0442\u0441\u044f \u043e\u0434\u043d\u043e\u0432\u0440\u0435\u043c\u0435\u043d\u043d\u043e \u0438 \u0438\u0441\u043f\u043e\u043b\u043d\u0438\u0442\u0435\u043b\u044c\u043d\u044b\u043c \u0440\u0443\u043a\u043e\u0432\u043e\u0434\u0438\u0442\u0435\u043b\u0435\u043c \u0426\u0435\u043d\u0442\u0440\u0430\u043b\u044c\u043d\u043e\u0433\u043e \u0441\u043e\u044e\u0437\u0430 \u043f\u0440\u043e\u0444\u0441\u043e\u044e\u0437\u043e\u0432 \u042d\u0441\u0442\u043e\u043d\u0438\u0438, \u043a\u043e\u0442\u043e\u0440\u044b\u0439 \u043e\u0434\u043d\u043e\u0432\u0440\u0435\u043c\u0435\u043d\u043d\u043e \u044f\u0432\u043b\u044f\u0435\u0442\u0441\u044f \u0447\u043b\u0435\u043d\u043e\u043c \u043f\u0440\u0430\u0432\u043b\u0435\u043d\u0438\u044f \u0438 \u043a\u043e\u043e\u0440\u0434\u0438\u043d\u0430\u0442\u043e\u0440\u043e\u043c \u0440\u0430\u0431\u043e\u0442\u044b \u0440\u0443\u043a\u043e\u0432\u043e\u0434\u044f\u0449\u0438\u0445 \u043e\u0440\u0433\u0430\u043d\u043e\u0432. \u041e\u043d \u043f\u0440\u0435\u0434\u0441\u0442\u0430\u0432\u043b\u044f\u0435\u0442 EAKL \u0432\u043e \u0432\u0437\u0430\u0438\u043c\u043e\u0434\u0435\u0439\u0441\u0442\u0432\u0438\u0438 \u0441 \u043f\u0440\u0430\u0432\u0438\u0442\u0435\u043b\u044c\u0441\u0442\u0432\u043e\u043c, \u0440\u0430\u0431\u043e\u0442\u043e\u0434\u0430\u0442\u0435\u043b\u044f\u043c\u0438 \u0438 \u043f\u0430\u0440\u0442\u043d\u0451\u0440\u0430\u043c\u0438 \u043f\u043e \u0441\u043e\u0442\u0440\u0443\u0434\u043d\u0438\u0447\u0435\u0441\u0442\u0432\u0443, \u0430 \u0442\u0430\u043a\u0436\u0435 \u0432\u0435\u0434\u0451\u0442 \u043f\u0435\u0440\u0435\u0433\u043e\u0432\u043e\u0440\u044b \u0441 \u0440\u0430\u0431\u043e\u0442\u043e\u0434\u0430\u0442\u0435\u043b\u044f\u043c\u0438 \u043f\u043e \u0432\u043e\u043f\u0440\u043e\u0441\u0430\u043c \u043d\u0430\u0446\u0438\u043e\u043d\u0430\u043b\u044c\u043d\u043e\u0439 \u043c\u0438\u043d\u0438\u043c\u0430\u043b\u044c\u043d\u043e\u0439 \u0437\u0430\u0440\u0430\u0431\u043e\u0442\u043d\u043e\u0439 \u043f\u043b\u0430\u0442\u044b. <\/span><span data-ccp-props=\"{&quot;201341983&quot;:0,&quot;335559739&quot;:0,&quot;335559740&quot;:240}\">\u00a0<\/span><b style=\"color: #d91246;\"><\/b><\/p><p><br \/><b style=\"color: #d91246;\">\u0420\u0410\u0411\u041e\u0422\u041d\u0418\u041a\u0418<br \/><br \/><\/b>\u0420\u0443\u043a\u043e\u0432\u043e\u0434\u0441\u0442\u0432\u043e EAKL \u043e\u0441\u0443\u0449\u0435\u0441\u0442\u0432\u043b\u044f\u0435\u0442 \u043f\u043e\u0432\u0441\u0435\u0434\u043d\u0435\u0432\u043d\u0443\u044e \u0434\u0435\u044f\u0442\u0435\u043b\u044c\u043d\u043e\u0441\u0442\u044c, \u043e\u043f\u0438\u0440\u0430\u044f\u0441\u044c \u043d\u0430 \u0441\u043e\u0442\u0440\u0443\u0434\u043d\u0438\u043a\u043e\u0432 \u0432 \u0422\u0430\u043b\u043b\u0438\u043d\u0435 \u0438 \u0440\u0435\u0433\u0438\u043e\u043d\u0430\u043b\u044c\u043d\u044b\u0435 \u043e\u0442\u0434\u0435\u043b\u044b. \u041f\u0435\u0440\u0432\u044b\u0439 \u043e\u0431\u0435\u0441\u043f\u0435\u0447\u0438\u0432\u0430\u0435\u0442 \u0440\u0435\u0430\u043b\u0438\u0437\u0430\u0446\u0438\u044e \u0434\u0435\u044f\u0442\u0435\u043b\u044c\u043d\u043e\u0441\u0442\u0438 \u0421\u043e\u0432\u0435\u0442\u0430 \u043f\u0440\u043e\u0444\u0441\u043e\u044e\u0437\u043e\u0432 \u0432 \u0425\u0430\u0440\u044c\u044e\u043c\u0430\u0430, \u0430 \u043e\u0441\u0442\u0430\u043b\u044c\u043d\u044b\u0435 \u043e\u0440\u0433\u0430\u043d\u0438\u0437\u0443\u044e\u0442 \u043e\u0431\u043c\u0435\u043d \u0438\u043d\u0444\u043e\u0440\u043c\u0430\u0446\u0438\u0435\u0439 \u0438 \u0441\u043e\u0442\u0440\u0443\u0434\u043d\u0438\u0447\u0435\u0441\u0442\u0432\u043e \u0432 \u0422\u0430\u0440\u0442\u0443, \u041f\u044f\u0440\u043d\u0443 \u0438 \u041d\u0430\u0440\u0432\u0435.<b style=\"color: #d91246;\"><\/b><\/p><\/div>\n<\/div><div class=\"bde-globalblock-206-124 bde-globalblock\"><section class=\"bde-section-2003-100-2003-1 bde-section bde-section-2003-100\">\n  \n  \n\t\n\n\n\n<div class=\"section-container\"><a class=\"bde-text-link-2003-101-2003-1 bde-text-link bde-text-link-2003-101 breakdance-link\" href=\"https:\/\/eakl.ee\/ru\/liikmed\/\" target=\"_self\" data-type=\"url\">\n  <h4 >\n  \u041f\u0440\u0438\u0441\u043e\u0435\u0434\u0438\u043d\u044f\u0439\u0442\u0435\u0441\u044c \u0437\u0434\u0435\u0441\u044c!\n  <\/h4>\n\n<\/a><div class=\"bde-text-2003-102-2003-1 bde-text bde-text-2003-102\">\n\u041f\u0440\u043e\u0444\u0441\u043e\u044e\u0437 \u2014 \u044d\u0442\u043e \u0442\u0432\u043e\u0451 \u0441\u043e\u043e\u0431\u0449\u0435\u0441\u0442\u0432\u043e!\n\u0412\u0441\u0442\u0443\u043f\u0430\u044f \u0432 \u043f\u0440\u043e\u0444\u0441\u043e\u044e\u0437, \u0442\u044b \u0434\u0435\u043b\u0430\u0435\u0448\u044c \u0448\u0430\u0433 \u043d\u0435 \u0442\u043e\u043b\u044c\u043a\u043e \u0434\u043b\u044f \u0441\u0435\u0431\u044f \u2014\u0442\u044b \u043f\u043e\u043c\u043e\u0433\u0430\u0435\u0448\u044c \u043c\u0435\u043d\u044f\u0442\u044c \u0442\u0440\u0443\u0434\u043e\u0432\u0443\u044e \u0436\u0438\u0437\u043d\u044c \u043a \u043b\u0443\u0447\u0448\u0435\u043c\u0443 \u0434\u043b\u044f \u0432\u0441\u0435\u0445.\n\u042d\u0442\u043e \u043f\u0440\u043e \u043f\u043e\u0434\u0434\u0435\u0440\u0436\u043a\u0443. \u041f\u0440\u043e \u0441\u043e\u043b\u0438\u0434\u0430\u0440\u043d\u043e\u0441\u0442\u044c. \u041f\u0440\u043e \u0441\u0438\u043b\u0443 \u0431\u044b\u0442\u044c \u0443\u0441\u043b\u044b\u0448\u0430\u043d\u043d\u044b\u043c. \u0412\u043c\u0435\u0441\u0442\u0435 \u043c\u044b \u043c\u043e\u0436\u0435\u043c \u0431\u043e\u043b\u044c\u0448\u0435 !\n\u0421\u043e\u0437\u0434\u0430\u0451\u043c \u043b\u0443\u0447\u0448\u0435\u0435 \u0431\u0443\u0434\u0443\u0449\u0435\u0435 \u0442\u0440\u0443\u0434\u0430 \u0432 \u042d\u0441\u0442\u043e\u043d\u0438\u0438 \u2014 \u0432\u043c\u0435\u0441\u0442\u0435. \u041f\u0440\u0438\u0441\u043e\u0435\u0434\u0438\u043d\u044f\u0439\u0441\u044f! \n<\/div><\/div>\n<\/section><\/div><\/div>\n<\/section>","protected":false},"excerpt":{"rendered":"<p>Juhtimine AMETI\u00dcHINGUTE KESKLIITU JUHIVAD T\u00d6\u00d6TAJATE ESINDAJADEesti Ameti\u00fchingute Keskliit (EAKL) on demokraatlik esindusorganisatsioon, mida juhivad t\u00f6\u00f6tajate valitud esindajad. Juhtimisstruktuur toetub selgetele p\u00f5him\u00f5tetele, milleks on l\u00e4bipaistvus, esindatus ja osalusdemokraatia.EAKLi juhtimine on 4-tasandiline: k\u00f5rgeim juhtorgan on \u00fcle nelja aasta kogunev kongress, mille vahepealsel ajal juhib organisatsiooni volikogu. Igakuiselt k\u00e4ib koos juhatus ning keskliidu tegevjuht on \u00fchtlasi EAKL-i esimees.Ameti\u00fchingute [&hellip;]<\/p>","protected":false},"author":2,"featured_media":332,"parent":0,"menu_order":0,"comment_status":"closed","ping_status":"closed","template":"","meta":{"_acf_changed":false,"_breakdance_hide_in_design_set":false,"_breakdance_tags":"","footnotes":""},"class_list":["post-206","page","type-page","status-publish","has-post-thumbnail","hentry"],"acf":[],"_links":{"self":[{"href":"https:\/\/eakl.ee\/ru\/wp-json\/wp\/v2\/pages\/206","targetHints":{"allow":["GET"]}}],"collection":[{"href":"https:\/\/eakl.ee\/ru\/wp-json\/wp\/v2\/pages"}],"about":[{"href":"https:\/\/eakl.ee\/ru\/wp-json\/wp\/v2\/types\/page"}],"author":[{"embeddable":true,"href":"https:\/\/eakl.ee\/ru\/wp-json\/wp\/v2\/users\/2"}],"replies":[{"embeddable":true,"href":"https:\/\/eakl.ee\/ru\/wp-json\/wp\/v2\/comments?post=206"}],"version-history":[{"count":29,"href":"https:\/\/eakl.ee\/ru\/wp-json\/wp\/v2\/pages\/206\/revisions"}],"predecessor-version":[{"id":2925,"href":"https:\/\/eakl.ee\/ru\/wp-json\/wp\/v2\/pages\/206\/revisions\/2925"}],"wp:featuredmedia":[{"embeddable":true,"href":"https:\/\/eakl.ee\/ru\/wp-json\/wp\/v2\/media\/332"}],"wp:attachment":[{"href":"https:\/\/eakl.ee\/ru\/wp-json\/wp\/v2\/media?parent=206"}],"curies":[{"name":"wp","href":"https:\/\/api.w.org\/{rel}","templated":true}]}}