{"id":144,"date":"2025-07-03T09:53:52","date_gmt":"2025-07-03T06:53:52","guid":{"rendered":"https:\/\/eakl.ee\/?page_id=144"},"modified":"2025-10-29T10:46:40","modified_gmt":"2025-10-29T08:46:40","slug":"eesmark-2030","status":"publish","type":"page","link":"https:\/\/eakl.ee\/ru\/eesmark-2030\/","title":{"rendered":"\u0426\u0435\u043b\u044c 2030"},"content":{"rendered":"<div class=\"bde-globalblock-144-153 bde-globalblock\"><style>.breakdance .bde-section-159-100-159-1{background-image:url(https:\/\/eakl.ee\/wp-content\/uploads\/2025\/07\/Eesmark-1-1.png)}.breakdance .bde-section-159-100-159-1>.section-background-overlay{background-color:#420513A1;transition:background-color var(--bde-transition-duration) ease-in-out}<\/style><section id=\"page-banner\" class=\"bde-section-159-100-159-1 bde-section page-banner bde-section-159-100\">\n              \n  \n  \n\t\n\n  <div class=\"section-background-overlay\"><\/div>\n\n\n<div class=\"section-container\"><h2 class=\"bde-heading-159-103-159-1 bde-heading bde-heading-159-103\">\n\u0426\u0435\u043b\u044c 2030\n<\/h2><\/div>\n<\/section><\/div><section class=\"bde-section-144-102 bde-section\">\n  \n  \n\t\n\n\n\n<div class=\"section-container\"><div class=\"bde-rich-text-144-198 bde-rich-text breakdance-rich-text-styles\">\n<h3><span style=\"color: #d91246;\">\u0426\u0435\u043b\u044c, \u043c\u0438\u0441\u0441\u0438\u044f \u0438 \u0432\u0438\u0434\u0435\u043d\u0438\u0435 \u043f\u0440\u043e\u0444\u0441\u043e\u044e\u0437\u043d\u043e\u0439 \u043a\u043e\u043d\u0444\u0435\u0434\u0435\u0440\u0430\u0446\u0438\u0438<\/span><\/h3><p class=\"bde-heading-144-182 bde-heading\"><span style=\"color: #d91246;\"><strong>\u0426\u0415\u041b\u042c<\/strong><\/span><br \/><strong>\u0412\u0441\u0435 \u0440\u0430\u0431\u043e\u0442\u043d\u0438\u043a\u0438 \u0432 \u042d\u0441\u0442\u043e\u043d\u0438\u0438 \u043f\u043e\u043b\u0443\u0447\u0430\u0442 \u0431\u043e\u043b\u0435\u0435 \u0441\u043f\u0440\u0430\u0432\u0435\u0434\u043b\u0438\u0432\u0443\u044e \u0437\u0430\u0440\u043f\u043b\u0430\u0442\u0443 \u0438 \u0431\u043e\u043b\u0435\u0435 \u0431\u0435\u0437\u043e\u043f\u0430\u0441\u043d\u0443\u044e \u0442\u0440\u0443\u0434\u043e\u0432\u0443\u044e \u0436\u0438\u0437\u043d\u044c.<br \/><\/strong>\u0420\u0430\u0431\u043e\u0447\u0438\u0435 \u0441\u043e\u0437\u0434\u0430\u043b\u0438 \u043f\u0440\u043e\u0444\u0441\u043e\u044e\u0437\u044b, \u0447\u0442\u043e\u0431\u044b \u0434\u043e\u0431\u0438\u0442\u044c\u0441\u044f \u0441\u043f\u0440\u0430\u0432\u0435\u0434\u043b\u0438\u0432\u043e\u0441\u0442\u0438 \u043d\u0430 \u0440\u0430\u0431\u043e\u0442\u0435 - \u043c\u0435\u0441\u0442\u0435, \u0433\u0434\u0435 \u0437\u0430\u0440\u0430\u0431\u0430\u0442\u044b\u0432\u0430\u044e\u0442\u0441\u044f \u043d\u0430\u0448\u0438 \u0434\u043e\u0445\u043e\u0434\u044b, \u043d\u0430\u043f\u0440\u044f\u043c\u0443\u044e \u0432\u043b\u0438\u044f\u044e\u0449\u0438\u0435 \u043d\u0430 \u043d\u0430\u0448\u0435 \u0447\u0443\u0432\u0441\u0442\u0432\u043e \u0431\u0435\u0437\u043e\u043f\u0430\u0441\u043d\u043e\u0441\u0442\u0438 \u0438 \u043a\u0430\u0447\u0435\u0441\u0442\u0432\u043e \u0436\u0438\u0437\u043d\u0438.<br \/><br \/><\/p><p class=\"bde-heading-144-182 bde-heading\"><span style=\"color: #d91246;\"><strong>\u041c\u0418\u0421\u0421\u0418\u042f<\/strong><\/span><br \/><strong>\u0413\u043e\u043b\u043e\u0441\u0430 \u0442\u0440\u0443\u0434\u044f\u0449\u0438\u0445\u0441\u044f \u0432 \u042d\u0441\u0442\u043e\u043d\u0438\u0438 \u0441\u0442\u0430\u043b\u0438 \u0441\u0438\u043b\u044c\u043d\u0435\u0435, \u0430 \u0441\u043f\u0440\u0430\u0432\u0435\u0434\u043b\u0438\u0432\u0430\u044f \u0442\u0440\u0443\u0434\u043e\u0432\u0430\u044f \u0436\u0438\u0437\u043d\u044c \u0441\u0442\u0430\u043b\u0430 \u043d\u043e\u0440\u043c\u043e\u0439.<br \/><\/strong>\u041a\u0430\u0436\u0434\u044b\u0439 \u0434\u0435\u043d\u044c \u043c\u044b \u0432\u044b\u0441\u0442\u0443\u043f\u0430\u0435\u043c \u0437\u0430 \u0437\u0430\u0449\u0438\u0442\u0443 \u0438 \u0440\u0430\u0441\u0448\u0438\u0440\u0435\u043d\u0438\u0435 \u043f\u0440\u0430\u0432 \u0442\u0440\u0443\u0434\u044f\u0449\u0438\u0445\u0441\u044f. \u0427\u0442\u043e\u0431\u044b \u0440\u0430\u0431\u043e\u0442\u043e\u0434\u0430\u0442\u0435\u043b\u0438 \u0441\u043e\u0431\u043b\u044e\u0434\u0430\u043b\u0438 \u0437\u0430\u043a\u043e\u043d \u0438 \u0447\u0442\u043e\u0431\u044b \u043f\u043e \u043a\u0440\u0430\u0439\u043d\u0435\u0439 \u043c\u0435\u0440\u0435 80% \u0440\u0430\u0431\u043e\u0442\u043d\u0438\u043a\u043e\u0432 \u0431\u044b\u043b\u0438 \u043e\u0445\u0432\u0430\u0447\u0435\u043d\u044b \u043a\u043e\u043b\u043b\u0435\u043a\u0442\u0438\u0432\u043d\u044b\u043c\u0438 \u0434\u043e\u0433\u043e\u0432\u043e\u0440\u0430\u043c\u0438, \u043a\u043e\u0442\u043e\u0440\u044b\u0435 \u0433\u0430\u0440\u0430\u043d\u0442\u0438\u0440\u0443\u044e\u0442 \u0438\u043c \u043b\u0443\u0447\u0448\u0438\u0435 \u0443\u0441\u043b\u043e\u0432\u0438\u044f \u0442\u0440\u0443\u0434\u0430 \u0438 \u0431\u0435\u0437\u043e\u043f\u0430\u0441\u043d\u043e\u0441\u0442\u044c.<br \/><br \/><\/p><p class=\"bde-heading-144-182 bde-heading\"><strong><span style=\"color: #d91246;\">\u0412\u0418\u0414\u0415\u041e<\/span><\/strong><br \/>I<strong>\u0441 \u0441\u043e\u0442\u0440\u0443\u0434\u043d\u0438\u043a\u043e\u043c \u043c\u043e\u0436\u0435\u0442\u00a0<\/strong><strong>\u0412 \u042d\u0441\u0442\u043e\u043d\u0438\u0438\u00a0<\/strong><strong>\u0441\u043f\u0440\u0430\u0432\u0435\u0434\u043b\u0438\u0432\u0443\u044e \u0437\u0430\u0440\u0430\u0431\u043e\u0442\u043d\u0443\u044e \u043f\u043b\u0430\u0442\u0443 \u0438 \u0440\u0430\u0431\u043e\u0442\u0430\u0442\u044c \u0432 \u0441\u043f\u0440\u0430\u0432\u0435\u0434\u043b\u0438\u0432\u044b\u0445 \u0438 \u0431\u0435\u0437\u043e\u043f\u0430\u0441\u043d\u044b\u0445 \u0443\u0441\u043b\u043e\u0432\u0438\u044f\u0445.<br \/><\/strong>\u041e\u0441\u043e\u0431\u0435\u043d\u043d\u043e \u0432\u0430\u0436\u043d\u0430 \u0441\u043f\u0440\u0430\u0432\u0435\u0434\u043b\u0438\u0432\u0430\u044f \u043e\u043f\u043b\u0430\u0442\u0430 \u0442\u0440\u0443\u0434\u0430 - \u043e\u043f\u043b\u0430\u0442\u0430, \u043a\u043e\u0442\u043e\u0440\u0430\u044f \u043f\u043e\u043a\u0440\u044b\u0432\u0430\u0435\u0442 \u043f\u043e\u0432\u0441\u0435\u0434\u043d\u0435\u0432\u043d\u044b\u0435 \u0440\u0430\u0441\u0445\u043e\u0434\u044b \u0440\u0430\u0431\u043e\u0442\u043d\u0438\u043a\u0430, \u0443\u0447\u0438\u0442\u044b\u0432\u0430\u0435\u0442 \u0435\u0433\u043e \u0444\u0430\u043a\u0442\u0438\u0447\u0435\u0441\u043a\u0443\u044e \u043d\u0430\u0433\u0440\u0443\u0437\u043a\u0443 \u0438 \u043f\u043e\u0437\u0432\u043e\u043b\u044f\u0435\u0442 \u0435\u043c\u0443 \u0436\u0438\u0442\u044c \u0434\u043e\u0441\u0442\u043e\u0439\u043d\u043e.<br \/><br \/><\/p><p class=\"bde-heading-144-182 bde-heading\"><span style=\"color: #d91246;\"><strong>\u041a\u0410\u041a \u041a\u041e\u041d\u0424\u0415\u0414\u0415\u0420\u0410\u0426\u0418\u042f \u041f\u0420\u041e\u0424\u0421\u041e\u042e\u0417\u041e\u0412 \u0411\u0423\u0414\u0415\u0422 \u0414\u041e\u0411\u0418\u0412\u0410\u0422\u042c\u0421\u042f \u042d\u0422\u041e\u0413\u041e?<br \/><span style=\"color: #000000;\">\u041c\u044b \u044f\u0432\u043b\u044f\u0435\u043c\u0441\u044f \u043d\u0430\u0434\u0435\u0436\u043d\u044b\u043c \u043f\u0440\u0435\u0434\u0441\u0442\u0430\u0432\u0438\u0442\u0435\u043b\u0435\u043c \u044d\u0441\u0442\u043e\u043d\u0441\u043a\u0438\u0445 \u0440\u0430\u0431\u043e\u0447\u0438\u0445 \u043f\u0435\u0440\u0435\u0434 \u043f\u0440\u0430\u0432\u0438\u0442\u0435\u043b\u044c\u0441\u0442\u0432\u043e\u043c, \u0440\u0430\u0431\u043e\u0442\u043e\u0434\u0430\u0442\u0435\u043b\u044f\u043c\u0438 \u0438 \u043e\u0431\u0449\u0435\u0441\u0442\u0432\u043e\u043c!<\/span><\/strong><\/span><br \/><span style=\"color: #000000;\">\u041a\u043e\u043d\u0444\u0435\u0434\u0435\u0440\u0430\u0446\u0438\u044f \u043f\u0440\u043e\u0444\u0441\u043e\u044e\u0437\u043e\u0432 \u042d\u0441\u0442\u043e\u043d\u0438\u0438 \u0431\u0443\u0434\u0435\u0442 \u0440\u0435\u0430\u043b\u0438\u0437\u043e\u0432\u044b\u0432\u0430\u0442\u044c \u044d\u0442\u0438 \u0446\u0435\u043b\u0438 \u0432\u043c\u0435\u0441\u0442\u0435 \u0441 \u0434\u0440\u0443\u0433\u0438\u043c\u0438 \u043f\u0440\u043e\u0444\u0441\u043e\u044e\u0437\u0430\u043c\u0438, \u043f\u0430\u0440\u0442\u043d\u0435\u0440\u0430\u043c\u0438 \u0438 \u043c\u0435\u0436\u0434\u0443\u043d\u0430\u0440\u043e\u0434\u043d\u044b\u043c\u0438 \u043f\u0440\u043e\u0444\u0441\u043e\u044e\u0437\u043d\u044b\u043c\u0438 \u0437\u043e\u043d\u0442\u0438\u0447\u043d\u044b\u043c\u0438 \u043e\u0440\u0433\u0430\u043d\u0438\u0437\u0430\u0446\u0438\u044f\u043c\u0438.\u00a0<\/span><\/p>\n<\/div><div class=\"bde-globalblock-144-197 bde-globalblock\"><section class=\"bde-section-2003-100-2003-1 bde-section bde-section-2003-100\">\n  \n  \n\t\n\n\n\n<div class=\"section-container\"><a class=\"bde-text-link-2003-101-2003-1 bde-text-link bde-text-link-2003-101 breakdance-link\" href=\"https:\/\/eakl.ee\/ru\/liikmed\/\" target=\"_self\" data-type=\"url\">\n  <h4 >\n  \u041f\u0440\u0438\u0441\u043e\u0435\u0434\u0438\u043d\u044f\u0439\u0442\u0435\u0441\u044c \u0437\u0434\u0435\u0441\u044c!\n  <\/h4>\n\n<\/a><div class=\"bde-text-2003-102-2003-1 bde-text bde-text-2003-102\">\n\u041f\u0440\u043e\u0444\u0441\u043e\u044e\u0437 \u2014 \u044d\u0442\u043e \u0442\u0432\u043e\u0451 \u0441\u043e\u043e\u0431\u0449\u0435\u0441\u0442\u0432\u043e!\n\u0412\u0441\u0442\u0443\u043f\u0430\u044f \u0432 \u043f\u0440\u043e\u0444\u0441\u043e\u044e\u0437, \u0442\u044b \u0434\u0435\u043b\u0430\u0435\u0448\u044c \u0448\u0430\u0433 \u043d\u0435 \u0442\u043e\u043b\u044c\u043a\u043e \u0434\u043b\u044f \u0441\u0435\u0431\u044f \u2014\u0442\u044b \u043f\u043e\u043c\u043e\u0433\u0430\u0435\u0448\u044c \u043c\u0435\u043d\u044f\u0442\u044c \u0442\u0440\u0443\u0434\u043e\u0432\u0443\u044e \u0436\u0438\u0437\u043d\u044c \u043a \u043b\u0443\u0447\u0448\u0435\u043c\u0443 \u0434\u043b\u044f \u0432\u0441\u0435\u0445.\n\u042d\u0442\u043e \u043f\u0440\u043e \u043f\u043e\u0434\u0434\u0435\u0440\u0436\u043a\u0443. \u041f\u0440\u043e \u0441\u043e\u043b\u0438\u0434\u0430\u0440\u043d\u043e\u0441\u0442\u044c. \u041f\u0440\u043e \u0441\u0438\u043b\u0443 \u0431\u044b\u0442\u044c \u0443\u0441\u043b\u044b\u0448\u0430\u043d\u043d\u044b\u043c. \u0412\u043c\u0435\u0441\u0442\u0435 \u043c\u044b \u043c\u043e\u0436\u0435\u043c \u0431\u043e\u043b\u044c\u0448\u0435 !\n\u0421\u043e\u0437\u0434\u0430\u0451\u043c \u043b\u0443\u0447\u0448\u0435\u0435 \u0431\u0443\u0434\u0443\u0449\u0435\u0435 \u0442\u0440\u0443\u0434\u0430 \u0432 \u042d\u0441\u0442\u043e\u043d\u0438\u0438 \u2014 \u0432\u043c\u0435\u0441\u0442\u0435. \u041f\u0440\u0438\u0441\u043e\u0435\u0434\u0438\u043d\u044f\u0439\u0441\u044f! \n<\/div><\/div>\n<\/section><\/div><\/div>\n<\/section><div class=\"bde-globalblock-144-155 bde-globalblock\"><section class=\"bde-section-161-100-161-1 bde-section bde-section-161-100\">\n  \n  \n\t\n\n\n\n<div class=\"section-container\"><div class=\"bde-columns-161-101-161-1 bde-columns bde-columns-161-101\"><div class=\"bde-column-161-102-161-1 bde-column bde-column-161-102\">\n  \n  \n\t\n\n\n\n<h3 class=\"bde-heading-161-103-161-1 bde-heading bde-heading-161-103\">\n\u0412\u043e\u043f\u0440\u043e\u0441\u044b \u0438 \u043e\u0442\u0432\u0435\u0442\u044b \u043e \u0433\u0438\u0431\u043a\u043e\u043c \u0433\u0440\u0430\u0444\u0438\u043a\u0435 \u0440\u0430\u0431\u043e\u0442\u044b\n<\/h3>\n<\/div><div class=\"bde-column-161-104-161-1 bde-column bde-column-161-104\">\n  \n  \n\t\n\n\n\n<a class=\"bde-container-link-161-110-161-1 bde-container-link bde-container-link-161-110 breakdance-link\" href=\"https:\/\/eakl.ee\/ru\/konverents\/\" target=\"_self\" data-type=\"url\">\n  \n  \n\t\n\n\n\n<div class=\"bde-div-161-105-161-1 bde-div bde-div-161-105\">\n  \n  \n\t\n\n\n\n<div class=\"bde-div-161-106-161-1 bde-div bde-div-161-106\">\n  \n  \n\t\n\n\n\n<h4 class=\"bde-heading-161-107-161-1 bde-heading bde-heading-161-107\">\nLoe l\u00e4hemalt\n<\/h4><div class=\"bde-icon-161-108-161-1 bde-icon bde-icon-161-108\">\n\n    \n            <div class=\"bde-icon-icon breakdance-icon-atom\" >\n    \n                    <svg xmlns=\"http:\/\/www.w3.org\/2000\/svg\" viewbox=\"0 0 320 512\"><!--! Font Awesome Free 6.5.1 by @fontawesome - https:\/\/fontawesome.com License - https:\/\/fontawesome.com\/license\/free (Icons: CC BY 4.0, Fonts: SIL OFL 1.1, Code: MIT License) Copyright 2023 Fonticons, Inc. --><path d=\"M278.6 233.4c12.5 12.5 12.5 32.8 0 45.3l-160 160c-12.5 12.5-32.8 12.5-45.3 0s-12.5-32.8 0-45.3L210.7 256 73.4 118.6c-12.5-12.5-12.5-32.8 0-45.3s32.8-12.5 45.3 0l160 160z\"\/><\/svg>\n        \n        \n        \n            <\/div>\n    \n\n\n<\/div>\n<\/div>\n<\/div>\n\n<\/a>\n<\/div><\/div><\/div>\n<\/section><\/div>","protected":false},"excerpt":{"rendered":"<p>Eesm\u00e4rk 2030 Ameti\u00fchingute Keskliidu tegevuse eesm\u00e4rk, missioon ja visioonEESM\u00c4RKK\u00f5igil t\u00f6\u00f6tajatel on Eestis \u00f5iglasem palk ja turvalisem t\u00f6\u00f6elu.T\u00f6\u00f6tajad on loonud ameti\u00fchingud selleks, et tagada endale \u00f5iglus t\u00f6\u00f6l &#8211; kohas, kus kujuneb meie sissetulek, mis m\u00f5jutab otseselt meie turvatunnet ja elukvaliteeti.MISSIOONT\u00f6\u00f6tajate h\u00e4\u00e4l on Eestis tugevam ja \u00f5iglane t\u00f6\u00f6elu on muutunud normiks.Seisame iga p\u00e4ev selle eest, et t\u00f6\u00f6tajate [&hellip;]<\/p>","protected":false},"author":2,"featured_media":352,"parent":0,"menu_order":0,"comment_status":"closed","ping_status":"closed","template":"","meta":{"_acf_changed":false,"_breakdance_hide_in_design_set":false,"_breakdance_tags":"","footnotes":""},"class_list":["post-144","page","type-page","status-publish","has-post-thumbnail","hentry"],"acf":[],"_links":{"self":[{"href":"https:\/\/eakl.ee\/ru\/wp-json\/wp\/v2\/pages\/144","targetHints":{"allow":["GET"]}}],"collection":[{"href":"https:\/\/eakl.ee\/ru\/wp-json\/wp\/v2\/pages"}],"about":[{"href":"https:\/\/eakl.ee\/ru\/wp-json\/wp\/v2\/types\/page"}],"author":[{"embeddable":true,"href":"https:\/\/eakl.ee\/ru\/wp-json\/wp\/v2\/users\/2"}],"replies":[{"embeddable":true,"href":"https:\/\/eakl.ee\/ru\/wp-json\/wp\/v2\/comments?post=144"}],"version-history":[{"count":37,"href":"https:\/\/eakl.ee\/ru\/wp-json\/wp\/v2\/pages\/144\/revisions"}],"predecessor-version":[{"id":2408,"href":"https:\/\/eakl.ee\/ru\/wp-json\/wp\/v2\/pages\/144\/revisions\/2408"}],"wp:featuredmedia":[{"embeddable":true,"href":"https:\/\/eakl.ee\/ru\/wp-json\/wp\/v2\/media\/352"}],"wp:attachment":[{"href":"https:\/\/eakl.ee\/ru\/wp-json\/wp\/v2\/media?parent=144"}],"curies":[{"name":"wp","href":"https:\/\/api.w.org\/{rel}","templated":true}]}}