{"id":514,"date":"2025-09-05T12:23:02","date_gmt":"2025-09-05T09:23:02","guid":{"rendered":"https:\/\/eakl.ee\/?page_id=514"},"modified":"2025-10-10T23:15:49","modified_gmt":"2025-10-10T20:15:49","slug":"koostoo","status":"publish","type":"page","link":"https:\/\/eakl.ee\/en\/koostoo\/","title":{"rendered":"Cooperation"},"content":{"rendered":"<div class=\"bde-globalblock-514-100 bde-globalblock\"><style>.breakdance .bde-section-159-100-159-1{background-image:url(https:\/\/eakl.ee\/wp-content\/uploads\/2025\/09\/Koostoo.jpg)}.breakdance .bde-section-159-100-159-1>.section-background-overlay{background-color:#420513A1;transition:background-color var(--bde-transition-duration) ease-in-out}<\/style><section id=\"page-banner\" class=\"bde-section-159-100-159-1 bde-section page-banner bde-section-159-100\">\n              \n  \n  \n\t\n\n  <div class=\"section-background-overlay\"><\/div>\n\n\n<div class=\"section-container\"><h2 class=\"bde-heading-159-103-159-1 bde-heading bde-heading-159-103\">\nCooperation\n<\/h2><\/div>\n<\/section><\/div><section class=\"bde-section-514-101 bde-section\">\n  \n  \n\t\n\n\n\n<div class=\"section-container\"><div class=\"bde-rich-text-514-133 bde-rich-text breakdance-rich-text-styles\">\n<h4><span style=\"color: #d91246;\">SOCIAL PARTNERS<br \/><br \/><\/span><a href=\"https:\/\/employers.ee\" target=\"_blank\" rel=\"noopener\"><strong>ETC<\/strong><\/a> - Estonian Employers Confederation<br \/><strong><a href=\"https:\/\/talo.ee\" target=\"_blank\" rel=\"noopener\">TALO<\/a> <\/strong>- Central Organisation of Employees' Unions<br \/><br \/><\/h4><h4><span style=\"color: #d91246;\">INTERNATIONAL PARTNERS<\/span><\/h4><p><strong><a href=\"https:\/\/www.ilo.org\" target=\"_blank\" rel=\"noopener\">ILO<\/a> <\/strong>- International Labour Organization (ILO)<br \/><strong><a href=\"https:\/\/www.ituc-csi.org\" target=\"_blank\" rel=\"noopener\">ITUC<\/a> <\/strong>- International Trade Unions Confederation (ITUC)<br \/><strong><a href=\"https:\/\/www.etuc.org\/en\" target=\"_blank\" rel=\"noopener\">ETUC<\/a> <\/strong>- European Trade Union Confederation (ETUC)<br \/><strong><a href=\"https:\/\/www.sak.fi\" target=\"_blank\" rel=\"noopener\">SAK<\/a> <\/strong>- Central Organisation of Finnish Trade Unions<br \/><strong><a href=\"https:\/\/www.sttk.fi\" target=\"_blank\" rel=\"noopener\">STTK<\/a> <\/strong>- Finnish Confederation of Salaried Employees<br \/><strong><a href=\"https:\/\/akava.fi\" target=\"_blank\" rel=\"noopener\">AKAVA<\/a> <\/strong>- AKAVA\/Confederation of Unions for Academic Professionals in Finland<br \/><strong><a href=\"https:\/\/www.lo.se\" target=\"_blank\" rel=\"noopener\">LO-S<\/a> <\/strong>- Swedish Trade Union Confederation (STUC)<br \/><strong><a href=\"https:\/\/fho.dk\" target=\"_blank\" rel=\"noopener\">LO-DK<\/a> <\/strong>- Danish Confederation of Trade Unions (DFTU)<br \/><strong><a href=\"https:\/\/www.lpsk.lt\" target=\"_blank\" rel=\"noopener\">LPSK<\/a> <\/strong>- Lithuanian Trade Union Confederation (LTUC)<br \/><strong><a href=\"https:\/\/arodbiedribas.lv\" target=\"_blank\" rel=\"noopener\">LBAS<\/a> <\/strong>- Free Trade Union Confederation of Latvia<\/p>\n<\/div><\/div>\n<\/section>","protected":false},"excerpt":{"rendered":"<p>Koost\u00f6\u00f6 SOTSIAALPARTNERIDETTK &#8211; Eesti T\u00f6\u00f6andjate KeskliitTALO &#8211; Teenistujate Ametiliitude KeskorganisatsioonRAHVUSVAHELISED PARTNERIDILO &#8211; Rahvusvaheline T\u00f6\u00f6organisatsioon (International Labour Organization)ITUC &#8211; Rahvusvaheline Ameti\u00fchingute Konf\u00f6deratsioon (International Trade Unions Confederation)ETUC &#8211; Euroopa Ameti\u00fchingute Konf\u00f6deratsioon (European Trade Union Confederation)SAK &#8211; Soome Ameti\u00fchingute Keskorganisatsioon (Suomen Ammattiliittojen Keskusj\u00e4rjest\u00f6\/Central Organisation of Finnish Trade Unions)STTK &#8211; Toimihenkil\u00f6keskusj\u00e4rjest\u00f6 STTK\/Finnish Confederation of Salaried EmployeesAKAVA &#8211; Korkeakoulutettujen ammatillinen [&hellip;]<\/p>\n","protected":false},"author":7,"featured_media":515,"parent":0,"menu_order":0,"comment_status":"closed","ping_status":"closed","template":"","meta":{"_acf_changed":false,"_breakdance_hide_in_design_set":false,"_breakdance_tags":"","footnotes":""},"class_list":["post-514","page","type-page","status-publish","has-post-thumbnail","hentry"],"acf":[],"_links":{"self":[{"href":"https:\/\/eakl.ee\/en\/wp-json\/wp\/v2\/pages\/514","targetHints":{"allow":["GET"]}}],"collection":[{"href":"https:\/\/eakl.ee\/en\/wp-json\/wp\/v2\/pages"}],"about":[{"href":"https:\/\/eakl.ee\/en\/wp-json\/wp\/v2\/types\/page"}],"author":[{"embeddable":true,"href":"https:\/\/eakl.ee\/en\/wp-json\/wp\/v2\/users\/7"}],"replies":[{"embeddable":true,"href":"https:\/\/eakl.ee\/en\/wp-json\/wp\/v2\/comments?post=514"}],"version-history":[{"count":5,"href":"https:\/\/eakl.ee\/en\/wp-json\/wp\/v2\/pages\/514\/revisions"}],"predecessor-version":[{"id":2482,"href":"https:\/\/eakl.ee\/en\/wp-json\/wp\/v2\/pages\/514\/revisions\/2482"}],"wp:featuredmedia":[{"embeddable":true,"href":"https:\/\/eakl.ee\/en\/wp-json\/wp\/v2\/media\/515"}],"wp:attachment":[{"href":"https:\/\/eakl.ee\/en\/wp-json\/wp\/v2\/media?parent=514"}],"curies":[{"name":"wp","href":"https:\/\/api.w.org\/{rel}","templated":true}]}}