{"id":444,"date":"2025-09-03T15:29:55","date_gmt":"2025-09-03T12:29:55","guid":{"rendered":"https:\/\/eakl.ee\/?page_id=444"},"modified":"2026-04-26T14:12:30","modified_gmt":"2026-04-26T11:12:30","slug":"koolitused","status":"publish","type":"page","link":"https:\/\/eakl.ee\/en\/koolitused\/","title":{"rendered":"Training"},"content":{"rendered":"<div class=\"bde-globalblock-444-100 bde-globalblock\"><style>.breakdance .bde-section-159-100-159-1{background-image:url(https:\/\/eakl.ee\/wp-content\/uploads\/2025\/09\/Koolitused.jpg)}.breakdance .bde-section-159-100-159-1>.section-background-overlay{background-color:#420513A1;transition:background-color var(--bde-transition-duration) ease-in-out}<\/style><section id=\"page-banner\" class=\"bde-section-159-100-159-1 bde-section page-banner bde-section-159-100\">\n              \n  \n  \n\t\n\n  <div class=\"section-background-overlay\"><\/div>\n\n\n<div class=\"section-container\"><h2 class=\"bde-heading-159-103-159-1 bde-heading bde-heading-159-103\">\nTraining\n<\/h2><\/div>\n<\/section><\/div><section class=\"bde-section-444-101 bde-section\">\n  \n  \n\t\n\n\n\n<div class=\"section-container\"><div class=\"bde-rich-text-444-122 bde-rich-text breakdance-rich-text-styles\">\n<h4>PRINCIPLES OF TRAINING OF THE CENTRAL CONFEDERATION OF TRADE UNIONS<br \/><br \/><\/h4><p>The Estonian Trade Union Confederation (EAKL) organizes training courses of various lengths, from two hours to several days. The training is counted in academic hours, one hour lasts 45 minutes. The venue is the EAKL Conference Center (Laulupeo 24, Tallinn), which has all the technical equipment necessary for conducting the training.\u00a0<br \/><br \/><\/p><p><strong>Registering for and participating in the training<br \/><\/strong>To participate in the EAKL training, a person must be a member of a trade union belonging to the Estonian Trade Union Confederation. Confirmation of registration for the training will be sent to the participant by e-mail. Registration can be done either by e-mail: eakl@eakl.ee or by phone: 5565 6411, 641 2800.<\/p><p>EAKL reserves the right to make changes to the curriculum. If the training is canceled, all registered participants will be notified immediately.<\/p><p>Cancellations must be notified to EAKL as soon as possible. If the participant cancels the training less than 48 hours before the start of the training or during the training, the participation fee will not be refunded.<\/p><p>If the EAKL branch pays for a person participating in the training, an invoice with the payment deadline and details will be sent directly to the branch. The invoice will be sent simultaneously with the confirmation of registration for the training. VAT is not added to the tuition fee.<\/p><p><strong><br \/>Completion and certification of training<br \/><\/strong>Upon request, the participant will be issued a document certifying completion of the EAKL training, which is: a diploma if the participant has achieved the learning outcomes of the training, or a certificate if the duration of the training was less than six hours or the learning outcomes were not assessed.<\/p><p>Documents proving completion of training are retained and issued for up to three years from the date of training.<\/p><p><strong><br \/>Dispute resolution<br \/><\/strong>To challenge a decision related to the organization of studies, a written appeal must be submitted to EAKL. The appeal will be reviewed and the student will be notified of the decision within five working days.<\/p><p>If the participant disagrees with the decision, he or she has the right to appeal to court.<\/p><p><strong>\u00a0<\/strong><\/p>\n<\/div><\/div>\n<\/section>","protected":false},"excerpt":{"rendered":"<p>Koolitused AMETI\u00dcHINGUTE KESKLIIDU \u00d5PPEKORRALDUSE ALUSEDEesti Ameti\u00fchingute Keskliit (EAKL) korraldab erinevas mahus koolitusi, alates kahest tunnist kuni mitme p\u00e4evani. Koolituste mahtu arvestatakse akadeemilistes tundides, \u00fcks tund kestab 45 minutit. Toimumiskohaks on EAKL-i konverentsikeskus (Laulupeo 24, Tallinn), kus on olemas k\u00f5ik \u00f5ppet\u00f6\u00f6ks vajalikud tehnilised vahendid.\u00a0Koolitusele registreerumine ja osalemineEAKL-i koolitusel osalemiseks peab inimene olema Eesti Ameti\u00fchingute Keskliitu kuuluva [&hellip;]<\/p>\n","protected":false},"author":7,"featured_media":506,"parent":0,"menu_order":0,"comment_status":"closed","ping_status":"closed","template":"","meta":{"_acf_changed":false,"_breakdance_hide_in_design_set":false,"_breakdance_tags":"","footnotes":""},"class_list":["post-444","page","type-page","status-publish","has-post-thumbnail","hentry"],"acf":[],"_links":{"self":[{"href":"https:\/\/eakl.ee\/en\/wp-json\/wp\/v2\/pages\/444","targetHints":{"allow":["GET"]}}],"collection":[{"href":"https:\/\/eakl.ee\/en\/wp-json\/wp\/v2\/pages"}],"about":[{"href":"https:\/\/eakl.ee\/en\/wp-json\/wp\/v2\/types\/page"}],"author":[{"embeddable":true,"href":"https:\/\/eakl.ee\/en\/wp-json\/wp\/v2\/users\/7"}],"replies":[{"embeddable":true,"href":"https:\/\/eakl.ee\/en\/wp-json\/wp\/v2\/comments?post=444"}],"version-history":[{"count":9,"href":"https:\/\/eakl.ee\/en\/wp-json\/wp\/v2\/pages\/444\/revisions"}],"predecessor-version":[{"id":3466,"href":"https:\/\/eakl.ee\/en\/wp-json\/wp\/v2\/pages\/444\/revisions\/3466"}],"wp:featuredmedia":[{"embeddable":true,"href":"https:\/\/eakl.ee\/en\/wp-json\/wp\/v2\/media\/506"}],"wp:attachment":[{"href":"https:\/\/eakl.ee\/en\/wp-json\/wp\/v2\/media?parent=444"}],"curies":[{"name":"wp","href":"https:\/\/api.w.org\/{rel}","templated":true}]}}