{"id":438,"date":"2025-09-03T15:29:16","date_gmt":"2025-09-03T12:29:16","guid":{"rendered":"https:\/\/eakl.ee\/?page_id=438"},"modified":"2026-04-02T14:27:55","modified_gmt":"2026-04-02T11:27:55","slug":"kampaaniad","status":"publish","type":"page","link":"https:\/\/eakl.ee\/en\/kampaaniad\/","title":{"rendered":"Campaigns"},"content":{"rendered":"<p><span style=\"color: #d91246;\"><strong><img loading=\"lazy\" decoding=\"async\" class=\"size-medium wp-image-3209 alignleft\" src=\"https:\/\/eakl.ee\/wp-content\/uploads\/2025\/11\/Meeleavaldus-Toompeal-171125-300x225.jpg\" alt=\"\" width=\"300\" height=\"225\" srcset=\"https:\/\/eakl.ee\/wp-content\/uploads\/2025\/11\/Meeleavaldus-Toompeal-171125-300x225.jpg 300w, https:\/\/eakl.ee\/wp-content\/uploads\/2025\/11\/Meeleavaldus-Toompeal-171125-1024x768.jpg 1024w, https:\/\/eakl.ee\/wp-content\/uploads\/2025\/11\/Meeleavaldus-Toompeal-171125-768x576.jpg 768w, https:\/\/eakl.ee\/wp-content\/uploads\/2025\/11\/Meeleavaldus-Toompeal-171125-1536x1152.jpg 1536w, https:\/\/eakl.ee\/wp-content\/uploads\/2025\/11\/Meeleavaldus-Toompeal-171125-16x12.jpg 16w, https:\/\/eakl.ee\/wp-content\/uploads\/2025\/11\/Meeleavaldus-Toompeal-171125.jpg 2048w\" sizes=\"auto, (max-width: 300px) 100vw, 300px\" \/><\/strong><\/span><\/p>\n<p><span style=\"color: #d91246;\"><strong>Campaign against the draft amendment to the Employment Contracts Act (TLS 602SE\/602UA) in 2025<\/strong><\/span><\/p>\n<p>The Estonian Trade Union Confederation and other trade unions did not support the draft amendment to the Employment Contracts Act, as it significantly weakened the protection of employees' rights and the principles of social dialogue were not followed in its preparation. The draft amendment to the Employment Contracts Act (602SE, later 602UA) was submitted to the Riigikogu without taking into account the trade unions' proposals.<\/p>\n<p>The draft did not take into account the role of collective agreements in shaping working conditions and did not comply with the requirements of European Union directives on collective bargaining and minimum wage issues.<\/p>\n<p>The Estonian Trade Union Confederation and other trade unions considered such an approach unacceptable and launched a campaign against the bill with the aim of stopping its proceedings in the Riigikogu.<\/p>\n<p>The draft Employment Contracts Act (TLS 602UA) was referred to the Riigikogu plenary session again in January 2026, after which the President of the Republic promulgated the act on 29 January. The Employment Contracts Act entered into force on 13 February 2026.<\/p>\n<p><a href=\"https:\/\/eakl.ee\/wp-content\/uploads\/2026\/04\/TLS-602SE-kampaania-2025.pdf\">TLS 602SE campaign 2025 (in Estonian)<\/a><\/p>","protected":false},"excerpt":{"rendered":"<p>T\u00f6\u00f6lepingu seaduse muutmise eeln\u00f5u (TLS 602SE\/ 602UA) vastane kampaania 2025\/`26 Eesti Ameti\u00fchingute Keskliit ja teised ameti\u00fchingud ei toetanud t\u00f6\u00f6lepingu seaduse muutmise eeln\u00f5u, sest see n\u00f5rgestas oluliselt t\u00f6\u00f6tajate \u00f5iguste kaitset ning selle koostamisel ei j\u00e4rgitud sotsiaaldialoogi p\u00f5him\u00f5tteid. T\u00f6\u00f6lepingu seaduse muutmise eeln\u00f5u (602SE, hiljem 602UA) esitati Riigikogule ameti\u00fchingute ettepanekuid arvesse v\u00f5tmata. Eeln\u00f5us ei arvestatud kollektiivlepingute rolli t\u00f6\u00f6tingimuste [&hellip;]<\/p>\n","protected":false},"author":7,"featured_media":493,"parent":0,"menu_order":0,"comment_status":"closed","ping_status":"closed","template":"","meta":{"_acf_changed":false,"_breakdance_hide_in_design_set":false,"_breakdance_tags":"","footnotes":""},"class_list":["post-438","page","type-page","status-publish","has-post-thumbnail","hentry"],"acf":[],"_links":{"self":[{"href":"https:\/\/eakl.ee\/en\/wp-json\/wp\/v2\/pages\/438","targetHints":{"allow":["GET"]}}],"collection":[{"href":"https:\/\/eakl.ee\/en\/wp-json\/wp\/v2\/pages"}],"about":[{"href":"https:\/\/eakl.ee\/en\/wp-json\/wp\/v2\/types\/page"}],"author":[{"embeddable":true,"href":"https:\/\/eakl.ee\/en\/wp-json\/wp\/v2\/users\/7"}],"replies":[{"embeddable":true,"href":"https:\/\/eakl.ee\/en\/wp-json\/wp\/v2\/comments?post=438"}],"version-history":[{"count":14,"href":"https:\/\/eakl.ee\/en\/wp-json\/wp\/v2\/pages\/438\/revisions"}],"predecessor-version":[{"id":3403,"href":"https:\/\/eakl.ee\/en\/wp-json\/wp\/v2\/pages\/438\/revisions\/3403"}],"wp:featuredmedia":[{"embeddable":true,"href":"https:\/\/eakl.ee\/en\/wp-json\/wp\/v2\/media\/493"}],"wp:attachment":[{"href":"https:\/\/eakl.ee\/en\/wp-json\/wp\/v2\/media?parent=438"}],"curies":[{"name":"wp","href":"https:\/\/api.w.org\/{rel}","templated":true}]}}