{"id":418,"date":"2025-09-03T15:26:48","date_gmt":"2025-09-03T12:26:48","guid":{"rendered":"https:\/\/eakl.ee\/?page_id=418"},"modified":"2025-10-10T11:44:27","modified_gmt":"2025-10-10T08:44:27","slug":"kellega-liituda","status":"publish","type":"page","link":"https:\/\/eakl.ee\/en\/kellega-liituda\/","title":{"rendered":"Who to join"},"content":{"rendered":"<div class=\"bde-globalblock-418-100 bde-globalblock\"><style>.breakdance .bde-section-159-100-159-1{background-image:url(https:\/\/eakl.ee\/wp-content\/uploads\/2025\/09\/DSC_5440.jpg)}.breakdance .bde-section-159-100-159-1>.section-background-overlay{background-color:#420513A1;transition:background-color var(--bde-transition-duration) ease-in-out}<\/style><section id=\"page-banner\" class=\"bde-section-159-100-159-1 bde-section page-banner bde-section-159-100\">\n              \n  \n  \n\t\n\n  <div class=\"section-background-overlay\"><\/div>\n\n\n<div class=\"section-container\"><h2 class=\"bde-heading-159-103-159-1 bde-heading bde-heading-159-103\">\nWho to join\n<\/h2><\/div>\n<\/section><\/div><section class=\"bde-section-418-101 bde-section\">\n  \n  \n\t\n\n\n\n<div class=\"section-container\"><h5 class=\"bde-heading-418-102 bde-heading\">\nTrade unions\n<\/h5><div class=\"bde-text-418-103 bde-text\">\nA trade union is an organisation formed at the request and on the initiative of workers to improve working and living conditions and to defend workers' rights and interests, by workers acting collectively and in cooperation with the employer. Trade unions are independent of employers, public authorities and other organisations.<br><br>The benefits of trade union membership are particularly clear in situations where the employer wants to change the terms of the employment contract, for example by reducing pay. In such cases, trade union members can appoint a trustee, who has received special training, to negotiate on their behalf with the employer and who can be assisted by a trade union lawyer if necessary.\n<\/div><div class=\"bde-columns-418-275 bde-columns\"><div class=\"bde-column-418-276 bde-column\">\n  \n  \n\t\n\n\n\n<h5 class=\"bde-heading-418-277 bde-heading\">\nEstonian Union of Journalists\n<\/h5><div class=\"bde-rich-text-418-278 bde-rich-text breakdance-rich-text-styles\">\n<p><strong>Hotline<\/strong><br \/><a href=\"tel:646 3699\">646 3699<\/a><br \/><strong>E-mail<\/strong><br \/><a href=\"mailto:eal@eal.ee\">eal@eal.ee<\/a><br \/><strong>The address is<\/strong><br \/><a href=\"https:\/\/www.google.com\/maps\/place\/Gonsiori+tn+27,+10125+Tallinn\/@59.4342074,24.7682513,604m\/data=!3m2!1e3!4b1!4m6!3m5!1s0x469293591953d05f:0x64f19667db752f33!8m2!3d59.4342047!4d24.7708262!16s%2Fg%2F11rgdj8b2d?entry=ttu&amp;g_ep=EgoyMDI1MDkxNC4wIKXMDSoASAFQAw%3D%3D\" target=\"_blank\" rel=\"noopener\">Gonsiori 27, Tallinn 15029 , room 2510<\/a><br \/><strong>Website<\/strong><br \/><a href=\"http:\/\/www.eal.ee\" target=\"_blank\" rel=\"noopener\">www.eal.ee<\/a><\/p>\n<\/div>\n<\/div><div class=\"bde-column-418-279 bde-column\">\n  \n  \n\t\n\n\n\n<div class=\"bde-div-418-280 bde-div\">\n  \n  \n\t\n\n\n\n<div class=\"bde-div-418-281 bde-div\">\n  \n  \n\t\n\n\n\n<div class=\"bde-text-418-282 bde-text\">\nHelle Tiikmaa\n<\/div><div class=\"bde-text-418-283 bde-text\">\nChairman\n<\/div><div class=\"bde-rich-text-418-284 bde-rich-text breakdance-rich-text-styles\">\n<p><a href=\"tel:5333 9699\" target=\"_blank\" rel=\"noopener\">5333 9699<\/a><\/p>\n<\/div>\n<\/div>\n<\/div>\n<\/div><\/div><div class=\"bde-columns-418-110 bde-columns\"><div class=\"bde-column-418-111 bde-column\">\n  \n  \n\t\n\n\n\n<h5 class=\"bde-heading-418-112 bde-heading\">\nEstonian Energy Workers Trade Union Confederation\n<\/h5><div class=\"bde-rich-text-418-114 bde-rich-text breakdance-rich-text-styles\">\n<p><strong>Hotline<\/strong><br \/><a href=\"tel:55531578\">55531578<\/a><br \/><strong>E-mail<\/strong><br \/><a href=\"mailto:sander.vaikma@energeetik.ee\">sander.vaikma@energeetik.ee<\/a><br \/><strong>The address is<\/strong><br \/><a href=\"https:\/\/www.google.com\/maps\/place\/Laulupeo+tn+24,+10128+Tallinn\/@59.4324706,24.7747183,604m\/data=!3m1!1e3!4m6!3m5!1s0x469293582a6b6adb:0x9ef8b1c76e30d3b!8m2!3d59.4323369!4d24.7766656!16s%2Fg%2F11q2vvswwn?entry=ttu&amp;g_ep=EgoyMDI1MDgzMC4wIKXMDSoASAFQAw%3D%3D\" target=\"_blank\" rel=\"noopener\">Laulupeo 24, Central City, 10128, Tallinn, Harju county<\/a><br \/><strong>Website<\/strong><br \/><a href=\"http:\/\/www.energeetik.ee\" target=\"_blank\" rel=\"noopener\">http:\/\/www.energeetik.ee<\/a><\/p>\n<\/div>\n<\/div><div class=\"bde-column-418-115 bde-column\">\n  \n  \n\t\n\n\n\n<div class=\"bde-div-418-116 bde-div\">\n  \n  \n\t\n\n\n\n<div class=\"bde-div-418-118 bde-div\">\n  \n  \n\t\n\n\n\n<div class=\"bde-text-418-119 bde-text\">\nJ\u00fcri-Sander Vaikma\n<\/div><div class=\"bde-text-418-120 bde-text\">\nChairman\n<\/div><div class=\"bde-rich-text-418-145 bde-rich-text breakdance-rich-text-styles\">\n<p><a href=\"tel:55531578\" target=\"_blank\" rel=\"noopener\">55531578<\/a><\/p>\n<\/div><div class=\"bde-rich-text-418-146 bde-rich-text breakdance-rich-text-styles\">\n<p><a href=\"mailto:sander.vaikma@energeetik.ee\">sander.vaikma@energeetik.ee<\/a><\/p>\n<\/div>\n<\/div>\n<\/div>\n<\/div><\/div><div class=\"bde-columns-418-134 bde-columns\"><div class=\"bde-column-418-135 bde-column\">\n  \n  \n\t\n\n\n\n<h5 class=\"bde-heading-418-136 bde-heading\">\nEstonian Forest Workers Union\n<\/h5><div class=\"bde-rich-text-418-137 bde-rich-text breakdance-rich-text-styles\">\n<p><strong>Hotline<\/strong><br \/><a href=\"tel:6419187\">6419187<\/a><br \/><strong>E-mail<\/strong><br \/><a href=\"mailto:info@emtay.ee\">info@emtay.ee<\/a><br \/><strong>The address is<\/strong><br \/><a href=\"https:\/\/www.google.com\/maps\/search\/Fr.+R.+Kreutzwaldi+24,+10147,+Tallinn,+Harju+maakond\/@59.4325048,24.7669238,2415m\/data=!3m2!1e3!4b1?entry=ttu&amp;g_ep=EgoyMDI1MDgzMC4wIKXMDSoASAFQAw%3D%3D\" target=\"_blank\" rel=\"noopener\">Fr. R. Kreutzwaldi 24, 10147, Tallinn,<\/a><br \/><strong>Website<\/strong><br \/><a href=\"http:\/\/www.emtay.ee\" target=\"_blank\" rel=\"noopener\">http:\/\/www.emtay.ee<\/a><\/p>\n<\/div>\n<\/div><div class=\"bde-column-418-138 bde-column\">\n  \n  \n\t\n\n\n\n\n<\/div><\/div><div class=\"bde-columns-418-123 bde-columns\"><div class=\"bde-column-418-124 bde-column\">\n  \n  \n\t\n\n\n\n<h5 class=\"bde-heading-418-125 bde-heading\">\nEstonian Association of Health Care Professionals\n<\/h5><div class=\"bde-rich-text-418-126 bde-rich-text breakdance-rich-text-styles\">\n<p><strong>Hotline<\/strong><br \/><a href=\"tel:6313123\">6313123<\/a><br \/><strong>E-mail<\/strong><br \/><a href=\"mailto:kutseliit@kutseliit.eu\">kutseliit@kutseliit.eu<\/a><br \/><strong>The address is<\/strong><br \/><a href=\"https:\/\/www.google.com\/maps\/place\/Laulupeo+tn+24,+10128+Tallinn\/@59.4324706,24.7747183,604m\/data=!3m1!1e3!4m6!3m5!1s0x469293582a6b6adb:0x9ef8b1c76e30d3b!8m2!3d59.4323369!4d24.7766656!16s%2Fg%2F11q2vvswwn?entry=ttu&amp;g_ep=EgoyMDI1MDgzMC4wIKXMDSoASAFQAw%3D%3D\" target=\"_blank\" rel=\"noopener\">Laulupeo 24, Central City, 10128, Tallinn, Harju county<\/a><br \/><strong>Website<\/strong><br \/><a href=\"http:\/\/www.kutseliit.eu\" target=\"_blank\" rel=\"noopener\">http:\/\/www.kutseliit.eu<\/a><\/p>\n<\/div>\n<\/div><div class=\"bde-column-418-127 bde-column\">\n  \n  \n\t\n\n\n\n<div class=\"bde-div-418-128 bde-div\">\n  \n  \n\t\n\n\n\n<div class=\"bde-div-418-129 bde-div\">\n  \n  \n\t\n\n\n\n<div class=\"bde-text-418-130 bde-text\">\nUlvi Tasane\n<\/div><div class=\"bde-text-418-131 bde-text\">\nPresident\n<\/div><div class=\"bde-rich-text-418-147 bde-rich-text breakdance-rich-text-styles\">\n<p><a href=\"tel: 53359405\">53359405<\/a><\/p>\n<\/div><div class=\"bde-rich-text-418-148 bde-rich-text breakdance-rich-text-styles\">\n<p><a href=\"mailto:ulvi.tasane@kutseliit.eu\">ulvi.tasane@kutseliit.eu<\/a><\/p>\n<\/div>\n<\/div>\n<\/div>\n<\/div><\/div><div class=\"bde-columns-418-149 bde-columns\"><div class=\"bde-column-418-150 bde-column\">\n  \n  \n\t\n\n\n\n<h5 class=\"bde-heading-418-151 bde-heading\">\nTartu Education Employees\u00b4 Union\n<\/h5><div class=\"bde-rich-text-418-152 bde-rich-text breakdance-rich-text-styles\">\n<p><strong>The address is<\/strong><br \/><a href=\"https:\/\/www.google.com\/maps\/place\/Lutsu+tn+14a,+51006+Tartu\/@58.3825413,26.716158,622m\/data=!3m2!1e3!4b1!4m6!3m5!1s0x46eb36e6a3d3f56b:0xac86ca309706969d!8m2!3d58.3825385!4d26.7187383!16s%2Fg%2F11nnkv6r9t?entry=ttu&amp;g_ep=EgoyMDI1MDgzMC4wIKXMDSoASAFQAw%3D%3D\" target=\"_blank\" rel=\"noopener\">Lutsu 14a, 51006, Tartu, Tartu county<\/a><br \/><br \/><\/p>\n<\/div>\n<\/div><div class=\"bde-column-418-153 bde-column\">\n  \n  \n\t\n\n\n\n<div class=\"bde-div-418-154 bde-div\">\n  \n  \n\t\n\n\n\n<div class=\"bde-div-418-155 bde-div\">\n  \n  \n\t\n\n\n\n<div class=\"bde-text-418-156 bde-text\">\nKalle Kalda\n<\/div><div class=\"bde-text-418-157 bde-text\">\nChairman\n<\/div><div class=\"bde-rich-text-418-158 bde-rich-text breakdance-rich-text-styles\">\n<p><a href=\"tel: 5204343\">5204343<\/a><\/p>\n<\/div><div class=\"bde-rich-text-418-159 bde-rich-text breakdance-rich-text-styles\">\n<p><a href=\"mailto:kalda.kalle@gmail.com\">kalda.kalle@gmail.com<\/a><\/p>\n<\/div>\n<\/div>\n<\/div>\n<\/div><\/div><div class=\"bde-columns-418-160 bde-columns\"><div class=\"bde-column-418-161 bde-column\">\n  \n  \n\t\n\n\n\n<h5 class=\"bde-heading-418-162 bde-heading\">\nIndustrial and Metalworkers' Trade Union Confederation\n<\/h5><div class=\"bde-rich-text-418-163 bde-rich-text breakdance-rich-text-styles\">\n<p><strong>Hotline<\/strong><br \/><a href=\"tel:648 4593\">648 4593<\/a><br \/><strong>E-mail<\/strong><br \/><a href=\"mailto:info@imtal.ee\">info@imtal.ee<\/a><br \/><strong>The address is<\/strong><br \/><a href=\"https:\/\/www.google.com\/maps\/place\/J.+Kunderi+tn+14,+10121+Tallinn\/@59.4332454,24.765053,604m\/data=!3m1!1e3!4m6!3m5!1s0x46929358c8b6a829:0x80e2769486bd6aab!8m2!3d59.4332427!4d24.7676333!16s%2Fg%2F11c5jtpzpb?entry=ttu&amp;g_ep=EgoyMDI1MDgzMC4wIKXMDSoASAFQAw%3D%3D\" target=\"_blank\" rel=\"noopener\">Kunderi 14-2, Central City, 10121, Tallinn, Harju county<\/a><br \/><strong>Facebook<\/strong><br \/><a href=\"https:\/\/www.facebook.com\/profile.php?id=100064694355016\" target=\"_blank\" rel=\"noopener\">https:\/\/www.facebook.com\/profile.php?id=100064694355016http:\/\/www.kutseliit.eu<\/a><\/p>\n<\/div>\n<\/div><div class=\"bde-column-418-164 bde-column\">\n  \n  \n\t\n\n\n\n<div class=\"bde-div-418-165 bde-div\">\n  \n  \n\t\n\n\n\n<div class=\"bde-div-418-166 bde-div\">\n  \n  \n\t\n\n\n\n<div class=\"bde-text-418-167 bde-text\">\nAleksandr Drannikov\n<\/div><div class=\"bde-text-418-168 bde-text\">\nChairman\n<\/div><div class=\"bde-rich-text-418-169 bde-rich-text breakdance-rich-text-styles\">\n<p><a href=\"tel:55965964\">55965964<\/a><\/p>\n<\/div><div class=\"bde-rich-text-418-170 bde-rich-text breakdance-rich-text-styles\">\n<p><a href=\"mailto:aleksimtal@gmail.com\">aleksimtal@gmail.com<\/a><\/p>\n<\/div>\n<\/div>\n<\/div>\n<\/div><\/div><div class=\"bde-columns-418-198 bde-columns\"><div class=\"bde-column-418-199 bde-column\">\n  \n  \n\t\n\n\n\n<h5 class=\"bde-heading-418-200 bde-heading\">\nIndependent Trade Union of Mineworkers and Energy Employees\n<\/h5><div class=\"bde-rich-text-418-201 bde-rich-text breakdance-rich-text-styles\">\n<p><strong>Hotline<\/strong><br \/><a href=\"tel:3364821\">3364821<\/a><br \/><strong>E-mail<\/strong><br \/><a href=\"mailto:info@kesa.info\">info@kesa.info<\/a><br \/><strong>The address is<\/strong><br \/><a href=\"https:\/\/www.google.com\/maps\/place\/Malmi+tn+8,+J\u00f5hvi,+41537+Ida-Viru+maakond\/@59.3556421,27.4304814,605m\/data=!3m2!1e3!4b1!4m6!3m5!1s0x46946f7ff085dcdf:0x273c18f3a72162c8!8m2!3d59.3556394!4d27.4330617!16s%2Fg%2F11c1hjt1tz?entry=ttu&amp;g_ep=EgoyMDI1MDgzMC4wIKXMDSoASAFQAw%3D%3D\" target=\"_blank\" rel=\"noopener\">Malmi 8, J\u00f5hvi city, 41537, J\u00f5hvi municipality, Ida-Viru county<\/a><br \/><strong>Website<\/strong><br \/><a href=\"http:\/\/www.kesa.info\" target=\"_blank\" rel=\"noopener\">http:\/\/www.kesa.info<\/a><\/p>\n<\/div>\n<\/div><div class=\"bde-column-418-202 bde-column\">\n  \n  \n\t\n\n\n\n<div class=\"bde-div-418-203 bde-div\">\n  \n  \n\t\n\n\n\n<div class=\"bde-div-418-204 bde-div\">\n  \n  \n\t\n\n\n\n<div class=\"bde-text-418-205 bde-text\">\nMarina Lukyanova\n<\/div><div class=\"bde-text-418-206 bde-text\">\nChairman\n<\/div><div class=\"bde-rich-text-418-207 bde-rich-text breakdance-rich-text-styles\">\n<p><a href=\"tel:58093399\">58093399<\/a><\/p>\n<\/div><div class=\"bde-rich-text-418-208 bde-rich-text breakdance-rich-text-styles\">\n<p><a href=\"mailto:marina999@gmail.com\">marina999@gmail.com<\/a><\/p>\n<\/div>\n<\/div>\n<\/div>\n<\/div><\/div><div class=\"bde-columns-418-182 bde-columns\"><div class=\"bde-column-418-183 bde-column\">\n  \n  \n\t\n\n\n\n<h5 class=\"bde-heading-418-184 bde-heading\">\nTrade Union of Chemists\n<\/h5><div class=\"bde-rich-text-418-185 bde-rich-text breakdance-rich-text-styles\">\n<p><strong>Hotline<\/strong><br \/><a href=\"tel:3342252\">3342252<\/a><br \/><strong>E-mail<\/strong><br \/><a href=\"mailto:julia.leontjeva@vkg.ee\">julia.leontjeva@vkg.ee<\/a><br \/><strong>The address is<\/strong><br \/><a href=\"https:\/\/www.google.com\/maps\/search\/J\u00e4rvek\u00fcla+tee+14:+J\u00e4rvek\u00fcla+tee+14,+J\u00e4rve+linnaosa,+30198,+Kohtla-J\u00e4rve+linn,+Ida-Viru+maakond\/@59.3557062,27.3504799,19361m\/data=!3m2!1e3!4b1?entry=ttu&amp;g_ep=EgoyMDI1MDgzMC4wIKXMDSoASAFQAw%3D%3D\" target=\"_blank\" rel=\"noopener\">J\u00e4rvek\u00fcla tee 14: J\u00e4rvek\u00fcla tee 14, J\u00e4rve district, 30198, Kohtla-J\u00e4rve city, Ida-Viru county<\/a><br \/><strong>Website<\/strong><br \/><a href=\"http:\/\/www.keemiaa.eu\" target=\"_blank\" rel=\"noopener\">http:\/\/www.keemiaa.eu<\/a><\/p>\n<\/div>\n<\/div><div class=\"bde-column-418-186 bde-column\">\n  \n  \n\t\n\n\n\n\n<\/div><\/div><div class=\"bde-columns-418-253 bde-columns\"><div class=\"bde-column-418-254 bde-column\">\n  \n  \n\t\n\n\n\n<h5 class=\"bde-heading-418-255 bde-heading\">\nPRO Trade Union\n<\/h5><div class=\"bde-rich-text-418-256 bde-rich-text breakdance-rich-text-styles\">\n<p><strong>Hotline<\/strong><br \/><a href=\"tel:53539333\">53539333<\/a><br \/><strong>E-mail<\/strong><br \/><a href=\"mailto:pro@meiepro.ee\">pro@meiepro.ee<\/a><br \/><strong>The address is<\/strong><br \/><a href=\"https:\/\/www.google.com\/maps\/place\/Masti+tn+2,+11911+Tallinn\/@59.4631704,24.8220249,603m\/data=!3m2!1e3!4b1!4m6!3m5!1s0x4692932b896c9967:0xe1785dbea08e98b4!8m2!3d59.4631677!4d24.8246052!16s%2Fg%2F11c2572_xn?entry=ttu&amp;g_ep=EgoyMDI1MDgzMC4wIKXMDSoASAFQAw%3D%3D\" target=\"_blank\" rel=\"noopener\">Masti 2-5, Pirita district, 11911, Tallinn, Harju county<\/a><br \/><strong>Website<\/strong><br \/><a href=\"http:\/\/www.meiepro.ee\" target=\"_blank\" rel=\"noopener\">http:\/\/www.meiepro.ee<\/a><\/p>\n<\/div>\n<\/div><div class=\"bde-column-418-257 bde-column\">\n  \n  \n\t\n\n\n\n<div class=\"bde-div-418-258 bde-div\">\n  \n  \n\t\n\n\n\n<div class=\"bde-div-418-259 bde-div\">\n  \n  \n\t\n\n\n\n<div class=\"bde-text-418-260 bde-text\">\nKadri Kangur\n<\/div><div class=\"bde-text-418-261 bde-text\">\nChairman\n<\/div><div class=\"bde-rich-text-418-262 bde-rich-text breakdance-rich-text-styles\">\n<p><a href=\"tel:53539333\">53539333<\/a><\/p>\n<\/div><div class=\"bde-rich-text-418-263 bde-rich-text breakdance-rich-text-styles\">\n<p><a href=\"mailto:pro@meiepro.ee\">pro@meiepro.ee<\/a><\/p>\n<\/div>\n<\/div>\n<\/div>\n<\/div><\/div><div class=\"bde-columns-418-209 bde-columns\"><div class=\"bde-column-418-210 bde-column\">\n  \n  \n\t\n\n\n\n<h5 class=\"bde-heading-418-211 bde-heading\">\nTrade Union of Railwaymen\n<\/h5><div class=\"bde-rich-text-418-212 bde-rich-text breakdance-rich-text-styles\">\n<p><strong>The address is<\/strong><br \/><a href=\"https:\/\/www.google.com\/maps\/place\/Ristiku+tn+81,+10317+Tallinn\/@59.4445084,24.7085892,603m\/data=!3m2!1e3!4b1!4m6!3m5!1s0x46929380c6e2a229:0x7570f837b0215e34!8m2!3d59.4445057!4d24.7111695!16s%2Fg%2F11bw4k60mb?entry=ttu&amp;g_ep=EgoyMDI1MDgzMC4wIKXMDSoASAFQAw%3D%3D\" target=\"_blank\" rel=\"noopener\">Ristiku 81, 10314, Tallinn, Harju county<\/a><br \/><strong>Website<\/strong><br \/><a href=\"http:\/\/www.evray.ee\" target=\"_blank\" rel=\"noopener\">http:\/\/www.evray.ee<\/a><\/p>\n<\/div>\n<\/div><div class=\"bde-column-418-213 bde-column\">\n  \n  \n\t\n\n\n\n<div class=\"bde-div-418-214 bde-div\">\n  \n  \n\t\n\n\n\n<div class=\"bde-div-418-215 bde-div\">\n  \n  \n\t\n\n\n\n<div class=\"bde-text-418-216 bde-text\">\nOleg Chubarov\n<\/div><div class=\"bde-text-418-217 bde-text\">\nChairman\n<\/div><div class=\"bde-rich-text-418-218 bde-rich-text breakdance-rich-text-styles\">\n<p><a href=\"tel:5064807\">5064807<\/a><\/p>\n<\/div><div class=\"bde-rich-text-418-219 bde-rich-text breakdance-rich-text-styles\">\n<p><a href=\"mailto:evray@evray.ee\">evray@evray.ee<\/a><\/p>\n<\/div>\n<\/div>\n<\/div>\n<\/div><\/div><div class=\"bde-columns-418-220 bde-columns\"><div class=\"bde-column-418-221 bde-column\">\n  \n  \n\t\n\n\n\n<h5 class=\"bde-heading-418-222 bde-heading\">\nTrade Union of State and Local Government Employees' Union\n<\/h5><div class=\"bde-rich-text-418-223 bde-rich-text breakdance-rich-text-styles\">\n<p><strong>Hotline<\/strong><br \/><a href=\"tel:6612453\">6612453<\/a><\/p><p><strong>The address is<\/strong><br \/><a href=\"https:\/\/www.google.com\/maps\/place\/Parda+t\u00e4nav+3,+10151+Tallinn\/@59.4380203,24.7600562,604m\/data=!3m2!1e3!4b1!4m6!3m5!1s0x4692935e0ccf3dc3:0x5ec66222e2d0121d!8m2!3d59.4380176!4d24.7626365!16s%2Fg%2F11rg64k0zt?entry=ttu&amp;g_ep=EgoyMDI1MDgzMC4wIKXMDSoASAFQAw%3D%3D\" target=\"_blank\" rel=\"noopener\">Parda 3-221, 10151, Tallinn, Harju county<\/a><br \/><strong>Website<\/strong><br \/><a href=\"http:\/\/www.rotal.ee\" target=\"_blank\" rel=\"noopener\">http:\/\/www.rotal.ee<\/a><\/p>\n<\/div>\n<\/div><div class=\"bde-column-418-224 bde-column\">\n  \n  \n\t\n\n\n\n<div class=\"bde-div-418-225 bde-div\">\n  \n  \n\t\n\n\n\n<div class=\"bde-div-418-226 bde-div\">\n  \n  \n\t\n\n\n\n<div class=\"bde-text-418-227 bde-text\">\nKalle Liivam\u00e4gi\n<\/div><div class=\"bde-text-418-228 bde-text\">\nChairman\n<\/div><div class=\"bde-rich-text-418-229 bde-rich-text breakdance-rich-text-styles\">\n<p><a href=\"tel:5250063\">5250063<\/a><\/p>\n<\/div><div class=\"bde-rich-text-418-230 bde-rich-text breakdance-rich-text-styles\">\n<p><a href=\"mailto:rotal4@hot.ee\">rotal4@hot.ee<\/a><\/p>\n<\/div>\n<\/div>\n<\/div>\n<\/div><\/div><div class=\"bde-columns-418-171 bde-columns\"><div class=\"bde-column-418-172 bde-column\">\n  \n  \n\t\n\n\n\n<h5 class=\"bde-heading-418-173 bde-heading\">\nService and Commercial Workers' Union\n<\/h5><div class=\"bde-rich-text-418-174 bde-rich-text breakdance-rich-text-styles\">\n<p><strong>Hotline<\/strong><br \/><a href=\"tel:55621200\">55621200<\/a><br \/><strong>E-mail<\/strong><br \/><a href=\"mailto:elle.pytsepp@etka.ee\">elle.pytsepp@etka.ee<\/a><br \/><strong>The address is<\/strong><br \/><a href=\"https:\/\/www.google.com\/maps\/place\/Lutsu+tn+14a,+51006+Tartu\/@58.3825413,26.716158,622m\/data=!3m2!1e3!4b1!4m6!3m5!1s0x46eb36e6a3d3f56b:0xac86ca309706969d!8m2!3d58.3825385!4d26.7187383!16s%2Fg%2F11nnkv6r9t?entry=ttu&amp;g_ep=EgoyMDI1MDgzMC4wIKXMDSoASAFQAw%3D%3D\" target=\"_blank\" rel=\"noopener\">Lutsu 14 a, 51006, Tartu, Tartu county<\/a><br \/><strong>Website<\/strong><br \/><a href=\"http:\/\/www.etka.ee\" target=\"_blank\" rel=\"noopener\">http:\/\/www.etka.ee<\/a><\/p>\n<\/div>\n<\/div><div class=\"bde-column-418-175 bde-column\">\n  \n  \n\t\n\n\n\n\n<\/div><\/div><div class=\"bde-columns-418-264 bde-columns\"><div class=\"bde-column-418-265 bde-column\">\n  \n  \n\t\n\n\n\n<h5 class=\"bde-heading-418-266 bde-heading\">\nFederation of Trade Unions of Industrial Workers\n<\/h5><div class=\"bde-rich-text-418-267 bde-rich-text breakdance-rich-text-styles\">\n<p><strong>The address is<\/strong><br \/><a href=\"https:\/\/www.google.com\/maps\/place\/Mereranna+tee+4,+Haabneeme,+74001+Harju+maakond\/@59.5119364,24.8276092,602m\/data=!3m2!1e3!4b1!4m6!3m5!1s0x4692929ec89b35cd:0x5e8290c4ef3379c8!8m2!3d59.5119337!4d24.8301895!16s%2Fg%2F11xnc6k3zv?entry=ttu&amp;g_ep=EgoyMDI1MDgzMC4wIKXMDSoASAFQAw%3D%3D\" target=\"_blank\" rel=\"noopener\">Mereranna tee 4-3, Haabneeme, 74001, Viimsi municipality, Harju county<\/a><\/p>\n<\/div>\n<\/div><div class=\"bde-column-418-268 bde-column\">\n  \n  \n\t\n\n\n\n<div class=\"bde-div-418-269 bde-div\">\n  \n  \n\t\n\n\n\n<div class=\"bde-div-418-270 bde-div\">\n  \n  \n\t\n\n\n\n<div class=\"bde-text-418-271 bde-text\">\nTriin R\u00f5uk\n<\/div><div class=\"bde-text-418-272 bde-text\">\nChairman\n<\/div><div class=\"bde-rich-text-418-273 bde-rich-text breakdance-rich-text-styles\">\n<p><a href=\"tel:56836858\">56836858<\/a><\/p>\n<\/div><div class=\"bde-rich-text-418-274 bde-rich-text breakdance-rich-text-styles\">\n<p><a href=\"mailto:triinrouk@gmail.com\">triinrouk@gmail.com<\/a><\/p>\n<\/div>\n<\/div>\n<\/div>\n<\/div><\/div><div class=\"bde-columns-418-231 bde-columns\"><div class=\"bde-column-418-232 bde-column\">\n  \n  \n\t\n\n\n\n<h5 class=\"bde-heading-418-233 bde-heading\">\nTransport and Road Workers Union\n<\/h5><div class=\"bde-rich-text-418-234 bde-rich-text breakdance-rich-text-styles\">\n<p><strong>Hotline<\/strong><br \/><a href=\"tel:6413129\">6413129<\/a><br \/><strong>E-mail<\/strong><br \/><a href=\"mailto:etta@etta.ee\">etta@etta.ee<\/a><br \/><strong>The address is<\/strong><\/p><p>Tallinn office: <a href=\"https:\/\/www.google.com\/maps\/place\/Kalju+tn+7,+10414+Tallinn\/@59.4454283,24.7330149,603m\/data=!3m2!1e3!4b1!4m6!3m5!1s0x4692937bea41812d:0x40e1cce72084b786!8m2!3d59.4454256!4d24.7355952!16s%2Fg%2F11c3q4kg6p?entry=ttu&amp;g_ep=EgoyMDI1MDgzMC4wIKXMDSoASAFQAw%3D%3D\" target=\"_blank\" rel=\"noopener\">Kalju 7-1, P\u00f5hja-Tallinn district, 10414, Tallinn, Harju county<\/a><\/p><p>Tartu office: <a href=\"https:\/\/www.google.com\/maps\/place\/Turu+tn+7,+51004+Tartu\/@58.3762083,26.7287891,622m\/data=!3m2!1e3!4b1!4m6!3m5!1s0x46eb36dec4b455eb:0xf593bb57b66d70ec!8m2!3d58.3762055!4d26.7313694!16s%2Fg%2F11b8v5nmvz?entry=ttu&amp;g_ep=EgoyMDI1MDgzMC4wIKXMDSoASAFQAw%3D%3D\" target=\"_blank\" rel=\"noopener\">Turu 7-1, 51004, Tartu, Tartu county<\/a><\/p><div>P\u00e4rnu office: <a href=\"https:\/\/www.google.com\/maps\/place\/Hommiku+tn+4,+P\u00e4rnu,+80013+P\u00e4rnu+maakond\/@58.3859142,24.5007049,622m\/data=!3m2!1e3!4b1!4m6!3m5!1s0x46ecfd22cc195b37:0xa0e6eb7d489f7717!8m2!3d58.3859114!4d24.5032852!16s%2Fg%2F11bw42pyrl?entry=ttu&amp;g_ep=EgoyMDI1MDgzMC4wIKXMDSoASAFQAw%3D%3D\" target=\"_blank\" rel=\"noopener\">Hommiku 4-19, 80010, P\u00e4rnu City, P\u00e4rnu County<\/a><\/div><p><strong>Website<\/strong><br \/><a href=\"http:\/\/www.etta.ee\/\" target=\"_blank\" rel=\"noopener\">http:\/\/www.etta.ee\/<\/a><\/p>\n<\/div>\n<\/div><div class=\"bde-column-418-235 bde-column\">\n  \n  \n\t\n\n\n\n<div class=\"bde-div-418-236 bde-div\">\n  \n  \n\t\n\n\n\n<div class=\"bde-div-418-237 bde-div\">\n  \n  \n\t\n\n\n\n<div class=\"bde-text-418-238 bde-text\">\n\u00dcllar Kallas\n<\/div><div class=\"bde-text-418-239 bde-text\">\nChairman\n<\/div><div class=\"bde-rich-text-418-240 bde-rich-text breakdance-rich-text-styles\">\n<p><a href=\"tel:55636490\">55636490<\/a><\/p>\n<\/div><div class=\"bde-rich-text-418-241 bde-rich-text breakdance-rich-text-styles\">\n<p><a href=\"mailto:yllar.kallas@etta.ee\">yllar.kallas@etta.ee<\/a><\/p>\n<\/div>\n<\/div>\n<\/div>\n<\/div><\/div><div class=\"bde-columns-418-242 bde-columns\"><div class=\"bde-column-418-243 bde-column\">\n  \n  \n\t\n\n\n\n<h5 class=\"bde-heading-418-244 bde-heading\">\nTrade Union of Locomotive Engineers\n<\/h5>\n<\/div><div class=\"bde-column-418-246 bde-column\">\n  \n  \n\t\n\n\n\n<div class=\"bde-div-418-247 bde-div\">\n  \n  \n\t\n\n\n\n<div class=\"bde-div-418-248 bde-div\">\n  \n  \n\t\n\n\n\n<div class=\"bde-text-418-249 bde-text\">\nAndrus Kadai\n<\/div><div class=\"bde-text-418-250 bde-text\">\nActing chairman of the board\n<\/div><div class=\"bde-rich-text-418-251 bde-rich-text breakdance-rich-text-styles\">\n<p><a href=\"tel:51972502\">51972502<\/a><\/p>\n<\/div><div class=\"bde-rich-text-418-252 bde-rich-text breakdance-rich-text-styles\">\n<p><a href=\"mailto:eva@mail.ee\">eva@mail.ee<\/a><\/p>\n<\/div>\n<\/div>\n<\/div>\n<\/div><\/div><\/div>\n<\/section>","protected":false},"excerpt":{"rendered":"<p>Kellega liituda Ameti\u00fchingud Ameti\u00fching on organisatsioon, mis tekib t\u00f6\u00f6tajate soovil ja algatuse selleks, et t\u00f6\u00f6tajate \u00fchisel j\u00f5ul ja koost\u00f6\u00f6s t\u00f6\u00f6andjaga parandada t\u00f6\u00f6- ja elutingimusi ning kaitsta t\u00f6\u00f6tajate \u00f5igusi ja huve. Ameti\u00fchingud on s\u00f5ltumatud t\u00f6\u00f6andjatest, riigiasutustest ning teistest organisatsioonidest.Ameti\u00fchingusse kuulumise eelised tulevad eriti selgelt esile olukorras, kus t\u00f6\u00f6andja soovib muuta t\u00f6\u00f6lepingu tingimusi, n\u00e4iteks v\u00e4hendada t\u00f6\u00f6tasu. Sellisel [&hellip;]<\/p>","protected":false},"author":7,"featured_media":485,"parent":0,"menu_order":0,"comment_status":"closed","ping_status":"closed","template":"","meta":{"_acf_changed":false,"_breakdance_hide_in_design_set":false,"_breakdance_tags":"","footnotes":""},"class_list":["post-418","page","type-page","status-publish","has-post-thumbnail","hentry"],"acf":[],"_links":{"self":[{"href":"https:\/\/eakl.ee\/en\/wp-json\/wp\/v2\/pages\/418","targetHints":{"allow":["GET"]}}],"collection":[{"href":"https:\/\/eakl.ee\/en\/wp-json\/wp\/v2\/pages"}],"about":[{"href":"https:\/\/eakl.ee\/en\/wp-json\/wp\/v2\/types\/page"}],"author":[{"embeddable":true,"href":"https:\/\/eakl.ee\/en\/wp-json\/wp\/v2\/users\/7"}],"replies":[{"embeddable":true,"href":"https:\/\/eakl.ee\/en\/wp-json\/wp\/v2\/comments?post=418"}],"version-history":[{"count":10,"href":"https:\/\/eakl.ee\/en\/wp-json\/wp\/v2\/pages\/418\/revisions"}],"predecessor-version":[{"id":2412,"href":"https:\/\/eakl.ee\/en\/wp-json\/wp\/v2\/pages\/418\/revisions\/2412"}],"wp:featuredmedia":[{"embeddable":true,"href":"https:\/\/eakl.ee\/en\/wp-json\/wp\/v2\/media\/485"}],"wp:attachment":[{"href":"https:\/\/eakl.ee\/en\/wp-json\/wp\/v2\/media?parent=418"}],"curies":[{"name":"wp","href":"https:\/\/api.w.org\/{rel}","templated":true}]}}