{"id":412,"date":"2025-09-03T15:25:26","date_gmt":"2025-09-03T12:25:26","guid":{"rendered":"https:\/\/eakl.ee\/?page_id=412"},"modified":"2025-09-26T15:42:17","modified_gmt":"2025-09-26T12:42:17","slug":"miks-liituda","status":"publish","type":"page","link":"https:\/\/eakl.ee\/en\/miks-liituda\/","title":{"rendered":"Why join"},"content":{"rendered":"<div class=\"bde-globalblock-412-100 bde-globalblock\"><style>.breakdance .bde-section-159-100-159-1{background-image:url(https:\/\/eakl.ee\/wp-content\/uploads\/2025\/09\/Miks_.jpg)}.breakdance .bde-section-159-100-159-1>.section-background-overlay{background-color:#420513A1;transition:background-color var(--bde-transition-duration) ease-in-out}<\/style><section id=\"page-banner\" class=\"bde-section-159-100-159-1 bde-section page-banner bde-section-159-100\">\n              \n  \n  \n\t\n\n  <div class=\"section-background-overlay\"><\/div>\n\n\n<div class=\"section-container\"><h2 class=\"bde-heading-159-103-159-1 bde-heading bde-heading-159-103\">\nWhy join\n<\/h2><\/div>\n<\/section><\/div><section class=\"bde-section-412-101 bde-section\">\n  \n  \n\t\n\n\n\n<div class=\"section-container\"><div class=\"bde-rich-text-412-115 bde-rich-text breakdance-rich-text-styles\">\n<h4 class=\"bde-heading-144-182 bde-heading\">Why should you belong to a trade union?<\/h4><p class=\"bde-heading-144-182 bde-heading\"><strong>It pays to belong to a trade union because a trade union:<\/strong><\/p><ul><li class=\"bde-heading-144-182 bde-heading\">negotiates your salary and working conditions on your behalf<\/li><li class=\"bde-heading-144-182 bde-heading\">protects you against arbitrary action and discrimination by your employer<\/li><li class=\"bde-heading-144-182 bde-heading\">ensures you have a lawyer to help you in the event of a dispute or labour dispute<\/li><li class=\"bde-heading-144-182 bde-heading\">increases your job security<\/li><\/ul><h4>Trade union membership fees are usually 1% of your gross salary!<\/h4><p><strong>Trade unions in numbers:<\/strong><\/p><ul><li>There are 17 sectoral trade unions in Estonia<\/li><li>nearly 20 000 trade union members<\/li><li>more than 1000 disputes settled each year<\/li><\/ul>\n<\/div><div class=\"bde-globalblock-412-114 bde-globalblock\"><section class=\"bde-section-2003-100-2003-1 bde-section bde-section-2003-100\">\n  \n  \n\t\n\n\n\n<div class=\"section-container\"><a class=\"bde-text-link-2003-101-2003-1 bde-text-link bde-text-link-2003-101 breakdance-link\" href=\"https:\/\/eakl.ee\/en\/liikmed\/\" target=\"_self\" data-type=\"url\">\n  <h4 >\n  Join here!\n  <\/h4>\n\n<\/a><div class=\"bde-text-2003-102-2003-1 bde-text bde-text-2003-102\">\nThe trade union is your community! By joining, you give yourself and other workers the power to stand up for a better working life in Estonia. \n<\/div><\/div>\n<\/section><\/div><\/div>\n<\/section>","protected":false},"excerpt":{"rendered":"<p>Miks liituda Miks peaksid kuuluma ameti\u00fchingusse?Ameti\u00fchingusse tasub kuuluda, sest ameti\u00fching:peab Sinu eest l\u00e4bir\u00e4\u00e4kimisi palga ja t\u00f6\u00f6tingimuste osaskaitseb Sind t\u00f6\u00f6andja omavoli ja diskrimineerimise eesttagab Sulle juristi abi vaidluse v\u00f5i t\u00f6\u00f6t\u00fcli korralsuurendab Sinu turvatunnet t\u00f6\u00f6elusAmeti\u00fchingu liikmemaks on reeglina 1% Sinu brutokuupalgast!Ameti\u00fchingud numbrites:Eestis on 17 valdkondlikku ameti\u00fchingutameti\u00fchingutesse kuulub ligi 20000 inimestigal aastal lahendatakse \u00fcle 1000 vaidluse Liitu siin! [&hellip;]<\/p>","protected":false},"author":7,"featured_media":483,"parent":0,"menu_order":0,"comment_status":"closed","ping_status":"closed","template":"","meta":{"_acf_changed":false,"_breakdance_hide_in_design_set":false,"_breakdance_tags":"","footnotes":""},"class_list":["post-412","page","type-page","status-publish","has-post-thumbnail","hentry"],"acf":[],"_links":{"self":[{"href":"https:\/\/eakl.ee\/en\/wp-json\/wp\/v2\/pages\/412","targetHints":{"allow":["GET"]}}],"collection":[{"href":"https:\/\/eakl.ee\/en\/wp-json\/wp\/v2\/pages"}],"about":[{"href":"https:\/\/eakl.ee\/en\/wp-json\/wp\/v2\/types\/page"}],"author":[{"embeddable":true,"href":"https:\/\/eakl.ee\/en\/wp-json\/wp\/v2\/users\/7"}],"replies":[{"embeddable":true,"href":"https:\/\/eakl.ee\/en\/wp-json\/wp\/v2\/comments?post=412"}],"version-history":[{"count":8,"href":"https:\/\/eakl.ee\/en\/wp-json\/wp\/v2\/pages\/412\/revisions"}],"predecessor-version":[{"id":2196,"href":"https:\/\/eakl.ee\/en\/wp-json\/wp\/v2\/pages\/412\/revisions\/2196"}],"wp:featuredmedia":[{"embeddable":true,"href":"https:\/\/eakl.ee\/en\/wp-json\/wp\/v2\/media\/483"}],"wp:attachment":[{"href":"https:\/\/eakl.ee\/en\/wp-json\/wp\/v2\/media?parent=412"}],"curies":[{"name":"wp","href":"https:\/\/api.w.org\/{rel}","templated":true}]}}