{"id":406,"date":"2025-09-03T15:24:28","date_gmt":"2025-09-03T12:24:28","guid":{"rendered":"https:\/\/eakl.ee\/?page_id=406"},"modified":"2026-04-25T19:14:57","modified_gmt":"2026-04-25T16:14:57","slug":"tootajate-oigused-ja-huvikaitse","status":"publish","type":"page","link":"https:\/\/eakl.ee\/en\/tootajate-oigused-ja-huvikaitse\/","title":{"rendered":"Workers' rights"},"content":{"rendered":"<div class=\"bde-globalblock-406-100 bde-globalblock\"><style>.breakdance .bde-section-159-100-159-1{background-image:url(https:\/\/eakl.ee\/wp-content\/uploads\/2025\/09\/Oigused.jpg)}.breakdance .bde-section-159-100-159-1>.section-background-overlay{background-color:#420513A1;transition:background-color var(--bde-transition-duration) ease-in-out}<\/style><section id=\"page-banner\" class=\"bde-section-159-100-159-1 bde-section page-banner bde-section-159-100\">\n              \n  \n  \n\t\n\n  <div class=\"section-background-overlay\"><\/div>\n\n\n<div class=\"section-container\"><h2 class=\"bde-heading-159-103-159-1 bde-heading bde-heading-159-103\">\nWorkers' rights\n<\/h2><\/div>\n<\/section><\/div><section class=\"bde-section-406-101 bde-section\">\n  \n  \n\t\n\n\n\n<div class=\"section-container\"><div class=\"bde-rich-text-406-120 bde-rich-text breakdance-rich-text-styles\">\n<h4>KNOW YOUR RIGHTS - THIS WILL PROTECT YOU AND MAKE YOUR WORK LIFE MORE SECURE!<\/h4><p>In Estonia, employees have rights regardless of whether they have been working for a long time or are just starting out, whether they have a fixed-term or permanent contract, or are temporary or part-time. The Estonian Trade Union Confederation (EAKL) stands for your fair, secure and supported working life.<\/p><p><strong><br \/>Equal treatment for all workers<br \/><\/strong>All people working in Estonia are guaranteed by law the right to equal treatment, be it in terms of job application, pay, working conditions, promotion, dismissal, etc. The Commissioner for Gender Equality and Equal Treatment and the EAKL are committed to ensuring that no worker is left alone with their rights.<\/p><p><strong><br \/>Minimum wage and collective bargaining<br \/><\/strong>Every worker has the right to fair and transparent pay. The European Union Directive on an adequate minimum wage provides the possibility to link the minimum wage to the national average or median wage, and also obliges countries, including Estonia, to promote collective bargaining. EAKL stands for more and more workers in Estonia to be covered by collective agreements, so that workers have better working conditions and a stronger voice.<\/p><p><strong><br \/>Health and safety in the workplace<br \/><\/strong>The employer has a duty to ensure a safe and healthy working environment for employees. Estonia has strict requirements for working with hazardous substances (e.g. asbestos, lead, carcinogens) and in recent years, increased attention has been paid to the mental health of employees: burnout, work stress. EAKL works to ensure that mental health is also taken into account in working life, and prevention and information work are key here.<\/p><p><strong><br \/>Protection of workers' rights in foreign countries<br \/><\/strong>If you work in another European Union country, you have the right to social protection and health insurance. The European Labour Authority monitors that workers' rights, such as equal pay conditions, are guaranteed even when working cross-border. EAKL cooperates with trade unions in other countries to ensure that Estonian workers' rights are protected abroad.<\/p>\n<\/div><div class=\"bde-globalblock-406-119 bde-globalblock\"><section class=\"bde-section-2003-100-2003-1 bde-section bde-section-2003-100\">\n  \n  \n\t\n\n\n\n<div class=\"section-container\"><a class=\"bde-text-link-2003-101-2003-1 bde-text-link bde-text-link-2003-101 breakdance-link\" href=\"https:\/\/eakl.ee\/en\/liikmed\/\" target=\"_self\" data-type=\"url\">\n  <h4 >\n  Join here!\n  <\/h4>\n\n<\/a><div class=\"bde-text-2003-102-2003-1 bde-text bde-text-2003-102\">\nThe trade union is your community! By joining, you give yourself and other workers the power to stand up for a better working life in Estonia. \n<\/div><\/div>\n<\/section><\/div><\/div>\n<\/section>","protected":false},"excerpt":{"rendered":"<p>T\u00f6\u00f6tajate \u00f5igused TEA OMA \u00d5IGUSI &#8211; NII OLED KAITSTUD JA SINU T\u00d6\u00d6ELU ON KINDLAMEestis kehtivad t\u00f6\u00f6tajate \u00f5igused s\u00f5ltumata sellest, kas oled t\u00f6\u00f6tanud kaua v\u00f5i alles alustad, oled t\u00e4htajalise v\u00f5i t\u00e4htajatu lepinguga, rendit\u00f6\u00f6line v\u00f5i osalise t\u00f6\u00f6ajaga t\u00f6\u00f6taja. Eesti Ameti\u00fchingute Keskliit (EAKL) seisab selle eest, et sinu t\u00f6\u00f6elu oleks \u00f5iglane, turvaline ja toetatud.V\u00f5rdne kohtlemine k\u00f5igile t\u00f6\u00f6tajateleK\u00f5igil Eestis [&hellip;]<\/p>\n","protected":false},"author":7,"featured_media":477,"parent":0,"menu_order":0,"comment_status":"closed","ping_status":"closed","template":"","meta":{"_acf_changed":false,"_breakdance_hide_in_design_set":false,"_breakdance_tags":"","footnotes":""},"class_list":["post-406","page","type-page","status-publish","has-post-thumbnail","hentry"],"acf":[],"_links":{"self":[{"href":"https:\/\/eakl.ee\/en\/wp-json\/wp\/v2\/pages\/406","targetHints":{"allow":["GET"]}}],"collection":[{"href":"https:\/\/eakl.ee\/en\/wp-json\/wp\/v2\/pages"}],"about":[{"href":"https:\/\/eakl.ee\/en\/wp-json\/wp\/v2\/types\/page"}],"author":[{"embeddable":true,"href":"https:\/\/eakl.ee\/en\/wp-json\/wp\/v2\/users\/7"}],"replies":[{"embeddable":true,"href":"https:\/\/eakl.ee\/en\/wp-json\/wp\/v2\/comments?post=406"}],"version-history":[{"count":19,"href":"https:\/\/eakl.ee\/en\/wp-json\/wp\/v2\/pages\/406\/revisions"}],"predecessor-version":[{"id":3460,"href":"https:\/\/eakl.ee\/en\/wp-json\/wp\/v2\/pages\/406\/revisions\/3460"}],"wp:featuredmedia":[{"embeddable":true,"href":"https:\/\/eakl.ee\/en\/wp-json\/wp\/v2\/media\/477"}],"wp:attachment":[{"href":"https:\/\/eakl.ee\/en\/wp-json\/wp\/v2\/media?parent=406"}],"curies":[{"name":"wp","href":"https:\/\/api.w.org\/{rel}","templated":true}]}}