{"id":403,"date":"2025-09-03T15:23:33","date_gmt":"2025-09-03T12:23:33","guid":{"rendered":"https:\/\/eakl.ee\/?page_id=403"},"modified":"2026-04-25T19:59:24","modified_gmt":"2026-04-25T16:59:24","slug":"kollektiivsed-labiraakimised","status":"publish","type":"page","link":"https:\/\/eakl.ee\/en\/kollektiivsed-labiraakimised\/","title":{"rendered":"Collective bargaining"},"content":{"rendered":"<div class=\"bde-globalblock-403-100 bde-globalblock\"><style>.breakdance .bde-section-159-100-159-1{background-image:url(https:\/\/eakl.ee\/wp-content\/uploads\/2025\/09\/Labiraakimised.jpg)}.breakdance .bde-section-159-100-159-1>.section-background-overlay{background-color:#420513A1;transition:background-color var(--bde-transition-duration) ease-in-out}<\/style><section id=\"page-banner\" class=\"bde-section-159-100-159-1 bde-section page-banner bde-section-159-100\">\n              \n  \n  \n\t\n\n  <div class=\"section-background-overlay\"><\/div>\n\n\n<div class=\"section-container\"><h2 class=\"bde-heading-159-103-159-1 bde-heading bde-heading-159-103\">\nCollective bargaining\n<\/h2><\/div>\n<\/section><\/div><section class=\"bde-section-403-101 bde-section\">\n  \n  \n\t\n\n\n\n<div class=\"section-container\"><div class=\"bde-rich-text-403-118 bde-rich-text breakdance-rich-text-styles\">\n<h4>A COLLECTIVE AGREEMENT IS AN AGREEMENT BETWEEN A TRADE UNION AND AN EMPLOYER<\/h4><p>A collective agreement determines the minimum terms and conditions of employment, less favourable than which cannot be applied to an employee. This is a good opportunity for employees to jointly agree on wages, working hours and other working conditions. Together, it is more effective to stand up for one's interests.<\/p><p><strong><br \/>Conclusion of a collective agreement<br \/><\/strong>A trade union has the right to conduct collective bargaining. If there is no trade union at the workplace, a representative of the employees can also conduct negotiations. Collective agreements can be concluded at company, sector or national level. For example, sector-specific agreements have been concluded in the fields of transport and healthcare.<\/p><p>At the national level, the minimum wage is set annually by government regulation. It is previously agreed upon in the collective agreement of the Estonian Employers' Confederation and the Estonian Trade Union Confederation.<\/p><p>To start negotiations, the interested party shall make a written proposal to the other party and shall also submit a draft contract. The employer shall commence negotiations within seven days of receiving the proposal. In order to participate in the negotiations, employee representatives shall be released from their main job by agreement of the parties and their average salary shall be retained for the time being.<\/p><p>Only trade unions can conclude collective agreements at sectoral and national levels.<br \/><br \/><\/p><p><strong>Scope of the collective agreement<br \/><\/strong>A collective agreement concluded in a company applies to the members of that organization's trade union and usually extends to all employees, based on the requirement of equal treatment of employees. The agreement usually stipulates the length of working and rest periods, the amount of salary, etc.\u00a0<\/p><p>A sector-specific collective agreement extends to all employees in the relevant field of activity, regardless of whether the employees belong to a trade union or whether the employers belong to an employers' association.\u00a0<br \/><br \/><\/p><p><strong>Entry into force, validity and termination of the collective agreement<br \/><\/strong>A collective agreement enters into force on the day it is signed or on a date agreed upon by the parties. If necessary, different terms of the agreement may enter into force at different times, for example, a salary increase may be retroactive.<\/p><p>A collective agreement is usually concluded for one year, and this applies even if the parties have not separately agreed on the duration of the agreement. A duration that is too long may not be reasonable, as some terms \u2013 for example, agreements regarding remuneration \u2013 need to be reviewed regularly. However, the parties may agree on a longer duration if they wish.<\/p><p>A collective agreement shall terminate upon the conclusion of a new agreement with the same content. If a new agreement is not concluded upon the expiration of the term of the agreement, the parties must continue to comply with the terms of the previous collective agreement. Except for compliance with the labor peace.<\/p><p><strong><br \/>Notification of collective agreement<br \/><\/strong>The trade union representative informs the employees about the conclusion of a collective agreement. If there is no trade union at the workplace, this is done by the employee representative.<\/p><p>The employer is obliged to introduce the current collective agreement to all new employees. When a new collective agreement is concluded, all employees must be informed of its content. The text of the collective agreement must always be available to employees so that everyone can familiarize themselves with their rights and the agreed working conditions.<\/p><p>Collective agreements concluded by various trade unions and their federations can usually be found on their websites. For the most accurate information about the collective agreement in your company or institution, you can ask your trade union representative.<\/p><p><strong><br \/>The Collective Agreement Act<\/strong> it is possible to get acquainted <a href=\"http:\/\/riigiteataja.ee\" target=\"_blank\" rel=\"noopener\">Riigi Teatajas<\/a>.<\/p>\n<\/div><div class=\"bde-globalblock-403-117 bde-globalblock\"><section class=\"bde-section-2003-100-2003-1 bde-section bde-section-2003-100\">\n  \n  \n\t\n\n\n\n<div class=\"section-container\"><a class=\"bde-text-link-2003-101-2003-1 bde-text-link bde-text-link-2003-101 breakdance-link\" href=\"https:\/\/eakl.ee\/en\/liikmed\/\" target=\"_self\" data-type=\"url\">\n  <h4 >\n  Join here!\n  <\/h4>\n\n<\/a><div class=\"bde-text-2003-102-2003-1 bde-text bde-text-2003-102\">\nThe trade union is your community! By joining, you give yourself and other workers the power to stand up for a better working life in Estonia. \n<\/div><\/div>\n<\/section><\/div><\/div>\n<\/section>","protected":false},"excerpt":{"rendered":"<p>Kollektiivsed l\u00e4bir\u00e4\u00e4kimised KOLLEKTIIVLEPING ON KOKKULEPE AMETI\u00dcHINGU JA T\u00d6\u00d6ANDJA VAHELKollektiivlepinguga m\u00e4\u00e4ratakse kindlaks t\u00f6\u00f6suhte miinimumtingimused, millest ebasoodsamaid ei ole v\u00f5imalik t\u00f6\u00f6tajale kohaldada. See on t\u00f6\u00f6tajatele hea v\u00f5imalus leppida \u00fchiselt kokku t\u00f6\u00f6tasus, t\u00f6\u00f6ajas ja muudes t\u00f6\u00f6tingimustes. \u00dcheskoos on oma huvide eest t\u00f5husam seista.Kollektiivlepingu s\u00f5lmimineKollektiivl\u00e4bir\u00e4\u00e4kimisi on \u00f5igus pidada ameti\u00fchingul. Kui t\u00f6\u00f6kohal ameti\u00fchingut ei ole, v\u00f5ib l\u00e4bir\u00e4\u00e4kimisi pidada ka t\u00f6\u00f6tajate [&hellip;]<\/p>\n","protected":false},"author":7,"featured_media":481,"parent":0,"menu_order":0,"comment_status":"closed","ping_status":"closed","template":"","meta":{"_acf_changed":false,"_breakdance_hide_in_design_set":false,"_breakdance_tags":"","footnotes":""},"class_list":["post-403","page","type-page","status-publish","has-post-thumbnail","hentry"],"acf":[],"_links":{"self":[{"href":"https:\/\/eakl.ee\/en\/wp-json\/wp\/v2\/pages\/403","targetHints":{"allow":["GET"]}}],"collection":[{"href":"https:\/\/eakl.ee\/en\/wp-json\/wp\/v2\/pages"}],"about":[{"href":"https:\/\/eakl.ee\/en\/wp-json\/wp\/v2\/types\/page"}],"author":[{"embeddable":true,"href":"https:\/\/eakl.ee\/en\/wp-json\/wp\/v2\/users\/7"}],"replies":[{"embeddable":true,"href":"https:\/\/eakl.ee\/en\/wp-json\/wp\/v2\/comments?post=403"}],"version-history":[{"count":10,"href":"https:\/\/eakl.ee\/en\/wp-json\/wp\/v2\/pages\/403\/revisions"}],"predecessor-version":[{"id":3463,"href":"https:\/\/eakl.ee\/en\/wp-json\/wp\/v2\/pages\/403\/revisions\/3463"}],"wp:featuredmedia":[{"embeddable":true,"href":"https:\/\/eakl.ee\/en\/wp-json\/wp\/v2\/media\/481"}],"wp:attachment":[{"href":"https:\/\/eakl.ee\/en\/wp-json\/wp\/v2\/media?parent=403"}],"curies":[{"name":"wp","href":"https:\/\/api.w.org\/{rel}","templated":true}]}}