{"id":400,"date":"2025-09-03T15:23:06","date_gmt":"2025-09-03T12:23:06","guid":{"rendered":"https:\/\/eakl.ee\/?page_id=400"},"modified":"2025-10-10T23:12:39","modified_gmt":"2025-10-10T20:12:39","slug":"sotsiaaldialoog","status":"publish","type":"page","link":"https:\/\/eakl.ee\/en\/sotsiaaldialoog\/","title":{"rendered":"Social Dialogue"},"content":{"rendered":"<div class=\"bde-globalblock-400-100 bde-globalblock\"><style>.breakdance .bde-section-159-100-159-1{background-image:url(https:\/\/eakl.ee\/wp-content\/uploads\/2025\/09\/Sotsiaaldialoog.jpg)}.breakdance .bde-section-159-100-159-1>.section-background-overlay{background-color:#420513A1;transition:background-color var(--bde-transition-duration) ease-in-out}<\/style><section id=\"page-banner\" class=\"bde-section-159-100-159-1 bde-section page-banner bde-section-159-100\">\n              \n  \n  \n\t\n\n  <div class=\"section-background-overlay\"><\/div>\n\n\n<div class=\"section-container\"><h2 class=\"bde-heading-159-103-159-1 bde-heading bde-heading-159-103\">\nSocial Dialogue\n<\/h2><\/div>\n<\/section><\/div><section class=\"bde-section-400-101 bde-section\">\n  \n  \n\t\n\n\n\n<div class=\"section-container\"><div class=\"bde-rich-text-400-131 bde-rich-text breakdance-rich-text-styles\">\n<p>The Estonian Confederation of Trade Unions (EAKL) is the representative organisation of workers, which stands up for the voice of workers to be heard in decisions affecting working life. Our role is to create a balance between the interests of employers and employees through social dialogue, in order to help shape a fairer labour market and improve working conditions for all workers in Estonia.<\/p><h4><br \/><span style=\"color: #d91246;\">SOCIAL DIALOGUE SUPPORTS BOTH WORKERS' WELL-BEING AND THE NATIONAL ECONOMY<\/span><\/h4><p>Social dialogue means cooperation between employers and workers' representatives based on trust, equal partnership and negotiation. It is through such dialogue that agreements are reached that support both workers' well-being and economic development.<\/p><p>The trade union confederation helps to launch and maintain this dialogue by ensuring that workers' interests are taken into account when laws, labour reforms or wage policies are discussed.<\/p><p>Today's labour market needs a balance between security and flexibility, and for legislation to become more flexible without undermining workers' rights. Decisions must therefore be taken through meaningful sectoral and national social dialogue in partnership with employers.<\/p><h4><strong><br \/><\/strong><span style=\"color: #d91246;\">EAKL TUGEVDAB\u00a0<\/span><span style=\"color: #d91246;\">CONSISTENT SOCIAL DIALOGUE IN ESTONIA<\/span><\/h4><p>The EAKL supports the capacity of trade unions to engage in negotiations and works to ensure that employers' organisations are also ready for dialogue. The ETUC is also committed to ensuring that labour market reforms in Estonia are the result of negotiations between the parties and lead to balanced solutions that respect workers' rights.<\/p><p>The ETUC is also actively involved in cooperation at European level, where real results have been achieved between the social partners, for example in the working time and fair pay directives.<\/p>\n<\/div><div class=\"bde-globalblock-400-130 bde-globalblock\"><section class=\"bde-section-2003-100-2003-1 bde-section bde-section-2003-100\">\n  \n  \n\t\n\n\n\n<div class=\"section-container\"><a class=\"bde-text-link-2003-101-2003-1 bde-text-link bde-text-link-2003-101 breakdance-link\" href=\"https:\/\/eakl.ee\/en\/liikmed\/\" target=\"_self\" data-type=\"url\">\n  <h4 >\n  Join here!\n  <\/h4>\n\n<\/a><div class=\"bde-text-2003-102-2003-1 bde-text bde-text-2003-102\">\nThe trade union is your community! By joining, you give yourself and other workers the power to stand up for a better working life in Estonia. \n<\/div><\/div>\n<\/section><\/div><\/div>\n<\/section>","protected":false},"excerpt":{"rendered":"<p>Sotsiaaldialoog Eesti Ameti\u00fchingute Keskliit (EAKL) on t\u00f6\u00f6tajate esindusorganisatsioon, mis seisab hea selle eest, et t\u00f6\u00f6elu puudutavates otsustes oleks kuulda ka t\u00f6\u00f6tajate h\u00e4\u00e4l. Meie roll on luua sotsiaaldialoogi kaudu tasakaal t\u00f6\u00f6andjate ja t\u00f6\u00f6tajate huvide vahel, et aidata nii kujundada \u00f5iglasemat t\u00f6\u00f6turgu ja parandada nii k\u00f5igi Eesti t\u00f6\u00f6tajate t\u00f6\u00f6tingimusi.SOTSIAALDIALOOGIGA TOETATAKSE NII T\u00d6\u00d6TAJATE HEAOLU KUI RIIGI MAJANDUSTSotsiaaldialoog t\u00e4hendab [&hellip;]<\/p>","protected":false},"author":7,"featured_media":474,"parent":0,"menu_order":0,"comment_status":"closed","ping_status":"closed","template":"","meta":{"_acf_changed":false,"_breakdance_hide_in_design_set":false,"_breakdance_tags":"","footnotes":""},"class_list":["post-400","page","type-page","status-publish","has-post-thumbnail","hentry"],"acf":[],"_links":{"self":[{"href":"https:\/\/eakl.ee\/en\/wp-json\/wp\/v2\/pages\/400","targetHints":{"allow":["GET"]}}],"collection":[{"href":"https:\/\/eakl.ee\/en\/wp-json\/wp\/v2\/pages"}],"about":[{"href":"https:\/\/eakl.ee\/en\/wp-json\/wp\/v2\/types\/page"}],"author":[{"embeddable":true,"href":"https:\/\/eakl.ee\/en\/wp-json\/wp\/v2\/users\/7"}],"replies":[{"embeddable":true,"href":"https:\/\/eakl.ee\/en\/wp-json\/wp\/v2\/comments?post=400"}],"version-history":[{"count":12,"href":"https:\/\/eakl.ee\/en\/wp-json\/wp\/v2\/pages\/400\/revisions"}],"predecessor-version":[{"id":2481,"href":"https:\/\/eakl.ee\/en\/wp-json\/wp\/v2\/pages\/400\/revisions\/2481"}],"wp:featuredmedia":[{"embeddable":true,"href":"https:\/\/eakl.ee\/en\/wp-json\/wp\/v2\/media\/474"}],"wp:attachment":[{"href":"https:\/\/eakl.ee\/en\/wp-json\/wp\/v2\/media?parent=400"}],"curies":[{"name":"wp","href":"https:\/\/api.w.org\/{rel}","templated":true}]}}