{"id":390,"date":"2025-09-03T15:21:08","date_gmt":"2025-09-03T12:21:08","guid":{"rendered":"https:\/\/eakl.ee\/?page_id=390"},"modified":"2026-04-27T19:16:32","modified_gmt":"2026-04-27T16:16:32","slug":"seisukohad","status":"publish","type":"page","link":"https:\/\/eakl.ee\/en\/seisukohad\/","title":{"rendered":"Statements"},"content":{"rendered":"<div class=\"bde-globalblock-390-100 bde-globalblock\"><style>.breakdance .bde-section-159-100-159-1{background-image:url(https:\/\/eakl.ee\/wp-content\/uploads\/2025\/09\/Seisukohad.jpg)}.breakdance .bde-section-159-100-159-1>.section-background-overlay{background-color:#420513A1;transition:background-color var(--bde-transition-duration) ease-in-out}<\/style><section id=\"page-banner\" class=\"bde-section-159-100-159-1 bde-section page-banner bde-section-159-100\">\n              \n  \n  \n\t\n\n  <div class=\"section-background-overlay\"><\/div>\n\n\n<div class=\"section-container\"><h2 class=\"bde-heading-159-103-159-1 bde-heading bde-heading-159-103\">\nStatements\n<\/h2><\/div>\n<\/section><\/div><section class=\"bde-section-390-101 bde-section\">\n  \n  \n\t\n\n\n\n<div class=\"section-container\"><div class=\"bde-text-390-121 bde-text\">\nThe Estonian Confederation of Trade Unions (EAKL) has an important role to play in raising the minimum wage, increasing social equality and supporting employment in Estonia. To this end, it represents workers' interests in the preparation of new laws and reforms, negotiates the minimum wage with the Estonian Employers' Confederation every year, speaks out in public and, if necessary, organises actions to defend workers' rights.<br>\n<\/div><div class=\"bde-shortcode-390-123 bde-shortcode\">    <div class=\"eakl-seisukohad\">\n            <section class=\"eakl-seisukohad__year-group\" aria-labelledby=\"seisukohad-2026\">\n            <h2 id=\"seisukohad-2026\" class=\"eakl-seisukohad__year\">2026<\/h2>\n            <ul class=\"eakl-seisukohad__list\">\n                            <li class=\"eakl-seisukohad__item\">\n                    <div class=\"eakl-seisukohad__main\">\n                        <h3 class=\"eakl-seisukohad__teema\">TLS eeln\u00f5u (837 SE), Riigikogu sotsiaalkomisjonile<\/h3>\n                                                    <p class=\"eakl-seisukohad__meta\">28.04.2026 \u00b7 nr 1-12\/26<\/p>\n                                            <\/div>\n                    <div class=\"eakl-seisukohad__side\">\n                                                    <a class=\"eakl-seisukohad__pdf\" href=\"https:\/\/eakl.ee\/wp-content\/uploads\/2026\/04\/EAKL_vastus_RK_sots.kom_TLS_alaeal1_837SE.pdf\" target=\"_blank\" rel=\"noopener\" aria-label=\"Lae alla seisukoht (PDF): TLS eeln\u00f5u (837 SE), Riigikogu sotsiaalkomisjonile\">\n                                <span class=\"eakl-seisukohad__pdf-icon\" aria-hidden=\"true\">\n                                    <svg xmlns=\"http:\/\/www.w3.org\/2000\/svg\" viewbox=\"0 0 384 512\" width=\"16\" height=\"16\" fill=\"currentColor\"><path d=\"M64 0C28.7 0 0 28.7 0 64L0 448c0 35.3 28.7 64 64 64l256 0c35.3 0 64-28.7 64-64l0-288-128 0c-17.7 0-32-14.3-32-32L224 0 64 0zM256 0l0 128 128 0L256 0zM112 256l40 0c26.5 0 48 21.5 48 48s-21.5 48-48 48l-24 0 0 32c0 8.8-7.2 16-16 16s-16-7.2-16-16l0-64 0-48c0-8.8 7.2-16 16-16zm40 64c8.8 0 16-7.2 16-16s-7.2-16-16-16l-24 0 0 32 24 0zm56-48c0-8.8 7.2-16 16-16l24 0c26.5 0 48 21.5 48 48l0 64c0 26.5-21.5 48-48 48l-24 0c-8.8 0-16-7.2-16-16l0-128zm32 112l8 0c8.8 0 16-7.2 16-16l0-64c0-8.8-7.2-16-16-16l-8 0 0 96zm120-112l32 0c8.8 0 16 7.2 16 16s-7.2 16-16 16l-16 0 0 32 16 0c8.8 0 16 7.2 16 16s-7.2 16-16 16l-16 0 0 48c0 8.8-7.2 16-16 16s-16-7.2-16-16l0-64 0-64c0-8.8 7.2-16 16-16z\"\/><\/svg>\n                                <\/span>\n                                Seisukoht (PDF)\n                            <\/a>\n                                                                            <p class=\"eakl-seisukohad__summary\">Eeln\u00f5u sisaldab EAKL-i arvates ebaselgeid ja alaealiste kaitset n\u00f5rgendavaid muudatusi (nt \"pereettev\u00f5tte\" m\u00e4\u00e4ratlematus, t\u00f6\u00f6- ja puhkeaja tasakaalu rikkumine ning puhkuse v\u00e4hendamine), mist\u00f5ttu tuleks need s\u00e4tted kas t\u00e4psustada v\u00f5i eeln\u00f5ust v\u00e4lja j\u00e4tta.<\/p>\n                                            <\/div>\n                <\/li>\n                            <li class=\"eakl-seisukohad__item\">\n                    <div class=\"eakl-seisukohad__main\">\n                        <h3 class=\"eakl-seisukohad__teema\">Avaliku teenistuse seaduse eeln\u00f5u (836 SE), Riigikogu p\u00f5hiseaduskomisjonile<\/h3>\n                                                    <p class=\"eakl-seisukohad__meta\">31.03.2026 \u00b7 nr 1-12\/22<\/p>\n                                            <\/div>\n                    <div class=\"eakl-seisukohad__side\">\n                                                    <a class=\"eakl-seisukohad__pdf\" href=\"https:\/\/eakl.ee\/wp-content\/uploads\/2026\/04\/EAKL_vastus_Riigikogule_ATS_muutmine_836_SE.pdf\" target=\"_blank\" rel=\"noopener\" aria-label=\"Lae alla seisukoht (PDF): Avaliku teenistuse seaduse eeln\u00f5u (836 SE), Riigikogu p\u00f5hiseaduskomisjonile\">\n                                <span class=\"eakl-seisukohad__pdf-icon\" aria-hidden=\"true\">\n                                    <svg xmlns=\"http:\/\/www.w3.org\/2000\/svg\" viewbox=\"0 0 384 512\" width=\"16\" height=\"16\" fill=\"currentColor\"><path d=\"M64 0C28.7 0 0 28.7 0 64L0 448c0 35.3 28.7 64 64 64l256 0c35.3 0 64-28.7 64-64l0-288-128 0c-17.7 0-32-14.3-32-32L224 0 64 0zM256 0l0 128 128 0L256 0zM112 256l40 0c26.5 0 48 21.5 48 48s-21.5 48-48 48l-24 0 0 32c0 8.8-7.2 16-16 16s-16-7.2-16-16l0-64 0-48c0-8.8 7.2-16 16-16zm40 64c8.8 0 16-7.2 16-16s-7.2-16-16-16l-24 0 0 32 24 0zm56-48c0-8.8 7.2-16 16-16l24 0c26.5 0 48 21.5 48 48l0 64c0 26.5-21.5 48-48 48l-24 0c-8.8 0-16-7.2-16-16l0-128zm32 112l8 0c8.8 0 16-7.2 16-16l0-64c0-8.8-7.2-16-16-16l-8 0 0 96zm120-112l32 0c8.8 0 16 7.2 16 16s-7.2 16-16 16l-16 0 0 32 16 0c8.8 0 16 7.2 16 16s-7.2 16-16 16l-16 0 0 48c0 8.8-7.2 16-16 16s-16-7.2-16-16l0-64 0-64c0-8.8 7.2-16 16-16z\"\/><\/svg>\n                                <\/span>\n                                Seisukoht (PDF)\n                            <\/a>\n                                                                            <p class=\"eakl-seisukohad__summary\">Mitmed eeln\u00f5u muudatused halvendavad ametnike ja t\u00f6\u00f6tajate \u00f5igusi ning l\u00e4hevad vastuollu kehtivate t\u00f6\u00f6\u00f5iguse p\u00f5him\u00f5tetega, mist\u00f5ttu tuleks need eeln\u00f5ust suures osas v\u00e4lja j\u00e4tta v\u00f5i \u00fcmber s\u00f5nastada.<\/p>\n                                            <\/div>\n                <\/li>\n                            <li class=\"eakl-seisukohad__item\">\n                    <div class=\"eakl-seisukohad__main\">\n                        <h3 class=\"eakl-seisukohad__teema\">Platvormit\u00f6\u00f6 seaduse eeln\u00f5u, Majandus- ja Kommunikatsiooniministeeriumile<\/h3>\n                                                    <p class=\"eakl-seisukohad__meta\">27.03.2026 \u00b7 nr 1-12\/17<\/p>\n                                            <\/div>\n                    <div class=\"eakl-seisukohad__side\">\n                                                    <a class=\"eakl-seisukohad__pdf\" href=\"https:\/\/eakl.ee\/wp-content\/uploads\/2026\/04\/EAKL_vastus_MKM_platvorm_eelnou_03.2026.pdf\" target=\"_blank\" rel=\"noopener\" aria-label=\"Lae alla seisukoht (PDF): Platvormit\u00f6\u00f6 seaduse eeln\u00f5u, Majandus- ja Kommunikatsiooniministeeriumile\">\n                                <span class=\"eakl-seisukohad__pdf-icon\" aria-hidden=\"true\">\n                                    <svg xmlns=\"http:\/\/www.w3.org\/2000\/svg\" viewbox=\"0 0 384 512\" width=\"16\" height=\"16\" fill=\"currentColor\"><path d=\"M64 0C28.7 0 0 28.7 0 64L0 448c0 35.3 28.7 64 64 64l256 0c35.3 0 64-28.7 64-64l0-288-128 0c-17.7 0-32-14.3-32-32L224 0 64 0zM256 0l0 128 128 0L256 0zM112 256l40 0c26.5 0 48 21.5 48 48s-21.5 48-48 48l-24 0 0 32c0 8.8-7.2 16-16 16s-16-7.2-16-16l0-64 0-48c0-8.8 7.2-16 16-16zm40 64c8.8 0 16-7.2 16-16s-7.2-16-16-16l-24 0 0 32 24 0zm56-48c0-8.8 7.2-16 16-16l24 0c26.5 0 48 21.5 48 48l0 64c0 26.5-21.5 48-48 48l-24 0c-8.8 0-16-7.2-16-16l0-128zm32 112l8 0c8.8 0 16-7.2 16-16l0-64c0-8.8-7.2-16-16-16l-8 0 0 96zm120-112l32 0c8.8 0 16 7.2 16 16s-7.2 16-16 16l-16 0 0 32 16 0c8.8 0 16 7.2 16 16s-7.2 16-16 16l-16 0 0 48c0 8.8-7.2 16-16 16s-16-7.2-16-16l0-64 0-64c0-8.8 7.2-16 16-16z\"\/><\/svg>\n                                <\/span>\n                                Seisukoht (PDF)\n                            <\/a>\n                                                                            <p class=\"eakl-seisukohad__summary\">Platvormit\u00f6\u00f6 seaduse eeln\u00f5u vajab t\u00e4iendamist, et tagada k\u00f5igile platvormit\u00f6\u00f6 tegijatele v\u00f5rdne kaitse ja laiemad \u00f5igused ning kehtestada platvormidele t\u00f5husad sanktsioonid rikkumiste korral.<\/p>\n                                            <\/div>\n                <\/li>\n                            <li class=\"eakl-seisukohad__item\">\n                    <div class=\"eakl-seisukohad__main\">\n                        <h3 class=\"eakl-seisukohad__teema\">V\u00e4lismaalaste seaduse muutmise eeln\u00f5u (785 SE), Riigikogu p\u00f5hiseaduskomisjonile<\/h3>\n                                                    <p class=\"eakl-seisukohad__meta\">10.02.2026 \u00b7 nr 1-12\/10<\/p>\n                                            <\/div>\n                    <div class=\"eakl-seisukohad__side\">\n                                                    <a class=\"eakl-seisukohad__pdf\" href=\"https:\/\/eakl.ee\/wp-content\/uploads\/2026\/04\/EAKL_RK_PSK_VMS_eelnou_785SE.pdf\" target=\"_blank\" rel=\"noopener\" aria-label=\"Lae alla seisukoht (PDF): V\u00e4lismaalaste seaduse muutmise eeln\u00f5u (785 SE), Riigikogu p\u00f5hiseaduskomisjonile\">\n                                <span class=\"eakl-seisukohad__pdf-icon\" aria-hidden=\"true\">\n                                    <svg xmlns=\"http:\/\/www.w3.org\/2000\/svg\" viewbox=\"0 0 384 512\" width=\"16\" height=\"16\" fill=\"currentColor\"><path d=\"M64 0C28.7 0 0 28.7 0 64L0 448c0 35.3 28.7 64 64 64l256 0c35.3 0 64-28.7 64-64l0-288-128 0c-17.7 0-32-14.3-32-32L224 0 64 0zM256 0l0 128 128 0L256 0zM112 256l40 0c26.5 0 48 21.5 48 48s-21.5 48-48 48l-24 0 0 32c0 8.8-7.2 16-16 16s-16-7.2-16-16l0-64 0-48c0-8.8 7.2-16 16-16zm40 64c8.8 0 16-7.2 16-16s-7.2-16-16-16l-24 0 0 32 24 0zm56-48c0-8.8 7.2-16 16-16l24 0c26.5 0 48 21.5 48 48l0 64c0 26.5-21.5 48-48 48l-24 0c-8.8 0-16-7.2-16-16l0-128zm32 112l8 0c8.8 0 16-7.2 16-16l0-64c0-8.8-7.2-16-16-16l-8 0 0 96zm120-112l32 0c8.8 0 16 7.2 16 16s-7.2 16-16 16l-16 0 0 32 16 0c8.8 0 16 7.2 16 16s-7.2 16-16 16l-16 0 0 48c0 8.8-7.2 16-16 16s-16-7.2-16-16l0-64 0-64c0-8.8 7.2-16 16-16z\"\/><\/svg>\n                                <\/span>\n                                Seisukoht (PDF)\n                            <\/a>\n                                                                            <p class=\"eakl-seisukohad__summary\">V\u00e4lismaalaste seaduse muutmise eeln\u00f5u ei taga EAKLi arvates piisavat l\u00e4bipaistvust, t\u00f6\u00f6turu tasakaalu ega j\u00e4relevalvet ning v\u00f5ib soodustada odavama v\u00e4list\u00f6\u00f6j\u00f5u eelistamist kohaliku t\u00f6\u00f6j\u00f5u arvelt.<br \/>\r\n<\/p>\n                                            <\/div>\n                <\/li>\n                            <li class=\"eakl-seisukohad__item\">\n                    <div class=\"eakl-seisukohad__main\">\n                        <h3 class=\"eakl-seisukohad__teema\">T\u00f6\u00f6lepingu seaduse muudatused (602 UA), Riigikogu \u00f5iguskomisjonile<\/h3>\n                                                    <p class=\"eakl-seisukohad__meta\">06.01.2026 \u00b7 nr 1-9\/1<\/p>\n                                            <\/div>\n                    <div class=\"eakl-seisukohad__side\">\n                                                    <a class=\"eakl-seisukohad__pdf\" href=\"https:\/\/eakl.ee\/wp-content\/uploads\/2026\/04\/EAKL_arvamus_RK_ok_TLS_602UA.pdf\" target=\"_blank\" rel=\"noopener\" aria-label=\"Lae alla seisukoht (PDF): T\u00f6\u00f6lepingu seaduse muudatused (602 UA), Riigikogu \u00f5iguskomisjonile\">\n                                <span class=\"eakl-seisukohad__pdf-icon\" aria-hidden=\"true\">\n                                    <svg xmlns=\"http:\/\/www.w3.org\/2000\/svg\" viewbox=\"0 0 384 512\" width=\"16\" height=\"16\" fill=\"currentColor\"><path d=\"M64 0C28.7 0 0 28.7 0 64L0 448c0 35.3 28.7 64 64 64l256 0c35.3 0 64-28.7 64-64l0-288-128 0c-17.7 0-32-14.3-32-32L224 0 64 0zM256 0l0 128 128 0L256 0zM112 256l40 0c26.5 0 48 21.5 48 48s-21.5 48-48 48l-24 0 0 32c0 8.8-7.2 16-16 16s-16-7.2-16-16l0-64 0-48c0-8.8 7.2-16 16-16zm40 64c8.8 0 16-7.2 16-16s-7.2-16-16-16l-24 0 0 32 24 0zm56-48c0-8.8 7.2-16 16-16l24 0c26.5 0 48 21.5 48 48l0 64c0 26.5-21.5 48-48 48l-24 0c-8.8 0-16-7.2-16-16l0-128zm32 112l8 0c8.8 0 16-7.2 16-16l0-64c0-8.8-7.2-16-16-16l-8 0 0 96zm120-112l32 0c8.8 0 16 7.2 16 16s-7.2 16-16 16l-16 0 0 32 16 0c8.8 0 16 7.2 16 16s-7.2 16-16 16l-16 0 0 48c0 8.8-7.2 16-16 16s-16-7.2-16-16l0-64 0-64c0-8.8 7.2-16 16-16z\"\/><\/svg>\n                                <\/span>\n                                Seisukoht (PDF)\n                            <\/a>\n                                                                            <p class=\"eakl-seisukohad__summary\">Eeln\u00f5us on t\u00f5siseid puudusi, mis v\u00f5ivad halvendada t\u00f6\u00f6tajate heaolu ja suurendada nende  \u00e4rakasutamise riski.<\/p>\n                                            <\/div>\n                <\/li>\n                        <\/ul>\n        <\/section>\n            <section class=\"eakl-seisukohad__year-group\" aria-labelledby=\"seisukohad-2025\">\n            <h2 id=\"seisukohad-2025\" class=\"eakl-seisukohad__year\">2025<\/h2>\n            <ul class=\"eakl-seisukohad__list\">\n                            <li class=\"eakl-seisukohad__item\">\n                    <div class=\"eakl-seisukohad__main\">\n                        <h3 class=\"eakl-seisukohad__teema\">T\u00f6\u00f6lepingu seaduse t\u00e4iendused (602 SE), Riigikogu \u00f5iguskomisjonile<\/h3>\n                                                    <p class=\"eakl-seisukohad__meta\">17.10.2025 \u00b7 nr 602 SE<\/p>\n                                            <\/div>\n                    <div class=\"eakl-seisukohad__side\">\n                                                    <a class=\"eakl-seisukohad__pdf\" href=\"https:\/\/eakl.ee\/wp-content\/uploads\/2025\/10\/EAKL_seisukoht_1710_RK_oiguskomisjonile_MKM_taienduste_kohta_602SE.pdf\" target=\"_blank\" rel=\"noopener\" aria-label=\"Lae alla seisukoht (PDF): T\u00f6\u00f6lepingu seaduse t\u00e4iendused (602 SE), Riigikogu \u00f5iguskomisjonile\">\n                                <span class=\"eakl-seisukohad__pdf-icon\" aria-hidden=\"true\">\n                                    <svg xmlns=\"http:\/\/www.w3.org\/2000\/svg\" viewbox=\"0 0 384 512\" width=\"16\" height=\"16\" fill=\"currentColor\"><path d=\"M64 0C28.7 0 0 28.7 0 64L0 448c0 35.3 28.7 64 64 64l256 0c35.3 0 64-28.7 64-64l0-288-128 0c-17.7 0-32-14.3-32-32L224 0 64 0zM256 0l0 128 128 0L256 0zM112 256l40 0c26.5 0 48 21.5 48 48s-21.5 48-48 48l-24 0 0 32c0 8.8-7.2 16-16 16s-16-7.2-16-16l0-64 0-48c0-8.8 7.2-16 16-16zm40 64c8.8 0 16-7.2 16-16s-7.2-16-16-16l-24 0 0 32 24 0zm56-48c0-8.8 7.2-16 16-16l24 0c26.5 0 48 21.5 48 48l0 64c0 26.5-21.5 48-48 48l-24 0c-8.8 0-16-7.2-16-16l0-128zm32 112l8 0c8.8 0 16-7.2 16-16l0-64c0-8.8-7.2-16-16-16l-8 0 0 96zm120-112l32 0c8.8 0 16 7.2 16 16s-7.2 16-16 16l-16 0 0 32 16 0c8.8 0 16 7.2 16 16s-7.2 16-16 16l-16 0 0 48c0 8.8-7.2 16-16 16s-16-7.2-16-16l0-64 0-64c0-8.8 7.2-16 16-16z\"\/><\/svg>\n                                <\/span>\n                                Seisukoht (PDF)\n                            <\/a>\n                                                                            <p class=\"eakl-seisukohad__summary\">EAKL kritiseerib ettepanekut muuta alaealiste t\u00f6\u00f6aja regulatsiooni \u2014 muudatused oleksid otseses vastuolus EL noorte t\u00f6\u00f6tajate kaitse direktiiviga 94\/33 ning rahvusvaheliste konventsioonidega.<\/p>\n                                            <\/div>\n                <\/li>\n                            <li class=\"eakl-seisukohad__item\">\n                    <div class=\"eakl-seisukohad__main\">\n                        <h3 class=\"eakl-seisukohad__teema\">V\u00e4lismaalaste seaduse muudatused, Siseministeeriumile<\/h3>\n                                                    <p class=\"eakl-seisukohad__meta\">14.10.2025<\/p>\n                                            <\/div>\n                    <div class=\"eakl-seisukohad__side\">\n                                                    <a class=\"eakl-seisukohad__pdf\" href=\"https:\/\/eakl.ee\/wp-content\/uploads\/2025\/10\/EAKL-seisukoht-valistootajad.pdf\" target=\"_blank\" rel=\"noopener\" aria-label=\"Lae alla seisukoht (PDF): V\u00e4lismaalaste seaduse muudatused, Siseministeeriumile\">\n                                <span class=\"eakl-seisukohad__pdf-icon\" aria-hidden=\"true\">\n                                    <svg xmlns=\"http:\/\/www.w3.org\/2000\/svg\" viewbox=\"0 0 384 512\" width=\"16\" height=\"16\" fill=\"currentColor\"><path d=\"M64 0C28.7 0 0 28.7 0 64L0 448c0 35.3 28.7 64 64 64l256 0c35.3 0 64-28.7 64-64l0-288-128 0c-17.7 0-32-14.3-32-32L224 0 64 0zM256 0l0 128 128 0L256 0zM112 256l40 0c26.5 0 48 21.5 48 48s-21.5 48-48 48l-24 0 0 32c0 8.8-7.2 16-16 16s-16-7.2-16-16l0-64 0-48c0-8.8 7.2-16 16-16zm40 64c8.8 0 16-7.2 16-16s-7.2-16-16-16l-24 0 0 32 24 0zm56-48c0-8.8 7.2-16 16-16l24 0c26.5 0 48 21.5 48 48l0 64c0 26.5-21.5 48-48 48l-24 0c-8.8 0-16-7.2-16-16l0-128zm32 112l8 0c8.8 0 16-7.2 16-16l0-64c0-8.8-7.2-16-16-16l-8 0 0 96zm120-112l32 0c8.8 0 16 7.2 16 16s-7.2 16-16 16l-16 0 0 32 16 0c8.8 0 16 7.2 16 16s-7.2 16-16 16l-16 0 0 48c0 8.8-7.2 16-16 16s-16-7.2-16-16l0-64 0-64c0-8.8 7.2-16 16-16z\"\/><\/svg>\n                                <\/span>\n                                Seisukoht (PDF)\n                            <\/a>\n                                                                            <p class=\"eakl-seisukohad__summary\">EAKL leiab, et Siseministeeriumi kavandatav v\u00e4lismaalaste seaduse muudatus vajab olulisi parandusi, et kaitsta Eesti t\u00f6\u00f6turgu ning tagada v\u00f5rdsed t\u00f6\u00f6tingimused.<\/p>\n                                            <\/div>\n                <\/li>\n                        <\/ul>\n        <\/section>\n        <\/div>\n    <style id=\"eakl-seisukohad-css\">\n      .eakl-seisukohad { font-size: 16px; line-height: 1.55; }\n      .eakl-seisukohad__year-group { margin: 0 0 48px; }\n      .eakl-seisukohad h2.eakl-seisukohad__year, .eakl-seisukohad .eakl-seisukohad__year { font-size: 22px !important; font-weight: 700 !important; color: #d91246 !important; margin: 0 0 16px !important; padding: 0 0 8px !important; border-bottom: 1px solid #d9d9d9 !important; line-height: 1.3 !important; }\n      .eakl-seisukohad__list { list-style: none; padding: 0; margin: 0; }\n      .eakl-seisukohad__item { display: grid; grid-template-columns: 1fr 1fr; gap: 24px; padding: 18px 0; border-bottom: 1px solid #e6e6e6; align-items: start; }\n      .eakl-seisukohad__item:last-child { border-bottom: 0; }\n      .eakl-seisukohad h3.eakl-seisukohad__teema, .eakl-seisukohad .eakl-seisukohad__teema { font-size: 15px !important; font-weight: 600 !important; margin: 0 0 4px !important; color: #1f1f1f !important; line-height: 1.4 !important; }\n      .eakl-seisukohad__meta { font-size: 14px; color: #6b6b6b; margin: 0; }\n      .eakl-seisukohad__pdf { display: inline-flex; align-items: center; gap: 8px; font-weight: 600; color: #d91246; text-decoration: none; margin-bottom: 8px; }\n      .eakl-seisukohad__pdf:hover { color: #a80d36; text-decoration: underline; }\n      .eakl-seisukohad__pdf-icon { display: inline-flex; }\n      .eakl-seisukohad__summary { font-size: 14px; color: #424242; margin: 4px 0 0; }\n      @media (max-width: 720px) {\n          .eakl-seisukohad__item { grid-template-columns: 1fr; gap: 8px; }\n      }\n    <\/style>\n    <\/div><div class=\"bde-globalblock-390-122 bde-globalblock\"><section class=\"bde-section-2003-100-2003-1 bde-section bde-section-2003-100\">\n  \n  \n\t\n\n\n\n<div class=\"section-container\"><a class=\"bde-text-link-2003-101-2003-1 bde-text-link bde-text-link-2003-101 breakdance-link\" href=\"https:\/\/eakl.ee\/en\/liikmed\/\" target=\"_self\" data-type=\"url\">\n  <h4 >\n  Join here!\n  <\/h4>\n\n<\/a><div class=\"bde-text-2003-102-2003-1 bde-text bde-text-2003-102\">\nThe trade union is your community! By joining, you give yourself and other workers the power to stand up for a better working life in Estonia. \n<\/div><\/div>\n<\/section><\/div><\/div>\n<\/section>","protected":false},"excerpt":{"rendered":"","protected":false},"author":7,"featured_media":469,"parent":0,"menu_order":0,"comment_status":"closed","ping_status":"closed","template":"","meta":{"_acf_changed":false,"_breakdance_hide_in_design_set":false,"_breakdance_tags":"","footnotes":""},"class_list":["post-390","page","type-page","status-publish","has-post-thumbnail","hentry"],"acf":[],"_links":{"self":[{"href":"https:\/\/eakl.ee\/en\/wp-json\/wp\/v2\/pages\/390","targetHints":{"allow":["GET"]}}],"collection":[{"href":"https:\/\/eakl.ee\/en\/wp-json\/wp\/v2\/pages"}],"about":[{"href":"https:\/\/eakl.ee\/en\/wp-json\/wp\/v2\/types\/page"}],"author":[{"embeddable":true,"href":"https:\/\/eakl.ee\/en\/wp-json\/wp\/v2\/users\/7"}],"replies":[{"embeddable":true,"href":"https:\/\/eakl.ee\/en\/wp-json\/wp\/v2\/comments?post=390"}],"version-history":[{"count":27,"href":"https:\/\/eakl.ee\/en\/wp-json\/wp\/v2\/pages\/390\/revisions"}],"predecessor-version":[{"id":2945,"href":"https:\/\/eakl.ee\/en\/wp-json\/wp\/v2\/pages\/390\/revisions\/2945"}],"wp:featuredmedia":[{"embeddable":true,"href":"https:\/\/eakl.ee\/en\/wp-json\/wp\/v2\/media\/469"}],"wp:attachment":[{"href":"https:\/\/eakl.ee\/en\/wp-json\/wp\/v2\/media?parent=390"}],"curies":[{"name":"wp","href":"https:\/\/api.w.org\/{rel}","templated":true}]}}