{"id":369,"date":"2025-08-14T12:53:34","date_gmt":"2025-08-14T09:53:34","guid":{"rendered":"https:\/\/eakl.ee\/?page_id=369"},"modified":"2026-04-02T14:22:27","modified_gmt":"2026-04-02T11:22:27","slug":"kuum","status":"publish","type":"page","link":"https:\/\/eakl.ee\/en\/kuum\/","title":{"rendered":"Hot"},"content":{"rendered":"<p><img loading=\"lazy\" decoding=\"async\" class=\"\" src=\"https:\/\/scontent.ftll3-1.fna.fbcdn.net\/v\/t39.30808-6\/675899260_10242017961573470_3957008514801010763_n.jpg?stp=dst-jpg_s960x960_tt6&amp;_nc_cat=105&amp;ccb=1-7&amp;_nc_sid=7e0d18&amp;_nc_ohc=dKH7UkNC24oQ7kNvwEdI1uk&amp;_nc_oc=AdqlGv2qsLNELuAhYJd7-oXnAv0LtaY4AG4lWwQGiOkd0ZyufqoA635fohNnd8EFTCU&amp;_nc_zt=23&amp;_nc_ht=scontent.ftll3-1.fna&amp;_nc_gid=7L8EFYmNjX5h3CTVJNv6ig&amp;_nc_ss=7b2a8&amp;oh=00_Af3cmXvtRmPvyOkBBDBnMCST2MJXyPNxTs7cRNK3kUzw1A&amp;oe=69F94B00\" width=\"731\" height=\"383\" \/><\/p>\n<p>_______________________________________________________________________<\/p>\n<p><span style=\"color: #d91246;\"><strong>Campaign against the draft amendment to the Employment Contracts Act (TLS 602SE\/602UA) in 2025<\/strong><\/span><\/p>\n<p>The Estonian Trade Union Confederation and other trade unions did not support the draft amendment to the Employment Contracts Act, as it significantly weakened the protection of employees' rights and the principles of social dialogue were not followed in its preparation. The draft amendment to the Employment Contracts Act (602SE, later 602UA) was submitted to the Riigikogu without taking into account the trade unions' proposals.<\/p>\n<p><img loading=\"lazy\" decoding=\"async\" class=\"size-medium wp-image-3209 alignright\" src=\"https:\/\/eakl.ee\/wp-content\/uploads\/2025\/11\/Meeleavaldus-Toompeal-171125-300x225.jpg\" alt=\"\" width=\"300\" height=\"225\" srcset=\"https:\/\/eakl.ee\/wp-content\/uploads\/2025\/11\/Meeleavaldus-Toompeal-171125-300x225.jpg 300w, https:\/\/eakl.ee\/wp-content\/uploads\/2025\/11\/Meeleavaldus-Toompeal-171125-1024x768.jpg 1024w, https:\/\/eakl.ee\/wp-content\/uploads\/2025\/11\/Meeleavaldus-Toompeal-171125-768x576.jpg 768w, https:\/\/eakl.ee\/wp-content\/uploads\/2025\/11\/Meeleavaldus-Toompeal-171125-1536x1152.jpg 1536w, https:\/\/eakl.ee\/wp-content\/uploads\/2025\/11\/Meeleavaldus-Toompeal-171125-16x12.jpg 16w, https:\/\/eakl.ee\/wp-content\/uploads\/2025\/11\/Meeleavaldus-Toompeal-171125.jpg 2048w\" sizes=\"auto, (max-width: 300px) 100vw, 300px\" \/><\/p>\n<p>&nbsp;<\/p>\n<p>Eeln\u00f5us ei arvestatud kollektiivlepingute rolli t\u00f6\u00f6tingimuste kujundamisel ega j\u00e4rgitud Euroopa Liidu direktiivid<\/p>\n<p>e n\u00f5udeid kollektiivl\u00e4bir\u00e4\u00e4kimiste ja miinimumpalga k\u00fcsimustes.<\/p>\n<p>Eesti Ameti\u00fchingute Keskliit ja teised ameti\u00fchingud pidasid sellist l\u00e4henemist vastuv\u00f5etamatuks ning alustasid ee<\/p>\n<p>ln\u00f5uvastast kampaaniat eesm\u00e4rgiga peatada selle menetlemine Riigikogus.<\/p>\n<p>The draft Employment Contracts Act (TLS 602UA) was referred to the Riigikogu plenary session again in January 2026, after which the President of the Republic promulgated the act on 29 January. The Employment Contracts Act entered into force on 13 February 2026.<\/p>\n<p><a href=\"https:\/\/eakl.ee\/wp-content\/uploads\/2026\/04\/TLS-602SE-kampaania-2025.pdf\">TLS 602SE campaign 2025 (in Estonian)<\/a><\/p>","protected":false},"excerpt":{"rendered":"<p>_______________________________________________________________________ T\u00f6\u00f6lepingu seaduse muutmise eeln\u00f5u (TLS 602SE\/ 602UA) vastane kampaania 2025\/`26 Eesti Ameti\u00fchingute Keskliit ja teised ameti\u00fchingud ei toetanud t\u00f6\u00f6lepingu seaduse muutmise eeln\u00f5u, sest see n\u00f5rgestas oluliselt t\u00f6\u00f6tajate \u00f5iguste kaitset ning selle koostamisel ei j\u00e4rgitud sotsiaaldialoogi p\u00f5him\u00f5tteid. T\u00f6\u00f6lepingu seaduse muutmise eeln\u00f5u (602SE, hiljem 602UA) esitati Riigikogule ameti\u00fchingute ettepanekuid arvesse v\u00f5tmata. &nbsp; Eeln\u00f5us ei arvestatud kollektiivlepingute [&hellip;]<\/p>\n","protected":false},"author":2,"featured_media":492,"parent":0,"menu_order":0,"comment_status":"closed","ping_status":"closed","template":"","meta":{"_acf_changed":false,"_breakdance_hide_in_design_set":false,"_breakdance_tags":"","footnotes":""},"class_list":["post-369","page","type-page","status-publish","has-post-thumbnail","hentry"],"acf":[],"_links":{"self":[{"href":"https:\/\/eakl.ee\/en\/wp-json\/wp\/v2\/pages\/369","targetHints":{"allow":["GET"]}}],"collection":[{"href":"https:\/\/eakl.ee\/en\/wp-json\/wp\/v2\/pages"}],"about":[{"href":"https:\/\/eakl.ee\/en\/wp-json\/wp\/v2\/types\/page"}],"author":[{"embeddable":true,"href":"https:\/\/eakl.ee\/en\/wp-json\/wp\/v2\/users\/2"}],"replies":[{"embeddable":true,"href":"https:\/\/eakl.ee\/en\/wp-json\/wp\/v2\/comments?post=369"}],"version-history":[{"count":57,"href":"https:\/\/eakl.ee\/en\/wp-json\/wp\/v2\/pages\/369\/revisions"}],"predecessor-version":[{"id":3633,"href":"https:\/\/eakl.ee\/en\/wp-json\/wp\/v2\/pages\/369\/revisions\/3633"}],"wp:featuredmedia":[{"embeddable":true,"href":"https:\/\/eakl.ee\/en\/wp-json\/wp\/v2\/media\/492"}],"wp:attachment":[{"href":"https:\/\/eakl.ee\/en\/wp-json\/wp\/v2\/media?parent=369"}],"curies":[{"name":"wp","href":"https:\/\/api.w.org\/{rel}","templated":true}]}}