{"id":271,"date":"2025-07-24T13:52:32","date_gmt":"2025-07-24T10:52:32","guid":{"rendered":"https:\/\/eakl.ee\/?page_id=271"},"modified":"2026-04-02T12:27:00","modified_gmt":"2026-04-02T09:27:00","slug":"meeskond","status":"publish","type":"page","link":"https:\/\/eakl.ee\/en\/meeskond\/","title":{"rendered":"The team"},"content":{"rendered":"<div class=\"bde-globalblock-271-100 bde-globalblock\"><style>.breakdance .bde-section-159-100-159-1{background-image:url(https:\/\/eakl.ee\/wp-content\/uploads\/2025\/07\/meeskond-1-scaled.jpg)}.breakdance .bde-section-159-100-159-1>.section-background-overlay{background-color:#420513A1;transition:background-color var(--bde-transition-duration) ease-in-out}<\/style><section id=\"page-banner\" class=\"bde-section-159-100-159-1 bde-section page-banner bde-section-159-100\">\n              \n  \n  \n\t\n\n  <div class=\"section-background-overlay\"><\/div>\n\n\n<div class=\"section-container\"><h2 class=\"bde-heading-159-103-159-1 bde-heading bde-heading-159-103\">\nThe team\n<\/h2><\/div>\n<\/section><\/div><section class=\"bde-section-271-101 bde-section\">\n  \n  \n\t\n\n\n\n<div class=\"section-container\"><h4 class=\"bde-heading-271-103 bde-heading\">\nStaff at\n<\/h4><div class=\"bde-repeater-element-271-102 bde-repeater-element\"><div class=\"bde-loop bde-loop-grid ee-posts bde-dynamic-repeater bde-dynamic-repeater-102 bde-dynamic-repeater-grid\"><article class=\"bde-loop-item ee-post bde-dynamic-repeater-item\"><section class=\"bde-section-275-100-271-1-275-1 bde-section bde-section-275-100\">\n  \n  \n\t\n\n\n\n<div class=\"section-container\"><div class=\"bde-div-275-101-271-1-275-1 bde-div bde-div-275-101\">\n  \n  \n\t\n\n\n\n<img decoding=\"async\" class=\"bde-image2-275-102-271-1-275-1 bde-image2 bde-image2-275-102\" src=\"https:\/\/eakl.ee\/wp-content\/uploads\/2025\/10\/KVask.jpg\" loading=\"lazy\" srcset=\"https:\/\/eakl.ee\/wp-content\/uploads\/2025\/10\/KVask.jpg 617w, https:\/\/eakl.ee\/wp-content\/uploads\/2025\/10\/KVask-300x300.jpg 300w, https:\/\/eakl.ee\/wp-content\/uploads\/2025\/10\/KVask-150x150.jpg 150w, https:\/\/eakl.ee\/wp-content\/uploads\/2025\/10\/KVask-12x12.jpg 12w\" sizes=\"(max-width: 617px) 100vw, 617px\"><div class=\"bde-div-275-109-271-1-275-1 bde-div bde-div-275-109\">\n  \n  \n\t\n\n\n\n<div class=\"bde-text-275-103-271-1-275-1 bde-text bde-text-275-103\">\nKaia Vask\n<\/div><div class=\"bde-text-275-108-271-1-275-1 bde-text bde-text-275-108\">\nChairman\n<\/div><a class=\"bde-text-link-275-113-271-1-275-1 bde-text-link bde-text-link-275-113 breakdance-link\" href=\"tel:513 7437\" target=\"_self\" data-type=\"url\">\n  513 7437\n\n<\/a><a class=\"bde-text-link-275-114-271-1-275-1 bde-text-link bde-text-link-275-114 breakdance-link\" href=\"mailto:mailto:kaia.vask@eakl.ee\" target=\"_self\" data-type=\"url\">\n  kaia.vask@eakl.ee\n\n<\/a>\n<\/div>\n<\/div><\/div>\n<\/section><\/article><article class=\"bde-loop-item ee-post bde-dynamic-repeater-item\"><section class=\"bde-section-275-100-271-2-275-1 bde-section bde-section-275-100\">\n  \n  \n\t\n\n\n\n<div class=\"section-container\"><div class=\"bde-div-275-101-271-2-275-1 bde-div bde-div-275-101\">\n  \n  \n\t\n\n\n\n<img decoding=\"async\" class=\"bde-image2-275-102-271-2-275-1 bde-image2 bde-image2-275-102\" src=\"https:\/\/eakl.ee\/wp-content\/uploads\/2025\/10\/HToomel.jpg\" loading=\"lazy\" srcset=\"https:\/\/eakl.ee\/wp-content\/uploads\/2025\/10\/HToomel.jpg 746w, https:\/\/eakl.ee\/wp-content\/uploads\/2025\/10\/HToomel-300x300.jpg 300w, https:\/\/eakl.ee\/wp-content\/uploads\/2025\/10\/HToomel-150x150.jpg 150w, https:\/\/eakl.ee\/wp-content\/uploads\/2025\/10\/HToomel-12x12.jpg 12w\" sizes=\"(max-width: 746px) 100vw, 746px\"><div class=\"bde-div-275-109-271-2-275-1 bde-div bde-div-275-109\">\n  \n  \n\t\n\n\n\n<div class=\"bde-text-275-103-271-2-275-1 bde-text bde-text-275-103\">\nJaan-Hendrik Toomel\n<\/div><div class=\"bde-text-275-108-271-2-275-1 bde-text bde-text-275-108\">\nPolitical Secretary\n<\/div><a class=\"bde-text-link-275-113-271-2-275-1 bde-text-link bde-text-link-275-113 breakdance-link\" href=\"tel:507 1177\" target=\"_self\" data-type=\"url\">\n  507 1177\n\n<\/a><a class=\"bde-text-link-275-114-271-2-275-1 bde-text-link bde-text-link-275-114 breakdance-link\" href=\"mailto:mailto:hendrik.toomel@eakl.ee\" target=\"_self\" data-type=\"url\">\n  hendrik.toomel@eakl.ee\n\n<\/a>\n<\/div>\n<\/div><\/div>\n<\/section><\/article><article class=\"bde-loop-item ee-post bde-dynamic-repeater-item\"><section class=\"bde-section-275-100-271-3-275-1 bde-section bde-section-275-100\">\n  \n  \n\t\n\n\n\n<div class=\"section-container\"><div class=\"bde-div-275-101-271-3-275-1 bde-div bde-div-275-101\">\n  \n  \n\t\n\n\n\n<img decoding=\"async\" class=\"bde-image2-275-102-271-3-275-1 bde-image2 bde-image2-275-102\" src=\"https:\/\/eakl.ee\/wp-content\/uploads\/2025\/10\/ETomson.jpg\" loading=\"lazy\" srcset=\"https:\/\/eakl.ee\/wp-content\/uploads\/2025\/10\/ETomson.jpg 801w, https:\/\/eakl.ee\/wp-content\/uploads\/2025\/10\/ETomson-300x300.jpg 300w, https:\/\/eakl.ee\/wp-content\/uploads\/2025\/10\/ETomson-150x150.jpg 150w, https:\/\/eakl.ee\/wp-content\/uploads\/2025\/10\/ETomson-768x768.jpg 768w, https:\/\/eakl.ee\/wp-content\/uploads\/2025\/10\/ETomson-12x12.jpg 12w\" sizes=\"(max-width: 801px) 100vw, 801px\"><div class=\"bde-div-275-109-271-3-275-1 bde-div bde-div-275-109\">\n  \n  \n\t\n\n\n\n<div class=\"bde-text-275-103-271-3-275-1 bde-text bde-text-275-103\">\nEvelin Tomson\n<\/div><div class=\"bde-text-275-108-271-3-275-1 bde-text bde-text-275-108\">\nOrganisation Secretary\n<\/div><a class=\"bde-text-link-275-113-271-3-275-1 bde-text-link bde-text-link-275-113 breakdance-link\" href=\"tel:5645 7733\" target=\"_self\" data-type=\"url\">\n  5645 7733\n\n<\/a><a class=\"bde-text-link-275-114-271-3-275-1 bde-text-link bde-text-link-275-114 breakdance-link\" href=\"mailto:mailto:evelin.tomson@eakl.ee\" target=\"_self\" data-type=\"url\">\n  evelin.tomson@eakl.ee\n\n<\/a>\n<\/div>\n<\/div><\/div>\n<\/section><\/article><article class=\"bde-loop-item ee-post bde-dynamic-repeater-item\"><section class=\"bde-section-275-100-271-4-275-1 bde-section bde-section-275-100\">\n  \n  \n\t\n\n\n\n<div class=\"section-container\"><div class=\"bde-div-275-101-271-4-275-1 bde-div bde-div-275-101\">\n  \n  \n\t\n\n\n\n<img decoding=\"async\" class=\"bde-image2-275-102-271-4-275-1 bde-image2 bde-image2-275-102\" src=\"https:\/\/eakl.ee\/wp-content\/uploads\/2025\/10\/IAman.jpg\" loading=\"lazy\" srcset=\"https:\/\/eakl.ee\/wp-content\/uploads\/2025\/10\/IAman.jpg 489w, https:\/\/eakl.ee\/wp-content\/uploads\/2025\/10\/IAman-300x300.jpg 300w, https:\/\/eakl.ee\/wp-content\/uploads\/2025\/10\/IAman-150x150.jpg 150w, https:\/\/eakl.ee\/wp-content\/uploads\/2025\/10\/IAman-12x12.jpg 12w\" sizes=\"(max-width: 489px) 100vw, 489px\"><div class=\"bde-div-275-109-271-4-275-1 bde-div bde-div-275-109\">\n  \n  \n\t\n\n\n\n<div class=\"bde-text-275-103-271-4-275-1 bde-text bde-text-275-103\">\nIvika Aman\n<\/div><div class=\"bde-text-275-108-271-4-275-1 bde-text bde-text-275-108\">\nCommunications Manager\n<\/div><a class=\"bde-text-link-275-113-271-4-275-1 bde-text-link bde-text-link-275-113 breakdance-link\" href=\"tel:5646 4093\" target=\"_self\" data-type=\"url\">\n  5646 4093\n\n<\/a><a class=\"bde-text-link-275-114-271-4-275-1 bde-text-link bde-text-link-275-114 breakdance-link\" href=\"mailto:mailto:ivika.aman@eakl.ee\" target=\"_self\" data-type=\"url\">\n  ivika.aman@eakl.ee\n\n<\/a>\n<\/div>\n<\/div><\/div>\n<\/section><\/article><article class=\"bde-loop-item ee-post bde-dynamic-repeater-item\"><section class=\"bde-section-275-100-271-5-275-1 bde-section bde-section-275-100\">\n  \n  \n\t\n\n\n\n<div class=\"section-container\"><div class=\"bde-div-275-101-271-5-275-1 bde-div bde-div-275-101\">\n  \n  \n\t\n\n\n\n<img decoding=\"async\" class=\"bde-image2-275-102-271-5-275-1 bde-image2 bde-image2-275-102\" src=\"https:\/\/eakl.ee\/wp-content\/uploads\/2025\/10\/IMirov-2.jpg\" loading=\"lazy\" srcset=\"https:\/\/eakl.ee\/wp-content\/uploads\/2025\/10\/IMirov-2.jpg 759w, https:\/\/eakl.ee\/wp-content\/uploads\/2025\/10\/IMirov-2-300x300.jpg 300w, https:\/\/eakl.ee\/wp-content\/uploads\/2025\/10\/IMirov-2-150x150.jpg 150w, https:\/\/eakl.ee\/wp-content\/uploads\/2025\/10\/IMirov-2-12x12.jpg 12w\" sizes=\"(max-width: 759px) 100vw, 759px\"><div class=\"bde-div-275-109-271-5-275-1 bde-div bde-div-275-109\">\n  \n  \n\t\n\n\n\n<div class=\"bde-text-275-103-271-5-275-1 bde-text bde-text-275-103\">\nInge Mirov\n<\/div><div class=\"bde-text-275-108-271-5-275-1 bde-text bde-text-275-108\">\nOffice and Training Manager\n<\/div><a class=\"bde-text-link-275-113-271-5-275-1 bde-text-link bde-text-link-275-113 breakdance-link\" href=\"tel:5565 6411, 641 2800\" target=\"_self\" data-type=\"url\">\n  5565 6411, 641 2800\n\n<\/a><a class=\"bde-text-link-275-114-271-5-275-1 bde-text-link bde-text-link-275-114 breakdance-link\" href=\"mailto:mailto:inge.mirov@eakl.ee\" target=\"_self\" data-type=\"url\">\n  inge.mirov@eakl.ee\n\n<\/a>\n<\/div>\n<\/div><\/div>\n<\/section><\/article><article class=\"bde-loop-item ee-post bde-dynamic-repeater-item\"><section class=\"bde-section-275-100-271-6-275-1 bde-section bde-section-275-100\">\n  \n  \n\t\n\n\n\n<div class=\"section-container\"><div class=\"bde-div-275-101-271-6-275-1 bde-div bde-div-275-101\">\n  \n  \n\t\n\n\n\n<img decoding=\"async\" class=\"bde-image2-275-102-271-6-275-1 bde-image2 bde-image2-275-102\" src=\"https:\/\/eakl.ee\/wp-content\/uploads\/2025\/10\/NLoomets.jpg\" loading=\"lazy\" srcset=\"https:\/\/eakl.ee\/wp-content\/uploads\/2025\/10\/NLoomets.jpg 782w, https:\/\/eakl.ee\/wp-content\/uploads\/2025\/10\/NLoomets-300x300.jpg 300w, https:\/\/eakl.ee\/wp-content\/uploads\/2025\/10\/NLoomets-150x150.jpg 150w, https:\/\/eakl.ee\/wp-content\/uploads\/2025\/10\/NLoomets-768x768.jpg 768w, https:\/\/eakl.ee\/wp-content\/uploads\/2025\/10\/NLoomets-12x12.jpg 12w\" sizes=\"(max-width: 782px) 100vw, 782px\"><div class=\"bde-div-275-109-271-6-275-1 bde-div bde-div-275-109\">\n  \n  \n\t\n\n\n\n<div class=\"bde-text-275-103-271-6-275-1 bde-text bde-text-275-103\">\nNelli Loomets\n<\/div><div class=\"bde-text-275-108-271-6-275-1 bde-text bde-text-275-108\">\nLawyer\n<\/div><a class=\"bde-text-link-275-113-271-6-275-1 bde-text-link bde-text-link-275-113 breakdance-link\" href=\"tel:5647 9388\" target=\"_self\" data-type=\"url\">\n  5647 9388\n\n<\/a><a class=\"bde-text-link-275-114-271-6-275-1 bde-text-link bde-text-link-275-114 breakdance-link\" href=\"mailto:mailto:nelli.loomets@eakl.ee\" target=\"_self\" data-type=\"url\">\n  nelli.loomets@eakl.ee\n\n<\/a>\n<\/div>\n<\/div><\/div>\n<\/section><\/article><article class=\"bde-loop-item ee-post bde-dynamic-repeater-item\"><section class=\"bde-section-275-100-271-7-275-1 bde-section bde-section-275-100\">\n  \n  \n\t\n\n\n\n<div class=\"section-container\"><div class=\"bde-div-275-101-271-7-275-1 bde-div bde-div-275-101\">\n  \n  \n\t\n\n\n\n<img decoding=\"async\" class=\"bde-image2-275-102-271-7-275-1 bde-image2 bde-image2-275-102\" src=\"https:\/\/eakl.ee\/wp-content\/uploads\/2025\/10\/KToomsalu.jpg\" loading=\"lazy\" srcset=\"https:\/\/eakl.ee\/wp-content\/uploads\/2025\/10\/KToomsalu.jpg 791w, https:\/\/eakl.ee\/wp-content\/uploads\/2025\/10\/KToomsalu-300x300.jpg 300w, https:\/\/eakl.ee\/wp-content\/uploads\/2025\/10\/KToomsalu-150x150.jpg 150w, https:\/\/eakl.ee\/wp-content\/uploads\/2025\/10\/KToomsalu-768x768.jpg 768w, https:\/\/eakl.ee\/wp-content\/uploads\/2025\/10\/KToomsalu-12x12.jpg 12w\" sizes=\"(max-width: 791px) 100vw, 791px\"><div class=\"bde-div-275-109-271-7-275-1 bde-div bde-div-275-109\">\n  \n  \n\t\n\n\n\n<div class=\"bde-text-275-103-271-7-275-1 bde-text bde-text-275-103\">\nKaja Toomsalu\n<\/div><div class=\"bde-text-275-108-271-7-275-1 bde-text bde-text-275-108\">\nSecretary of Wage policy\n<\/div><a class=\"bde-text-link-275-113-271-7-275-1 bde-text-link bde-text-link-275-113 breakdance-link\" href=\"tel:5560 1116\" target=\"_self\" data-type=\"url\">\n  5560 1116\n\n<\/a><a class=\"bde-text-link-275-114-271-7-275-1 bde-text-link bde-text-link-275-114 breakdance-link\" href=\"mailto:mailto:kaja.toomsalu@eakl.ee\" target=\"_self\" data-type=\"url\">\n  kaja.toomsalu@eakl.ee\n\n<\/a>\n<\/div>\n<\/div><\/div>\n<\/section><\/article><article class=\"bde-loop-item ee-post bde-dynamic-repeater-item\"><section class=\"bde-section-275-100-271-8-275-1 bde-section bde-section-275-100\">\n  \n  \n\t\n\n\n\n<div class=\"section-container\"><div class=\"bde-div-275-101-271-8-275-1 bde-div bde-div-275-101\">\n  \n  \n\t\n\n\n\n<img decoding=\"async\" class=\"bde-image2-275-102-271-8-275-1 bde-image2 bde-image2-275-102\" src=\"https:\/\/eakl.ee\/wp-content\/uploads\/2025\/10\/TMaljar3.jpg\" loading=\"lazy\" srcset=\"https:\/\/eakl.ee\/wp-content\/uploads\/2025\/10\/TMaljar3.jpg 719w, https:\/\/eakl.ee\/wp-content\/uploads\/2025\/10\/TMaljar3-300x300.jpg 300w, https:\/\/eakl.ee\/wp-content\/uploads\/2025\/10\/TMaljar3-150x150.jpg 150w, https:\/\/eakl.ee\/wp-content\/uploads\/2025\/10\/TMaljar3-12x12.jpg 12w\" sizes=\"(max-width: 719px) 100vw, 719px\"><div class=\"bde-div-275-109-271-8-275-1 bde-div bde-div-275-109\">\n  \n  \n\t\n\n\n\n<div class=\"bde-text-275-103-271-8-275-1 bde-text bde-text-275-103\">\nTatiana Malyar\n<\/div><div class=\"bde-text-275-108-271-8-275-1 bde-text bde-text-275-108\">\nChief Economist\n<\/div><a class=\"bde-text-link-275-113-271-8-275-1 bde-text-link bde-text-link-275-113 breakdance-link\" href=\"tel:508 2821\" target=\"_self\" data-type=\"url\">\n  508 2821\n\n<\/a><a class=\"bde-text-link-275-114-271-8-275-1 bde-text-link bde-text-link-275-114 breakdance-link\" href=\"mailto:mailto:tatjana.maljar@eakl.ee\" target=\"_self\" data-type=\"url\">\n  tatjana.maljar@eakl.ee\n\n<\/a>\n<\/div>\n<\/div><\/div>\n<\/section><\/article><article class=\"bde-loop-item ee-post bde-dynamic-repeater-item\"><section class=\"bde-section-275-100-271-9-275-1 bde-section bde-section-275-100\">\n  \n  \n\t\n\n\n\n<div class=\"section-container\"><div class=\"bde-div-275-101-271-9-275-1 bde-div bde-div-275-101\">\n  \n  \n\t\n\n\n\n<img decoding=\"async\" class=\"bde-image2-275-102-271-9-275-1 bde-image2 bde-image2-275-102\" src=\"https:\/\/eakl.ee\/wp-content\/uploads\/2025\/10\/MJeskova.jpg\" loading=\"lazy\" srcset=\"https:\/\/eakl.ee\/wp-content\/uploads\/2025\/10\/MJeskova.jpg 2230w, https:\/\/eakl.ee\/wp-content\/uploads\/2025\/10\/MJeskova-300x300.jpg 300w, https:\/\/eakl.ee\/wp-content\/uploads\/2025\/10\/MJeskova-1024x1024.jpg 1024w, https:\/\/eakl.ee\/wp-content\/uploads\/2025\/10\/MJeskova-150x150.jpg 150w, https:\/\/eakl.ee\/wp-content\/uploads\/2025\/10\/MJeskova-768x768.jpg 768w, https:\/\/eakl.ee\/wp-content\/uploads\/2025\/10\/MJeskova-1536x1536.jpg 1536w, https:\/\/eakl.ee\/wp-content\/uploads\/2025\/10\/MJeskova-2048x2048.jpg 2048w, https:\/\/eakl.ee\/wp-content\/uploads\/2025\/10\/MJeskova-12x12.jpg 12w\" sizes=\"(max-width: 2230px) 100vw, 2230px\"><div class=\"bde-div-275-109-271-9-275-1 bde-div bde-div-275-109\">\n  \n  \n\t\n\n\n\n<div class=\"bde-text-275-103-271-9-275-1 bde-text bde-text-275-103\">\nMaria Kisseljova\n<\/div><div class=\"bde-text-275-108-271-9-275-1 bde-text bde-text-275-108\">\nSecretary of Foreign Relations\n<\/div><a class=\"bde-text-link-275-113-271-9-275-1 bde-text-link bde-text-link-275-113 breakdance-link\" href=\"tel:5668 6861\" target=\"_self\" data-type=\"url\">\n  5668 6861\n\n<\/a><a class=\"bde-text-link-275-114-271-9-275-1 bde-text-link bde-text-link-275-114 breakdance-link\" href=\"mailto:mailto:maria.kisseljova@eakl.ee\" target=\"_self\" data-type=\"url\">\n  maria.kisseljova@eakl.ee\n\n<\/a>\n<\/div>\n<\/div><\/div>\n<\/section><\/article><\/div><\/div><div class=\"bde-columns-271-109 bde-columns\"><div class=\"bde-column-271-110 bde-column\">\n  \n  \n\t\n\n\n\n<h5 class=\"bde-heading-271-104 bde-heading\">\nRegional Representation\n<\/h5><h4 class=\"bde-heading-271-105 bde-heading\">\nIda-Viru regional office\n<\/h4><div class=\"bde-rich-text-271-107 bde-rich-text breakdance-rich-text-styles\">\n<p>Address: Linda tn 1 - 20, 20309 Narva, Estonia<br \/><strong>Reception times:<\/strong><br \/>E 14.00 - 17.00<br \/>R 9.00 - 12.00<\/p>\n<\/div>\n<\/div><div class=\"bde-column-271-111 bde-column\">\n  \n  \n\t\n\n\n\n<div class=\"bde-div-271-112 bde-div\">\n  \n  \n\t\n\n\n\n<img decoding=\"async\" class=\"bde-image2-271-113 bde-image2\" src=\"https:\/\/eakl.ee\/wp-content\/uploads\/2025\/10\/AStartsev.jpg\" loading=\"lazy\" srcset=\"https:\/\/eakl.ee\/wp-content\/uploads\/2025\/10\/AStartsev.jpg 1650w, https:\/\/eakl.ee\/wp-content\/uploads\/2025\/10\/AStartsev-300x300.jpg 300w, https:\/\/eakl.ee\/wp-content\/uploads\/2025\/10\/AStartsev-1024x1024.jpg 1024w, https:\/\/eakl.ee\/wp-content\/uploads\/2025\/10\/AStartsev-150x150.jpg 150w, https:\/\/eakl.ee\/wp-content\/uploads\/2025\/10\/AStartsev-768x768.jpg 768w, https:\/\/eakl.ee\/wp-content\/uploads\/2025\/10\/AStartsev-1536x1536.jpg 1536w, https:\/\/eakl.ee\/wp-content\/uploads\/2025\/10\/AStartsev-12x12.jpg 12w\" sizes=\"(max-width: 1650px) 100vw, 1650px\"><div class=\"bde-div-271-114 bde-div\">\n  \n  \n\t\n\n\n\n<div class=\"bde-text-271-115 bde-text\">\nAleksandr Startsev\n<\/div><div class=\"bde-text-271-116 bde-text\">\nIda osakonna juhataja\n<\/div><a class=\"bde-text-link-271-148 bde-text-link breakdance-link\" href=\"tel:56481265\" target=\"_self\" data-type=\"url\">\n  5648 1265\n\n<\/a><a class=\"bde-text-link-271-151 bde-text-link breakdance-link\" href=\"mailto:aleksandr.startsev@eakl.ee\" target=\"_self\" data-type=\"url\">\n  aleksandr.startsev@eakl.ee\n\n<\/a>\n<\/div>\n<\/div>\n<\/div><\/div><div class=\"bde-fancy-divider-271-145 bde-fancy-divider\">\n\n\n<div class=\"bde-fancy-divider__wrapper\">\n  <div class=\"bde-fancy-divider__separator\">\n  \t  <\/div>\n<\/div>\n\n<\/div><div class=\"bde-columns-271-119 bde-columns\"><div class=\"bde-column-271-120 bde-column\">\n  \n  \n\t\n\n\n\n<h5 class=\"bde-heading-271-121 bde-heading\">\nRegional Representation\n<\/h5><h4 class=\"bde-heading-271-122 bde-heading\">\nL\u00e4\u00e4ne regional office\n<\/h4><div class=\"bde-rich-text-271-123 bde-rich-text breakdance-rich-text-styles\">\n<p>Address: Hommiku 4-19, 80010 P\u00e4rnu, Estonia<br \/><strong>Reception times:<\/strong><br \/>E 10.00 - 17.00<\/p>\n<\/div>\n<\/div><div class=\"bde-column-271-124 bde-column\">\n  \n  \n\t\n\n\n\n<div class=\"bde-div-271-125 bde-div\">\n  \n  \n\t\n\n\n\n<img decoding=\"async\" class=\"bde-image2-271-126 bde-image2\" src=\"https:\/\/eakl.ee\/wp-content\/uploads\/2025\/10\/TParkaja2.jpg\" loading=\"lazy\" srcset=\"https:\/\/eakl.ee\/wp-content\/uploads\/2025\/10\/TParkaja2.jpg 725w, https:\/\/eakl.ee\/wp-content\/uploads\/2025\/10\/TParkaja2-300x300.jpg 300w, https:\/\/eakl.ee\/wp-content\/uploads\/2025\/10\/TParkaja2-150x150.jpg 150w, https:\/\/eakl.ee\/wp-content\/uploads\/2025\/10\/TParkaja2-12x12.jpg 12w\" sizes=\"(max-width: 725px) 100vw, 725px\"><div class=\"bde-div-271-127 bde-div\">\n  \n  \n\t\n\n\n\n<div class=\"bde-text-271-128 bde-text\">\nTiina Parkja\n<\/div><div class=\"bde-text-271-129 bde-text\">\nL\u00e4\u00e4ne osakonna juhataja\n<\/div><a class=\"bde-text-link-271-149 bde-text-link breakdance-link\" href=\"tel:55917408\" target=\"_self\" data-type=\"url\">\n  5591 7408\n\n<\/a><a class=\"bde-text-link-271-152 bde-text-link breakdance-link\" href=\"mailto:tiina.parkja@eakl.ee\" target=\"_self\" data-type=\"url\">\n  tiina.parkja@eakl.ee\n\n<\/a>\n<\/div>\n<\/div>\n<\/div><\/div><div class=\"bde-fancy-divider-271-146 bde-fancy-divider\">\n\n\n<div class=\"bde-fancy-divider__wrapper\">\n  <div class=\"bde-fancy-divider__separator\">\n  \t  <\/div>\n<\/div>\n\n<\/div><div class=\"bde-columns-271-132 bde-columns\"><div class=\"bde-column-271-133 bde-column\">\n  \n  \n\t\n\n\n\n<h5 class=\"bde-heading-271-134 bde-heading\">\nRegional Representation\n<\/h5><h4 class=\"bde-heading-271-135 bde-heading\">\nL\u00f5una regional office\n<\/h4><div class=\"bde-rich-text-271-136 bde-rich-text breakdance-rich-text-styles\">\n<p>Address. 14a, 51006 Tartu<br \/><strong>Reception times:<\/strong><br \/>E 10.00 - 12.00\/15.00-17.00<\/p>\n<\/div>\n<\/div><div class=\"bde-column-271-137 bde-column\">\n  \n  \n\t\n\n\n\n<div class=\"bde-div-271-138 bde-div\">\n  \n  \n\t\n\n\n\n<img decoding=\"async\" class=\"bde-image2-271-139 bde-image2\" src=\"https:\/\/eakl.ee\/wp-content\/uploads\/2025\/10\/HNommsaar2.jpg\" loading=\"lazy\" srcset=\"https:\/\/eakl.ee\/wp-content\/uploads\/2025\/10\/HNommsaar2.jpg 2200w, https:\/\/eakl.ee\/wp-content\/uploads\/2025\/10\/HNommsaar2-300x300.jpg 300w, https:\/\/eakl.ee\/wp-content\/uploads\/2025\/10\/HNommsaar2-1024x1024.jpg 1024w, https:\/\/eakl.ee\/wp-content\/uploads\/2025\/10\/HNommsaar2-150x150.jpg 150w, https:\/\/eakl.ee\/wp-content\/uploads\/2025\/10\/HNommsaar2-768x768.jpg 768w, https:\/\/eakl.ee\/wp-content\/uploads\/2025\/10\/HNommsaar2-1536x1536.jpg 1536w, https:\/\/eakl.ee\/wp-content\/uploads\/2025\/10\/HNommsaar2-2048x2048.jpg 2048w, https:\/\/eakl.ee\/wp-content\/uploads\/2025\/10\/HNommsaar2-12x12.jpg 12w\" sizes=\"(max-width: 2200px) 100vw, 2200px\"><div class=\"bde-div-271-140 bde-div\">\n  \n  \n\t\n\n\n\n<div class=\"bde-text-271-141 bde-text\">\nHelle N\u00f5mmiksaar\n<\/div><div class=\"bde-text-271-147 bde-text\">\nL\u00f5una osakonna juhataja\n<\/div><a class=\"bde-text-link-271-150 bde-text-link breakdance-link\" href=\"tel:56835160\" target=\"_self\" data-type=\"url\">\n  5683 5160\n\n<\/a><a class=\"bde-text-link-271-153 bde-text-link breakdance-link\" href=\"mailto:helle.nommiksaar@eakl.ee\" target=\"_self\" data-type=\"url\">\n  helle.nommiksaar@eakl.ee\n\n<\/a>\n<\/div>\n<\/div>\n<\/div><\/div><\/div>\n<\/section>","protected":false},"excerpt":{"rendered":"<p>Meeskond T\u00f6\u00f6tajad Kaia Vask esimees 513 7437 kaia.vask@eakl.ee Jaan-Hendrik Toomel poliitikasekret\u00e4r 507 1177 hendrik.toomel@eakl.ee Evelin Tomson organisatsioonisekret\u00e4r 5645 7733 evelin.tomson@eakl.ee Ivika Aman kommunikatsioonijuht 5646 4093 ivika.aman@eakl.ee Inge Mirov b\u00fcroo- ja koolitusjuht 5565 6411, 641 2800 inge.mirov@eakl.ee Nelli Loomets jurist 5647 9388 nelli.loomets@eakl.ee Kaja Toomsalu palgasekret\u00e4r 5560 1116 kaja.toomsalu@eakl.ee Tatjana Maljar majandusjuht 508 2821 tatjana.maljar@eakl.ee Maria [&hellip;]<\/p>","protected":false},"author":2,"featured_media":336,"parent":0,"menu_order":0,"comment_status":"closed","ping_status":"closed","template":"","meta":{"_acf_changed":false,"_breakdance_hide_in_design_set":false,"_breakdance_tags":"","footnotes":""},"class_list":["post-271","page","type-page","status-publish","has-post-thumbnail","hentry"],"acf":[],"_links":{"self":[{"href":"https:\/\/eakl.ee\/en\/wp-json\/wp\/v2\/pages\/271","targetHints":{"allow":["GET"]}}],"collection":[{"href":"https:\/\/eakl.ee\/en\/wp-json\/wp\/v2\/pages"}],"about":[{"href":"https:\/\/eakl.ee\/en\/wp-json\/wp\/v2\/types\/page"}],"author":[{"embeddable":true,"href":"https:\/\/eakl.ee\/en\/wp-json\/wp\/v2\/users\/2"}],"replies":[{"embeddable":true,"href":"https:\/\/eakl.ee\/en\/wp-json\/wp\/v2\/comments?post=271"}],"version-history":[{"count":55,"href":"https:\/\/eakl.ee\/en\/wp-json\/wp\/v2\/pages\/271\/revisions"}],"predecessor-version":[{"id":3389,"href":"https:\/\/eakl.ee\/en\/wp-json\/wp\/v2\/pages\/271\/revisions\/3389"}],"wp:featuredmedia":[{"embeddable":true,"href":"https:\/\/eakl.ee\/en\/wp-json\/wp\/v2\/media\/336"}],"wp:attachment":[{"href":"https:\/\/eakl.ee\/en\/wp-json\/wp\/v2\/media?parent=271"}],"curies":[{"name":"wp","href":"https:\/\/api.w.org\/{rel}","templated":true}]}}