{"id":158,"date":"2025-07-03T10:49:24","date_gmt":"2025-07-03T07:49:24","guid":{"rendered":"https:\/\/eakl.ee\/?page_id=158"},"modified":"2025-10-27T13:51:44","modified_gmt":"2025-10-27T11:51:44","slug":"kontakt","status":"publish","type":"page","link":"https:\/\/eakl.ee\/en\/kontakt\/","title":{"rendered":"Contact"},"content":{"rendered":"<div class=\"bde-globalblock-158-100 bde-globalblock\"><style>.breakdance .bde-section-159-100-159-1{background-image:url(https:\/\/eakl.ee\/wp-content\/uploads\/2025\/07\/Kontakt-2-scaled.jpg)}.breakdance .bde-section-159-100-159-1>.section-background-overlay{background-color:#420513A1;transition:background-color var(--bde-transition-duration) ease-in-out}<\/style><section id=\"page-banner\" class=\"bde-section-159-100-159-1 bde-section page-banner bde-section-159-100\">\n              \n  \n  \n\t\n\n  <div class=\"section-background-overlay\"><\/div>\n\n\n<div class=\"section-container\"><h2 class=\"bde-heading-159-103-159-1 bde-heading bde-heading-159-103\">\nContact\n<\/h2><\/div>\n<\/section><\/div><section class=\"bde-section-158-102 bde-section\">\n  \n  \n\t\n\n\n\n<div class=\"section-container\"><div class=\"bde-columns-158-103 bde-columns\"><div class=\"bde-column-158-104 bde-column\">\n  \n  \n\t\n\n\n\n<h3 class=\"bde-heading-158-107 bde-heading\">\nHow to find us?\n<\/h3><div class=\"bde-rich-text-158-111 bde-rich-text breakdance-rich-text-styles\">\n<p><strong>Address:<\/strong>\u00a0<a href=\"https:\/\/www.google.com\/maps\/place\/Laulupeo+tn+24,+10128+Tallinn\/@59.4323396,24.7740853,17z\/data=!3m1!4b1!4m6!3m5!1s0x469293582a6b6adb:0x9ef8b1c76e30d3b!8m2!3d59.4323369!4d24.7766656!16s%2Fg%2F11q2vvswwn?entry=ttu&amp;g_ep=EgoyMDI1MDkyMS4wIKXMDSoASAFQAw%3D%3D\" target=\"_blank\" rel=\"noopener\">Laulupeo 24, 10128, Tallinn, Estonia<\/a><br \/><strong>Office open:<\/strong>\u00a0E-R 9:00 - 17:00\u00a0<\/p>\n<\/div>\n<\/div><div class=\"bde-column-158-105 bde-column\">\n  \n  \n\t\n\n\n\n<h3 class=\"bde-heading-158-108 bde-heading\">\nContact us\n<\/h3><div class=\"bde-rich-text-158-110 bde-rich-text breakdance-rich-text-styles\">\n<p><strong>Public telephone:<\/strong>\u00a0<a href=\"tel:6412800\">(+372) 6412 800<\/a><br \/><strong>E-mail:<\/strong> <a href=\"mailto:eakl@eakl.ee\">eakl@eakl.ee<\/a><\/p>\n<\/div>\n<\/div><div class=\"bde-column-158-106 bde-column\">\n  \n  \n\t\n\n\n\n<div class=\"bde-rich-text-158-114 bde-rich-text breakdance-rich-text-styles\">\n<p><strong><a href=\"https:\/\/eakl.ee\/en\/meeskond\/\">Staff contacts<\/a><\/strong><\/p><p><a href=\"https:\/\/eakl.ee\/en\/liikmed\/\"><strong>Contacts for members<\/strong><\/a><\/p>\n<\/div>\n<\/div><\/div><\/div>\n<\/section><section class=\"bde-section-158-112 bde-section\">\n  \n  \n\t\n\n\n\n<div class=\"section-container\"><div class=\"bde-google-map-158-113 bde-google-map\">\r\n<iframe width=\"100%\" height=\"100%\" style=\"border:0\" loading=\"lazy\" title=\"Map\" src=\"https:\/\/maps.google.com\/maps?q=Eesti+Ameti%C3%BChingute+Keskliit+%28EAKL%29+%2F+Estonian+Trade+Union+Confederation&t=m&z=14&output=embed&iwloc=near\" allowfullscreen><\/iframe>\n<\/div><\/div>\n<\/section><section class=\"bde-section-158-139 bde-section\">\n  \n  \n\t\n\n\n\n<div class=\"section-container\"><div class=\"bde-div-158-140 bde-div\">\n  \n  \n\t\n\n\n\n<div class=\"bde-div-158-141 bde-div\">\n  \n  \n\t\n\n\n\n<div class=\"bde-text-158-142 bde-text\">\nFollow us\n<\/div><div class=\"bde-social-icons-158-143 bde-social-icons\">\n                  \n            \n            \n\n    \n    \n    \n    \n    \n    <a class=\"breakdance-link bde-social-icons__icon-wrapper bde-social-icons__icon-instagram\" href=\"https:\/\/www.instagram.com\/ametiuhingud\" target=\"_blank\" data-type=\"url\" aria-label=\"instagram\" rel=\"noopener\">\n\n             <svg xmlns=\"http:\/\/www.w3.org\/2000\/svg\" width=\"100%\" viewbox=\"0 0 24 24\">\n            <path d=\"M12 2.163c3.204 0 3.584.012 4.85.07 3.252.148 4.771 1.691 4.919 4.919.058 1.265.069 1.645.069 4.849 0 3.205-.012 3.584-.069 4.849-.149 3.225-1.664 4.771-4.919 4.919-1.266.058-1.644.07-4.85.07-3.204 0-3.584-.012-4.849-.07-3.26-.149-4.771-1.699-4.919-4.92-.058-1.265-.07-1.644-.07-4.849 0-3.204.013-3.583.07-4.849.149-3.227 1.664-4.771 4.919-4.919 1.266-.057 1.645-.069 4.849-.069zm0-2.163c-3.259 0-3.667.014-4.947.072-4.358.2-6.78 2.618-6.98 6.98-.059 1.281-.073 1.689-.073 4.948 0 3.259.014 3.668.072 4.948.2 4.358 2.618 6.78 6.98 6.98 1.281.058 1.689.072 4.948.072 3.259 0 3.668-.014 4.948-.072 4.354-.2 6.782-2.618 6.979-6.98.059-1.28.073-1.689.073-4.948 0-3.259-.014-3.667-.072-4.947-.196-4.354-2.617-6.78-6.979-6.98-1.281-.059-1.69-.073-4.949-.073zm0 5.838c-3.403 0-6.162 2.759-6.162 6.162s2.759 6.163 6.162 6.163 6.162-2.759 6.162-6.163c0-3.403-2.759-6.162-6.162-6.162zm0 10.162c-2.209 0-4-1.79-4-4 0-2.209 1.791-4 4-4s4 1.791 4 4c0 2.21-1.791 4-4 4zm6.406-11.845c-.796 0-1.441.645-1.441 1.44s.645 1.44 1.441 1.44c.795 0 1.439-.645 1.439-1.44s-.644-1.44-1.439-1.44z\"\/>\n       <\/svg>\n              <\/a>\n\n                    \n            \n            \n\n    \n    \n    \n    \n    \n    <a class=\"breakdance-link bde-social-icons__icon-wrapper bde-social-icons__icon-facebook\" href=\"https:\/\/www.facebook.com\/ametiyhingud\" target=\"_blank\" data-type=\"url\" aria-label=\"facebook\" rel=\"noopener\">\n\n             <svg xmlns=\"http:\/\/www.w3.org\/2000\/svg\" width=\"100%\" viewbox=\"0 0 24 24\">\n            <path d=\"M9 8h-3v4h3v12h5v-12h3.642l.358-4h-4v-1.667c0-.955.192-1.333 1.115-1.333h2.885v-5h-3.808c-3.596 0-5.192 1.583-5.192 4.615v3.385z\"\/>\n       <\/svg>\n              <\/a>\n\n                    \n            \n            \n\n    \n    \n    \n    \n    \n    <a class=\"breakdance-link bde-social-icons__icon-wrapper bde-social-icons__icon-custom\" href=\"https:\/\/www.tiktok.com\/@ametiuhingud\" target=\"_blank\" data-type=\"url\" aria-label=\"custom\" rel=\"noopener\">\n\n                        <svg xmlns=\"http:\/\/www.w3.org\/2000\/svg\" viewbox=\"0 0 448 512\"><!--! Font Awesome Free 6.5.1 by @fontawesome - https:\/\/fontawesome.com License - https:\/\/fontawesome.com\/license\/free (Icons: CC BY 4.0, Fonts: SIL OFL 1.1, Code: MIT License) Copyright 2023 Fonticons, Inc. --><path d=\"M448,209.91a210.06,210.06,0,0,1-122.77-39.25V349.38A162.55,162.55,0,1,1,185,188.31V278.2a74.62,74.62,0,1,0,52.23,71.18V0l88,0a121.18,121.18,0,0,0,1.86,22.17h0A122.18,122.18,0,0,0,381,102.39a121.43,121.43,0,0,0,67,20.14Z\"\/><\/svg>\n                      <\/a>\n\n                    \n            \n            \n\n    \n    \n    \n    \n    \n    <a class=\"breakdance-link bde-social-icons__icon-wrapper bde-social-icons__icon-youtube\" href=\"https:\/\/www.youtube.com\/@ametiuhingud568\" target=\"_blank\" data-type=\"url\" aria-label=\"youtube\" rel=\"noopener\">\n\n             <svg xmlns=\"http:\/\/www.w3.org\/2000\/svg\" width=\"100%\" viewbox=\"0 0 24 24\">\n            <path d=\"M19.615 3.184c-3.604-.246-11.631-.245-15.23 0-3.897.266-4.356 2.62-4.385 8.816.029 6.185.484 8.549 4.385 8.816 3.6.245 11.626.246 15.23 0 3.897-.266 4.356-2.62 4.385-8.816-.029-6.185-.484-8.549-4.385-8.816zm-10.615 12.816v-8l8 3.993-8 4.007z\"\/>\n       <\/svg>\n              <\/a>\n\n    \n<\/div>\n<\/div><div class=\"bde-div-158-144 bde-div\">\n  \n  \n\t\n\n\n\n<div class=\"bde-text-158-145 bde-text\">\nAlways keep up to date with what's going on.\n<\/div><div class=\"bde-button-158-146 bde-button\">\n    \n                        \n                        \n    \n    \n    \n    \n            \n                    \n            \n            \n\n    \n    \n    \n    \n    \n    <a class=\"breakdance-link button-atom button-atom--custom bde-button__button\" href=\"https:\/\/eakl.ee\/en\/liikmed\/\" target=\"_self\" data-type=\"url\">\n\n    \n        <span class=\"button-atom__text\">See news<\/span>\n\n        \n        \n                <\/a>\n\n    \n\n\n<\/div>\n<\/div>\n<\/div><\/div>\n<\/section><div class=\"bde-globalblock-158-101 bde-globalblock\"><section class=\"bde-section-161-100-161-1 bde-section bde-section-161-100\">\n  \n  \n\t\n\n\n\n<div class=\"section-container\"><div class=\"bde-columns-161-101-161-1 bde-columns bde-columns-161-101\"><div class=\"bde-column-161-102-161-1 bde-column bde-column-161-102\">\n  \n  \n\t\n\n\n\n<h3 class=\"bde-heading-161-103-161-1 bde-heading bde-heading-161-103\">\nPaindliku t\u00f6\u00f6aja k\u00fcsimused ja vastused\n<\/h3>\n<\/div><div class=\"bde-column-161-104-161-1 bde-column bde-column-161-104\">\n  \n  \n\t\n\n\n\n<a class=\"bde-container-link-161-110-161-1 bde-container-link bde-container-link-161-110 breakdance-link\" href=\"https:\/\/eakl.ee\/en\/konverents\/\" target=\"_self\" data-type=\"url\">\n  \n  \n\t\n\n\n\n<div class=\"bde-div-161-105-161-1 bde-div bde-div-161-105\">\n  \n  \n\t\n\n\n\n<div class=\"bde-div-161-106-161-1 bde-div bde-div-161-106\">\n  \n  \n\t\n\n\n\n<h4 class=\"bde-heading-161-107-161-1 bde-heading bde-heading-161-107\">\nLoe l\u00e4hemalt\n<\/h4><div class=\"bde-icon-161-108-161-1 bde-icon bde-icon-161-108\">\n\n    \n            <div class=\"bde-icon-icon breakdance-icon-atom\" >\n    \n                    <svg xmlns=\"http:\/\/www.w3.org\/2000\/svg\" viewbox=\"0 0 320 512\"><!--! Font Awesome Free 6.5.1 by @fontawesome - https:\/\/fontawesome.com License - https:\/\/fontawesome.com\/license\/free (Icons: CC BY 4.0, Fonts: SIL OFL 1.1, Code: MIT License) Copyright 2023 Fonticons, Inc. --><path d=\"M278.6 233.4c12.5 12.5 12.5 32.8 0 45.3l-160 160c-12.5 12.5-32.8 12.5-45.3 0s-12.5-32.8 0-45.3L210.7 256 73.4 118.6c-12.5-12.5-12.5-32.8 0-45.3s32.8-12.5 45.3 0l160 160z\"\/><\/svg>\n        \n        \n        \n            <\/div>\n    \n\n\n<\/div>\n<\/div>\n<\/div>\n\n<\/a>\n<\/div><\/div><\/div>\n<\/section><\/div>","protected":false},"excerpt":{"rendered":"<p>Kontakt Kuidas meid leida? Aadress:\u00a0Laulupeo 24, 10128, TallinnKontor avatud:\u00a0E-R 9:00 &#8211; 17:00\u00a0 V\u00f5ta \u00fchendust \u00dcldtelefon:\u00a0(+372) 6412 800E-post: eakl@eakl.ee T\u00f6\u00f6tajate kontaktidLiikmete kontaktid J\u00e4lgi meid Ole alati kursis sellega, mis toimub. Vaata uudiseid Paindliku t\u00f6\u00f6aja k\u00fcsimused ja vastused Loe l\u00e4hemalt<\/p>","protected":false},"author":2,"featured_media":333,"parent":0,"menu_order":0,"comment_status":"closed","ping_status":"closed","template":"","meta":{"_acf_changed":false,"_breakdance_hide_in_design_set":false,"_breakdance_tags":"","footnotes":""},"class_list":["post-158","page","type-page","status-publish","has-post-thumbnail","hentry"],"acf":[],"_links":{"self":[{"href":"https:\/\/eakl.ee\/en\/wp-json\/wp\/v2\/pages\/158","targetHints":{"allow":["GET"]}}],"collection":[{"href":"https:\/\/eakl.ee\/en\/wp-json\/wp\/v2\/pages"}],"about":[{"href":"https:\/\/eakl.ee\/en\/wp-json\/wp\/v2\/types\/page"}],"author":[{"embeddable":true,"href":"https:\/\/eakl.ee\/en\/wp-json\/wp\/v2\/users\/2"}],"replies":[{"embeddable":true,"href":"https:\/\/eakl.ee\/en\/wp-json\/wp\/v2\/comments?post=158"}],"version-history":[{"count":19,"href":"https:\/\/eakl.ee\/en\/wp-json\/wp\/v2\/pages\/158\/revisions"}],"predecessor-version":[{"id":2531,"href":"https:\/\/eakl.ee\/en\/wp-json\/wp\/v2\/pages\/158\/revisions\/2531"}],"wp:featuredmedia":[{"embeddable":true,"href":"https:\/\/eakl.ee\/en\/wp-json\/wp\/v2\/media\/333"}],"wp:attachment":[{"href":"https:\/\/eakl.ee\/en\/wp-json\/wp\/v2\/media?parent=158"}],"curies":[{"name":"wp","href":"https:\/\/api.w.org\/{rel}","templated":true}]}}