{"id":144,"date":"2025-07-03T09:53:52","date_gmt":"2025-07-03T06:53:52","guid":{"rendered":"https:\/\/eakl.ee\/?page_id=144"},"modified":"2025-10-29T10:46:40","modified_gmt":"2025-10-29T08:46:40","slug":"eesmark-2030","status":"publish","type":"page","link":"https:\/\/eakl.ee\/en\/eesmark-2030\/","title":{"rendered":"Target 2030"},"content":{"rendered":"<div class=\"bde-globalblock-144-153 bde-globalblock\"><style>.breakdance .bde-section-159-100-159-1{background-image:url(https:\/\/eakl.ee\/wp-content\/uploads\/2025\/07\/Eesmark-1-1.png)}.breakdance .bde-section-159-100-159-1>.section-background-overlay{background-color:#420513A1;transition:background-color var(--bde-transition-duration) ease-in-out}<\/style><section id=\"page-banner\" class=\"bde-section-159-100-159-1 bde-section page-banner bde-section-159-100\">\n              \n  \n  \n\t\n\n  <div class=\"section-background-overlay\"><\/div>\n\n\n<div class=\"section-container\"><h2 class=\"bde-heading-159-103-159-1 bde-heading bde-heading-159-103\">\nTarget 2030\n<\/h2><\/div>\n<\/section><\/div><section class=\"bde-section-144-102 bde-section\">\n  \n  \n\t\n\n\n\n<div class=\"section-container\"><div class=\"bde-rich-text-144-198 bde-rich-text breakdance-rich-text-styles\">\n<h3><span style=\"color: #d91246;\">The purpose, mission and vision of the trade union confederation<\/span><\/h3><p class=\"bde-heading-144-182 bde-heading\"><span style=\"color: #d91246;\"><strong>PURPOSE<\/strong><\/span><br \/><strong>All workers in Estonia will enjoy fairer pay and a more secure working life.<br \/><\/strong>Workers have created trade unions to secure justice for themselves at work - the place where our incomes are made, directly affecting our sense of security and quality of life.<br \/><br \/><\/p><p class=\"bde-heading-144-182 bde-heading\"><span style=\"color: #d91246;\"><strong>MISSION<\/strong><\/span><br \/><strong>Workers' voices are stronger in Estonia and fair working life has become the norm.<br \/><\/strong>Every day we stand up for workers' rights to be protected and extended. To ensure that employers respect the law and that at least 80% workers are covered by collective agreements that guarantee them better working conditions and security.<br \/><br \/><\/p><p class=\"bde-heading-144-182 bde-heading\"><strong><span style=\"color: #d91246;\">VISION<\/span><\/strong><br \/>I<strong>with a staff member can\u00a0<\/strong><strong>In Estonia\u00a0<\/strong><strong>fair wages and work in fair and safe conditions.<br \/><\/strong>Fair pay is particularly important - pay that covers the worker's day-to-day costs, takes account of their actual workload and allows them to live in dignity.<br \/><br \/><\/p><p class=\"bde-heading-144-182 bde-heading\"><span style=\"color: #d91246;\"><strong>HOW WILL THE TRADE UNION CONFEDERATION GET THERE?<br \/><span style=\"color: #000000;\">We are a trusted representative of Estonian workers before the government, employers and society!<\/span><\/strong><\/span><br \/><span style=\"color: #000000;\">The Confederation of Estonian Trade Unions will implement these objectives together with other trade unions, partners and international trade union umbrella organisations.\u00a0<\/span><\/p>\n<\/div><div class=\"bde-globalblock-144-197 bde-globalblock\"><section class=\"bde-section-2003-100-2003-1 bde-section bde-section-2003-100\">\n  \n  \n\t\n\n\n\n<div class=\"section-container\"><a class=\"bde-text-link-2003-101-2003-1 bde-text-link bde-text-link-2003-101 breakdance-link\" href=\"https:\/\/eakl.ee\/en\/liikmed\/\" target=\"_self\" data-type=\"url\">\n  <h4 >\n  Join here!\n  <\/h4>\n\n<\/a><div class=\"bde-text-2003-102-2003-1 bde-text bde-text-2003-102\">\nThe trade union is your community! By joining, you give yourself and other workers the power to stand up for a better working life in Estonia. \n<\/div><\/div>\n<\/section><\/div><\/div>\n<\/section><div class=\"bde-globalblock-144-155 bde-globalblock\"><section class=\"bde-section-161-100-161-1 bde-section bde-section-161-100\">\n  \n  \n\t\n\n\n\n<div class=\"section-container\"><div class=\"bde-columns-161-101-161-1 bde-columns bde-columns-161-101\"><div class=\"bde-column-161-102-161-1 bde-column bde-column-161-102\">\n  \n  \n\t\n\n\n\n<h3 class=\"bde-heading-161-103-161-1 bde-heading bde-heading-161-103\">\nPaindliku t\u00f6\u00f6aja k\u00fcsimused ja vastused\n<\/h3>\n<\/div><div class=\"bde-column-161-104-161-1 bde-column bde-column-161-104\">\n  \n  \n\t\n\n\n\n<a class=\"bde-container-link-161-110-161-1 bde-container-link bde-container-link-161-110 breakdance-link\" href=\"https:\/\/eakl.ee\/en\/konverents\/\" target=\"_self\" data-type=\"url\">\n  \n  \n\t\n\n\n\n<div class=\"bde-div-161-105-161-1 bde-div bde-div-161-105\">\n  \n  \n\t\n\n\n\n<div class=\"bde-div-161-106-161-1 bde-div bde-div-161-106\">\n  \n  \n\t\n\n\n\n<h4 class=\"bde-heading-161-107-161-1 bde-heading bde-heading-161-107\">\nLoe l\u00e4hemalt\n<\/h4><div class=\"bde-icon-161-108-161-1 bde-icon bde-icon-161-108\">\n\n    \n            <div class=\"bde-icon-icon breakdance-icon-atom\" >\n    \n                    <svg xmlns=\"http:\/\/www.w3.org\/2000\/svg\" viewbox=\"0 0 320 512\"><!--! Font Awesome Free 6.5.1 by @fontawesome - https:\/\/fontawesome.com License - https:\/\/fontawesome.com\/license\/free (Icons: CC BY 4.0, Fonts: SIL OFL 1.1, Code: MIT License) Copyright 2023 Fonticons, Inc. --><path d=\"M278.6 233.4c12.5 12.5 12.5 32.8 0 45.3l-160 160c-12.5 12.5-32.8 12.5-45.3 0s-12.5-32.8 0-45.3L210.7 256 73.4 118.6c-12.5-12.5-12.5-32.8 0-45.3s32.8-12.5 45.3 0l160 160z\"\/><\/svg>\n        \n        \n        \n            <\/div>\n    \n\n\n<\/div>\n<\/div>\n<\/div>\n\n<\/a>\n<\/div><\/div><\/div>\n<\/section><\/div>","protected":false},"excerpt":{"rendered":"<p>Eesm\u00e4rk 2030 Ameti\u00fchingute Keskliidu tegevuse eesm\u00e4rk, missioon ja visioonEESM\u00c4RKK\u00f5igil t\u00f6\u00f6tajatel on Eestis \u00f5iglasem palk ja turvalisem t\u00f6\u00f6elu.T\u00f6\u00f6tajad on loonud ameti\u00fchingud selleks, et tagada endale \u00f5iglus t\u00f6\u00f6l &#8211; kohas, kus kujuneb meie sissetulek, mis m\u00f5jutab otseselt meie turvatunnet ja elukvaliteeti.MISSIOONT\u00f6\u00f6tajate h\u00e4\u00e4l on Eestis tugevam ja \u00f5iglane t\u00f6\u00f6elu on muutunud normiks.Seisame iga p\u00e4ev selle eest, et t\u00f6\u00f6tajate [&hellip;]<\/p>","protected":false},"author":2,"featured_media":352,"parent":0,"menu_order":0,"comment_status":"closed","ping_status":"closed","template":"","meta":{"_acf_changed":false,"_breakdance_hide_in_design_set":false,"_breakdance_tags":"","footnotes":""},"class_list":["post-144","page","type-page","status-publish","has-post-thumbnail","hentry"],"acf":[],"_links":{"self":[{"href":"https:\/\/eakl.ee\/en\/wp-json\/wp\/v2\/pages\/144","targetHints":{"allow":["GET"]}}],"collection":[{"href":"https:\/\/eakl.ee\/en\/wp-json\/wp\/v2\/pages"}],"about":[{"href":"https:\/\/eakl.ee\/en\/wp-json\/wp\/v2\/types\/page"}],"author":[{"embeddable":true,"href":"https:\/\/eakl.ee\/en\/wp-json\/wp\/v2\/users\/2"}],"replies":[{"embeddable":true,"href":"https:\/\/eakl.ee\/en\/wp-json\/wp\/v2\/comments?post=144"}],"version-history":[{"count":37,"href":"https:\/\/eakl.ee\/en\/wp-json\/wp\/v2\/pages\/144\/revisions"}],"predecessor-version":[{"id":2408,"href":"https:\/\/eakl.ee\/en\/wp-json\/wp\/v2\/pages\/144\/revisions\/2408"}],"wp:featuredmedia":[{"embeddable":true,"href":"https:\/\/eakl.ee\/en\/wp-json\/wp\/v2\/media\/352"}],"wp:attachment":[{"href":"https:\/\/eakl.ee\/en\/wp-json\/wp\/v2\/media?parent=144"}],"curies":[{"name":"wp","href":"https:\/\/api.w.org\/{rel}","templated":true}]}}